{"id":14,"date":"2019-09-03T10:36:26","date_gmt":"2019-09-03T08:36:26","guid":{"rendered":"https:\/\/blogsaverroes.juntadeandalucia.es\/agcepva\/?page_id=14"},"modified":"2022-09-16T14:07:46","modified_gmt":"2022-09-16T12:07:46","slug":"recursos-epva","status":"publish","type":"page","link":"https:\/\/blogsaverroes.juntadeandalucia.es\/agcepva\/recursos-epva\/","title":{"rendered":"RECURSOS EPVA"},"content":{"rendered":"<h4><strong>AQU\u00cd PUEDES ENCONTRAR RECURSOS Y MATERIALES QUE TE AYUDAR\u00c1N A COMPLETAR TUS CONOCIMIENTOS SOBRE LA ASIGNATURA.<\/strong><\/h4>\n<h3>Listado de materiales para la asignatura de EPVA.<\/h3>\nngg_shortcode_0_placeholder\n<h4><b>Materiales recomendados para la realizaci\u00f3<\/b><b>n de ejercicios&nbsp;<\/b><b>pr\u00e1cticos y pruebas de examen:<\/b><\/h4>\n<h4><a href=\"https:\/\/www.dropbox.com\/s\/nacumbgmobkher4\/MATERIALES%20EPVA.pdf?dl=0\" target=\"_blank\" rel=\"noopener noreferrer\"><strong>LISTA DE MATERIALES EN PDF<\/strong><\/a><\/h4>\n<p><strong>ES IMPRESCINDIBLE RECORDAR QUE CADA ALUMNO\/A DEBE TRAER SU PROPIO MATERIAL.<\/strong><\/p>\n<ul>\n<li>L\u00e1piz grafito dureza HB.<\/li>\n<li>L\u00e1piz grafito dureza 2H \u00f3 3H.<\/li>\n<li>Portaminas 0.5 dureza HB\/2H (opcional).<\/li>\n<li>Sacapuntas.<\/li>\n<li>Goma para l\u00e1piz.<\/li>\n<li>Caja de rotuladores de color 18 \u00f3 24 colores.<\/li>\n<li>Caja de ceras blandas 15 colores (seg\u00fan actividades).<\/li>\n<li>Caja de l\u00e1pices de color 24 colores.<\/li>\n<li>T\u00e9mperas. 5 colores: Magenta\/Azul Cian\/Amarillo primario\/ Negro\/Blanco (seg\u00fan actividades, USO RESTRINGIDO).<\/li>\n<li>Pinceles para acuarela sint\u00e9tico redondos n\u00ba 4 y 8 (seg\u00fan actividades, USO RESTRINGIDO).<\/li>\n<li>Tijeras.<\/li>\n<li>Papel normal tipo folio (A4) y cartulinas (seg\u00fan actividades).<\/li>\n<li>L\u00e1minas con recuadro. Durante el presente curso se podr\u00e1n comprar las l\u00e1minas preparadas con los enunciados, elementos iniciales e instrucciones, agrupadas por bloques tem\u00e1ticos en portafolios para trabajar cada trimestre. El&nbsp;profesor o profesora indicar\u00e1 el modo de adquirir estas l\u00e1minas y su precio. De este modo se facilitar\u00e1 la distribuci\u00f3n en el aula al principio de cada trimestre o cuando se estime necesario, guardando el protocolo de seguridad e higiene obligatorio en la entrega de materiales (las copias pasar\u00e1n la cuarentena establecida de 48 horas y se distribuir\u00e1n de modo adecuado en clase).<\/li>\n<li>Pegamento en barra, tubo o cola blanca.<\/li>\n<li>Juego escuadra y cartab\u00f3n (Faber-Castell, Staedler, Faibo, etc.) Juego de 21 a 25 cm (medida del lado mayor de la escuadra).<\/li>\n<li>Regla graduada de 30 cm (Faber-Castell, Staedler, Faibo, etc.).<\/li>\n<li>Comp\u00e1s, con o sin rueda de control. Punta de grafito HB y\/o 2H con adaptador para l\u00e1piz o rotulador (opcional).<\/li>\n<li>Afilal\u00e1pices para comp\u00e1s (opcional).<\/li>\n<li>Carpeta para guardar las l\u00e1minas.<\/li>\n<li>Libreta para tomar apuntes o apartado en bloc de hojas perforadas dedicado a EPVA.<\/li>\n<\/ul>\n<p><b> Algunos materiales se pedir\u00e1n en algunas actividades y&nbsp;<\/b><b>se avisar\u00e1 con antelaci\u00f3n.&nbsp;<\/b><b>Las marcas comerciales son orientativas.<\/b><\/p>\n<p><b>En el caso de las plantillas triangulares (escuadra y cartab\u00f3n), se debe insistir&nbsp;<\/b><b>en que no tengan escal\u00f3n, ni chafl\u00e1n con graduaci\u00f3n. Deben ser de perfil liso&nbsp;<\/b><b>para utilizarlas con mayor facilidad para construir paralelas, perpendiculares y&nbsp;<\/b><b>algunos \u00e1ngulos. En cuanto al tama\u00f1o, los juegos de 21 a 25 cm son adecuados&nbsp;<\/b><b>para trabajar en formato A4.<\/b><\/p>\n<p><b>El comp\u00e1s puede tener rueda central y se aconseja que sea de una calidad&nbsp;<\/b><b>media. Evitar que adquieran compases con lapicero en lugar de punta de&nbsp;<\/b><b>grafito o portaminas.<\/b><\/p>\n<h4>Aplicaciones para modelado 3D<\/h4>\n<p><img loading=\"lazy\" decoding=\"async\" class=\"wp-image-1771 size-medium alignleft\" src=\"https:\/\/blogsaverroes.juntadeandalucia.es\/agcepva\/files\/2022\/04\/SketchUp-logo-300x169.png\" alt=\"\" width=\"300\" height=\"169\" srcset=\"https:\/\/blogsaverroes.juntadeandalucia.es\/agcepva\/files\/2022\/04\/SketchUp-logo-300x169.png 300w, https:\/\/blogsaverroes.juntadeandalucia.es\/agcepva\/files\/2022\/04\/SketchUp-logo-1024x576.png 1024w, https:\/\/blogsaverroes.juntadeandalucia.es\/agcepva\/files\/2022\/04\/SketchUp-logo-768x432.png 768w, https:\/\/blogsaverroes.juntadeandalucia.es\/agcepva\/files\/2022\/04\/SketchUp-logo-1536x864.png 1536w, https:\/\/blogsaverroes.juntadeandalucia.es\/agcepva\/files\/2022\/04\/SketchUp-logo-2048x1152.png 2048w\" sizes=\"(max-width: 300px) 100vw, 300px\" \/><\/p>\n<p><a href=\"https:\/\/id.trimble.com\/ui\/sign_in.html?state=eyJ0eXAiOiJKV1QiLCJhbGciOiJSUzI1NiIsImtpZCI6IjEifQ.eyJvYXV0aF9wYXJhbWV0ZXJzIjp7ImNsaWVudF9pZCI6ImM5MTNhOTBjLTRkY2YtNGFmYi1iM2RiLTYzN2JlMzc3NDZiZiIsInJlZGlyZWN0X3VyaSI6Imh0dHBzOi8vbG9naW4uc2tldGNodXAuY29tL2xvZ2luL3RyaW1ibGVpZC9jYWxsYmFjayIsInJlc3BvbnNlX3R5cGUiOiJjb2RlIiwic2NvcGUiOiJvcGVuaWQgc2tldGNodXAtbG9naW4tcHJvZC1WMiIsInN0YXRlIjoiUVhWMGFFdGxlU0JqTm1Jd05UQTNPUzB5TXpNeExUUm1NbVV0WVdRMlpDMDRNRGN3TW1Ga1lqZGhaR1FfIn0sImV4dHJhX3BhcmFtZXRlcnMiOnsibGFuZyI6ImVuIn0sImludGVybmFsX3BhcmFtZXRlcnMiOnt9fQ.gUNM598z9rM6PXbwJxb-QoAjE3ks44oF1jgBWTaidL-dkvbPdruiImhBePa4v5WbCjh0_sUlvlKRQftGQCY-EVBGY1S00tiJimkOuEp4zN7UkwMq_vDa-YJI1yfBRwJP8jjqTKyQ-XUDRwDIzWqee1BKORmY2SlayL5age9StYSTC4JSqmF5HmfZ4cd7XMvU-B22K_EghCY4J0BcWOEbjqGEzR12M1j1uESPs7JtdcJpP2CrHxwoDzsXVq_i73JNZzFYFxlf1Qx4HwSY6lxDTc7IinSlmK4avq5Mkt37yitSrHXuorUYwdTo8DmvocRik7JPRTzdoLVREmu4Oicypw\" target=\"_blank\" rel=\"noopener noreferrer\">Sketchup online.<\/a> &nbsp;Programa gratuito en la versi\u00f3n online. Necesita usarse con un navegador actualizado y un dispositivo (pc, port\u00e1til, tablet o smartphone) que sea compatible con los requisitos t\u00e9cnicos. Para acceder desde el enlace pedir\u00e1 una cuenta de Google o de Apple.<\/p>\n<p><a href=\"https:\/\/www.sketchup.com\/es\/account-setup?formstate=primary\" target=\"_blank\" rel=\"noopener noreferrer\">Sketchup for Schools.<\/a>&nbsp;El mismo programa en un entorno de Escuelas. Se necesita una cuenta tipo Suite de Google, vale la que utilizas para acceder a la Moodle del Centro. Si el enlace no te funciona, consulta con el profesor, porque ser\u00e1 necesario habilitar el programa en la Moodle del centro.<\/p>\n<p>&nbsp;<\/p>\n<p><img loading=\"lazy\" decoding=\"async\" class=\"aligncenter wp-image-1772 size-medium\" src=\"https:\/\/blogsaverroes.juntadeandalucia.es\/agcepva\/files\/2022\/04\/tinkercad-300x187.png\" alt=\"\" width=\"300\" height=\"187\" srcset=\"https:\/\/blogsaverroes.juntadeandalucia.es\/agcepva\/files\/2022\/04\/tinkercad-300x187.png 300w, https:\/\/blogsaverroes.juntadeandalucia.es\/agcepva\/files\/2022\/04\/tinkercad.png 725w\" sizes=\"(max-width: 300px) 100vw, 300px\" \/><\/p>\n<p><a href=\"https:\/\/www.tinkercad.com\/login\" target=\"_blank\" rel=\"noopener noreferrer\">ThinkerCad.<\/a> Es otra aplicaci\u00f3n online que solicita acceso a trav\u00e9s de una cuenta de correo de Google, Microsoft, Facebook o Apple. Es menos potente que Sketchup pero te servir\u00e1 para los proyectos 3D de clase.<\/p>\n<h4>Enlace a la web de MONGGE de trazado geom\u00e9trico explicado por pasos (haz clic sobre el logotipo de mongge).<\/h4>\n<p><a href=\"https:\/\/www.mongge.com\" target=\"_blank\" rel=\"noopener noreferrer\"><img loading=\"lazy\" decoding=\"async\" class=\"alignleft wp-image-164 size-medium\" src=\"https:\/\/blogsaverroes.juntadeandalucia.es\/agcepva\/files\/2019\/11\/mongge-300x111.png\" alt=\"\" width=\"300\" height=\"111\" srcset=\"https:\/\/blogsaverroes.juntadeandalucia.es\/agcepva\/files\/2019\/11\/mongge-300x111.png 300w, https:\/\/blogsaverroes.juntadeandalucia.es\/agcepva\/files\/2019\/11\/mongge-24x9.png 24w, https:\/\/blogsaverroes.juntadeandalucia.es\/agcepva\/files\/2019\/11\/mongge-36x13.png 36w, https:\/\/blogsaverroes.juntadeandalucia.es\/agcepva\/files\/2019\/11\/mongge-48x18.png 48w, https:\/\/blogsaverroes.juntadeandalucia.es\/agcepva\/files\/2019\/11\/mongge.png 315w\" sizes=\"(max-width: 300px) 100vw, 300px\" \/><\/a><\/p>\n<p>&nbsp;<\/p>\n<p>&nbsp;<\/p>\n<p>&nbsp;<\/p>\n<p>&nbsp;<\/p>\n<p>&nbsp;<\/p>\n","protected":false},"excerpt":{"rendered":"<p>AQU\u00cd PUEDES ENCONTRAR RECURSOS Y MATERIALES QUE TE AYUDAR\u00c1N A COMPLETAR TUS CONOCIMIENTOS SOBRE LA ASIGNATURA. Listado de materiales para la asignatura de EPVA. Materiales recomendados para la realizaci\u00f3n de ejercicios&nbsp;pr\u00e1cticos y pruebas de&#46;&#46;&#46;<\/p>\n","protected":false},"author":2852,"featured_media":0,"parent":0,"menu_order":0,"comment_status":"closed","ping_status":"closed","template":"","meta":{"ngg_post_thumbnail":0,"footnotes":""},"aioseo_notices":[],"_links":{"self":[{"href":"https:\/\/blogsaverroes.juntadeandalucia.es\/agcepva\/wp-json\/wp\/v2\/pages\/14"}],"collection":[{"href":"https:\/\/blogsaverroes.juntadeandalucia.es\/agcepva\/wp-json\/wp\/v2\/pages"}],"about":[{"href":"https:\/\/blogsaverroes.juntadeandalucia.es\/agcepva\/wp-json\/wp\/v2\/types\/page"}],"author":[{"embeddable":true,"href":"https:\/\/blogsaverroes.juntadeandalucia.es\/agcepva\/wp-json\/wp\/v2\/users\/2852"}],"replies":[{"embeddable":true,"href":"https:\/\/blogsaverroes.juntadeandalucia.es\/agcepva\/wp-json\/wp\/v2\/comments?post=14"}],"version-history":[{"count":24,"href":"https:\/\/blogsaverroes.juntadeandalucia.es\/agcepva\/wp-json\/wp\/v2\/pages\/14\/revisions"}],"predecessor-version":[{"id":2104,"href":"https:\/\/blogsaverroes.juntadeandalucia.es\/agcepva\/wp-json\/wp\/v2\/pages\/14\/revisions\/2104"}],"wp:attachment":[{"href":"https:\/\/blogsaverroes.juntadeandalucia.es\/agcepva\/wp-json\/wp\/v2\/media?parent=14"}],"curies":[{"name":"wp","href":"https:\/\/api.w.org\/{rel}","templated":true}]}}