{"id":1699,"date":"2022-02-09T20:58:30","date_gmt":"2022-02-09T19:58:30","guid":{"rendered":"https:\/\/blogsaverroes.juntadeandalucia.es\/agcepva\/?page_id=1699"},"modified":"2022-03-14T10:35:32","modified_gmt":"2022-03-14T09:35:32","slug":"sistemas-de-representacion-espacial","status":"publish","type":"page","link":"https:\/\/blogsaverroes.juntadeandalucia.es\/agcepva\/sistemas-de-representacion-espacial\/","title":{"rendered":"SISTEMAS DE REPRESENTACI\u00d3N ESPACIAL"},"content":{"rendered":"<p>En esta p\u00e1gina encontrar\u00e1s recursos sobre los principales sistemas de representaci\u00f3n espacial.<\/p>\n<h3>RECURSOS<\/h3>\n<p>EL SISTEMA DI\u00c9DRICO. VISTAS DI\u00c9DRICAS.<\/p>\n<p>SISTEMAS DE PERSPECTIVA ISOM\u00c9TRICA Y PERSPECTIVA CABALLERA.<\/p>\n<p>EL SISTEMA C\u00d3NICO.<\/p>\n<h3>PROPUESTA DE ACTIVIDADES<\/h3>\n<h4>EJERCICIOS DE VISTAS DI\u00c9DRICAS A PARTIR DE PERSPECTIVA ISOM\u00c9TRICA DE PIEZAS (PARA 1\u00ba ESO)<\/h4>\n<p style=\"padding-left: 40px\"><a href=\"https:\/\/www.mongge.com\/ejercicios\/13973\" target=\"_blank\" rel=\"noopener noreferrer\">RESOLUCI\u00d3N DE UN EJEMPLO POR PASOS<\/a><\/p>\n<p style=\"padding-left: 40px\">ENLACES PARA PRACTICAR ALGUNOS MODELOS (L\u00c1MINA 01 DER)<\/p>\n<p style=\"padding-left: 80px\">MODELO 1 &nbsp; &nbsp;MODELO 2 &nbsp; MODELO 3 &nbsp; MODELO 4 &nbsp; MODELO 5 &nbsp; MODELO 6<\/p>\n<p style=\"padding-left: 40px\">L\u00c1MINAS PROPUESTAS (PDF PARA IMPRIMIR)<\/p>\n<p style=\"padding-left: 80px\">L\u00c1MINA 01 DER &nbsp; L\u00c1MINA 02 DER &nbsp; L\u00c1MINA 03 DER &nbsp; L\u00c1MINA 04 DER &nbsp; L\u00c1MINA 05 DER<\/p>\n<h4>EJERCICIOS DE PERSPECTIVA ISOM\u00c9TRICA A PARTIR DE LAS VISTAS DI\u00c9DRICAS DE PIEZAS (PARA 2\u00ba ESO)<\/h4>\n<p style=\"padding-left: 40px\">RESOLUCI\u00d3N DE UN EJEMPLO POR PASOS.<\/p>\n<p style=\"padding-left: 40px\">ENLACES PARA PRACTICAR ALGUNOS MODELOS (L\u00c1MINA 01 DER)<\/p>\n<p style=\"padding-left: 80px\">MODELO 1 &nbsp; &nbsp;MODELO 2 &nbsp; MODELO 3 &nbsp; MODELO 4 &nbsp; MODELO 5 &nbsp; MODELO 6<\/p>\n<p style=\"padding-left: 40px\">L\u00c1MINAS PROPUESTAS (PDF PARA IMPRIMIR).<\/p>\n<p style=\"padding-left: 80px\">L\u00c1MINA 01 DER &nbsp; L\u00c1MINA 02 DER &nbsp; L\u00c1MINA 03 DER &nbsp; L\u00c1MINA 04 DER &nbsp; L\u00c1MINA 05 DER<\/p>\n<h4>FIGURAS TRIDIMENSIONALES IMPOSIBLES A PARTIR DE PAUTA ISOM\u00c9TRICA.<\/h4>\n<h4>MAQUETAS 3D DE PIEZAS A PARTIR DE SU DESARROLLO.<\/h4>\n<h4>PROYECTO 3D: CUBO PUZZLE (2\u00ba ESO).<\/h4>\n<h4>PROYECTO 3D: ROMPECABEZAS 3X3 (1\u00ba ESO).<\/h4>\n","protected":false},"excerpt":{"rendered":"<p>En esta p\u00e1gina encontrar\u00e1s recursos sobre los principales sistemas de representaci\u00f3n espacial. RECURSOS EL SISTEMA DI\u00c9DRICO. VISTAS DI\u00c9DRICAS. SISTEMAS DE PERSPECTIVA ISOM\u00c9TRICA Y PERSPECTIVA CABALLERA. EL SISTEMA C\u00d3NICO. PROPUESTA DE ACTIVIDADES EJERCICIOS DE VISTAS&#46;&#46;&#46;<\/p>\n","protected":false},"author":2852,"featured_media":0,"parent":0,"menu_order":0,"comment_status":"closed","ping_status":"closed","template":"","meta":{"ngg_post_thumbnail":0,"footnotes":""},"aioseo_notices":[],"_links":{"self":[{"href":"https:\/\/blogsaverroes.juntadeandalucia.es\/agcepva\/wp-json\/wp\/v2\/pages\/1699"}],"collection":[{"href":"https:\/\/blogsaverroes.juntadeandalucia.es\/agcepva\/wp-json\/wp\/v2\/pages"}],"about":[{"href":"https:\/\/blogsaverroes.juntadeandalucia.es\/agcepva\/wp-json\/wp\/v2\/types\/page"}],"author":[{"embeddable":true,"href":"https:\/\/blogsaverroes.juntadeandalucia.es\/agcepva\/wp-json\/wp\/v2\/users\/2852"}],"replies":[{"embeddable":true,"href":"https:\/\/blogsaverroes.juntadeandalucia.es\/agcepva\/wp-json\/wp\/v2\/comments?post=1699"}],"version-history":[{"count":6,"href":"https:\/\/blogsaverroes.juntadeandalucia.es\/agcepva\/wp-json\/wp\/v2\/pages\/1699\/revisions"}],"predecessor-version":[{"id":1715,"href":"https:\/\/blogsaverroes.juntadeandalucia.es\/agcepva\/wp-json\/wp\/v2\/pages\/1699\/revisions\/1715"}],"wp:attachment":[{"href":"https:\/\/blogsaverroes.juntadeandalucia.es\/agcepva\/wp-json\/wp\/v2\/media?parent=1699"}],"curies":[{"name":"wp","href":"https:\/\/api.w.org\/{rel}","templated":true}]}}