{"id":1797,"date":"2022-04-26T23:28:27","date_gmt":"2022-04-26T21:28:27","guid":{"rendered":"https:\/\/blogsaverroes.juntadeandalucia.es\/agcepva\/?page_id=1797"},"modified":"2023-04-25T10:53:19","modified_gmt":"2023-04-25T08:53:19","slug":"lamina-14b-circulo-cromatico-mandalas","status":"publish","type":"page","link":"https:\/\/blogsaverroes.juntadeandalucia.es\/agcepva\/lamina-14b-circulo-cromatico-mandalas\/","title":{"rendered":"L\u00c1MINA 14B. C\u00cdRCULO CROM\u00c1TICO &#8211; MANDALAS"},"content":{"rendered":"<h4>L\u00c1MINA 14B. C\u00cdRCULO CROM\u00c1TICO <a href=\"https:\/\/www.dropbox.com\/s\/27uppqufs7pr4dj\/C%C3%ADrculo_crom%C3%A1tico_mandala_1._color.pdf?dl=0\" target=\"_blank\" rel=\"noopener noreferrer\">&#8211;<\/a> MANDALAS<\/h4>\n<p>En esta l\u00e1mina se realizar\u00e1 un c\u00edrculo crom\u00e1tico trabajando sobre el dise\u00f1o de una mandala basada en el hex\u00e1gono regular, de modo que aparecen elementos de seis puntas que aprovecharemos para colorear usando los colores primarios y secundarios. En estas im\u00e1genes aparecen ocho modelos &nbsp;de diferente dificultad. Debes elegir uno de los modelos e imprimirlo preferentemente en papel tipo formato o cartulina blanca en tama\u00f1o A4. Tambi\u00e9n podr\u00e1s imprimir tu modelo a partir de fotocopias en la conserjer\u00eda del Centro.<\/p>\n<p>Para realizar esta tarea utilizaremos t\u00e9mperas o acuarelas y pinceles. Se recomienda adquirir un pincel con dep\u00f3sito de agua, para evitar tener que aclarar y limpiar usando un vaso de pl\u00e1stico. Opcionalmente se pueden utilizar rotuladores, pero se tratar\u00e1 de mezclar colores, como al usar acuarelas. Tambi\u00e9n se aconseja aportar bote con agua, vaso y plato de pl\u00e1stico para limpieza y mezcla de colores, trapo o servilletas de papel para la limpieza de utensilios.<\/p>\n<p>Sigue las recomendaciones y explicaciones del profesor.<\/p>\n<p>Modelo a color para comparar.<\/p>\n<p><img loading=\"lazy\" decoding=\"async\" class=\"aligncenter wp-image-1834 size-large\" src=\"https:\/\/blogsaverroes.juntadeandalucia.es\/agcepva\/files\/2022\/05\/C\u00edrculo_crom\u00e1tico_mandala_1._color-723x1024.png\" alt=\"\" width=\"723\" height=\"1024\" srcset=\"https:\/\/blogsaverroes.juntadeandalucia.es\/agcepva\/files\/2022\/05\/C\u00edrculo_crom\u00e1tico_mandala_1._color-723x1024.png 723w, https:\/\/blogsaverroes.juntadeandalucia.es\/agcepva\/files\/2022\/05\/C\u00edrculo_crom\u00e1tico_mandala_1._color-212x300.png 212w, https:\/\/blogsaverroes.juntadeandalucia.es\/agcepva\/files\/2022\/05\/C\u00edrculo_crom\u00e1tico_mandala_1._color-768x1087.png 768w, https:\/\/blogsaverroes.juntadeandalucia.es\/agcepva\/files\/2022\/05\/C\u00edrculo_crom\u00e1tico_mandala_1._color-1085x1536.png 1085w, https:\/\/blogsaverroes.juntadeandalucia.es\/agcepva\/files\/2022\/05\/C\u00edrculo_crom\u00e1tico_mandala_1._color.png 1239w\" sizes=\"(max-width: 723px) 100vw, 723px\" \/><\/p>\n<p>En estos enlaces puedes descargarte los modelos:<\/p>\n<p><a href=\"https:\/\/www.dropbox.com\/s\/ibw6yc4qsvqhoz2\/C%C3%ADrculo_crom%C3%A1tico_mandala_1.pdf?dl=0\" target=\"_blank\" rel=\"noopener noreferrer\"><img loading=\"lazy\" decoding=\"async\" class=\"wp-image-1799 size-medium alignleft\" src=\"https:\/\/blogsaverroes.juntadeandalucia.es\/agcepva\/files\/2022\/04\/C\u00edrculo_crom\u00e1tico_mandala_1-212x300.png\" alt=\"\" width=\"212\" height=\"300\" srcset=\"https:\/\/blogsaverroes.juntadeandalucia.es\/agcepva\/files\/2022\/04\/C\u00edrculo_crom\u00e1tico_mandala_1-212x300.png 212w, https:\/\/blogsaverroes.juntadeandalucia.es\/agcepva\/files\/2022\/04\/C\u00edrculo_crom\u00e1tico_mandala_1-723x1024.png 723w, https:\/\/blogsaverroes.juntadeandalucia.es\/agcepva\/files\/2022\/04\/C\u00edrculo_crom\u00e1tico_mandala_1-768x1087.png 768w, https:\/\/blogsaverroes.juntadeandalucia.es\/agcepva\/files\/2022\/04\/C\u00edrculo_crom\u00e1tico_mandala_1-1085x1536.png 1085w, https:\/\/blogsaverroes.juntadeandalucia.es\/agcepva\/files\/2022\/04\/C\u00edrculo_crom\u00e1tico_mandala_1.png 1239w\" sizes=\"(max-width: 212px) 100vw, 212px\" \/><\/a> <a href=\"https:\/\/www.dropbox.com\/s\/wua934hvxqww880\/C%C3%ADrculo_crom%C3%A1tico_mandala_2.pdf?dl=0\" target=\"_blank\" rel=\"noopener noreferrer\"><img loading=\"lazy\" decoding=\"async\" class=\"alignleft wp-image-1800 size-medium\" src=\"https:\/\/blogsaverroes.juntadeandalucia.es\/agcepva\/files\/2022\/04\/C\u00edrculo_crom\u00e1tico_mandala_2-212x300.png\" alt=\"\" width=\"212\" height=\"300\" srcset=\"https:\/\/blogsaverroes.juntadeandalucia.es\/agcepva\/files\/2022\/04\/C\u00edrculo_crom\u00e1tico_mandala_2-212x300.png 212w, https:\/\/blogsaverroes.juntadeandalucia.es\/agcepva\/files\/2022\/04\/C\u00edrculo_crom\u00e1tico_mandala_2-723x1024.png 723w, https:\/\/blogsaverroes.juntadeandalucia.es\/agcepva\/files\/2022\/04\/C\u00edrculo_crom\u00e1tico_mandala_2-768x1087.png 768w, https:\/\/blogsaverroes.juntadeandalucia.es\/agcepva\/files\/2022\/04\/C\u00edrculo_crom\u00e1tico_mandala_2-1085x1536.png 1085w, https:\/\/blogsaverroes.juntadeandalucia.es\/agcepva\/files\/2022\/04\/C\u00edrculo_crom\u00e1tico_mandala_2.png 1239w\" sizes=\"(max-width: 212px) 100vw, 212px\" \/><\/a> <a href=\"https:\/\/www.dropbox.com\/s\/372nvmcgmtbal3d\/C%C3%ADrculo_crom%C3%A1tico_mandala_3.pdf?dl=0\" target=\"_blank\" rel=\"noopener noreferrer\"><img loading=\"lazy\" decoding=\"async\" class=\"alignleft wp-image-1801 size-medium\" src=\"https:\/\/blogsaverroes.juntadeandalucia.es\/agcepva\/files\/2022\/04\/C\u00edrculo_crom\u00e1tico_mandala_3-212x300.png\" alt=\"\" width=\"212\" height=\"300\" srcset=\"https:\/\/blogsaverroes.juntadeandalucia.es\/agcepva\/files\/2022\/04\/C\u00edrculo_crom\u00e1tico_mandala_3-212x300.png 212w, https:\/\/blogsaverroes.juntadeandalucia.es\/agcepva\/files\/2022\/04\/C\u00edrculo_crom\u00e1tico_mandala_3-723x1024.png 723w, https:\/\/blogsaverroes.juntadeandalucia.es\/agcepva\/files\/2022\/04\/C\u00edrculo_crom\u00e1tico_mandala_3-768x1087.png 768w, https:\/\/blogsaverroes.juntadeandalucia.es\/agcepva\/files\/2022\/04\/C\u00edrculo_crom\u00e1tico_mandala_3-1085x1536.png 1085w, https:\/\/blogsaverroes.juntadeandalucia.es\/agcepva\/files\/2022\/04\/C\u00edrculo_crom\u00e1tico_mandala_3.png 1239w\" sizes=\"(max-width: 212px) 100vw, 212px\" \/><\/a> <a href=\"https:\/\/www.dropbox.com\/s\/tfi8wj02n0hhn7w\/C%C3%ADrculo_crom%C3%A1tico_mandala_4.pdf?dl=0\" target=\"_blank\" rel=\"noopener noreferrer\"><img loading=\"lazy\" decoding=\"async\" class=\"alignleft wp-image-1802 size-medium\" src=\"https:\/\/blogsaverroes.juntadeandalucia.es\/agcepva\/files\/2022\/04\/C\u00edrculo_crom\u00e1tico_mandala_4-212x300.png\" alt=\"\" width=\"212\" height=\"300\" srcset=\"https:\/\/blogsaverroes.juntadeandalucia.es\/agcepva\/files\/2022\/04\/C\u00edrculo_crom\u00e1tico_mandala_4-212x300.png 212w, https:\/\/blogsaverroes.juntadeandalucia.es\/agcepva\/files\/2022\/04\/C\u00edrculo_crom\u00e1tico_mandala_4-723x1024.png 723w, https:\/\/blogsaverroes.juntadeandalucia.es\/agcepva\/files\/2022\/04\/C\u00edrculo_crom\u00e1tico_mandala_4-768x1087.png 768w, https:\/\/blogsaverroes.juntadeandalucia.es\/agcepva\/files\/2022\/04\/C\u00edrculo_crom\u00e1tico_mandala_4-1085x1536.png 1085w, https:\/\/blogsaverroes.juntadeandalucia.es\/agcepva\/files\/2022\/04\/C\u00edrculo_crom\u00e1tico_mandala_4.png 1239w\" sizes=\"(max-width: 212px) 100vw, 212px\" \/><\/a> <a href=\"https:\/\/www.dropbox.com\/s\/wz6mtzlppdky2r9\/C%C3%ADrculo_crom%C3%A1tico_mandala_5.pdf?dl=0\" target=\"_blank\" rel=\"noopener noreferrer\"><img loading=\"lazy\" decoding=\"async\" class=\"alignleft wp-image-1803 size-medium\" src=\"https:\/\/blogsaverroes.juntadeandalucia.es\/agcepva\/files\/2022\/04\/C\u00edrculo_crom\u00e1tico_mandala_5-212x300.png\" alt=\"\" width=\"212\" height=\"300\" srcset=\"https:\/\/blogsaverroes.juntadeandalucia.es\/agcepva\/files\/2022\/04\/C\u00edrculo_crom\u00e1tico_mandala_5-212x300.png 212w, https:\/\/blogsaverroes.juntadeandalucia.es\/agcepva\/files\/2022\/04\/C\u00edrculo_crom\u00e1tico_mandala_5-723x1024.png 723w, https:\/\/blogsaverroes.juntadeandalucia.es\/agcepva\/files\/2022\/04\/C\u00edrculo_crom\u00e1tico_mandala_5-768x1087.png 768w, https:\/\/blogsaverroes.juntadeandalucia.es\/agcepva\/files\/2022\/04\/C\u00edrculo_crom\u00e1tico_mandala_5-1085x1536.png 1085w, https:\/\/blogsaverroes.juntadeandalucia.es\/agcepva\/files\/2022\/04\/C\u00edrculo_crom\u00e1tico_mandala_5.png 1239w\" sizes=\"(max-width: 212px) 100vw, 212px\" \/><\/a> <a href=\"https:\/\/www.dropbox.com\/s\/r999aabn9938wg1\/C%C3%ADrculo_crom%C3%A1tico_mandala_6.pdf?dl=0\" target=\"_blank\" rel=\"noopener noreferrer\"><img loading=\"lazy\" decoding=\"async\" class=\"alignleft wp-image-1804 size-medium\" src=\"https:\/\/blogsaverroes.juntadeandalucia.es\/agcepva\/files\/2022\/04\/C\u00edrculo_crom\u00e1tico_mandala_6-212x300.png\" alt=\"\" width=\"212\" height=\"300\" srcset=\"https:\/\/blogsaverroes.juntadeandalucia.es\/agcepva\/files\/2022\/04\/C\u00edrculo_crom\u00e1tico_mandala_6-212x300.png 212w, https:\/\/blogsaverroes.juntadeandalucia.es\/agcepva\/files\/2022\/04\/C\u00edrculo_crom\u00e1tico_mandala_6-723x1024.png 723w, https:\/\/blogsaverroes.juntadeandalucia.es\/agcepva\/files\/2022\/04\/C\u00edrculo_crom\u00e1tico_mandala_6-768x1087.png 768w, https:\/\/blogsaverroes.juntadeandalucia.es\/agcepva\/files\/2022\/04\/C\u00edrculo_crom\u00e1tico_mandala_6-1085x1536.png 1085w, https:\/\/blogsaverroes.juntadeandalucia.es\/agcepva\/files\/2022\/04\/C\u00edrculo_crom\u00e1tico_mandala_6.png 1239w\" sizes=\"(max-width: 212px) 100vw, 212px\" \/><\/a> <a href=\"https:\/\/www.dropbox.com\/s\/ofl2pwkp0hcaap2\/C%C3%ADrculo_crom%C3%A1tico_mandala_7.pdf?dl=0\" target=\"_blank\" rel=\"noopener noreferrer\"><img loading=\"lazy\" decoding=\"async\" class=\"alignleft wp-image-1805 size-medium\" src=\"https:\/\/blogsaverroes.juntadeandalucia.es\/agcepva\/files\/2022\/04\/C\u00edrculo_crom\u00e1tico_mandala_7-212x300.png\" alt=\"\" width=\"212\" height=\"300\" srcset=\"https:\/\/blogsaverroes.juntadeandalucia.es\/agcepva\/files\/2022\/04\/C\u00edrculo_crom\u00e1tico_mandala_7-212x300.png 212w, https:\/\/blogsaverroes.juntadeandalucia.es\/agcepva\/files\/2022\/04\/C\u00edrculo_crom\u00e1tico_mandala_7-723x1024.png 723w, https:\/\/blogsaverroes.juntadeandalucia.es\/agcepva\/files\/2022\/04\/C\u00edrculo_crom\u00e1tico_mandala_7-768x1087.png 768w, https:\/\/blogsaverroes.juntadeandalucia.es\/agcepva\/files\/2022\/04\/C\u00edrculo_crom\u00e1tico_mandala_7-1085x1536.png 1085w, https:\/\/blogsaverroes.juntadeandalucia.es\/agcepva\/files\/2022\/04\/C\u00edrculo_crom\u00e1tico_mandala_7.png 1239w\" sizes=\"(max-width: 212px) 100vw, 212px\" \/><\/a> <a href=\"https:\/\/www.dropbox.com\/s\/ps7xb08guhg0bp7\/C%C3%ADrculo_crom%C3%A1tico_mandala_8.pdf?dl=0\" target=\"_blank\" rel=\"noopener noreferrer\"><img loading=\"lazy\" decoding=\"async\" class=\"alignleft wp-image-1806 size-medium\" src=\"https:\/\/blogsaverroes.juntadeandalucia.es\/agcepva\/files\/2022\/04\/C\u00edrculo_crom\u00e1tico_mandala_8-212x300.png\" alt=\"\" width=\"212\" height=\"300\" srcset=\"https:\/\/blogsaverroes.juntadeandalucia.es\/agcepva\/files\/2022\/04\/C\u00edrculo_crom\u00e1tico_mandala_8-212x300.png 212w, https:\/\/blogsaverroes.juntadeandalucia.es\/agcepva\/files\/2022\/04\/C\u00edrculo_crom\u00e1tico_mandala_8-723x1024.png 723w, https:\/\/blogsaverroes.juntadeandalucia.es\/agcepva\/files\/2022\/04\/C\u00edrculo_crom\u00e1tico_mandala_8-768x1087.png 768w, https:\/\/blogsaverroes.juntadeandalucia.es\/agcepva\/files\/2022\/04\/C\u00edrculo_crom\u00e1tico_mandala_8-1085x1536.png 1085w, https:\/\/blogsaverroes.juntadeandalucia.es\/agcepva\/files\/2022\/04\/C\u00edrculo_crom\u00e1tico_mandala_8.png 1239w\" sizes=\"(max-width: 212px) 100vw, 212px\" \/><\/a><\/p>\n","protected":false},"excerpt":{"rendered":"<p>L\u00c1MINA 14B. C\u00cdRCULO CROM\u00c1TICO &#8211; MANDALAS En esta l\u00e1mina se realizar\u00e1 un c\u00edrculo crom\u00e1tico trabajando sobre el dise\u00f1o de una mandala basada en el hex\u00e1gono regular, de modo que aparecen elementos de seis puntas&#46;&#46;&#46;<\/p>\n","protected":false},"author":2852,"featured_media":0,"parent":0,"menu_order":0,"comment_status":"closed","ping_status":"closed","template":"","meta":{"ngg_post_thumbnail":0,"footnotes":""},"aioseo_notices":[],"_links":{"self":[{"href":"https:\/\/blogsaverroes.juntadeandalucia.es\/agcepva\/wp-json\/wp\/v2\/pages\/1797"}],"collection":[{"href":"https:\/\/blogsaverroes.juntadeandalucia.es\/agcepva\/wp-json\/wp\/v2\/pages"}],"about":[{"href":"https:\/\/blogsaverroes.juntadeandalucia.es\/agcepva\/wp-json\/wp\/v2\/types\/page"}],"author":[{"embeddable":true,"href":"https:\/\/blogsaverroes.juntadeandalucia.es\/agcepva\/wp-json\/wp\/v2\/users\/2852"}],"replies":[{"embeddable":true,"href":"https:\/\/blogsaverroes.juntadeandalucia.es\/agcepva\/wp-json\/wp\/v2\/comments?post=1797"}],"version-history":[{"count":8,"href":"https:\/\/blogsaverroes.juntadeandalucia.es\/agcepva\/wp-json\/wp\/v2\/pages\/1797\/revisions"}],"predecessor-version":[{"id":2503,"href":"https:\/\/blogsaverroes.juntadeandalucia.es\/agcepva\/wp-json\/wp\/v2\/pages\/1797\/revisions\/2503"}],"wp:attachment":[{"href":"https:\/\/blogsaverroes.juntadeandalucia.es\/agcepva\/wp-json\/wp\/v2\/media?parent=1797"}],"curies":[{"name":"wp","href":"https:\/\/api.w.org\/{rel}","templated":true}]}}