{"id":182,"date":"2019-11-18T16:16:36","date_gmt":"2019-11-18T15:16:36","guid":{"rendered":"https:\/\/blogsaverroes.juntadeandalucia.es\/agcepva\/?page_id=182"},"modified":"2025-10-21T22:10:44","modified_gmt":"2025-10-21T20:10:44","slug":"instrucciones-para-pendientes-epva","status":"publish","type":"page","link":"https:\/\/blogsaverroes.juntadeandalucia.es\/agcepva\/instrucciones-para-pendientes-epva\/","title":{"rendered":"INSTRUCCIONES PARA PENDIENTES (EPVA 1\u00ba y 3\u00ba ESO y PEPA 2\u00ba ESO)"},"content":{"rendered":"<h3><strong>INSTRUCCIONES PARA PRESENTACI\u00d3N DE TAREAS Y PREPARACI\u00d3N DE LAS PRUEBAS DE LAS DOS CONVOCATORIAS DE RECUPERACI\u00d3N DE LA ASIGNATURA DE EPVA 1\u00ba ESO, 3\u00ba ESO y Proyecto EPA 2\u00ba ESO PENDIENTE.<\/strong><\/h3>\n<h3 class=\"fittexted_for_content_h3\"><strong>ACCESO AL AULA <a href=\"https:\/\/classroom.google.com\/c\/ODE0MzcyOTM1NDEy\" target=\"_blank\" rel=\"noopener\">\u00abPENDIENTES DIBUJO\u00bb<\/a> EN CLASSROOM.<\/strong><\/h3>\n<h4 class=\"fittexted_for_content_h4\">Durante el curso 2025\/2026 se utilizar\u00e1 el curso PENDIENTES DIBUJO en Classroom para recibir toda la informaci\u00f3n sobre tareas y preparaci\u00f3n de las dos pruebas de pendientes en las convocatorias de enero y abril de 2026.<\/h4>\n<h4>Las actividades tambi\u00e9n estar\u00e1n disponibles para fotocopiar en la conserjer\u00eda del Centro.<\/h4>\n<h4><strong>TEN EN CUENTA LO SIGUIENTE:<\/strong><\/h4>\n<ol>\n<li><strong>Es importante que accedas con tu usuario de correo corporativo:&nbsp; @g.educaand.es.<\/strong><\/li>\n<li><strong>Lee detenidamente las instrucciones que aparecen m\u00e1s abajo, con informaci\u00f3n importante para realizar las pruebas de recuperaci\u00f3n de la asignatura pendiente.<\/strong><\/li>\n<li><strong>Aparecen en la secci\u00f3n \u00abTrabajo de clase\u00bb dos temas: PRIMERA CONVOCATORIA \/ ENERO 2026 y SEGUNDA CONVOCATORIA \/ABRIL 2026. Dentro de estos temas estar\u00e1 el material necesario para preparar las dos pruebas que se realizar\u00e1n en enero y abril en fechas que ser\u00e1n publicadas por Jefatura de Estudios.<\/strong><\/li>\n<li><strong>En cada tema hay material adicional y una tarea en la que tendr\u00e1s que entregar en formato digital las actividades propuestas. Estas l\u00e1minas tambi\u00e9n debes entregarla en mano al profesor que supervisa la asignatura pendiente, que ser\u00e1 tu profesor de EPVA (1\u00ba ESO y 3\u00ba ESO), PEPA (2\u00ba ESO) y Expresi\u00f3n Art\u00edstica (4\u00ba ESO). En caso de que no curses ninguna de estas asignaturas te pondr\u00e1s en contacto con el Jefe de Departamento, Antonio Gonz\u00e1lez Camacho, enviando un mensaje a trav\u00e9s de las tareas del aula Classroom.<\/strong><\/li>\n<li><strong>En cada tarea encontrar\u00e1s lo necesario para descargar e imprimir en papel las l\u00e1minas, aunque puedes fotocopiarlas en la conserjer\u00eda del Centro.<\/strong><\/li>\n<li><strong>Para recuperar la asignatura hay dos convocatorias. Comprueba que las actividades que fotocopies o imprimas corresponden con la convocatoria de ENERO 2026 o la de ABRIL 2026.<\/strong><\/li>\n<li><strong>Si est\u00e1s en 4\u00ba ESO y tienes pendiente EPVA 1\u00ba ESO y tambi\u00e9n PEPA 2\u00ba ESO y\/o EPVA 3\u00ba ESO, elige solo las actividades propuestas para recuperar EPVA 3\u00ba ESO.<\/strong><\/li>\n<li><strong>Si est\u00e1s en 3\u00ba ESO y tienes pendientes EPVA 1\u00ba ESO y\/o PEPA 2\u00ba ESO, elige solo las actividades propuestas para recuperar PEPA 2\u00ba ESO.<\/strong><\/li>\n<li><strong>Si est\u00e1s en 2\u00ba ESO y tienes pendiente EPVA 1\u00ba ESO, elige solo las actividades propuestas para recuperar EPVA 1\u00ba ESO.<\/strong><\/li>\n<\/ol>\n<h3><strong style=\"font-size: 18.72px\">Las fechas concretas de las pruebas de recuperaci\u00f3n y entrega de l\u00e1minas propuestas se publicar\u00e1n en breve.<\/strong><\/h3>\n<h3><span style=\"font-size: 14pt\"><strong>Pruebas de recuperaci\u00f3n:&nbsp;<\/strong><strong>1\u00aa Convocatoria.<\/strong><\/span><\/h3>\n<ul>\n<li><span style=\"font-size: 14pt\">Entrega de l\u00e1minas: <strong>primera semana lectiva de enero de 2026.<\/strong><\/span><\/li>\n<li><span style=\"font-size: 14pt\">Prueba pr\u00e1ctica: <strong>enero de 2026.<\/strong><\/span><\/li>\n<\/ul>\n<h3><span style=\"font-size: 14pt\"><strong>Pruebas de recuperaci\u00f3n: 2\u00aa Convocatoria.<\/strong><\/span><\/h3>\n<ul>\n<li><span style=\"font-size: 14pt\">Entrega de l\u00e1minas: <strong>primera semana lectiva de abril de 2026.<\/strong><\/span><\/li>\n<li><span style=\"font-size: 14pt\">Prueba pr\u00e1ctica: <strong>abril de 2026.<\/strong><\/span><\/li>\n<\/ul>\n<h3><span style=\"font-size: 14pt\"><strong>Normas para la realizaci\u00f3n de las pruebas.<\/strong><\/span><\/h3>\n<ul>\n<li><strong>La evaluaci\u00f3n de la asignatura se har\u00e1 en dos convocatorias independientes, en las fechas publicadas. El alumnado que no apruebe la 1\u00aa convocatoria podr\u00e1n presentarse a la 2\u00aa. Cualquier alumno\/a que no se presente a la 1\u00aa convocatoria no tendr\u00e1 m\u00e1s opci\u00f3n que presentarse a la 2\u00aa convocatoria.<\/strong><\/li>\n<li><strong>Las l\u00e1minas de cada convocatoria deben entregarse en las fechas se\u00f1aladas. Si los\/as alumnos\/as no se presentan a la primera convocatoria y s\u00ed lo hacen a la segunda, deber\u00e1n presentar las l\u00e1minas de ambas convocatorias.<\/strong><\/li>\n<li><strong>Los alumnos y alumnas ser\u00e1n evaluados por el profesorado de la asignatura de EPVA, PEPA o EAR del curso actual al que entregar\u00e1n las l\u00e1minas en las fechas indicadas.<\/strong><\/li>\n<li><strong>Los alumnos y alumnas que, en el presente curso, no tengan clase de estas asignaturas ser\u00e1n evaluados por el Jefe del Departamento, para lo que deben ponerse en contacto con el mismo. En cualquier caso les llegar\u00e1 informaci\u00f3n a trav\u00e9s del aula Classroom y a trav\u00e9s de las tutor\u00edas.<\/strong><\/li>\n<li><strong>Los ejercicios se presentar\u00e1n resueltos en formatos A4 y cualquier duda sobre los mismos podr\u00e1 ser consultada con el profesor o profesora del curso actual o con el Jefe del Departamento.<\/strong><\/li>\n<li><strong>Se valorar\u00e1 la correcta soluci\u00f3n de los ejercicios y la limpieza y calidad gr\u00e1fica de los mismos.<\/strong><\/li>\n<li><strong>Deber\u00e1n asistir a las pruebas pr\u00e1cticas provistos de equipo de dibujo t\u00e9cnico adecuado: escuadra, cartab\u00f3n, regla, comp\u00e1s, goma, l\u00e1piz o portaminas, sacapuntas.&nbsp;Adem\u00e1s el alumnado deber\u00eda traer l\u00e1pices de colores, ceras o rotuladores y algunas hojas de papel formato A4 en blanco. La prueba se realizar\u00e1 sobre el papel fotocopiado que el profesorado entregue al alumno o alumna en el inicio de la misma.<\/strong><\/li>\n<li><strong>No se admitir\u00e1 en las pruebas al alumnado que se presente sin el material necesario y\/o las l\u00e1minas propuestas para cada convocatoria.<\/strong><\/li>\n<\/ul>\n","protected":false},"excerpt":{"rendered":"<p>INSTRUCCIONES PARA PRESENTACI\u00d3N DE TAREAS Y PREPARACI\u00d3N DE LAS PRUEBAS DE LAS DOS CONVOCATORIAS DE RECUPERACI\u00d3N DE LA ASIGNATURA DE EPVA 1\u00ba ESO, 3\u00ba ESO y Proyecto EPA 2\u00ba ESO PENDIENTE. ACCESO AL AULA&#46;&#46;&#46;<\/p>\n","protected":false},"author":2852,"featured_media":0,"parent":0,"menu_order":0,"comment_status":"closed","ping_status":"closed","template":"","meta":{"ngg_post_thumbnail":0,"footnotes":""},"aioseo_notices":[],"_links":{"self":[{"href":"https:\/\/blogsaverroes.juntadeandalucia.es\/agcepva\/wp-json\/wp\/v2\/pages\/182"}],"collection":[{"href":"https:\/\/blogsaverroes.juntadeandalucia.es\/agcepva\/wp-json\/wp\/v2\/pages"}],"about":[{"href":"https:\/\/blogsaverroes.juntadeandalucia.es\/agcepva\/wp-json\/wp\/v2\/types\/page"}],"author":[{"embeddable":true,"href":"https:\/\/blogsaverroes.juntadeandalucia.es\/agcepva\/wp-json\/wp\/v2\/users\/2852"}],"replies":[{"embeddable":true,"href":"https:\/\/blogsaverroes.juntadeandalucia.es\/agcepva\/wp-json\/wp\/v2\/comments?post=182"}],"version-history":[{"count":35,"href":"https:\/\/blogsaverroes.juntadeandalucia.es\/agcepva\/wp-json\/wp\/v2\/pages\/182\/revisions"}],"predecessor-version":[{"id":3561,"href":"https:\/\/blogsaverroes.juntadeandalucia.es\/agcepva\/wp-json\/wp\/v2\/pages\/182\/revisions\/3561"}],"wp:attachment":[{"href":"https:\/\/blogsaverroes.juntadeandalucia.es\/agcepva\/wp-json\/wp\/v2\/media?parent=182"}],"curies":[{"name":"wp","href":"https:\/\/api.w.org\/{rel}","templated":true}]}}