{"id":1925,"date":"2023-05-29T11:28:56","date_gmt":"2023-05-29T09:28:56","guid":{"rendered":"https:\/\/blogsaverroes.juntadeandalucia.es\/agcepva\/?page_id=1925"},"modified":"2023-05-29T11:28:56","modified_gmt":"2023-05-29T09:28:56","slug":"flipbook","status":"publish","type":"page","link":"https:\/\/blogsaverroes.juntadeandalucia.es\/agcepva\/flipbook\/","title":{"rendered":"FLIPBOOK"},"content":{"rendered":"<h3>FLIPBOOK<\/h3>\n<p>En esta actividad realizaremos un libro animado a partir de m\u00faltiples dibujos que recrear\u00e1n la sensaci\u00f3n de movimiento de los elementos dibujados. Para entender qu\u00e9 es un \u00abFlipbook\u00bb y c\u00f3mo puedes hacer el tuyo propio, que t\u00e9cnicas y materiales necesitar\u00e1s, etc., puedes ver estos v\u00eddeos:<\/p>\n<p><iframe loading=\"lazy\" title=\"Como hacer un FLIPBOOK - Tutorial de animaci\u00f3n hoja por hoja\" width=\"500\" height=\"281\" src=\"https:\/\/www.youtube.com\/embed\/u6SzCw5vIuc?feature=oembed&#038;wmode=opaque\" frameborder=\"0\" allow=\"accelerometer; autoplay; clipboard-write; encrypted-media; gyroscope; picture-in-picture; web-share\" allowfullscreen><\/iframe><\/p>\n<p>&nbsp;<\/p>\n<p><iframe loading=\"lazy\" title=\"Andymation Compilation \/\/ My Best Flipbooks\" width=\"500\" height=\"281\" src=\"https:\/\/www.youtube.com\/embed\/ntD2qiGx-DY?feature=oembed&#038;wmode=opaque\" frameborder=\"0\" allow=\"accelerometer; autoplay; clipboard-write; encrypted-media; gyroscope; picture-in-picture; web-share\" allowfullscreen><\/iframe><\/p>\n<p>&nbsp;<\/p>\n<p><iframe loading=\"lazy\" title=\"TOP 10 FLIPBOOKS \u2013 Flipbook Fest 2022 WINNERS\" width=\"500\" height=\"281\" src=\"https:\/\/www.youtube.com\/embed\/uuNzPewyefo?feature=oembed&#038;wmode=opaque\" frameborder=\"0\" allow=\"accelerometer; autoplay; clipboard-write; encrypted-media; gyroscope; picture-in-picture; web-share\" allowfullscreen><\/iframe><\/p>\n<h4>MATERIAL NECESARIO:<\/h4>\n<ul>\n<li><strong>10 Hojas de papel tama\u00f1o A4.<\/strong> Necesitar\u00e1s al menos 10 hojas de papel tama\u00f1o A4, cada una de las cuales hay que dividir en rect\u00e1ngulos de 7 x 14,85 cm, con tres divisiones por el lado corto y una divisi\u00f3n por el lado largo. Con esta operaci\u00f3n se pueden obtener 60 hojas rectangulares iguales. Teniendo en cuenta que para un segundo de animaci\u00f3n se necesitan al menos 10 fotogramas, podremos hacer un flipbook de 6 segundos, que no est\u00e1 nada mal. El m\u00ednimo que se evaluar\u00e1 en la actividad ser\u00e1n 30 fotogramas equivalentes a &nbsp;3 segundos de animaci\u00f3n.<\/li>\n<li><strong>L\u00e1piz de grafito normal y rotuladores.<\/strong> L\u00e1piz para dise\u00f1ar los dibujos de los fotogramas. Se pueden colorear parte de las escenas por fotogramas para mejorar el resultado usando rotulador negro para los contornos de dibujo y diferentes colores para los fondos o detalles.<\/li>\n<li><strong>Una pinza grande para folios<\/strong>, de 5 o 6 cm de ancho. Si no encuentras una pinza grande, usa dos m\u00e1s peque\u00f1as. Tambi\u00e9n se pueden taladrar las hojas y colocar clips met\u00e1licos de cabeza redonda para coser las hojas entre s\u00ed.<\/li>\n<\/ul>\n<p style=\"text-align: center\"><strong><a href=\"https:\/\/blogsaverroes.juntadeandalucia.es\/agcepva\/files\/2023\/05\/encuadernador-para-flipbook.jpg\"><img loading=\"lazy\" decoding=\"async\" class=\"wp-image-2558 size-thumbnail alignnone\" src=\"https:\/\/blogsaverroes.juntadeandalucia.es\/agcepva\/files\/2023\/05\/encuadernador-para-flipbook-150x150.jpg\" alt=\"\" width=\"150\" height=\"150\" srcset=\"https:\/\/blogsaverroes.juntadeandalucia.es\/agcepva\/files\/2023\/05\/encuadernador-para-flipbook-150x150.jpg 150w, https:\/\/blogsaverroes.juntadeandalucia.es\/agcepva\/files\/2023\/05\/encuadernador-para-flipbook-80x80.jpg 80w, https:\/\/blogsaverroes.juntadeandalucia.es\/agcepva\/files\/2023\/05\/encuadernador-para-flipbook-320x320.jpg 320w\" sizes=\"(max-width: 150px) 100vw, 150px\" \/><\/a> <a href=\"https:\/\/blogsaverroes.juntadeandalucia.es\/agcepva\/files\/2023\/05\/Pinza-para-papel.jpg\"><img loading=\"lazy\" decoding=\"async\" class=\"wp-image-2559 size-thumbnail alignnone\" src=\"https:\/\/blogsaverroes.juntadeandalucia.es\/agcepva\/files\/2023\/05\/Pinza-para-papel-150x150.jpg\" alt=\"\" width=\"150\" height=\"150\" srcset=\"https:\/\/blogsaverroes.juntadeandalucia.es\/agcepva\/files\/2023\/05\/Pinza-para-papel-150x150.jpg 150w, https:\/\/blogsaverroes.juntadeandalucia.es\/agcepva\/files\/2023\/05\/Pinza-para-papel-300x300.jpg 300w, https:\/\/blogsaverroes.juntadeandalucia.es\/agcepva\/files\/2023\/05\/Pinza-para-papel-768x768.jpg 768w, https:\/\/blogsaverroes.juntadeandalucia.es\/agcepva\/files\/2023\/05\/Pinza-para-papel-80x80.jpg 80w, https:\/\/blogsaverroes.juntadeandalucia.es\/agcepva\/files\/2023\/05\/Pinza-para-papel-320x320.jpg 320w, https:\/\/blogsaverroes.juntadeandalucia.es\/agcepva\/files\/2023\/05\/Pinza-para-papel.jpg 800w\" sizes=\"(max-width: 150px) 100vw, 150px\" \/><\/a> <a href=\"https:\/\/blogsaverroes.juntadeandalucia.es\/agcepva\/files\/2023\/05\/taladradora-de-papel.jpg\"><img loading=\"lazy\" decoding=\"async\" class=\"wp-image-2560 size-thumbnail alignnone\" src=\"https:\/\/blogsaverroes.juntadeandalucia.es\/agcepva\/files\/2023\/05\/taladradora-de-papel-150x150.jpg\" alt=\"\" width=\"150\" height=\"150\" srcset=\"https:\/\/blogsaverroes.juntadeandalucia.es\/agcepva\/files\/2023\/05\/taladradora-de-papel-150x150.jpg 150w, https:\/\/blogsaverroes.juntadeandalucia.es\/agcepva\/files\/2023\/05\/taladradora-de-papel-80x80.jpg 80w, https:\/\/blogsaverroes.juntadeandalucia.es\/agcepva\/files\/2023\/05\/taladradora-de-papel-320x317.jpg 320w\" sizes=\"(max-width: 150px) 100vw, 150px\" \/><\/a><\/strong><\/p>\n<ul>\n<li>Una pantalla para calcar la posici\u00f3n de los dibujos: se puede utilizar el m\u00f3vil en pantalla blanca completa y m\u00e1ximo brillo, aunque debes tener suficiente bater\u00eda (en clase) o colocar el cargador mientras trabajas (en casa). Tambi\u00e9n se puede calcar en una ventana iluminada.<\/li>\n<\/ul>\n<p>Recuerda los consejos de los v\u00eddeos sobre donde colocar los dibujos y realizar trazos sencillos con variaciones peque\u00f1as y sin grandes saltos de posici\u00f3n para que se mantenga el efecto de movimiento continuo de los elementos dise\u00f1ados. Elige un argumento sencillo para tu minihistoria, que consistir\u00e1 en dar vida a objetos o personajes. Aprende de los ejemplos que se ofrecen en los v\u00eddeos o que se comenten en clase.<\/p>\n","protected":false},"excerpt":{"rendered":"<p>FLIPBOOK En esta actividad realizaremos un libro animado a partir de m\u00faltiples dibujos que recrear\u00e1n la sensaci\u00f3n de movimiento de los elementos dibujados. Para entender qu\u00e9 es un \u00abFlipbook\u00bb y c\u00f3mo puedes hacer el&#46;&#46;&#46;<\/p>\n","protected":false},"author":2852,"featured_media":0,"parent":0,"menu_order":0,"comment_status":"closed","ping_status":"closed","template":"","meta":{"ngg_post_thumbnail":0,"footnotes":""},"aioseo_notices":[],"_links":{"self":[{"href":"https:\/\/blogsaverroes.juntadeandalucia.es\/agcepva\/wp-json\/wp\/v2\/pages\/1925"}],"collection":[{"href":"https:\/\/blogsaverroes.juntadeandalucia.es\/agcepva\/wp-json\/wp\/v2\/pages"}],"about":[{"href":"https:\/\/blogsaverroes.juntadeandalucia.es\/agcepva\/wp-json\/wp\/v2\/types\/page"}],"author":[{"embeddable":true,"href":"https:\/\/blogsaverroes.juntadeandalucia.es\/agcepva\/wp-json\/wp\/v2\/users\/2852"}],"replies":[{"embeddable":true,"href":"https:\/\/blogsaverroes.juntadeandalucia.es\/agcepva\/wp-json\/wp\/v2\/comments?post=1925"}],"version-history":[{"count":2,"href":"https:\/\/blogsaverroes.juntadeandalucia.es\/agcepva\/wp-json\/wp\/v2\/pages\/1925\/revisions"}],"predecessor-version":[{"id":2561,"href":"https:\/\/blogsaverroes.juntadeandalucia.es\/agcepva\/wp-json\/wp\/v2\/pages\/1925\/revisions\/2561"}],"wp:attachment":[{"href":"https:\/\/blogsaverroes.juntadeandalucia.es\/agcepva\/wp-json\/wp\/v2\/media?parent=1925"}],"curies":[{"name":"wp","href":"https:\/\/api.w.org\/{rel}","templated":true}]}}