{"id":2262,"date":"2022-10-03T11:02:29","date_gmt":"2022-10-03T09:02:29","guid":{"rendered":"https:\/\/blogsaverroes.juntadeandalucia.es\/agcepva\/?page_id=2262"},"modified":"2022-10-04T09:38:44","modified_gmt":"2022-10-04T07:38:44","slug":"epva-4o-eso-lamina-19-ovalo-y-ovoide","status":"publish","type":"page","link":"https:\/\/blogsaverroes.juntadeandalucia.es\/agcepva\/dibujo-tecnico-4o-eso\/bloque-1-fundamentos-geometria\/epva-4o-eso-lamina-19-ovalo-y-ovoide\/","title":{"rendered":"EPVA 4\u00ba ESO. L\u00c1MINA 19. \u00d3VALO Y OVOIDE."},"content":{"rendered":"<h3 class=\"fittexted_for_content_h3\">Resoluci\u00f3n paso a paso de la l\u00e1mina 19.<\/h3>\n<h4 class=\"fittexted_for_content_h4\"><img loading=\"lazy\" decoding=\"async\" class=\"aligncenter size-full wp-image-2285\" src=\"https:\/\/blogsaverroes.juntadeandalucia.es\/agcepva\/files\/2022\/10\/4B_19-Model-1.png\" alt=\"\" width=\"1240\" height=\"1754\" srcset=\"https:\/\/blogsaverroes.juntadeandalucia.es\/agcepva\/files\/2022\/10\/4B_19-Model-1.png 1240w, https:\/\/blogsaverroes.juntadeandalucia.es\/agcepva\/files\/2022\/10\/4B_19-Model-1-212x300.png 212w, https:\/\/blogsaverroes.juntadeandalucia.es\/agcepva\/files\/2022\/10\/4B_19-Model-1-724x1024.png 724w, https:\/\/blogsaverroes.juntadeandalucia.es\/agcepva\/files\/2022\/10\/4B_19-Model-1-768x1086.png 768w, https:\/\/blogsaverroes.juntadeandalucia.es\/agcepva\/files\/2022\/10\/4B_19-Model-1-1086x1536.png 1086w\" sizes=\"(max-width: 1240px) 100vw, 1240px\" \/><\/h4>\n<h4 class=\"fittexted_for_content_h4\">En las siguientes animaciones puedes ver el proceso de construcci\u00f3n de la l\u00e1mina. Para ver las animaciones en pantalla completa sigue estos pasos:<\/h4>\n<ol>\n<li>Accede desde los enlaces y busca el icono de pantalla completa en la parte superior derecha.<\/li>\n<li>Haz clic sobre el icono play de la parte inferior izquierda.<\/li>\n<li>Comenzar\u00e1 autom\u00e1ticamente la reproducci\u00f3n paso a paso.<\/li>\n<li>Si quieres verlo por pasos usa las flechas avance y retroceso de la parte inferior.<\/li>\n<\/ol>\n<h4 class=\"fittexted_for_content_h4\"><a href=\"https:\/\/www.mongge.com\/ejercicios\/38863\" target=\"_blank\" rel=\"noopener noreferrer\">Ejercicio 1.<\/a><\/h4>\n<h4 class=\"fittexted_for_content_h4\"><a href=\"https:\/\/www.mongge.com\/ejercicios\/38870\" target=\"_blank\" rel=\"noopener noreferrer\">Ejercicio 2.<\/a><\/h4>\n<h4 class=\"fittexted_for_content_h4\"><a href=\"https:\/\/www.mongge.com\/ejercicios\/33127\" target=\"_blank\" rel=\"noopener noreferrer\">Ejercicio 3.<\/a><\/h4>\n<h4 class=\"fittexted_for_content_h4\"><a href=\"https:\/\/www.mongge.com\/ejercicios\/47422\" target=\"_blank\" rel=\"noopener noreferrer\">Ejercicio 4.<\/a><\/h4>\n<h4 class=\"fittexted_for_content_h4\"><a href=\"https:\/\/www.mongge.com\/ejercicios\/38873\" target=\"_blank\" rel=\"noopener noreferrer\">Ejercicio 5.<\/a><\/h4>\n<h4 class=\"fittexted_for_content_h4\"><a href=\"https:\/\/www.mongge.com\/ejercicios\/38872\" target=\"_blank\" rel=\"noopener noreferrer\">Ejercicio 6.<\/a><\/h4>\n","protected":false},"excerpt":{"rendered":"<p>Resoluci\u00f3n paso a paso de la l\u00e1mina 19. En las siguientes animaciones puedes ver el proceso de construcci\u00f3n de la l\u00e1mina. Para ver las animaciones en pantalla completa sigue estos pasos: Accede desde los&#46;&#46;&#46;<\/p>\n","protected":false},"author":2852,"featured_media":0,"parent":543,"menu_order":0,"comment_status":"closed","ping_status":"closed","template":"","meta":{"ngg_post_thumbnail":0,"footnotes":""},"aioseo_notices":[],"_links":{"self":[{"href":"https:\/\/blogsaverroes.juntadeandalucia.es\/agcepva\/wp-json\/wp\/v2\/pages\/2262"}],"collection":[{"href":"https:\/\/blogsaverroes.juntadeandalucia.es\/agcepva\/wp-json\/wp\/v2\/pages"}],"about":[{"href":"https:\/\/blogsaverroes.juntadeandalucia.es\/agcepva\/wp-json\/wp\/v2\/types\/page"}],"author":[{"embeddable":true,"href":"https:\/\/blogsaverroes.juntadeandalucia.es\/agcepva\/wp-json\/wp\/v2\/users\/2852"}],"replies":[{"embeddable":true,"href":"https:\/\/blogsaverroes.juntadeandalucia.es\/agcepva\/wp-json\/wp\/v2\/comments?post=2262"}],"version-history":[{"count":3,"href":"https:\/\/blogsaverroes.juntadeandalucia.es\/agcepva\/wp-json\/wp\/v2\/pages\/2262\/revisions"}],"predecessor-version":[{"id":2335,"href":"https:\/\/blogsaverroes.juntadeandalucia.es\/agcepva\/wp-json\/wp\/v2\/pages\/2262\/revisions\/2335"}],"up":[{"embeddable":true,"href":"https:\/\/blogsaverroes.juntadeandalucia.es\/agcepva\/wp-json\/wp\/v2\/pages\/543"}],"wp:attachment":[{"href":"https:\/\/blogsaverroes.juntadeandalucia.es\/agcepva\/wp-json\/wp\/v2\/media?parent=2262"}],"curies":[{"name":"wp","href":"https:\/\/api.w.org\/{rel}","templated":true}]}}