{"id":2554,"date":"2023-05-29T07:57:43","date_gmt":"2023-05-29T05:57:43","guid":{"rendered":"https:\/\/blogsaverroes.juntadeandalucia.es\/agcepva\/?page_id=2554"},"modified":"2023-05-30T23:28:38","modified_gmt":"2023-05-30T21:28:38","slug":"zootropo","status":"publish","type":"page","link":"https:\/\/blogsaverroes.juntadeandalucia.es\/agcepva\/zootropo\/","title":{"rendered":"ZO\u00d3TROPO"},"content":{"rendered":"<h2 style=\"font-weight: 300\"><strong>\u00bfQu\u00e9 es un zo\u00f3tropo?&nbsp;<\/strong><\/h2>\n<p>Algunos contenidos est\u00e1n tomados del art\u00edculo publicado en este enlace:<\/p>\n<p><a href=\"https:\/\/www.adobe.com\/es\/creativecloud\/animation\/discover\/zoetrope-animation.html\" target=\"_blank\" rel=\"noopener noreferrer\">https:\/\/www.adobe.com\/es\/creativecloud\/animation\/discover\/zoetrope-animation.html<\/a><\/p>\n<p><a href=\"https:\/\/blogsaverroes.juntadeandalucia.es\/agcepva\/files\/2023\/05\/zootropo2-min.gif\"><img loading=\"lazy\" decoding=\"async\" class=\"aligncenter size-full wp-image-2566\" src=\"https:\/\/blogsaverroes.juntadeandalucia.es\/agcepva\/files\/2023\/05\/zootropo2-min.gif\" alt=\"\" width=\"500\" height=\"500\"><\/a><\/p>\n<p style=\"font-weight: 300\">El zo\u00f3tropo es una de las primeras formas de animaci\u00f3n. La versi\u00f3n m\u00e1s simple de este dispositivo, desarrollado en el siglo XIX, consiste en un <strong>tambor <\/strong>giratorio, normalmente con la parte superior descubierta, en cuya pared se abren cortes finos y verticales a intervalos regulares. En la parte interior del tambor se coloca una tira de papel con una serie de dibujos situados por orden, que muestran el mismo motivo en diferentes fases de movimiento.&nbsp;&nbsp;<\/p>\n<p>&nbsp;<\/p>\n<p style=\"font-weight: 300\">Al girar el tambor, la persona que lo est\u00e9 observando ver\u00e1 las im\u00e1genes del interior a trav\u00e9s de las ranuras, por lo que la r\u00e1pida sucesi\u00f3n de los motivos individuales crear\u00e1 la <strong>impresi\u00f3n de movimiento<\/strong>. Del mismo modo que en otras formas de <a href=\"https:\/\/www.adobe.com\/es\/creativecloud\/animation\/discover\/animation.html\">animaci\u00f3n<\/a> (como puede ser el folioscopio), la ilusi\u00f3n creada por el zo\u00f3tropo es posible gracias a un fen\u00f3meno concreto, la llamada \u00ab<strong>persistencia retiniana<\/strong>\u00ab: si el per\u00edodo que transcurre entre una imagen y la siguiente es inferior a una d\u00e9cima de segundo el cerebro las interpretar\u00e1 como una sola imagen continua. De este modo se consigue que no percibamos las im\u00e1genes de una en una, sino como una secuencia ininterrumpida, en movimiento.<\/p>\n<p>&nbsp;<\/p>\n<h2 style=\"font-weight: 300\"><strong>Breve historia del zo\u00f3tropo&nbsp;<\/strong><\/h2>\n<p style=\"font-weight: 300\">Estrictamente hablando, el zo\u00f3tropo es la evoluci\u00f3n de una invenci\u00f3n anterior: en <strong>1833<\/strong>,\u202fel f\u00edsico belga Joseph Plateau y el inventor austr\u00edaco Simon Stampfer inventaron simult\u00e1neamente el \u202f\u00bb<strong>fenaquistiscopio<\/strong>\u00ab\u202f(tambi\u00e9n conocido como \u00abrueda de la vida\u00bb o \u00abdisco m\u00e1gico\u00bb). Hoy en d\u00eda, esta invenci\u00f3n se considera el primer dispositivo para la animaci\u00f3n de im\u00e1genes conocido por el p\u00fablico general.<\/p>\n<p><a href=\"https:\/\/blogsaverroes.juntadeandalucia.es\/agcepva\/files\/2023\/05\/Animated_phenakistiscope_disc_-_Running_rats_Fantascope_by_Thomas_Mann_Baynes_1833.gif\"><img loading=\"lazy\" decoding=\"async\" class=\"wp-image-2567 size-medium alignnone\" src=\"https:\/\/blogsaverroes.juntadeandalucia.es\/agcepva\/files\/2023\/05\/Animated_phenakistiscope_disc_-_Running_rats_Fantascope_by_Thomas_Mann_Baynes_1833-300x300.gif\" alt=\"\" width=\"300\" height=\"300\" srcset=\"https:\/\/blogsaverroes.juntadeandalucia.es\/agcepva\/files\/2023\/05\/Animated_phenakistiscope_disc_-_Running_rats_Fantascope_by_Thomas_Mann_Baynes_1833-300x300.gif 300w, https:\/\/blogsaverroes.juntadeandalucia.es\/agcepva\/files\/2023\/05\/Animated_phenakistiscope_disc_-_Running_rats_Fantascope_by_Thomas_Mann_Baynes_1833-150x150.gif 150w, https:\/\/blogsaverroes.juntadeandalucia.es\/agcepva\/files\/2023\/05\/Animated_phenakistiscope_disc_-_Running_rats_Fantascope_by_Thomas_Mann_Baynes_1833-768x768.gif 768w, https:\/\/blogsaverroes.juntadeandalucia.es\/agcepva\/files\/2023\/05\/Animated_phenakistiscope_disc_-_Running_rats_Fantascope_by_Thomas_Mann_Baynes_1833-80x80.gif 80w, https:\/\/blogsaverroes.juntadeandalucia.es\/agcepva\/files\/2023\/05\/Animated_phenakistiscope_disc_-_Running_rats_Fantascope_by_Thomas_Mann_Baynes_1833-320x320.gif 320w\" sizes=\"(max-width: 300px) 100vw, 300px\" \/> &nbsp; &nbsp; <\/a><a href=\"https:\/\/blogsaverroes.juntadeandalucia.es\/agcepva\/files\/2023\/05\/17acc6578e7513014a2ac7cbff12b9ac.gif\"><img loading=\"lazy\" decoding=\"async\" class=\"wp-image-2569 alignnone\" src=\"https:\/\/blogsaverroes.juntadeandalucia.es\/agcepva\/files\/2023\/05\/17acc6578e7513014a2ac7cbff12b9ac-300x300.gif\" alt=\"\" width=\"268\" height=\"268\" srcset=\"https:\/\/blogsaverroes.juntadeandalucia.es\/agcepva\/files\/2023\/05\/17acc6578e7513014a2ac7cbff12b9ac-300x300.gif 300w, https:\/\/blogsaverroes.juntadeandalucia.es\/agcepva\/files\/2023\/05\/17acc6578e7513014a2ac7cbff12b9ac-150x150.gif 150w, https:\/\/blogsaverroes.juntadeandalucia.es\/agcepva\/files\/2023\/05\/17acc6578e7513014a2ac7cbff12b9ac-80x80.gif 80w, https:\/\/blogsaverroes.juntadeandalucia.es\/agcepva\/files\/2023\/05\/17acc6578e7513014a2ac7cbff12b9ac-320x320.gif 320w\" sizes=\"(max-width: 268px) 100vw, 268px\" \/>&nbsp; &nbsp; &nbsp; <\/a><a href=\"https:\/\/blogsaverroes.juntadeandalucia.es\/agcepva\/files\/2023\/05\/tumblr_mq96r5W3Gb1r9jbwno1_500.gif\"><img loading=\"lazy\" decoding=\"async\" class=\"alignnone wp-image-2570\" src=\"https:\/\/blogsaverroes.juntadeandalucia.es\/agcepva\/files\/2023\/05\/tumblr_mq96r5W3Gb1r9jbwno1_500-300x300.gif\" alt=\"\" width=\"277\" height=\"277\" srcset=\"https:\/\/blogsaverroes.juntadeandalucia.es\/agcepva\/files\/2023\/05\/tumblr_mq96r5W3Gb1r9jbwno1_500-300x300.gif 300w, https:\/\/blogsaverroes.juntadeandalucia.es\/agcepva\/files\/2023\/05\/tumblr_mq96r5W3Gb1r9jbwno1_500-150x150.gif 150w, https:\/\/blogsaverroes.juntadeandalucia.es\/agcepva\/files\/2023\/05\/tumblr_mq96r5W3Gb1r9jbwno1_500-80x80.gif 80w, https:\/\/blogsaverroes.juntadeandalucia.es\/agcepva\/files\/2023\/05\/tumblr_mq96r5W3Gb1r9jbwno1_500-320x320.gif 320w\" sizes=\"(max-width: 277px) 100vw, 277px\" \/><\/a><\/p>\n<p style=\"font-weight: 300\">En concreto, el fenaquistiscopio consiste en un disco giratorio montado sobre un asa. Al igual que en un zo\u00f3tropo, las im\u00e1genes individuales est\u00e1n en una de las caras del disco, separadas por ranuras. Al sostener el disco frente a un espejo, de forma que se reflejen las im\u00e1genes, se gira el disco sobre el asa y se mira a trav\u00e9s de las ranuras, lo que genera la ilusi\u00f3n de movimiento. Ya en el mismo a\u00f1o de su invenci\u00f3n, Stampfer se\u00f1al\u00f3 que ser\u00eda posible utilizar esta t\u00e9cnica en forma de tambor o con cintas de papel circulares.<\/p>\n<p style=\"font-weight: 300\">Un <b>praxinoscopio<\/b> es un aparato similar al zo\u00f3tropo inventado por \u00c9mile Reynaud en 1877 y patentado el 21 de diciembre de ese a\u00f1o.<sup id=\"cite_ref-victoriancinema_1-0\" class=\"reference separada\"><\/sup>\u200b El espectador mira por encima del tambor, dentro del cual hay una rueda interior con unos espejos formando \u00e1ngulo, que reflejan unas im\u00e1genes dibujadas sobre tiras de papel situadas alrededor. Como resultado la persona observa una secuencia n\u00edtida, una animaci\u00f3n estable donde las im\u00e1genes se fusionan y logran el efecto animado.<\/p>\n<p><a href=\"https:\/\/blogsaverroes.juntadeandalucia.es\/agcepva\/files\/2023\/05\/Praxinoscope_Mitra_animation_01.gif\"><img loading=\"lazy\" decoding=\"async\" class=\"aligncenter size-full wp-image-2568\" src=\"https:\/\/blogsaverroes.juntadeandalucia.es\/agcepva\/files\/2023\/05\/Praxinoscope_Mitra_animation_01.gif\" alt=\"\" width=\"320\" height=\"240\"><\/a><\/p>\n<p>&nbsp;<\/p>\n<p>&nbsp;<\/p>\n<p><em>El zo\u00f3tropo fue un juguete infantil muy popular en la segunda mitad del siglo XIX.<\/em><\/p>\n<p style=\"font-weight: 300\">Y precisamente eso hizo el matem\u00e1tico brit\u00e1nico <strong>William George Horner<\/strong>, cuando un a\u00f1o m\u00e1s tarde, en\u202f<strong>1834<\/strong>, cre\u00f3 el primer modelo de zo\u00f3tropo. Lo llam\u00f3 <strong>Daedalum<\/strong>, en referencia a D\u00e9dalo, figura que seg\u00fan la mitolog\u00eda griega cre\u00f3 estatuas vivientes. No pas\u00f3 a denominarse zo\u00f3tropo hasta varias d\u00e9cadas despu\u00e9s, cuando en 1867 el inventor estadounidense William Lincoln registr\u00f3 el nombre \u00abzo\u00f3tropo\u00bb&nbsp;para patentarlo. El nombre proviene de los \u00e9timos griegos <em>zoe <\/em>(vida) y <em>trop\u00e9<\/em>, (giratorio), por lo que su significado literal ser\u00eda \u00abla rueda de la vida\u00bb. Muy pronto, estos \u00abtambores m\u00e1gicos\u00bb empezaron a comercializarse como juguetes en Gran Breta\u00f1a y en Estados Unidos, y se convirtieron en los favoritos de un sinn\u00famero de hogares.&nbsp;&nbsp;<\/p>\n<h3>&nbsp;<\/h3>\n<h3 style=\"font-weight: 400\"><strong>El zo\u00f3tropo, precursor de las pel\u00edculas&nbsp;<\/strong><\/h3>\n<p style=\"font-weight: 300\">Al ser uno de los primeros sistemas mec\u00e1nicos para la animaci\u00f3n de im\u00e1genes, el zo\u00f3tropo es uno de los <strong>precursores m\u00e1s importantes de la cinematograf\u00eda moderna<\/strong>. Forma parte de una serie de inventos similares de la misma \u00e9poca, todos ellos basados en el mismo principio de secuenciar varias im\u00e1genes est\u00e1ticas en r\u00e1pida sucesi\u00f3n para crear la impresi\u00f3n de movimiento. Adem\u00e1s del fenaquistiscopio, que ya hemos descrito, cabe mencionar tambi\u00e9n el praxinoscopio y otro dispositivo muy especial, el electrotaquiscopio, desarrollado en 1886, precursor del proyector cinematogr\u00e1fico. Sin estos inventos hubiera sido imposible rodar las primeras pel\u00edculas en la d\u00e9cada de 1880, ni tampoco se hubiera podido desarrollar t\u00e9cnicas posteriores, como la <a href=\"https:\/\/www.adobe.com\/es\/creativecloud\/animation\/discover\/cel-animation.html\">animaci\u00f3n tradicional o en celuloide<\/a>.&nbsp; &nbsp;<\/p>\n<h3>&nbsp;<\/h3>\n<h3 style=\"font-weight: 300\"><strong>Construye tu propio zo\u00f3tropo<\/strong><\/h3>\n<p style=\"font-weight: 300\">\u00bfTe ha entrado la curiosidad y te apetece probar esta t\u00e9cnica que est\u00e1 a punto de cumplir los 200 a\u00f1os? No hay problema, para construir tu propio zo\u00f3tropo hacen falta muy pocos medios.<\/p>\n<p><em>Con un par de utensilios habituales en manualidades, podr\u00e1s crear tu propio zo\u00f3tropo muy f\u00e1cilmente.<\/em><\/p>\n<p style=\"font-weight: 300\">Para ello, necesitar\u00e1s estos materiales:<br \/>\n&nbsp;<\/p>\n<ul>\n<li><a href=\"https:\/\/www.dropbox.com\/s\/fv9ghdnuczd7p1p\/eac-molde-zootropo.pdf?dl=0\" target=\"_blank\" rel=\"noopener noreferrer\">Plantilla para la construcci\u00f3n (pdf tama\u00f1o A4, para modelo est\u00e1ndar).<\/a><\/li>\n<li><a href=\"https:\/\/www.dropbox.com\/s\/1u3ivs5dvauuk4c\/Zo%C3%B3tropo_caja_CD_A4.pdf?dl=0\" target=\"_blank\" rel=\"noopener noreferrer\">Plantilla para la construcci\u00f3n (pdf tama\u00f1o A4, para modelo basado en caja de CD&#8217;s ).<\/a><\/li>\n<li>Una cartulina de color negro (65&#215;50 cm) o varias hojas de cartulina negra tama\u00f1o A4.<\/li>\n<li>Cart\u00f3n para la base de giro (solo modelo est\u00e1ndar).<\/li>\n<li>Una caja de pl\u00e1stico para CD&#8217;s o DVD&#8217;s (solo para modelo caja CD&#8217;s).<\/li>\n<li>Un modelo de zo\u00f3tropo con la secuencia de animaciones. <a href=\"https:\/\/www.dropbox.com\/sh\/9vk84hqk4h43o0k\/AADZIqBl5phnAdTCvGwb91uia?dl=0\" target=\"_blank\" rel=\"noopener noreferrer\">Enlace de descarga de varios ejemplos.<\/a><\/li>\n<li>Un spinner para el mecanismo de giro (para ambos modelos).<\/li>\n<li>Tijeras o cuchilla para papel (usa un cart\u00f3n o superficie m\u00e1rtir para no da\u00f1ar la mesa de trabajo).<\/li>\n<li>Pegamento, cinta adhesiva normal o de doble cara.<\/li>\n<\/ul>\n<h3 style=\"font-weight: 400\"><strong>Instrucciones paso a paso: fabrica tu propio zo\u00f3tropo.<\/strong><\/h3>\n<p style=\"font-weight: 300\">Si ya tienes todos los materiales necesarios, sigue las instrucciones para construir tu propio tambor con ranuras:<br \/>\n&nbsp;<\/p>\n<p><strong>MODELO EST\u00c1NDAR<\/strong><\/p>\n<ol>\n<li>Prepara la base: recorta la base que aparece en el pdf del modelo est\u00e1ndar y \u00fasala para recortar una copia de cart\u00f3n. Crea otra copia del mismo tama\u00f1o en cartulina negra. A continuaci\u00f3n pega el spinner a la base procurando que quede centrado por las marcas de la plantilla.<\/li>\n<li>Prepara la pared de ventanas, que soportar\u00e1 tambi\u00e9n la plantilla con las im\u00e1genes. Recorta la plantilla de la pared de ventanas siguiendo las instrucciones que aparecen en el pdf donde viene la base en el modelo est\u00e1ndar. Recorta los huecos o ventanas verticales y las solapas para su pegado sobre la base.<\/li>\n<li>Pega la pared de ventanas sobre s\u00ed misma uniendo su inicio con su final, con un trozo de cinta adhesiva, formando un aro circular. Luego pega la pared de ventanas a la base con pegamento o cinta adhesiva normal o de doble cara.<\/li>\n<li>Recorta las plantillas del zo\u00f3tropo que aparecen en el pdf. Corta ambas tiras de la plantilla de im\u00e1genes y d\u00f3blalas por la l\u00ednea discontinua. A continuaci\u00f3n, recorta los rect\u00e1ngulos marcados para crear las ranuras. Para obtener un poco m\u00e1s de estabilidad, es recomendable pegar las plantillas con im\u00e1genes sobre otra cartulina de las mismas medidas. Puedes usar la plantilla en blanco para realizar tu propia secuencia de im\u00e1genes.<\/li>\n<li>Pega la tira sobre s\u00ed misma, con las im\u00e1genes en la cara interior, como lo hecho en la pared de ventanas e introduce este aro circular con las im\u00e1genes en la posici\u00f3n adecuada dentro del zo\u00f3tropo.<\/li>\n<li>\u00a1Listo! Ya puedes usar tu zo\u00f3tropo. G\u00edralo y mira a trav\u00e9s de las ranuras. Si iluminas con una l\u00e1mpara o linterna la parte superior, el efecto se ver\u00e1 mejor a trav\u00e9s de las ranuras de la pared de ventanas. Dar\u00e1 la sensaci\u00f3n de que las im\u00e1genes del interior se mueven. Si el movimiento va al rev\u00e9s, cambia la direcci\u00f3n de giro del zo\u00f3tropo. Tardar\u00e1s un rato hasta ver la animaci\u00f3n con total claridad, ya que has de dar con la velocidad de giro adecuada.<\/li>\n<li>Prepara tu v\u00eddeo de presentaci\u00f3n haciendo funcionar el zo\u00f3tropo sobre una mesa, iluminando la parte superior y usa un soporte para el m\u00f3vil mientras lo grabas. Puedes montar el v\u00eddeo con im\u00e1genes previas de las fases de construcci\u00f3n y dise\u00f1o de la secuencia y luego graba el efecto. El archivo de v\u00eddeo debes subirlo a la tarea correspondiente de Classroom.<\/li>\n<\/ol>\n<p>&nbsp;<\/p>\n<p><strong>MODELO PARA CAJA DE CD&#8217;S<\/strong><\/p>\n<p><iframe loading=\"lazy\" title=\"Zo\u00f3tropo CD\" width=\"500\" height=\"281\" src=\"https:\/\/www.youtube.com\/embed\/Jvkx4y9SvSs?feature=oembed&#038;wmode=opaque\" frameborder=\"0\" allow=\"accelerometer; autoplay; clipboard-write; encrypted-media; gyroscope; picture-in-picture; web-share\" allowfullscreen><\/iframe><\/p>\n<ol>\n<li>Prepara la base. Si has optado por el modelo basado en una caja de CD&#8217;s, utiliza la base como soporte. A continuaci\u00f3n pega el spinner a la base procurando que quede centrado sobre la parte inferior de la base. Para pegarlo puedes usar cinta adhesiva de doble cara o cinta adhesiva normal.<\/li>\n<li>Prepara la pared de ventanas, que soportar\u00e1 tambi\u00e9n la plantilla con las im\u00e1genes. Recorta la plantilla de la pared de ventanas siguiendo las instrucciones que aparecen en el pdf donde viene la tira que aparece en el modelo para caja de CD&#8217;s. Recorta los huecos o ventanas verticales siguiendo las instrucciones del pdf.<\/li>\n<li>Utiliza la tira de ventanas como soporte para las im\u00e1genes en secuencia, pegando cada fotograma en uno de los doce huecos entre ventanas. Ten en cuenta que en este modelo la imagen n.\u00ba 1 aparece cortada en dos partes, que luego se unir\u00e1n al cerrar en c\u00edrculo la tira de ventanas e im\u00e1genes. Luego cierra la tira sobre s\u00ed misma con cinta adhesiva para formar un aro circular, dejando las im\u00e1genes en la cara interior.<\/li>\n<li>Utiliza la tapa transparente de la caja de CD&#8217;s para alojar dentro el aro formado en el paso anterior, procurando colocar las im\u00e1genes en la posici\u00f3n adecuada, no al rev\u00e9s, al cerrar la tapa transparente sobre la base de la caja.<\/li>\n<li>Monta el zo\u00f3tropo cerrando tapa y base.<\/li>\n<li>\u00a1Listo! Ya puedes usar tu zo\u00f3tropo. G\u00edralo y mira a trav\u00e9s de las ranuras. Si iluminas con una l\u00e1mpara o linterna la parte superior, el efecto se ver\u00e1 mejor a trav\u00e9s de las ranuras de la pared de ventanas y de la tapa transparente de la caja. Dar\u00e1 la sensaci\u00f3n de que las im\u00e1genes del interior se mueven. Si el movimiento va al rev\u00e9s, cambia la direcci\u00f3n de giro del zo\u00f3tropo. Tardar\u00e1s un rato hasta ver la animaci\u00f3n con total claridad, ya que has de dar con la velocidad de giro adecuada.<\/li>\n<li>Prepara tu v\u00eddeo de presentaci\u00f3n haciendo funcionar el zo\u00f3tropo sobre una mesa, iluminando la parte superior y usa un soporte para el m\u00f3vil mientras lo grabas. Puedes montar el v\u00eddeo con im\u00e1genes previas de las fases de construcci\u00f3n y dise\u00f1o de la secuencia y luego graba el efecto. El archivo de v\u00eddeo debes subirlo a la tarea correspondiente de Classroom.<\/li>\n<\/ol>\n<h3 style=\"font-weight: 400\"><strong>Modelos de zo\u00f3tropo<\/strong><\/h3>\n<p><iframe loading=\"lazy\" title=\"Zo\u00f3tropo: Vida que gira\" width=\"500\" height=\"281\" src=\"https:\/\/www.youtube.com\/embed\/4l4lCgEa69A?feature=oembed&#038;wmode=opaque\" frameborder=\"0\" allow=\"accelerometer; autoplay; clipboard-write; encrypted-media; gyroscope; picture-in-picture; web-share\" allowfullscreen><\/iframe><\/p>\n<p>&nbsp;<\/p>\n<p><iframe loading=\"lazy\" title=\"Praxinoscopio - El origen del Cine (Microdocumental)\" width=\"500\" height=\"281\" src=\"https:\/\/www.youtube.com\/embed\/ekSgB1mVPnU?feature=oembed&#038;wmode=opaque\" frameborder=\"0\" allow=\"accelerometer; autoplay; clipboard-write; encrypted-media; gyroscope; picture-in-picture; web-share\" allowfullscreen><\/iframe><\/p>\n<p>&nbsp;<\/p>\n<p><iframe loading=\"lazy\" title=\"C\u00f3mo hacer un juguete animado (Fenaquistiscopio)\" width=\"500\" height=\"281\" src=\"https:\/\/www.youtube.com\/embed\/a5XQ2rGWE5A?feature=oembed&#038;wmode=opaque\" frameborder=\"0\" allow=\"accelerometer; autoplay; clipboard-write; encrypted-media; gyroscope; picture-in-picture; web-share\" allowfullscreen><\/iframe><\/p>\n<p style=\"font-weight: 300\">\u00bfQuieres dibujar por tu cuenta las im\u00e1genes del zo\u00f3tropo? Hazte con un rotulador grueso y da rienda suelta a tu creatividad. Las mejores ideas para los zo\u00f3tropos giran (nunca mejor dicho) en torno a movimientos sencillos. Te dejamos algunas ideas de motivos que funcionan bien:&nbsp;<\/p>\n<ul>\n<li style=\"font-weight: 300\"><strong>Animales<\/strong>:\u202fcaballos a galope, el paso de un elefante, el vuelo de un p\u00e1jaro, el salto de un le\u00f3n o el nado de un pez.<\/li>\n<li style=\"font-weight: 300\"><strong>Personas<\/strong>:\u202fdanzas, levantamiento de pesas, malabares, deportes, ni\u00f1os, personajes de dibujos.<\/li>\n<li style=\"font-weight: 300\"><strong>Formas<\/strong>:\u202festrellas o c\u00edrculos que se agrandan y empeque\u00f1ecen, bolos que se caen y salidas o puestas de sol.&nbsp;<\/li>\n<\/ul>\n<p><em>El zo\u00f3tropo fue un juguete infantil muy popular en la segunda mitad del siglo XIX.<\/em><\/p>\n<p style=\"font-weight: 300\">Pero si no te apetece dibujar las im\u00e1genes a mano, en internet encontrar\u00e1s un mont\u00f3n de plantillas gratuitas que podr\u00e1s descargar e imprimir.&nbsp;<\/p>\n<p style=\"font-weight: 300\">&nbsp;<\/p>\n<h3 style=\"font-weight: 400\"><strong>Fabrica un zo\u00f3tropo 3D&nbsp;<\/strong><\/h3>\n<p style=\"font-weight: 300\">Un zo\u00f3tropo no tiene por qu\u00e9 ser solo en 2D. Tambi\u00e9n puedes fabricar una variante en 3D a partir de modelos y esculturas est\u00e1ticos. Con un plato giratorio, limpiapipas, papel mach\u00e9 y un estroboscopio, se pueden construir zo\u00f3tropos en 3D sin necesidad de impresora 3D. Con programas inform\u00e1ticos como <a href=\"https:\/\/www.adobe.com\/es\/products\/photoshop.html\">Adobe Photoshop<\/a> o <a href=\"https:\/\/www.adobe.com\/es\/products\/aftereffects.html\">Adobe After Effects<\/a> podr\u00e1s crear adem\u00e1s animaciones virtuales fant\u00e1sticas para tu zo\u00f3tropo en 3D, por ejemplocon la t\u00e9cnica del <a href=\"https:\/\/www.adobe.com\/es\/creativecloud\/animation\/discover\/stop-motion-animation.html\"><em>stop motion<\/em><\/a>. &nbsp;<\/p>\n<h2 style=\"font-weight: 300\"><strong>Preguntas frecuentes<\/strong><\/h2>\n<h3 style=\"font-weight: 400\"><strong>\u00bfDe cu\u00e1ntas im\u00e1genes se compone un zo\u00f3tropo?<\/strong><\/h3>\n<p style=\"font-weight: 300\">Cuantas m\u00e1s im\u00e1genes por segundo se le presenten al ojo, mejor calidad tendr\u00e1 la ilusi\u00f3n. Lo ideal son 24 im\u00e1genes por segundo, aunque el m\u00ednimo es de 12 im\u00e1genes por segundo. Por tanto, en el caso de un zo\u00f3tropo que gira r\u00e1pido, para una vuelta por segundo har\u00e1n falta 12 im\u00e1genes para que el movimiento sea fluido. Sin embargo, las peque\u00f1as intermitencias e irregularidades suelen formar parte del encanto retro de esta t\u00e9cnica.<\/p>\n<h3 style=\"font-weight: 400\"><strong>\u00bfQui\u00e9n invent\u00f3 el zo\u00f3tropo?<\/strong><\/h3>\n<p style=\"font-weight: 300\">Los comienzos del zo\u00f3tropo se remontan al inventor austr\u00edaco Simon Stampfer. En 1833, fue uno de los desarrolladores del fenaquistiscopio, uno de los primeros aparatos de im\u00e1genes animadas de gran difusi\u00f3n. Stampfer tambi\u00e9n fue el primero en proponer su uso en tambor. Un a\u00f1o despu\u00e9s, el matem\u00e1tico brit\u00e1nico William Horner invent\u00f3 el Daedalum. El zo\u00f3tropo no alcanz\u00f3 su forma definitiva hasta 1865, desarrollada por el inventor estadounidense William Lincoln, que la patentar\u00eda dos a\u00f1os m\u00e1s tarde.<\/p>\n<h3 style=\"font-weight: 400\"><strong>\u00bfA qu\u00e9 velocidad debe girar un zo\u00f3tropo?<\/strong><\/h3>\n<p style=\"font-weight: 300\">Un zo\u00f3tropo t\u00edpico rota a menos de 100 revoluciones por minuto. A modo de comparaci\u00f3n, un yoy\u00f3 alcanza velocidades de hasta 5000 revoluciones por minuto. Pero es el ritmo relativamente lento del zo\u00f3tropo lo que hace que sea tan atractivo tanto para los profesionales de la animaci\u00f3n como para los espectadores.<\/p>\n","protected":false},"excerpt":{"rendered":"<p>\u00bfQu\u00e9 es un zo\u00f3tropo?&nbsp; Algunos contenidos est\u00e1n tomados del art\u00edculo publicado en este enlace: https:\/\/www.adobe.com\/es\/creativecloud\/animation\/discover\/zoetrope-animation.html El zo\u00f3tropo es una de las primeras formas de animaci\u00f3n. La versi\u00f3n m\u00e1s simple de este dispositivo, desarrollado en&#46;&#46;&#46;<\/p>\n","protected":false},"author":2852,"featured_media":0,"parent":0,"menu_order":0,"comment_status":"closed","ping_status":"closed","template":"","meta":{"ngg_post_thumbnail":0,"footnotes":""},"aioseo_notices":[],"_links":{"self":[{"href":"https:\/\/blogsaverroes.juntadeandalucia.es\/agcepva\/wp-json\/wp\/v2\/pages\/2554"}],"collection":[{"href":"https:\/\/blogsaverroes.juntadeandalucia.es\/agcepva\/wp-json\/wp\/v2\/pages"}],"about":[{"href":"https:\/\/blogsaverroes.juntadeandalucia.es\/agcepva\/wp-json\/wp\/v2\/types\/page"}],"author":[{"embeddable":true,"href":"https:\/\/blogsaverroes.juntadeandalucia.es\/agcepva\/wp-json\/wp\/v2\/users\/2852"}],"replies":[{"embeddable":true,"href":"https:\/\/blogsaverroes.juntadeandalucia.es\/agcepva\/wp-json\/wp\/v2\/comments?post=2554"}],"version-history":[{"count":11,"href":"https:\/\/blogsaverroes.juntadeandalucia.es\/agcepva\/wp-json\/wp\/v2\/pages\/2554\/revisions"}],"predecessor-version":[{"id":2580,"href":"https:\/\/blogsaverroes.juntadeandalucia.es\/agcepva\/wp-json\/wp\/v2\/pages\/2554\/revisions\/2580"}],"wp:attachment":[{"href":"https:\/\/blogsaverroes.juntadeandalucia.es\/agcepva\/wp-json\/wp\/v2\/media?parent=2554"}],"curies":[{"name":"wp","href":"https:\/\/api.w.org\/{rel}","templated":true}]}}