{"id":2615,"date":"2023-06-27T21:59:42","date_gmt":"2023-06-27T19:59:42","guid":{"rendered":"https:\/\/blogsaverroes.juntadeandalucia.es\/agcepva\/?page_id=2615"},"modified":"2023-06-27T22:13:52","modified_gmt":"2023-06-27T20:13:52","slug":"actividades-para-alumnado-de-4o-eso-con-epva-no-superada","status":"publish","type":"page","link":"https:\/\/blogsaverroes.juntadeandalucia.es\/agcepva\/actividades-para-alumnado-con-epva-no-superada\/actividades-para-alumnado-de-4o-eso-con-epva-no-superada\/","title":{"rendered":"ACTIVIDADES PARA ALUMNADO DE 4\u00ba ESO CON EPVA NO SUPERADA"},"content":{"rendered":"<p><a href=\"https:\/\/blogsaverroes.juntadeandalucia.es\/agcepva\/files\/2023\/06\/04_Comunicaci\u00f3n_audiovisual.png\"><img loading=\"lazy\" decoding=\"async\" class=\"aligncenter size-full wp-image-2616\" src=\"https:\/\/blogsaverroes.juntadeandalucia.es\/agcepva\/files\/2023\/06\/04_Comunicaci\u00f3n_audiovisual.png\" alt=\"\" width=\"1024\" height=\"448\" srcset=\"https:\/\/blogsaverroes.juntadeandalucia.es\/agcepva\/files\/2023\/06\/04_Comunicaci\u00f3n_audiovisual.png 1024w, https:\/\/blogsaverroes.juntadeandalucia.es\/agcepva\/files\/2023\/06\/04_Comunicaci\u00f3n_audiovisual-300x131.png 300w, https:\/\/blogsaverroes.juntadeandalucia.es\/agcepva\/files\/2023\/06\/04_Comunicaci\u00f3n_audiovisual-768x336.png 768w\" sizes=\"(max-width: 1024px) 100vw, 1024px\" \/><\/a><\/p>\n<h3><strong>PRIMER TRIMESTRE. Dibujo t\u00e9cnico.<\/strong><\/h3>\n<p>Dibujar las l\u00e1minas del 1 al 12 incluidas en el blog de EPVA del departamento de Dibujo: <a href=\"https:\/\/blogsaverroes.juntadeandalucia.es\/agcepva\/epva-4o-eso\/epva-4o-eso-bloque-2-dibujo-tecnico\/\">https:\/\/blogsaverroes.juntadeandalucia.es\/agcepva\/epva-4o-eso\/epva-4o-eso-bloque-2-dibujo-tecnico\/<\/a><\/p>\n<p>All\u00ed puedes encontrar las l\u00e1minas hechas y m\u00e1s abajo l\u00e1minas en blanco para realizar las construcciones. Recuerda, no son todas, son solo hasta la 12.<\/p>\n<p>&nbsp;<\/p>\n<h3><strong>SEGUNDO TRIMESTRE.<\/strong><\/h3>\n<p>Para los siguientes trabajos aconsejo seguir los correspondientes v\u00eddeos de Youtube.<\/p>\n<p>&nbsp;<\/p>\n<p><strong>1.&nbsp;&nbsp;&nbsp;&nbsp;&nbsp; Dibujar una Perspectiva C\u00f3nica de dos puntos de fuga en cartulina A4<\/strong><\/p>\n<p><iframe loading=\"lazy\" title=\"Perspectiva con 2 puntos de fuga - Como dibujar.\" width=\"500\" height=\"281\" src=\"https:\/\/www.youtube.com\/embed\/F9JbcAN7kts?feature=oembed&#038;wmode=opaque\" frameborder=\"0\" allow=\"accelerometer; autoplay; clipboard-write; encrypted-media; gyroscope; picture-in-picture; web-share\" allowfullscreen><\/iframe><\/p>\n<p>&nbsp;<\/p>\n<p>&nbsp;<\/p>\n<p><strong>2.&nbsp;&nbsp;&nbsp;&nbsp;&nbsp; Sobre papel de acuarela A4 realizar un Falso Grabado.<\/strong><\/p>\n<p>Debes usar t\u00e9mpera y tinta china. La pintura La Pajarita NO te servir\u00e1, ojo, debe ser t\u00e9mpera (JOVI, MIL\u00c1N), tampoco otra tinta que no sea china (ver etiquetas). Se aconseja no usar colores oscuros. Podr\u00edas trabajar por ejemplo sobre un calco de una fotocopia de una cebra o un tigre.<\/p>\n<p><iframe loading=\"lazy\" title=\"probando falso grabado RLC.avi\" width=\"500\" height=\"375\" src=\"https:\/\/www.youtube.com\/embed\/SoCFGAjTvRo?feature=oembed&#038;wmode=opaque\" frameborder=\"0\" allow=\"accelerometer; autoplay; clipboard-write; encrypted-media; gyroscope; picture-in-picture; web-share\" allowfullscreen><\/iframe><\/p>\n<p>&nbsp;<\/p>\n<p><strong>3.&nbsp;&nbsp;&nbsp;&nbsp;&nbsp; Sobre papel de acuarela formato A4 o inferior realiza dos acuarelas de peces.<\/strong><\/p>\n<p>Debes trabajar con mucha agua, humedeciendo el papel antes. Son como charquitos de acuarela, y no te preocupes de los detalles.<\/p>\n<p><a href=\"https:\/\/www.youtube.com\/shorts\/5S73y3ExnKA\">https:\/\/www.youtube.com\/shorts\/5S73y3ExnKA<\/a><\/p>\n<p>&nbsp;<\/p>\n<h3><strong>TERCER TRIMESTRE.<\/strong><\/h3>\n<p><strong>&nbsp;<\/strong>1.&nbsp;&nbsp;&nbsp;&nbsp;&nbsp; <strong>Estampaci\u00f3n<\/strong>. Material: gomaeva, cartulina A4, t\u00e9mpera. Debes hacer muchas pruebas porque no sale a la primera.&nbsp;<\/p>\n<p><iframe loading=\"lazy\" title=\"Grabado en goma eva\" width=\"500\" height=\"281\" src=\"https:\/\/www.youtube.com\/embed\/7HPo7c2SQU4?feature=oembed&#038;wmode=opaque\" frameborder=\"0\" allow=\"accelerometer; autoplay; clipboard-write; encrypted-media; gyroscope; picture-in-picture; web-share\" allowfullscreen><\/iframe><\/p>\n<p>2.&nbsp;&nbsp;&nbsp;&nbsp;&nbsp; <strong>C\u00f3mic. <\/strong>Realiza un c\u00f3mic sobre cartulina A4. Debes incluir onomatopeyas, met\u00e1foras visuales, bocadillos y l\u00edneas cin\u00e9ticas.<\/p>\n<p>&nbsp;<\/p>\n<p>3.&nbsp;&nbsp;&nbsp;&nbsp;&nbsp; Actividad Cara deformada. Muy bien explicada en el blog de EPVA.<\/p>\n<blockquote class=\"wp-embedded-content\" data-secret=\"upZ7yK21ef\"><p><a href=\"https:\/\/blogsaverroes.juntadeandalucia.es\/agcepva\/2021\/06\/01\/cara-deformada-nueva-actividad-sobre-comunicacion-audiovisual-4o-eso\/\">CARA DEFORMADA: NUEVA ACTIVIDAD SOBRE COMUNICACI\u00d3N AUDIOVISUAL.<\/a><\/p><\/blockquote>\n<p><iframe class=\"wp-embedded-content\" sandbox=\"allow-scripts\" security=\"restricted\" style=\"position: absolute; clip: rect(1px, 1px, 1px, 1px);\" title=\"\u00abCARA DEFORMADA: NUEVA ACTIVIDAD SOBRE COMUNICACI\u00d3N AUDIOVISUAL.\u00bb \u2014 Blog de EPVA\" src=\"https:\/\/blogsaverroes.juntadeandalucia.es\/agcepva\/2021\/06\/01\/cara-deformada-nueva-actividad-sobre-comunicacion-audiovisual-4o-eso\/embed\/#?secret=upZ7yK21ef\" data-secret=\"upZ7yK21ef\" width=\"500\" height=\"282\" frameborder=\"0\" marginwidth=\"0\" marginheight=\"0\" scrolling=\"no\"><\/iframe><\/p>\n<p>&nbsp;<\/p>\n<p>El alumnado con EPVA no superada en la evaluaci\u00f3n ordinaria de junio tendr\u00e1 que entregar las actividades propuestas durante el presente curso en las tres evaluaciones, indicadas en la lista anterior. Las l\u00e1minas se entregar\u00e1n resueltas al inicio del pr\u00f3ximo curso acad\u00e9mico en caso de repetir curso en el mismo nivel. Se deben entregar al menos un 60% de las actividades propuestas no entregadas o suspensas. Estas actividades se tendr\u00e1n en cuenta dentro del programa para alumnado repetidor.<\/p>\n","protected":false},"excerpt":{"rendered":"<p>PRIMER TRIMESTRE. Dibujo t\u00e9cnico. Dibujar las l\u00e1minas del 1 al 12 incluidas en el blog de EPVA del departamento de Dibujo: https:\/\/blogsaverroes.juntadeandalucia.es\/agcepva\/epva-4o-eso\/epva-4o-eso-bloque-2-dibujo-tecnico\/ All\u00ed puedes encontrar las l\u00e1minas hechas y m\u00e1s abajo l\u00e1minas en blanco&#46;&#46;&#46;<\/p>\n","protected":false},"author":2852,"featured_media":0,"parent":2606,"menu_order":0,"comment_status":"closed","ping_status":"closed","template":"","meta":{"ngg_post_thumbnail":0,"footnotes":""},"aioseo_notices":[],"_links":{"self":[{"href":"https:\/\/blogsaverroes.juntadeandalucia.es\/agcepva\/wp-json\/wp\/v2\/pages\/2615"}],"collection":[{"href":"https:\/\/blogsaverroes.juntadeandalucia.es\/agcepva\/wp-json\/wp\/v2\/pages"}],"about":[{"href":"https:\/\/blogsaverroes.juntadeandalucia.es\/agcepva\/wp-json\/wp\/v2\/types\/page"}],"author":[{"embeddable":true,"href":"https:\/\/blogsaverroes.juntadeandalucia.es\/agcepva\/wp-json\/wp\/v2\/users\/2852"}],"replies":[{"embeddable":true,"href":"https:\/\/blogsaverroes.juntadeandalucia.es\/agcepva\/wp-json\/wp\/v2\/comments?post=2615"}],"version-history":[{"count":2,"href":"https:\/\/blogsaverroes.juntadeandalucia.es\/agcepva\/wp-json\/wp\/v2\/pages\/2615\/revisions"}],"predecessor-version":[{"id":2628,"href":"https:\/\/blogsaverroes.juntadeandalucia.es\/agcepva\/wp-json\/wp\/v2\/pages\/2615\/revisions\/2628"}],"up":[{"embeddable":true,"href":"https:\/\/blogsaverroes.juntadeandalucia.es\/agcepva\/wp-json\/wp\/v2\/pages\/2606"}],"wp:attachment":[{"href":"https:\/\/blogsaverroes.juntadeandalucia.es\/agcepva\/wp-json\/wp\/v2\/media?parent=2615"}],"curies":[{"name":"wp","href":"https:\/\/api.w.org\/{rel}","templated":true}]}}