{"id":2639,"date":"2023-09-07T10:43:17","date_gmt":"2023-09-07T08:43:17","guid":{"rendered":"https:\/\/blogsaverroes.juntadeandalucia.es\/agcepva\/?page_id=2639"},"modified":"2025-11-18T21:07:26","modified_gmt":"2025-11-18T20:07:26","slug":"epva-1o-eso","status":"publish","type":"page","link":"https:\/\/blogsaverroes.juntadeandalucia.es\/agcepva\/epva-1o-eso\/","title":{"rendered":"EPVA 1\u00ba ESO"},"content":{"rendered":"<p>En esta p\u00e1gina encontrar\u00e1s todos los recursos que necesitas para la asignatura de EPVA DE 1\u00ba ESO, organizados por bloques de saberes b\u00e1sicos. Accede directamente desde el men\u00fa desplegable. Tambi\u00e9n puedes acceder desde los siguientes enlaces a cada bloque.<\/p>\n<h3><strong>PROGRAMACI\u00d3N DID\u00c1CTICA DE EPVA DE 1\u00ba ESO.<\/strong><\/h3>\n<p><a href=\"https:\/\/blogsaverroes.juntadeandalucia.es\/agcepva\/files\/2025\/11\/EPVA_1ESO.pdf\" target=\"_blank\" rel=\"noopener\">Programaci\u00f3n did\u00e1ctica publicada en S\u00e9neca<\/a> (actualizada para curso 2025\/2026).<\/p>\n<p>&nbsp;<\/p>\n<h3>SABERES B\u00c1SICOS POR BLOQUES<\/h3>\n<p><a title=\"EPVA 1\u00ba ESO. BLOQUE E: Geometr\u00eda, repercusi\u00f3n en el arte y la arquitectura.\" href=\"https:\/\/blogsaverroes.juntadeandalucia.es\/agcepva\/epva-1o-eso\/epva-1o-eso-bloque-e-geometria-repercusion-en-el-arte-y-la-arquitectura\/\" target=\"_blank\" rel=\"noopener\">EPVA 1\u00ba ESO. BLOQUE E: Geometr\u00eda, repercusi\u00f3n en el arte y la arquitectura.<\/a><\/p>\n<p>&nbsp;<\/p>\n<h3><a title=\"EPVA 1\u00ba ESO. LIBRO DE TEXTO.\" href=\"https:\/\/blogsaverroes.juntadeandalucia.es\/agcepva\/epva-1o-eso\/epva-1o-eso-libro-de-texto\/\" target=\"_blank\" rel=\"noopener\">LIBRO DE TEXTO<\/a><\/h3>\n<p>&nbsp;<\/p>\n<p>&nbsp;<\/p>\n<p>&nbsp;<\/p>\n<p>&nbsp;<\/p>\n<p>&nbsp;<\/p>\n<p>&nbsp;<\/p>\n<p>&nbsp;<\/p>\n","protected":false},"excerpt":{"rendered":"<p>En esta p\u00e1gina encontrar\u00e1s todos los recursos que necesitas para la asignatura de EPVA DE 1\u00ba ESO, organizados por bloques de saberes b\u00e1sicos. Accede directamente desde el men\u00fa desplegable. Tambi\u00e9n puedes acceder desde los&#46;&#46;&#46;<\/p>\n","protected":false},"author":2852,"featured_media":0,"parent":0,"menu_order":0,"comment_status":"closed","ping_status":"closed","template":"","meta":{"ngg_post_thumbnail":0,"footnotes":""},"aioseo_notices":[],"_links":{"self":[{"href":"https:\/\/blogsaverroes.juntadeandalucia.es\/agcepva\/wp-json\/wp\/v2\/pages\/2639"}],"collection":[{"href":"https:\/\/blogsaverroes.juntadeandalucia.es\/agcepva\/wp-json\/wp\/v2\/pages"}],"about":[{"href":"https:\/\/blogsaverroes.juntadeandalucia.es\/agcepva\/wp-json\/wp\/v2\/types\/page"}],"author":[{"embeddable":true,"href":"https:\/\/blogsaverroes.juntadeandalucia.es\/agcepva\/wp-json\/wp\/v2\/users\/2852"}],"replies":[{"embeddable":true,"href":"https:\/\/blogsaverroes.juntadeandalucia.es\/agcepva\/wp-json\/wp\/v2\/comments?post=2639"}],"version-history":[{"count":18,"href":"https:\/\/blogsaverroes.juntadeandalucia.es\/agcepva\/wp-json\/wp\/v2\/pages\/2639\/revisions"}],"predecessor-version":[{"id":3589,"href":"https:\/\/blogsaverroes.juntadeandalucia.es\/agcepva\/wp-json\/wp\/v2\/pages\/2639\/revisions\/3589"}],"wp:attachment":[{"href":"https:\/\/blogsaverroes.juntadeandalucia.es\/agcepva\/wp-json\/wp\/v2\/media?parent=2639"}],"curies":[{"name":"wp","href":"https:\/\/api.w.org\/{rel}","templated":true}]}}