{"id":34,"date":"2019-09-03T10:47:48","date_gmt":"2019-09-03T08:47:48","guid":{"rendered":"https:\/\/blogsaverroes.juntadeandalucia.es\/agcepva\/?page_id=34"},"modified":"2025-09-25T21:28:16","modified_gmt":"2025-09-25T19:28:16","slug":"pepa-2o-eso","status":"publish","type":"page","link":"https:\/\/blogsaverroes.juntadeandalucia.es\/agcepva\/pepa-2o-eso\/","title":{"rendered":"Proyecto EPA 2\u00ba ESO"},"content":{"rendered":"<p>En esta p\u00e1gina encontrar\u00e1s todos los recursos que necesitas para la asignatura de PEPA DE 2\u00ba ESO, organizados por bloques de saberes b\u00e1sicos. Accede directamente desde el men\u00fa desplegable. Tambi\u00e9n puedes acceder desde los siguientes enlaces a cada bloque.<\/p>\n<p><strong>PROGRAMACI\u00d3N DID\u00c1CTICA DE PEPA 2\u00ba ESO.<\/strong><\/p>\n<p>Programaci\u00f3n did\u00e1ctica publicada en S\u00e9neca (actualizada para curso 2024\/2025).<\/p>\n<p><a href=\"https:\/\/blogsaverroes.juntadeandalucia.es\/agcepva\/files\/2024\/11\/Programacion_PEPA_2oESO.pdf\">Programacio\u0301n_PEPA_2\u00baESO<\/a><\/p>\n<h3>SITUACIONES DE APRENDIZAJE<\/h3>\n<h4 class=\"fittexted_for_content_h4\"><a title=\"PEPA 2\u00ba ESO. SAP01. De la cabeza a los pies.\" href=\"https:\/\/blogsaverroes.juntadeandalucia.es\/agcepva\/pepa-2o-eso\/pepa-2o-eso-sap01-de-la-cabeza-a-los-pies\/\" target=\"_blank\" rel=\"noopener\">PEPA 2\u00ba ESO. SAP01. De la cabeza a los pies.<\/a><\/h4>\n<h4 class=\"fittexted_for_content_h4\"><a title=\"PEPA 2\u00ba ESO. SAP02. Mi mundo interior.\" href=\"https:\/\/blogsaverroes.juntadeandalucia.es\/agcepva\/pepa-2o-eso\/pepa-2o-eso-sap02-mi-mundo-interior\/\" target=\"_blank\" rel=\"noopener\">PEPA 2\u00ba ESO. SAP02. Mi mundo interior.<\/a><\/h4>\n<h4 class=\"fittexted_for_content_h4\"><a title=\"PEPA 2\u00ba ESO. SAP03. Mi espacio.\" href=\"https:\/\/blogsaverroes.juntadeandalucia.es\/agcepva\/pepa-2o-eso\/pepa-2o-eso-sap03-mi-espacio\/\" target=\"_blank\" rel=\"noopener\">PEPA 2\u00ba ESO. SAP03. Mi espacio.<\/a><\/h4>\n<h4 class=\"fittexted_for_content_h4\"><a title=\"PEPA 2\u00ba ESO. SAP04. Me muestro, me ven.\" href=\"https:\/\/blogsaverroes.juntadeandalucia.es\/agcepva\/pepa-2o-eso\/pepa-2o-eso-sap04-me-muestro-me-ven\/\" target=\"_blank\" rel=\"noopener\">PEPA 2\u00ba ESO. SAP04. Me muestro, me ven.<\/a><\/h4>\n<h4 class=\"fittexted_for_content_h4\"><a title=\"PEPA 2\u00ba ESO. SAP05. Siento.\" href=\"https:\/\/blogsaverroes.juntadeandalucia.es\/agcepva\/pepa-2o-eso\/pepa-2o-eso-sap05-siento\/\" target=\"_blank\" rel=\"noopener\">PEPA 2\u00ba ESO. SAP05. Siento.<\/a><\/h4>\n<h4 class=\"fittexted_for_content_h4\"><a title=\"PEPA 2\u00ba ESO. SAP06. Me comunico.\" href=\"https:\/\/blogsaverroes.juntadeandalucia.es\/agcepva\/pepa-2o-eso\/pepa-2o-eso-sap06-me-comunico\/\" target=\"_blank\" rel=\"noopener\">PEPA 2\u00ba ESO. SAP06. Me comunico.<\/a><\/h4>\n<h2>&nbsp;<\/h2>\n<h2>&nbsp;<\/h2>\n<h2>&nbsp;<\/h2>\n<h2>&nbsp;<\/h2>\n<p>&nbsp;<\/p>\n<p>&nbsp;<\/p>\n<p>&nbsp;<\/p>\n<p>&nbsp;<\/p>\n<p>&nbsp;<\/p>\n<p>&nbsp;<\/p>\n<p>&nbsp;<\/p>\n<p>&nbsp;<\/p>\n<p>&nbsp;<\/p>\n<p>&nbsp;<\/p>\n<p>&nbsp;<\/p>\n<p>&nbsp;<\/p>\n<p>&nbsp;<\/p>\n<h2>&nbsp;<\/h2>\n<h2>&nbsp;<\/h2>\n","protected":false},"excerpt":{"rendered":"<p>En esta p\u00e1gina encontrar\u00e1s todos los recursos que necesitas para la asignatura de PEPA DE 2\u00ba ESO, organizados por bloques de saberes b\u00e1sicos. Accede directamente desde el men\u00fa desplegable. Tambi\u00e9n puedes acceder desde los&#46;&#46;&#46;<\/p>\n","protected":false},"author":2852,"featured_media":0,"parent":0,"menu_order":0,"comment_status":"closed","ping_status":"closed","template":"","meta":{"ngg_post_thumbnail":0,"footnotes":""},"aioseo_notices":[],"_links":{"self":[{"href":"https:\/\/blogsaverroes.juntadeandalucia.es\/agcepva\/wp-json\/wp\/v2\/pages\/34"}],"collection":[{"href":"https:\/\/blogsaverroes.juntadeandalucia.es\/agcepva\/wp-json\/wp\/v2\/pages"}],"about":[{"href":"https:\/\/blogsaverroes.juntadeandalucia.es\/agcepva\/wp-json\/wp\/v2\/types\/page"}],"author":[{"embeddable":true,"href":"https:\/\/blogsaverroes.juntadeandalucia.es\/agcepva\/wp-json\/wp\/v2\/users\/2852"}],"replies":[{"embeddable":true,"href":"https:\/\/blogsaverroes.juntadeandalucia.es\/agcepva\/wp-json\/wp\/v2\/comments?post=34"}],"version-history":[{"count":32,"href":"https:\/\/blogsaverroes.juntadeandalucia.es\/agcepva\/wp-json\/wp\/v2\/pages\/34\/revisions"}],"predecessor-version":[{"id":3535,"href":"https:\/\/blogsaverroes.juntadeandalucia.es\/agcepva\/wp-json\/wp\/v2\/pages\/34\/revisions\/3535"}],"wp:attachment":[{"href":"https:\/\/blogsaverroes.juntadeandalucia.es\/agcepva\/wp-json\/wp\/v2\/media?parent=34"}],"curies":[{"name":"wp","href":"https:\/\/api.w.org\/{rel}","templated":true}]}}