{"id":36,"date":"2019-09-03T10:48:24","date_gmt":"2019-09-03T08:48:24","guid":{"rendered":"https:\/\/blogsaverroes.juntadeandalucia.es\/agcepva\/?page_id=36"},"modified":"2025-09-24T19:20:07","modified_gmt":"2025-09-24T17:20:07","slug":"ea-4o-eso","status":"publish","type":"page","link":"https:\/\/blogsaverroes.juntadeandalucia.es\/agcepva\/ea-4o-eso\/","title":{"rendered":"Expresi\u00f3n Art\u00edstica 4\u00ba ESO"},"content":{"rendered":"<p><strong>EN ESTA P\u00c1GINA ENCONTRAR\u00c1S TODOS LOS RECURSOS QUE NECESITAS PARA LA ASIGNATURA DE EXPRESI\u00d3N ART\u00cdSTICA DE 4\u00ba ESO, ORGANIZADOS POR SITUACIONES DE APRENDIZAJE. ACCEDE DIRECTAMENTE DESDE EL MEN\u00da DESPLEGABLE. TAMBI\u00c9N PUEDES ACCEDER DESDE LOS ENLACES SIGUIENTES:<\/strong><\/p>\n<p>&nbsp;<\/p>\n<h4><a title=\"EAR 4ESO. SAP01. SOMOS DIVERSOS.\" href=\"https:\/\/blogsaverroes.juntadeandalucia.es\/agcepva\/ea-4o-eso\/ear-4eso-sap01-somos-diversos\/\" target=\"_blank\" rel=\"noopener\">EAR 4ESO. SAP01. SOMOS DIVERSOS.<\/a><\/h4>\n<h4><a title=\"EAR 4ESO. SAP02. ROMPE ESQUEMAS.\" href=\"https:\/\/blogsaverroes.juntadeandalucia.es\/agcepva\/ea-4o-eso\/ear-4eso-sap02-rompe-esquemas\/\" target=\"_blank\" rel=\"noopener\">EAR 4ESO. SAP02. ROMPE ESQUEMAS.<\/a><\/h4>\n<h4><a title=\"EAR 4ESO. SAP03. ACUMULA FUERZAS.\" href=\"https:\/\/blogsaverroes.juntadeandalucia.es\/agcepva\/ea-4o-eso\/ear-4eso-sap03-acumula-fuerzas\/\" target=\"_blank\" rel=\"noopener\">EAR 4ESO. SAP03. ACUMULA FUERZAS.<\/a><\/h4>\n<h4><a title=\"EAR 4ESO. SAP04. EMPRENDE TU CAMINO.\" href=\"https:\/\/blogsaverroes.juntadeandalucia.es\/agcepva\/ear-4eso-sap04-emprende-tu-camino\/\" target=\"_blank\" rel=\"noopener\">EAR 4ESO. SAP04. EMPRENDE TU CAMINO.<\/a><\/h4>\n<p>&nbsp;<\/p>\n<h4 style=\"padding-left: 40px\">&nbsp;<\/h4>\n","protected":false},"excerpt":{"rendered":"<p>EN ESTA P\u00c1GINA ENCONTRAR\u00c1S TODOS LOS RECURSOS QUE NECESITAS PARA LA ASIGNATURA DE EXPRESI\u00d3N ART\u00cdSTICA DE 4\u00ba ESO, ORGANIZADOS POR SITUACIONES DE APRENDIZAJE. ACCEDE DIRECTAMENTE DESDE EL MEN\u00da DESPLEGABLE. TAMBI\u00c9N PUEDES ACCEDER DESDE LOS&#46;&#46;&#46;<\/p>\n","protected":false},"author":2852,"featured_media":0,"parent":0,"menu_order":0,"comment_status":"closed","ping_status":"closed","template":"","meta":{"ngg_post_thumbnail":0,"footnotes":""},"aioseo_notices":[],"_links":{"self":[{"href":"https:\/\/blogsaverroes.juntadeandalucia.es\/agcepva\/wp-json\/wp\/v2\/pages\/36"}],"collection":[{"href":"https:\/\/blogsaverroes.juntadeandalucia.es\/agcepva\/wp-json\/wp\/v2\/pages"}],"about":[{"href":"https:\/\/blogsaverroes.juntadeandalucia.es\/agcepva\/wp-json\/wp\/v2\/types\/page"}],"author":[{"embeddable":true,"href":"https:\/\/blogsaverroes.juntadeandalucia.es\/agcepva\/wp-json\/wp\/v2\/users\/2852"}],"replies":[{"embeddable":true,"href":"https:\/\/blogsaverroes.juntadeandalucia.es\/agcepva\/wp-json\/wp\/v2\/comments?post=36"}],"version-history":[{"count":24,"href":"https:\/\/blogsaverroes.juntadeandalucia.es\/agcepva\/wp-json\/wp\/v2\/pages\/36\/revisions"}],"predecessor-version":[{"id":3370,"href":"https:\/\/blogsaverroes.juntadeandalucia.es\/agcepva\/wp-json\/wp\/v2\/pages\/36\/revisions\/3370"}],"wp:attachment":[{"href":"https:\/\/blogsaverroes.juntadeandalucia.es\/agcepva\/wp-json\/wp\/v2\/media?parent=36"}],"curies":[{"name":"wp","href":"https:\/\/api.w.org\/{rel}","templated":true}]}}