{"id":397,"date":"2020-10-04T16:33:04","date_gmt":"2020-10-04T14:33:04","guid":{"rendered":"https:\/\/blogsaverroes.juntadeandalucia.es\/agcepva\/?page_id=397"},"modified":"2022-10-12T21:36:36","modified_gmt":"2022-10-12T19:36:36","slug":"epva_2eso_lamina_4_segmentos_y_paralelismo","status":"publish","type":"page","link":"https:\/\/blogsaverroes.juntadeandalucia.es\/agcepva\/pepa-2o-eso\/bloque3-fotografia-lenguaje-audiovisual-y-multimedia\/epva_2eso_lamina_4_segmentos_y_paralelismo\/","title":{"rendered":"EPVA 2\u00ba ESO. L\u00c1MINA 04: SEGMENTOS Y PARALELISMO."},"content":{"rendered":"<h3>Resoluci\u00f3n paso a paso de la l\u00e1mina 4.<\/h3>\n<h4><img loading=\"lazy\" decoding=\"async\" class=\"aligncenter wp-image-496 size-large\" src=\"https:\/\/blogsaverroes.juntadeandalucia.es\/agcepva\/files\/2020\/11\/L\u00e1mina-2\u00baL4.-Segmentos-y-paralelismo_SC-724x1024.png\" alt=\"\" width=\"724\" height=\"1024\" srcset=\"https:\/\/blogsaverroes.juntadeandalucia.es\/agcepva\/files\/2020\/11\/L\u00e1mina-2\u00baL4.-Segmentos-y-paralelismo_SC-724x1024.png 724w, https:\/\/blogsaverroes.juntadeandalucia.es\/agcepva\/files\/2020\/11\/L\u00e1mina-2\u00baL4.-Segmentos-y-paralelismo_SC-212x300.png 212w, https:\/\/blogsaverroes.juntadeandalucia.es\/agcepva\/files\/2020\/11\/L\u00e1mina-2\u00baL4.-Segmentos-y-paralelismo_SC-768x1087.png 768w, https:\/\/blogsaverroes.juntadeandalucia.es\/agcepva\/files\/2020\/11\/L\u00e1mina-2\u00baL4.-Segmentos-y-paralelismo_SC-1085x1536.png 1085w, https:\/\/blogsaverroes.juntadeandalucia.es\/agcepva\/files\/2020\/11\/L\u00e1mina-2\u00baL4.-Segmentos-y-paralelismo_SC-1447x2048.png 1447w, https:\/\/blogsaverroes.juntadeandalucia.es\/agcepva\/files\/2020\/11\/L\u00e1mina-2\u00baL4.-Segmentos-y-paralelismo_SC-17x24.png 17w, https:\/\/blogsaverroes.juntadeandalucia.es\/agcepva\/files\/2020\/11\/L\u00e1mina-2\u00baL4.-Segmentos-y-paralelismo_SC-25x36.png 25w, https:\/\/blogsaverroes.juntadeandalucia.es\/agcepva\/files\/2020\/11\/L\u00e1mina-2\u00baL4.-Segmentos-y-paralelismo_SC-34x48.png 34w\" sizes=\"(max-width: 724px) 100vw, 724px\" \/><\/h4>\n<h4 class=\"fittexted_for_content_h4\">En las siguientes animaciones puedes ver el proceso de construcci\u00f3n de la l\u00e1mina. Para ver las animaciones en pantalla completa sigue estos pasos:<\/h4>\n<ol>\n<li>Accede desde los enlaces y busca el icono de pantalla completa en la parte superior derecha.<\/li>\n<li>Haz clic sobre el icono play de la parte inferior izquierda.<\/li>\n<li>Comenzar\u00e1 autom\u00e1ticamente la reproducci\u00f3n paso a paso.<\/li>\n<li>Si quieres verlo por pasos usa las flechas avance y retroceso de la parte inferior.<\/li>\n<\/ol>\n<h4><strong>ENLACES A MONGGE<\/strong><\/h4>\n<h4><a href=\"https:\/\/www.mongge.com\/ejercicios\/45442\" target=\"_blank\" rel=\"noopener noreferrer\">Divisi\u00f3n de un segmento en partes iguales.<\/a><\/h4>\n<h4><a href=\"https:\/\/www.mongge.com\/ejercicios\/45443\" target=\"_blank\" rel=\"noopener noreferrer\">Divisi\u00f3n de un segmento en partes proporcionales a otros segmentos dados.<\/a><\/h4>\n<h4><a href=\"https:\/\/www.mongge.com\/ejercicios\/45459\" target=\"_blank\" rel=\"noopener noreferrer\">Trazado de la paralela a una recta por un punto.<\/a><\/h4>\n<h4><a href=\"https:\/\/www.mongge.com\/ejercicios\/45460\" target=\"_blank\" rel=\"noopener noreferrer\">Trazado de paralelas a una recta a una distancia dada.<\/a><\/h4>\n<h4>&nbsp;<\/h4>\n<h4><strong>ENLACES A GEOGEBRA<\/strong><\/h4>\n<h4><a href=\"https:\/\/www.geogebra.org\/m\/dkqcdypu\" target=\"_blank\" rel=\"noopener noreferrer\">Divisi\u00f3n de un segmento en partes iguales.<\/a><\/h4>\n<h4><a href=\"https:\/\/www.geogebra.org\/m\/ttdck9nd\" target=\"_blank\" rel=\"noopener noreferrer\">Divisi\u00f3n de un segmento en partes proporcionales a otros segmentos dados.<\/a><\/h4>\n<h4><a href=\"https:\/\/www.geogebra.org\/m\/xfzd4fdp\" target=\"_blank\" rel=\"noopener noreferrer\">Trazado de la paralela a una recta por un punto.<\/a><\/h4>\n<h4><a href=\"https:\/\/www.geogebra.org\/m\/e9vqbcsf\" target=\"_blank\" rel=\"noopener noreferrer\">Trazado de paralelas a una recta a una distancia dada.<\/a><\/h4>\n","protected":false},"excerpt":{"rendered":"<p>Resoluci\u00f3n paso a paso de la l\u00e1mina 4. En las siguientes animaciones puedes ver el proceso de construcci\u00f3n de la l\u00e1mina. Para ver las animaciones en pantalla completa sigue estos pasos: Accede desde los&#46;&#46;&#46;<\/p>\n","protected":false},"author":2852,"featured_media":0,"parent":344,"menu_order":0,"comment_status":"closed","ping_status":"closed","template":"","meta":{"ngg_post_thumbnail":0,"footnotes":""},"aioseo_notices":[],"_links":{"self":[{"href":"https:\/\/blogsaverroes.juntadeandalucia.es\/agcepva\/wp-json\/wp\/v2\/pages\/397"}],"collection":[{"href":"https:\/\/blogsaverroes.juntadeandalucia.es\/agcepva\/wp-json\/wp\/v2\/pages"}],"about":[{"href":"https:\/\/blogsaverroes.juntadeandalucia.es\/agcepva\/wp-json\/wp\/v2\/types\/page"}],"author":[{"embeddable":true,"href":"https:\/\/blogsaverroes.juntadeandalucia.es\/agcepva\/wp-json\/wp\/v2\/users\/2852"}],"replies":[{"embeddable":true,"href":"https:\/\/blogsaverroes.juntadeandalucia.es\/agcepva\/wp-json\/wp\/v2\/comments?post=397"}],"version-history":[{"count":13,"href":"https:\/\/blogsaverroes.juntadeandalucia.es\/agcepva\/wp-json\/wp\/v2\/pages\/397\/revisions"}],"predecessor-version":[{"id":2353,"href":"https:\/\/blogsaverroes.juntadeandalucia.es\/agcepva\/wp-json\/wp\/v2\/pages\/397\/revisions\/2353"}],"up":[{"embeddable":true,"href":"https:\/\/blogsaverroes.juntadeandalucia.es\/agcepva\/wp-json\/wp\/v2\/pages\/344"}],"wp:attachment":[{"href":"https:\/\/blogsaverroes.juntadeandalucia.es\/agcepva\/wp-json\/wp\/v2\/media?parent=397"}],"curies":[{"name":"wp","href":"https:\/\/api.w.org\/{rel}","templated":true}]}}