{"id":466,"date":"2020-10-24T16:39:25","date_gmt":"2020-10-24T14:39:25","guid":{"rendered":"https:\/\/blogsaverroes.juntadeandalucia.es\/agcepva\/?page_id=466"},"modified":"2022-04-15T12:57:08","modified_gmt":"2022-04-15T10:57:08","slug":"pendientes-epva-segunda-convocatoria","status":"publish","type":"page","link":"https:\/\/blogsaverroes.juntadeandalucia.es\/agcepva\/pendientes-epva-segunda-convocatoria\/","title":{"rendered":"PENDIENTES EPVA: SEGUNDA CONVOCATORIA."},"content":{"rendered":"<h3>INSTRUCCIONES PARA PRESENTACI\u00d3N DE TAREAS Y PREPARACI\u00d3N DE LA PRUEBA DE MAYO DE 2022 (2\u00aa CONVOCATORIA).<\/h3>\n<h3>Para todo el alumnado con EPVA pendiente de 1\u00ba \u00f3 2\u00ba de ESO.<\/h3>\n<h4><strong>Pruebas de recuperaci\u00f3n: 2<\/strong><strong>\u00aa Convocatoria.<\/strong><\/h4>\n<ul>\n<li>Entrega de l\u00e1minas: <strong>semana del lunes 25 al viernes 29 de abril de 2022.<\/strong><\/li>\n<li>Prueba pr\u00e1ctica: <strong>semana del martes 3&nbsp;al viernes 6 de mayo&nbsp;de 2022<\/strong>.<\/li>\n<\/ul>\n<h4><strong>Normas para la realizaci\u00f3n de las pruebas.<\/strong><\/h4>\n<ul>\n<li style=\"list-style-type: none\">\n<ul style=\"list-style-type: square\">\n<li>La evaluaci\u00f3n de la asignatura se har\u00e1 en dos convocatorias independientes, en las fechas arriba indicadas. El alumnado que no apruebe la 1\u00aa convocatoria podr\u00e1n presentarse a la 2\u00aa. Cualquier alumno\/a que no se presente a la 1\u00aa convocatoria no tendr\u00e1 m\u00e1s opci\u00f3n que presentarse a la 2\u00aa convocatoria.<\/li>\n<li>Las l\u00e1minas de cada convocatoria deben entregarse en las fechas se\u00f1aladas. Si los\/as alumnos\/as no se presentan a la primera convocatoria y s\u00ed lo hacen a la segunda, deber\u00e1n presentar las l\u00e1minas de ambas convocatorias.<\/li>\n<li>Los alumnos y alumnas ser\u00e1n evaluados por el profesorado de la asignatura de EPVA del curso actual al que entregar\u00e1n las l\u00e1minas en las fechas indicadas.<\/li>\n<li>Los alumnos y alumnas que, en el presente curso, no tengan clase de esta asignatura ser\u00e1n evaluados por el Jefe del Departamento, para lo que deben ponerse en contacto con el mismo. En cualquier caso les llegar\u00e1 informaci\u00f3n durante el mes de febrero de 2022 a trav\u00e9s de las tutor\u00edas.<\/li>\n<li>Los ejercicios se presentar\u00e1n resueltos en formatos A4 y cualquier duda sobre los mismos podr\u00e1 ser consultada con el profesor o profesora del curso actual o con el Jefe del Departamento.<\/li>\n<li>Se valorar\u00e1 la correcta soluci\u00f3n de los ejercicios y la limpieza y calidad gr\u00e1fica de los mismos.<\/li>\n<li>Deber\u00e1n asistir a las pruebas pr\u00e1cticas provistos de equipo de dibujo t\u00e9cnico adecuado: escuadra, cartab\u00f3n, regla, comp\u00e1s, goma, l\u00e1piz o portaminas, sacapuntas.&nbsp;Adem\u00e1s el alumnado deber\u00eda traer l\u00e1pices de colores, ceras o rotuladores y algunas hojas de papel formato A4 en blanco. La prueba se realizar\u00e1 sobre el papel fotocopiado que el profesorado entregue al alumno o alumna en el inicio de la misma.<\/li>\n<li><strong>Debido a las normas de seguridad e higiene de obligado cumplimiento para combatir la propagaci\u00f3n del COVID-19, queda terminantemente prohibido utilizar materiales e instrumentos de otros alumnos o alumnas. El&nbsp;incumplimiento de esta norma supondr\u00e1 la invalidaci\u00f3n de la prueba y de la entrega de actividades.<\/strong><\/li>\n<li><strong>No se examinar\u00e1 a los alumnos y alumnas que se presenten sin el material necesario y\/o las l\u00e1minas propuestas.<\/strong><\/li>\n<\/ul>\n<\/li>\n<\/ul>\n<h3><strong>L\u00e1minas propuestas para alumnado pendiente de E.P.V.A. de 1\u00ba de E.S.O. (Curso 2021\/22).<\/strong><\/h3>\n<p><strong>Contenido de las l\u00e1minas de la segunda convocatoria. NECESARIAS PARA ENTREGAR EL D\u00cdA DEL EXAMEN.<\/strong><\/p>\n<p><strong>&nbsp;<\/strong><strong>Formato n\u00ba 1<\/strong>. CONSTRUCCI\u00d3N DE TRI\u00c1NGULOS (l\u00e1mina 10, 1\u00ba ESO).<\/p>\n<p><strong>Formato n\u00ba 2<\/strong>. CONSTRUCCI\u00d3N DE CUADRIL\u00c1TEROS (l\u00e1mina 11, 1\u00ba ESO).<\/p>\n<p><strong>Formato n\u00ba 3<\/strong>. DIVISI\u00d3N DE LA CIRCUNFERENCIA. Pol\u00edgonos inscritos (l\u00e1mina 12, 1\u00ba ESO).<\/p>\n<p><strong>Formato n\u00ba 4<\/strong>. COLORES PRIMARIOS (l\u00e1mina 13, 1\u00ba ESO).<\/p>\n<p><strong>Formato n\u00ba 5<\/strong>. COLORES SECUNDARIOS (l\u00e1mina 14, 1\u00ba ESO).<\/p>\n<p><strong>Formato n\u00ba 6<\/strong>. C\u00cdRCULO CROM\u00c1TICO ELEMENTAL (l\u00e1mina 15, 1\u00ba ESO).<\/p>\n<p><strong>Formato n\u00ba 7<\/strong>. VOLUMEN Y SOMBREADO.<\/p>\n<p><strong>Formato n\u00ba 8<\/strong>. C\u00d3MIC.<\/p>\n<p><strong>Los formatos 7 y 8 se realizar\u00e1n sobre el mismo soporte de la hoja impresa o fotocopia. El resto de formatos se realizar\u00e1n sobre un papel de formato est\u00e1ndar con recuadro, que se puede descargar e imprimir desde el siguiente enlace:<\/strong><\/p>\n<p><a href=\"https:\/\/www.dropbox.com\/s\/ortitp2g4fqh2rl\/L%C3%A1mina%20caja%20datos.pdf?dl=0\" target=\"_blank\" rel=\"noopener noreferrer\">L\u00e1mina formato A4 en blanco.<\/a><\/p>\n<p><strong>Enlaces para descargar los pdf:<\/strong><\/p>\n<p><strong>L\u00c1MINAS 1, 2 y 3.<\/strong><\/p>\n<p><a href=\"https:\/\/www.dropbox.com\/sh\/ewymm5zgibgynwo\/AAAPOSmfrYvypR7r8WPWsdSqa?dl=0\" target=\"_blank\" rel=\"noopener noreferrer\">Formatos para imprimir<\/a><\/p>\n<p><a href=\"https:\/\/www.dropbox.com\/sh\/vi6hcqzm5ygtgv4\/AACtYfn9Pf7Zj49fM5Uk6J8la?dl=0\" target=\"_blank\" rel=\"noopener noreferrer\">Instrucciones<\/a><\/p>\n<p><a href=\"https:\/\/www.dropbox.com\/sh\/og5fdmqo8quwdsl\/AAB-gDYT7gEle5yaWlgJMEg9a?dl=0\" target=\"_blank\" rel=\"noopener noreferrer\">Soluciones<\/a><\/p>\n<p><strong>L\u00c1MINAS 4, 5 y 6.<\/strong><\/p>\n<p><a href=\"https:\/\/www.dropbox.com\/sh\/u77m760i7n59816\/AADcorxMg_kSkvxtu0iMg3-5a?dl=0\" target=\"_blank\" rel=\"noopener noreferrer\">Formatos para imprimir<\/a><\/p>\n<p><a href=\"https:\/\/www.dropbox.com\/sh\/vteq62hahqzjdk5\/AADVYrGU2_N_n5OYZciRuItYa?dl=0\" target=\"_blank\" rel=\"noopener noreferrer\">Instrucciones<\/a><\/p>\n<p><a href=\"https:\/\/www.dropbox.com\/sh\/isrkjtj4ex09d5m\/AAD3Ay911E-NHFUg4jz1pa93a?dl=0\" target=\"_blank\" rel=\"noopener noreferrer\">Soluciones<\/a><\/p>\n<p><strong>L\u00c1MINAS 7 y 8.<\/strong><\/p>\n<p><a href=\"https:\/\/www.dropbox.com\/sh\/oemx6qnv2jpif1j\/AACHHBuHkqE0HWh1PEmGO9c0a?dl=0\" target=\"_blank\" rel=\"noopener noreferrer\">Formatos para imprimir<\/a><\/p>\n<p>Las instrucciones vienen por escrito en las l\u00e1minas o formatos.<\/p>\n<h3>&nbsp;<\/h3>\n<h3><strong>L\u00e1minas propuestas para alumnado pendiente de E.P.V.A. de 2\u00ba de E.S.O. (Curso 2021\/22).<\/strong><\/h3>\n<p><strong>Contenido de las l\u00e1minas de la segunda convocatoria. NECESARIAS PARA ENTREGAR EL D\u00cdA DEL EXAMEN.<\/strong><\/p>\n<p><strong>&nbsp;<\/strong><strong>Formato n\u00ba 1<\/strong>. CONSTRUCCI\u00d3N DE CUADRIL\u00c1TEROS (l\u00e1mina 11 de 1\u00ba ESO).<\/p>\n<p><strong>Formato n\u00ba 2<\/strong>. DIVISI\u00d3N DE LA CIRCUNFERENCIA. POL\u00cdGONOS INSCRITOS DADO EL RADIO (l\u00e1mina 12 de 1\u00ba ESO).<\/p>\n<p><strong>Formato n\u00ba 3<\/strong>. POL\u00cdGONOS REGULARES DADO EL LADO (l\u00e1mina 8 de 2\u00ba ESO).<\/p>\n<p><strong>Formato n\u00ba 4<\/strong>. POLIGONOS REGULARES ESTRELLADOS (l\u00e1mina 9 de 2\u00ba ESO).<\/p>\n<p><strong>Formato n\u00ba 5<\/strong>. ESTRUCTURAS MODULARES PLANAS. (l\u00e1mina 1 de 3\u00ba ESO).<\/p>\n<p><strong>Formato n\u00ba 6<\/strong>. CIRCULO CR\u00d3M\u00c1TICO DE DOCE COLORES (l\u00e1mina 14 de 2\u00ba ESO).<\/p>\n<p><strong>Formato n\u00ba 7<\/strong>. ESCALAS DE COLORES C\u00c1LIDOS (ficha 90, 1\u00ba ESO, Matices, Ed. Santillana).<\/p>\n<p><strong>Formato n\u00ba 8<\/strong>. ESCALAS DE COLORES FR\u00cdOS (ficha 87, 1\u00ba ESO, Matices, Ed. Santillana).<\/p>\n<p><strong>Formato n\u00ba 9<\/strong>. AMPLIACI\u00d3N POR CUADR\u00cdCULA (modelo 6, materiales propios).<\/p>\n<p><strong>Formato n\u00ba 10<\/strong>. DEFORMAR PROPORCIONES CON CUADR\u00cdCULA (ficha 77, 1\u00ba ESO, Matices, Ed. Santillana).<\/p>\n<p><strong>Los formatos 7, 8, 9 y 10 se realizar\u00e1n sobre el mismo soporte de la hoja impresa o fotocopia. El resto de formatos se realizar\u00e1n sobre un papel de formato est\u00e1ndar con recuadro, que se puede descargar e imprimir desde el siguiente enlace:<\/strong><\/p>\n<p><a href=\"https:\/\/www.dropbox.com\/s\/ortitp2g4fqh2rl\/L%C3%A1mina%20caja%20datos.pdf?dl=0\" target=\"_blank\" rel=\"noopener noreferrer\">L\u00e1mina formato A4 en blanco.<\/a><\/p>\n<p><strong>Enlaces para descargar los pdf:<\/strong><\/p>\n<p>Los enlaces contienen las carpetas con los formatos para imprimir, las instrucciones y en algunas actividades tambi\u00e9n est\u00e1n las soluciones.<\/p>\n<p><a href=\"https:\/\/www.dropbox.com\/sh\/rn6b1jhsef35jr9\/AACT2-h-A7N10GqAp9D2MAQka?dl=0\" target=\"_blank\" rel=\"noopener noreferrer\"><strong>L\u00c1MINAS 1, 2, 3, 4 y 5.<\/strong><\/a><\/p>\n<p><strong><a href=\"https:\/\/www.dropbox.com\/sh\/oa52narc9z1jrqp\/AADMT9wFbsmMd5o_Tw5xfGjea?dl=0\" target=\"_blank\" rel=\"noopener noreferrer\">L\u00c1MINAS 6, 7 y 8.<\/a><\/strong><\/p>\n<p><a href=\"https:\/\/www.dropbox.com\/sh\/zgzde5dypcukjl8\/AABrzZNxv819Y2jt66IjHXFTa?dl=0\" target=\"_blank\" rel=\"noopener noreferrer\"><strong>L\u00c1MINAS 9 A 10.<\/strong><\/a><\/p>\n<h4><strong>CONSEJOS PARA IMPRIMIR<\/strong><\/h4>\n<p>Se aconseja imprimirlos a tama\u00f1o real, sin reducci\u00f3n (Escala 100%), sobre papel de formato o cartulina en tama\u00f1o A4.<\/p>\n<p>Si no se dispone de este soporte, se pueden imprimir en papel normal A4.<\/p>\n<p><strong>El alumno o alumna debe imprimir, firmar y fechar la copia de la hoja informativa y entregarla al profesor o profesora de la asignatura de EPVA. Esta hoja se enviar\u00e1 por Pasen a las familias para su informaci\u00f3n sobre el procedimiento y se puede&nbsp;<\/strong><b>descargar e imprimir desde este enlace:<\/b><\/p>\n<p>HOJA INFORMATIVA SOBRE SEGUNDA CONVOCATORIA DE PENDIENTES DE EPVA 1\u00ba ESO.<\/p>\n<p>HOJA INFORMATIVA SOBRE SEGUNDA CONVOCATORIA DE PENDIENTES DE EPVA 2\u00ba ESO.<\/p>\n","protected":false},"excerpt":{"rendered":"<p>INSTRUCCIONES PARA PRESENTACI\u00d3N DE TAREAS Y PREPARACI\u00d3N DE LA PRUEBA DE MAYO DE 2022 (2\u00aa CONVOCATORIA). Para todo el alumnado con EPVA pendiente de 1\u00ba \u00f3 2\u00ba de ESO. Pruebas de recuperaci\u00f3n: 2\u00aa Convocatoria.&#46;&#46;&#46;<\/p>\n","protected":false},"author":2852,"featured_media":0,"parent":0,"menu_order":0,"comment_status":"closed","ping_status":"closed","template":"","meta":{"ngg_post_thumbnail":0,"footnotes":""},"aioseo_notices":[],"_links":{"self":[{"href":"https:\/\/blogsaverroes.juntadeandalucia.es\/agcepva\/wp-json\/wp\/v2\/pages\/466"}],"collection":[{"href":"https:\/\/blogsaverroes.juntadeandalucia.es\/agcepva\/wp-json\/wp\/v2\/pages"}],"about":[{"href":"https:\/\/blogsaverroes.juntadeandalucia.es\/agcepva\/wp-json\/wp\/v2\/types\/page"}],"author":[{"embeddable":true,"href":"https:\/\/blogsaverroes.juntadeandalucia.es\/agcepva\/wp-json\/wp\/v2\/users\/2852"}],"replies":[{"embeddable":true,"href":"https:\/\/blogsaverroes.juntadeandalucia.es\/agcepva\/wp-json\/wp\/v2\/comments?post=466"}],"version-history":[{"count":10,"href":"https:\/\/blogsaverroes.juntadeandalucia.es\/agcepva\/wp-json\/wp\/v2\/pages\/466\/revisions"}],"predecessor-version":[{"id":1776,"href":"https:\/\/blogsaverroes.juntadeandalucia.es\/agcepva\/wp-json\/wp\/v2\/pages\/466\/revisions\/1776"}],"wp:attachment":[{"href":"https:\/\/blogsaverroes.juntadeandalucia.es\/agcepva\/wp-json\/wp\/v2\/media?parent=466"}],"curies":[{"name":"wp","href":"https:\/\/api.w.org\/{rel}","templated":true}]}}