{"id":547,"date":"2020-11-19T20:35:34","date_gmt":"2020-11-19T19:35:34","guid":{"rendered":"https:\/\/blogsaverroes.juntadeandalucia.es\/agcepva\/?page_id=547"},"modified":"2023-09-11T19:33:10","modified_gmt":"2023-09-11T17:33:10","slug":"bloque-2-lenguaje-visual-audiovisual-y-multimedia","status":"publish","type":"page","link":"https:\/\/blogsaverroes.juntadeandalucia.es\/agcepva\/ea-4o-eso\/bloque-2-lenguaje-visual-audiovisual-y-multimedia\/","title":{"rendered":"Expresi\u00f3n art\u00edstica 4\u00ba ESO. BLOQUE 2. Fotograf\u00eda, lenguaje visual, audiovisual y multimedia."},"content":{"rendered":"<h2><a href=\"https:\/\/blogsaverroes.juntadeandalucia.es\/agcepva\/files\/2023\/09\/02_Fotograf\u00eda_lenguaje_visual_audiovisual_y_multimedia_EA_4ESO.png\"><img loading=\"lazy\" decoding=\"async\" class=\"aligncenter size-full wp-image-2732\" src=\"https:\/\/blogsaverroes.juntadeandalucia.es\/agcepva\/files\/2023\/09\/02_Fotograf\u00eda_lenguaje_visual_audiovisual_y_multimedia_EA_4ESO.png\" alt=\"\" width=\"1024\" height=\"448\" srcset=\"https:\/\/blogsaverroes.juntadeandalucia.es\/agcepva\/files\/2023\/09\/02_Fotograf\u00eda_lenguaje_visual_audiovisual_y_multimedia_EA_4ESO.png 1024w, https:\/\/blogsaverroes.juntadeandalucia.es\/agcepva\/files\/2023\/09\/02_Fotograf\u00eda_lenguaje_visual_audiovisual_y_multimedia_EA_4ESO-300x131.png 300w, https:\/\/blogsaverroes.juntadeandalucia.es\/agcepva\/files\/2023\/09\/02_Fotograf\u00eda_lenguaje_visual_audiovisual_y_multimedia_EA_4ESO-768x336.png 768w\" sizes=\"(max-width: 1024px) 100vw, 1024px\" \/><\/a><\/h2>\n<h2 class=\"fittexted_for_content_h2\">BLOQUE 2. FOTOGRAF\u00cdA, LENGUAJE VISUAL, AUDIOVISUAL Y MULTIMEDIA.<\/h2>\n<ol>\n<li style=\"list-style-type: none\">\n<ol>\n<li class=\"fittexted_for_content_h4\"><strong>Elementos y principios b\u00e1sicos del lenguaje visual y de la percepci\u00f3n. Color y composici\u00f3n.<\/strong><\/li>\n<li class=\"fittexted_for_content_h4\"><strong>Narrativa de la imagen fija: encuadre y planificaci\u00f3n, puntos de vista y angulaci\u00f3n. La imagen&nbsp;<\/strong><b>secuenciada.<\/b><\/li>\n<li class=\"fittexted_for_content_h4\"><strong>Fotograf\u00eda anal\u00f3gica: c\u00e1mara oscura. Fotograf\u00eda sin c\u00e1mara (fotogramas). T\u00e9cnicas fotogr\u00e1ficas experimentales: cianotipia o antotipia.<\/strong><\/li>\n<li class=\"fittexted_for_content_h4\"><strong>Fotograf\u00eda digital. El fotomontaje digital y tradicional. La imagen secuenciada.<\/strong><\/li>\n<li class=\"fittexted_for_content_h4\"><strong>Seguridad, toxicidad e impacto medioambiental de los diferentes materiales art\u00edsticos. Prevenci\u00f3n y gesti\u00f3n responsable de los&nbsp;<\/strong><b>residuos.<\/b><\/li>\n<li><strong>Narrativa audiovisual: fotograma, secuencia, escena, toma, plano y montaje. El gui\u00f3n y el storyboard.<\/strong><\/li>\n<li><strong>El proceso de creaci\u00f3n. Realizaci\u00f3n y seguimiento: gui\u00f3n o proyecto, presentaci\u00f3n final y evaluaci\u00f3n (autorreflexi\u00f3n, autoevaluaci\u00f3n y evaluaci\u00f3n colectiva).<\/strong><\/li>\n<li><strong>Publicidad: recursos formales, ling\u00fc\u00edsticos y persuasivos. Estereotipos y sociedad de consumo. El sexismo y los c\u00e1nones&nbsp;<\/strong><strong>corporales y sexuales en los medios de comunicaci\u00f3n.<\/strong><\/li>\n<li><strong>Campos y ramas del dise\u00f1o: gr\u00e1fico, de producto, de moda, de interiores, escenograf\u00eda.<\/strong><\/li>\n<li><strong>T\u00e9cnicas b\u00e1sicas de animaci\u00f3n.<\/strong><\/li>\n<li><strong>Recursos digitales para la creaci\u00f3n de proyectos de v\u00eddeo-arte.<\/strong><\/li>\n<\/ol>\n<\/li>\n<\/ol>\n","protected":false},"excerpt":{"rendered":"<p>BLOQUE 2. FOTOGRAF\u00cdA, LENGUAJE VISUAL, AUDIOVISUAL Y MULTIMEDIA. Elementos y principios b\u00e1sicos del lenguaje visual y de la percepci\u00f3n. Color y composici\u00f3n. Narrativa de la imagen fija: encuadre y planificaci\u00f3n, puntos de vista y&#46;&#46;&#46;<\/p>\n","protected":false},"author":2852,"featured_media":0,"parent":36,"menu_order":0,"comment_status":"closed","ping_status":"closed","template":"","meta":{"ngg_post_thumbnail":0,"footnotes":""},"aioseo_notices":[],"_links":{"self":[{"href":"https:\/\/blogsaverroes.juntadeandalucia.es\/agcepva\/wp-json\/wp\/v2\/pages\/547"}],"collection":[{"href":"https:\/\/blogsaverroes.juntadeandalucia.es\/agcepva\/wp-json\/wp\/v2\/pages"}],"about":[{"href":"https:\/\/blogsaverroes.juntadeandalucia.es\/agcepva\/wp-json\/wp\/v2\/types\/page"}],"author":[{"embeddable":true,"href":"https:\/\/blogsaverroes.juntadeandalucia.es\/agcepva\/wp-json\/wp\/v2\/users\/2852"}],"replies":[{"embeddable":true,"href":"https:\/\/blogsaverroes.juntadeandalucia.es\/agcepva\/wp-json\/wp\/v2\/comments?post=547"}],"version-history":[{"count":6,"href":"https:\/\/blogsaverroes.juntadeandalucia.es\/agcepva\/wp-json\/wp\/v2\/pages\/547\/revisions"}],"predecessor-version":[{"id":2736,"href":"https:\/\/blogsaverroes.juntadeandalucia.es\/agcepva\/wp-json\/wp\/v2\/pages\/547\/revisions\/2736"}],"up":[{"embeddable":true,"href":"https:\/\/blogsaverroes.juntadeandalucia.es\/agcepva\/wp-json\/wp\/v2\/pages\/36"}],"wp:attachment":[{"href":"https:\/\/blogsaverroes.juntadeandalucia.es\/agcepva\/wp-json\/wp\/v2\/media?parent=547"}],"curies":[{"name":"wp","href":"https:\/\/api.w.org\/{rel}","templated":true}]}}