{"id":579,"date":"2020-11-25T21:28:56","date_gmt":"2020-11-25T20:28:56","guid":{"rendered":"https:\/\/blogsaverroes.juntadeandalucia.es\/agcepva\/?page_id=579"},"modified":"2022-10-02T21:00:45","modified_gmt":"2022-10-02T19:00:45","slug":"laminas-epva-4o-eso-lamina-6-construccion-de-cuadrilateros","status":"publish","type":"page","link":"https:\/\/blogsaverroes.juntadeandalucia.es\/agcepva\/laminas-epva-4o-eso-lamina-6-construccion-de-cuadrilateros\/","title":{"rendered":"L\u00c1MINAS EPVA 4\u00ba ESO. L\u00c1MINA 06. Construcci\u00f3n de cuadril\u00e1teros."},"content":{"rendered":"<h3><img loading=\"lazy\" decoding=\"async\" class=\"size-large wp-image-792 aligncenter\" src=\"https:\/\/blogsaverroes.juntadeandalucia.es\/agcepva\/files\/2021\/01\/SANDOVAL_4ESO_L6_SN-1024x724.png\" alt=\"\" width=\"1024\" height=\"724\" srcset=\"https:\/\/blogsaverroes.juntadeandalucia.es\/agcepva\/files\/2021\/01\/SANDOVAL_4ESO_L6_SN-1024x724.png 1024w, https:\/\/blogsaverroes.juntadeandalucia.es\/agcepva\/files\/2021\/01\/SANDOVAL_4ESO_L6_SN-300x212.png 300w, https:\/\/blogsaverroes.juntadeandalucia.es\/agcepva\/files\/2021\/01\/SANDOVAL_4ESO_L6_SN-768x543.png 768w, https:\/\/blogsaverroes.juntadeandalucia.es\/agcepva\/files\/2021\/01\/SANDOVAL_4ESO_L6_SN-1536x1086.png 1536w, https:\/\/blogsaverroes.juntadeandalucia.es\/agcepva\/files\/2021\/01\/SANDOVAL_4ESO_L6_SN-24x17.png 24w, https:\/\/blogsaverroes.juntadeandalucia.es\/agcepva\/files\/2021\/01\/SANDOVAL_4ESO_L6_SN-36x25.png 36w, https:\/\/blogsaverroes.juntadeandalucia.es\/agcepva\/files\/2021\/01\/SANDOVAL_4ESO_L6_SN-48x34.png 48w, https:\/\/blogsaverroes.juntadeandalucia.es\/agcepva\/files\/2021\/01\/SANDOVAL_4ESO_L6_SN.png 1754w\" sizes=\"(max-width: 1024px) 100vw, 1024px\" \/><\/h3>\n<h4 class=\"fittexted_for_content_h4\">En las siguientes animaciones puedes ver el proceso de construcci\u00f3n de la l\u00e1mina. Para ver las animaciones en pantalla completa sigue estos pasos:<\/h4>\n<ol>\n<li>Accede desde los enlaces y busca el icono de pantalla completa en la parte superior derecha.<\/li>\n<li>Haz clic sobre el icono play de la parte inferior izquierda.<\/li>\n<li>Comenzar\u00e1 autom\u00e1ticamente la reproducci\u00f3n paso a paso.<\/li>\n<li>Si quieres verlo por pasos usa las flechas avance y retroceso de la parte inferior.<\/li>\n<\/ol>\n<h3>L\u00c1MINA 06. Construcci\u00f3n de cuadril\u00e1teros. (Soluciones paso a paso).<\/h3>\n<p><a href=\"https:\/\/www.mongge.com\/ejercicios\/47763\" target=\"_blank\" rel=\"noopener noreferrer\">EJERCICIO 1.<\/a><\/p>\n<p><a href=\"https:\/\/www.mongge.com\/ejercicios\/47765\" target=\"_blank\" rel=\"noopener noreferrer\">EJERCICIO 2.<\/a><\/p>\n<p><a href=\"https:\/\/www.mongge.com\/ejercicios\/47766\" target=\"_blank\" rel=\"noopener noreferrer\">EJERCICIO 3.<\/a><\/p>\n<p><a href=\"https:\/\/www.mongge.com\/ejercicios\/47762\" target=\"_blank\" rel=\"noopener noreferrer\">EJERCICIO 4.<\/a><\/p>\n<p><a href=\"https:\/\/www.mongge.com\/ejercicios\/47768\" target=\"_blank\" rel=\"noopener noreferrer\">EJERCICIO 5.<\/a><\/p>\n<p><a href=\"https:\/\/www.mongge.com\/ejercicios\/47769\" target=\"_blank\" rel=\"noopener noreferrer\">EJERCICIO 6.<\/a><\/p>\n<p><a href=\"https:\/\/www.mongge.com\/ejercicios\/47770\" target=\"_blank\" rel=\"noopener noreferrer\">EJERCICIO 7.<\/a><\/p>\n<p><a href=\"https:\/\/www.mongge.com\/ejercicios\/47775\" target=\"_blank\" rel=\"noopener noreferrer\">EJERCICIO 8.<\/a><\/p>\n<p><a href=\"https:\/\/www.mongge.com\/ejercicios\/47778\" target=\"_blank\" rel=\"noopener noreferrer\">EJERCICIO 9.<\/a><\/p>\n","protected":false},"excerpt":{"rendered":"<p>En las siguientes animaciones puedes ver el proceso de construcci\u00f3n de la l\u00e1mina. Para ver las animaciones en pantalla completa sigue estos pasos: Accede desde los enlaces y busca el icono de pantalla completa&#46;&#46;&#46;<\/p>\n","protected":false},"author":2852,"featured_media":0,"parent":0,"menu_order":0,"comment_status":"closed","ping_status":"closed","template":"","meta":{"ngg_post_thumbnail":0,"footnotes":""},"aioseo_notices":[],"_links":{"self":[{"href":"https:\/\/blogsaverroes.juntadeandalucia.es\/agcepva\/wp-json\/wp\/v2\/pages\/579"}],"collection":[{"href":"https:\/\/blogsaverroes.juntadeandalucia.es\/agcepva\/wp-json\/wp\/v2\/pages"}],"about":[{"href":"https:\/\/blogsaverroes.juntadeandalucia.es\/agcepva\/wp-json\/wp\/v2\/types\/page"}],"author":[{"embeddable":true,"href":"https:\/\/blogsaverroes.juntadeandalucia.es\/agcepva\/wp-json\/wp\/v2\/users\/2852"}],"replies":[{"embeddable":true,"href":"https:\/\/blogsaverroes.juntadeandalucia.es\/agcepva\/wp-json\/wp\/v2\/comments?post=579"}],"version-history":[{"count":19,"href":"https:\/\/blogsaverroes.juntadeandalucia.es\/agcepva\/wp-json\/wp\/v2\/pages\/579\/revisions"}],"predecessor-version":[{"id":1161,"href":"https:\/\/blogsaverroes.juntadeandalucia.es\/agcepva\/wp-json\/wp\/v2\/pages\/579\/revisions\/1161"}],"wp:attachment":[{"href":"https:\/\/blogsaverroes.juntadeandalucia.es\/agcepva\/wp-json\/wp\/v2\/media?parent=579"}],"curies":[{"name":"wp","href":"https:\/\/api.w.org\/{rel}","templated":true}]}}