{"id":165,"date":"2021-03-16T20:00:23","date_gmt":"2021-03-16T20:00:23","guid":{"rendered":"https:\/\/blogsaverroes.juntadeandalucia.es\/ala78\/?page_id=165"},"modified":"2021-03-16T20:02:55","modified_gmt":"2021-03-16T20:02:55","slug":"scripts","status":"publish","type":"page","link":"https:\/\/blogsaverroes.juntadeandalucia.es\/ala78\/scripts\/","title":{"rendered":"Scripts"},"content":{"rendered":"<p>A continuaci\u00f3n puedes ver los textos de los audios de las diferentes unidades.<\/p>\n<p>Te recomiendo que los uses del siguiente modo:<\/p>\n<p>1\u00ba Escuches con atenci\u00f3n los audios sin ver el texto (p\u00e1ralo o reinicia tantas veces como necesites)<\/p>\n<p>2\u00ba Oye nuevamente el audio, esta vez con el texto delante y pon atenci\u00f3n a la pronunciaci\u00f3n de cada palabra y a la manera de unir las palabras entre s\u00ed que emplea el hablante, al igual que a la entonaci\u00f3n con que pronuncia la frase.<\/p>\n<p>3\u00ba Busca en el diccionario las palabras de las que no conozcas su significado.<\/p>\n<p>4\u00ba Por \u00faltimo lee el texto en voz alta y cuando te hayas familiarizado con el mismo graba tu voz leyendo el mismo texto en breves audios intentando que sea los m\u00e1s parecido posible al modelo ofrecido.<\/p>\n<p><a href=\"https:\/\/blogsaverroes.juntadeandalucia.es\/ala78\/files\/2021\/03\/Recording-script-1-03.jpg\"><img loading=\"lazy\" decoding=\"async\" class=\"alignleft wp-image-164 size-medium\" src=\"https:\/\/blogsaverroes.juntadeandalucia.es\/ala78\/files\/2021\/03\/Recording-script-1-03-300x285.jpg\" alt=\"\" width=\"300\" height=\"285\" srcset=\"https:\/\/blogsaverroes.juntadeandalucia.es\/ala78\/files\/2021\/03\/Recording-script-1-03-300x285.jpg 300w, https:\/\/blogsaverroes.juntadeandalucia.es\/ala78\/files\/2021\/03\/Recording-script-1-03.jpg 665w\" sizes=\"(max-width: 300px) 100vw, 300px\" \/><\/a><\/p>\n","protected":false},"excerpt":{"rendered":"<p>A continuaci\u00f3n puedes ver los textos de los audios de las diferentes unidades. Te recomiendo que los uses del siguiente modo: 1\u00ba Escuches con atenci\u00f3n los audios sin ver el texto (p\u00e1ralo o reinicia&#46;&#46;&#46;<\/p>\n","protected":false},"author":6482,"featured_media":0,"parent":0,"menu_order":0,"comment_status":"closed","ping_status":"closed","template":"","meta":{"ngg_post_thumbnail":0,"footnotes":""},"aioseo_notices":[],"_links":{"self":[{"href":"https:\/\/blogsaverroes.juntadeandalucia.es\/ala78\/wp-json\/wp\/v2\/pages\/165"}],"collection":[{"href":"https:\/\/blogsaverroes.juntadeandalucia.es\/ala78\/wp-json\/wp\/v2\/pages"}],"about":[{"href":"https:\/\/blogsaverroes.juntadeandalucia.es\/ala78\/wp-json\/wp\/v2\/types\/page"}],"author":[{"embeddable":true,"href":"https:\/\/blogsaverroes.juntadeandalucia.es\/ala78\/wp-json\/wp\/v2\/users\/6482"}],"replies":[{"embeddable":true,"href":"https:\/\/blogsaverroes.juntadeandalucia.es\/ala78\/wp-json\/wp\/v2\/comments?post=165"}],"version-history":[{"count":2,"href":"https:\/\/blogsaverroes.juntadeandalucia.es\/ala78\/wp-json\/wp\/v2\/pages\/165\/revisions"}],"predecessor-version":[{"id":168,"href":"https:\/\/blogsaverroes.juntadeandalucia.es\/ala78\/wp-json\/wp\/v2\/pages\/165\/revisions\/168"}],"wp:attachment":[{"href":"https:\/\/blogsaverroes.juntadeandalucia.es\/ala78\/wp-json\/wp\/v2\/media?parent=165"}],"curies":[{"name":"wp","href":"https:\/\/api.w.org\/{rel}","templated":true}]}}