{"id":2,"date":"2021-02-17T19:01:16","date_gmt":"2021-02-17T19:01:16","guid":{"rendered":"https:\/\/blogsaverroes.juntadeandalucia.es\/ala78\/?page_id=2"},"modified":"2021-02-17T19:19:51","modified_gmt":"2021-02-17T19:19:51","slug":"pagina-ejemplo","status":"publish","type":"page","link":"https:\/\/blogsaverroes.juntadeandalucia.es\/ala78\/pagina-ejemplo\/","title":{"rendered":"Introducci\u00f3n"},"content":{"rendered":"<p>INFORMACI\u00d3N INICIAL<\/p>\n<p>Gracias por tu inter\u00e9s en este curso.<\/p>\n<p style=\"text-align: justify\">Aprender un idioma es una actividad que no es dif\u00edcil pero requiere de esfuerzo y constancia. Es necesario memorizar y practicar frecuentemente \u2013cuanto m\u00e1s mejor-; no es como montar en bicicleta, que nunca se olvida. Repito, para aprender un idioma se requiere esfuerzo y constancia; siempre me gusta poner la siguiente analog\u00eda:<\/p>\n<p style=\"text-align: justify\">\u201cAprender un idioma es como remar contracorriente sobre un r\u00edo, solo podemos avanzar corriente arriba si remamos fuerte y sin detenernos. Cuando dejamos de remar el r\u00edo nos devuelve al punto de partida.\u201d<\/p>\n<p style=\"text-align: justify\">\u00c1nimo, lo importante es trabajar y no detenernos, poco a poco veremos los avances logrados.<\/p>\n<p style=\"text-align: justify\">A continuaci\u00f3n os doy una breve descripci\u00f3n de c\u00f3mo vamos a organizar el curso y de los objetivos que se pretenden alcanzar. Todo est\u00e1 sujeto a las modificaciones que sean precisas para acomodar las necesidades que puedan presentarse. \u201cLas sugerencias y propuestas son siempre bienvenidas.\u201d<\/p>\n<p style=\"text-align: justify\">Este curso se desarrollar\u00e1 a lo largo de los meses previos a las convocatorias de ex\u00e1menes de reconocimiento de idioma que realiza el EA. Las actuales circunstancias sanitarias no han permitido que empez\u00e1ramos antes, pero tan pronto como sea posible (estimo que para la \u00faltima semana de Febrero) comenzaremos.<\/p>\n<p style=\"text-align: justify\">Tendr\u00e1n lugar en el aula que se encuentra en el Grupo de Jefatura de Estudios (2\u00ba planta, 1\u00aa clase a mano izquierda).<\/p>\n<p style=\"text-align: justify\">Las sesiones ser\u00e1n de 1 hora (de 17:00 a 18:00)<\/p>\n<p style=\"text-align: justify\">Por razones de aforo y de nivel, inicialmente se establecer\u00e1n dos grupos:<\/p>\n<p style=\"text-align: justify\">&nbsp;&nbsp;&nbsp; Grupo A: Lunes y Mi\u00e9rcoles<\/p>\n<p style=\"text-align: justify\">&nbsp;&nbsp;&nbsp; Grupo B: Martes y Jueves<\/p>\n<p style=\"text-align: justify\">Se trata de un curso cuyo principal objetivo es animar al personal interesado en iniciarse en el uso de la lengua inglesa de modo que, cuando la persona interesada lo decida, pueda presentarse a las pruebas de nivel de idioma ingl\u00e9s que anualmente convoca el EA.<\/p>\n<p style=\"text-align: justify\">El curso es gratis, aunque es posible que haya que contar con algunos gastos propios de cualquier curso (libreta, diccionario, bol\u00edgrafo, desplazamiento, etc.) El profesor lo hace de forma altruista y no cobra nada por las clases, Igualmente es de agradecer que la Base nos proporcione los medios necesarios de modo gratuito (Instalaciones, aula,\u2026)<\/p>\n<p style=\"text-align: justify\">A medida que se desarrolle el curso veremos si se mantiene el inter\u00e9s inicial, esto es lo \u00fanico que se necesita para que este curso vaya adelante: la asistencia del alumnado y su trabajo en clase y en casa.<\/p>\n<p style=\"text-align: justify\">Si la asistencia del alumnado decayera pudiera considerarse la suspensi\u00f3n del curso.<\/p>\n<p style=\"text-align: justify\">Se va a utilizar como forma de comunicaci\u00f3n general un grupo de WhatsApp (es voluntario, pero se aconseja con el fin de que todos estemos informados de los asuntos exclusivamente relacionados con el curso y de car\u00e1cter general)<\/p>\n<p style=\"text-align: justify\">Voy a crear una sencilla web donde colocar recursos que nos permitan conocer nuestro d\u00eda a d\u00eda en el curso y contenidos que nos ayuden a progresar en el aprendizaje y uso de la lengua inglesa (una conexi\u00f3n a internet ser\u00e1 muy aconsejable pues la red ofrece innumerables recursos que nos ser\u00e1n muy \u00fatiles)<\/p>\n<p style=\"text-align: justify\">Por \u00faltimo, para conocer un poco vuestras necesidades e intereses, por favor rellenad el siguiente cuestionario y devolvedlo por correo electr\u00f3nico.<\/p>\n<p style=\"text-align: justify\">Gracias.<\/p>\n<p style=\"text-align: justify\">J. Guillermo S\u00e1nchez<\/p>\n","protected":false},"excerpt":{"rendered":"<p>INFORMACI\u00d3N INICIAL Gracias por tu inter\u00e9s en este curso. Aprender un idioma es una actividad que no es dif\u00edcil pero requiere de esfuerzo y constancia. Es necesario memorizar y practicar frecuentemente \u2013cuanto m\u00e1s mejor-;&#46;&#46;&#46;<\/p>\n","protected":false},"author":6482,"featured_media":0,"parent":0,"menu_order":0,"comment_status":"closed","ping_status":"open","template":"","meta":{"ngg_post_thumbnail":0,"footnotes":""},"aioseo_notices":[],"_links":{"self":[{"href":"https:\/\/blogsaverroes.juntadeandalucia.es\/ala78\/wp-json\/wp\/v2\/pages\/2"}],"collection":[{"href":"https:\/\/blogsaverroes.juntadeandalucia.es\/ala78\/wp-json\/wp\/v2\/pages"}],"about":[{"href":"https:\/\/blogsaverroes.juntadeandalucia.es\/ala78\/wp-json\/wp\/v2\/types\/page"}],"author":[{"embeddable":true,"href":"https:\/\/blogsaverroes.juntadeandalucia.es\/ala78\/wp-json\/wp\/v2\/users\/6482"}],"replies":[{"embeddable":true,"href":"https:\/\/blogsaverroes.juntadeandalucia.es\/ala78\/wp-json\/wp\/v2\/comments?post=2"}],"version-history":[{"count":2,"href":"https:\/\/blogsaverroes.juntadeandalucia.es\/ala78\/wp-json\/wp\/v2\/pages\/2\/revisions"}],"predecessor-version":[{"id":15,"href":"https:\/\/blogsaverroes.juntadeandalucia.es\/ala78\/wp-json\/wp\/v2\/pages\/2\/revisions\/15"}],"wp:attachment":[{"href":"https:\/\/blogsaverroes.juntadeandalucia.es\/ala78\/wp-json\/wp\/v2\/media?parent=2"}],"curies":[{"name":"wp","href":"https:\/\/api.w.org\/{rel}","templated":true}]}}