{"id":42,"date":"2015-03-13T08:40:47","date_gmt":"2015-03-13T08:40:47","guid":{"rendered":"http:\/\/blogsaverroes.juntadeandalucia.es\/pre\/ceip\/?page_id=42"},"modified":"2015-10-26T13:00:52","modified_gmt":"2015-10-26T13:00:52","slug":"equipo-directivo","status":"publish","type":"page","link":"https:\/\/blogsaverroes.juntadeandalucia.es\/albaicin\/equipo-directivo\/","title":{"rendered":"Equipo directivo"},"content":{"rendered":"<p>Indicar quienes son las personas que componen el equipo directivo, fotos de los mismas, breve descripci\u00f3n de sus funciones, cu\u00e1l es el proyecto o modelo de centro que defienden, etc.<\/p>\n<p>Se pueden crear p\u00e1ginas-hijas de \u00e9sta que ofrezca una informaci\u00f3n m\u00e1s detallada si se precisa.<\/p>\n<p><strong>Direcci\u00f3n:<\/strong><\/p>\n<p><strong>Jefatura de estudios:<\/strong><\/p>\n<p><strong>Secretar\u00eda:<\/strong><\/p>\n","protected":false},"excerpt":{"rendered":"<p>Indicar quienes son las personas que componen el equipo directivo, fotos de los mismas, breve descripci\u00f3n de sus funciones, cu\u00e1l es el proyecto o modelo de centro que defienden, etc. Se pueden crear p\u00e1ginas-hijas&#46;&#46;&#46;<\/p>\n","protected":false},"author":1,"featured_media":0,"parent":0,"menu_order":0,"comment_status":"closed","ping_status":"open","template":"","meta":{"ngg_post_thumbnail":0,"footnotes":"","_mc_calendar":[]},"aioseo_notices":[],"_links":{"self":[{"href":"https:\/\/blogsaverroes.juntadeandalucia.es\/albaicin\/wp-json\/wp\/v2\/pages\/42"}],"collection":[{"href":"https:\/\/blogsaverroes.juntadeandalucia.es\/albaicin\/wp-json\/wp\/v2\/pages"}],"about":[{"href":"https:\/\/blogsaverroes.juntadeandalucia.es\/albaicin\/wp-json\/wp\/v2\/types\/page"}],"author":[{"embeddable":true,"href":"https:\/\/blogsaverroes.juntadeandalucia.es\/albaicin\/wp-json\/wp\/v2\/users\/1"}],"replies":[{"embeddable":true,"href":"https:\/\/blogsaverroes.juntadeandalucia.es\/albaicin\/wp-json\/wp\/v2\/comments?post=42"}],"version-history":[{"count":3,"href":"https:\/\/blogsaverroes.juntadeandalucia.es\/albaicin\/wp-json\/wp\/v2\/pages\/42\/revisions"}],"predecessor-version":[{"id":1656,"href":"https:\/\/blogsaverroes.juntadeandalucia.es\/albaicin\/wp-json\/wp\/v2\/pages\/42\/revisions\/1656"}],"wp:attachment":[{"href":"https:\/\/blogsaverroes.juntadeandalucia.es\/albaicin\/wp-json\/wp\/v2\/media?parent=42"}],"curies":[{"name":"wp","href":"https:\/\/api.w.org\/{rel}","templated":true}]}}