{"id":2236,"date":"2021-03-17T12:50:03","date_gmt":"2021-03-17T11:50:03","guid":{"rendered":"https:\/\/blogsaverroes.juntadeandalucia.es\/alcaldeparrilladelara\/?page_id=2236"},"modified":"2025-10-03T12:37:32","modified_gmt":"2025-10-03T10:37:32","slug":"claustro","status":"publish","type":"page","link":"https:\/\/blogsaverroes.juntadeandalucia.es\/alcaldeparrilladelara\/claustro\/","title":{"rendered":"Claustro"},"content":{"rendered":"<p>Nuestro Claustro est\u00e1 formado actualmente por 11 docentes y una PTIS:<\/p>\n<p><strong>Susana Carrascosa Molina:<\/strong> Directora y maestra de apoyo.<\/p>\n<p><strong>Mar\u00eda del Carmen Lozano Sanju\u00e1n:<\/strong> Jefa de Estudios y maestra de apoyo.<\/p>\n<p><strong>Jose Mercado Rodr\u00edguez:<\/strong> Secretaria y maestra de apoyo.<\/p>\n<p><strong>Ana T\u00edscar Mar\u00edn Fern\u00e1ndez: <\/strong>Maestra de Pedagog\u00eda Terap\u00e9utica.<\/p>\n<p><strong>Ana Mar\u00eda Rojas Gonz\u00e1lez:<\/strong> Maestra de Religi\u00f3n.<\/p>\n<p><strong>Sara Morales Oca\u00f1a:<\/strong> Tutora de 3 a\u00f1os A<\/p>\n<p><strong>Almudena Moreno D\u00edaz-Mayordomo:<\/strong> Tutora de 3 a\u00f1os B (Sustituye: Ana Isabel S\u00e1nchez G\u00e1lvez)<\/p>\n<p><strong>Ramona Gin\u00e9s Garc\u00eda:<\/strong> Tutora de 4 a\u00f1os A<\/p>\n<p><strong>Aurora D\u00edaz L\u00f3pez:<\/strong> Tutora de 4 a\u00f1os B<\/p>\n<p><strong>Juani Carrasco Bayona:<\/strong> Tutora de 5 a\u00f1os A<\/p>\n<p><strong>Estrella Rojas Paterna:<\/strong> Tutora de 5 a\u00f1os B<\/p>\n<p><strong>Ana Isabel D\u00edaz Osorio:&nbsp;<\/strong>PTIS (Personal T\u00e9cnico de Integraci\u00f3n Social).&nbsp;<\/p>\n<p>&nbsp;<\/p>\n<p>&nbsp;<\/p>\n<p>&nbsp;<\/p>\n<p>&nbsp;<\/p>\n","protected":false},"excerpt":{"rendered":"<p>Nuestro Claustro est\u00e1 formado actualmente por 11 docentes y una PTIS: Susana Carrascosa Molina: Directora y maestra de apoyo. Mar\u00eda del Carmen Lozano Sanju\u00e1n: Jefa&hellip;<\/p>\n","protected":false},"author":8437,"featured_media":0,"parent":0,"menu_order":0,"comment_status":"closed","ping_status":"closed","template":"","meta":{"ngg_post_thumbnail":0,"footnotes":"","_mc_calendar":[]},"aioseo_notices":[],"_links":{"self":[{"href":"https:\/\/blogsaverroes.juntadeandalucia.es\/alcaldeparrilladelara\/wp-json\/wp\/v2\/pages\/2236"}],"collection":[{"href":"https:\/\/blogsaverroes.juntadeandalucia.es\/alcaldeparrilladelara\/wp-json\/wp\/v2\/pages"}],"about":[{"href":"https:\/\/blogsaverroes.juntadeandalucia.es\/alcaldeparrilladelara\/wp-json\/wp\/v2\/types\/page"}],"author":[{"embeddable":true,"href":"https:\/\/blogsaverroes.juntadeandalucia.es\/alcaldeparrilladelara\/wp-json\/wp\/v2\/users\/8437"}],"replies":[{"embeddable":true,"href":"https:\/\/blogsaverroes.juntadeandalucia.es\/alcaldeparrilladelara\/wp-json\/wp\/v2\/comments?post=2236"}],"version-history":[{"count":17,"href":"https:\/\/blogsaverroes.juntadeandalucia.es\/alcaldeparrilladelara\/wp-json\/wp\/v2\/pages\/2236\/revisions"}],"predecessor-version":[{"id":4146,"href":"https:\/\/blogsaverroes.juntadeandalucia.es\/alcaldeparrilladelara\/wp-json\/wp\/v2\/pages\/2236\/revisions\/4146"}],"wp:attachment":[{"href":"https:\/\/blogsaverroes.juntadeandalucia.es\/alcaldeparrilladelara\/wp-json\/wp\/v2\/media?parent=2236"}],"curies":[{"name":"wp","href":"https:\/\/api.w.org\/{rel}","templated":true}]}}