{"id":2239,"date":"2021-03-17T12:51:34","date_gmt":"2021-03-17T11:51:34","guid":{"rendered":"https:\/\/blogsaverroes.juntadeandalucia.es\/alcaldeparrilladelara\/?page_id=2239"},"modified":"2024-12-12T10:18:07","modified_gmt":"2024-12-12T09:18:07","slug":"consejo-escolar","status":"publish","type":"page","link":"https:\/\/blogsaverroes.juntadeandalucia.es\/alcaldeparrilladelara\/consejo-escolar\/","title":{"rendered":"Consejo Escolar"},"content":{"rendered":"<h4><em>El Consejo Escolar es el \u00f3rgano de participaci\u00f3n en el control y gesti\u00f3n del centro de los distintos sectores que constituyen la comunidad educativa.<\/em><\/h4>\n<p>&nbsp;<\/p>\n<p><span style=\"text-decoration: underline\"><strong>COMPOSICI\u00d3N (hasta la nueva convocatoria de elecciones):<\/strong><\/span><\/p>\n<p><strong>Equipo Directivo: <\/strong><\/p>\n<p>Susana Carrascosa Molina (Direcci\u00f3n).<\/p>\n<p>Mar\u00eda del Carmen Lozano Sanju\u00e1n (Jefatura de Estudios).<\/p>\n<p>Jose Mercado Rodr\u00edguez (Secretar\u00eda).<\/p>\n<p>&nbsp;<\/p>\n<p><strong>Representantes profesorado:<\/strong><\/p>\n<p>Ramona Gin\u00e9s Garc\u00eda<\/p>\n<p>Ana T\u00edscar Mar\u00edn Fern\u00e1ndez<\/p>\n<p>Ana Rojas Gonz\u00e1lez<\/p>\n<p>&nbsp;<\/p>\n<p><strong>Representantes familias:<\/strong><\/p>\n<p>Estrella Garc\u00eda Molina<\/p>\n<p>Juan Pel\u00e1ez Garc\u00eda<\/p>\n<p>Ana Bel\u00e9n Torres Cazorla<\/p>\n<p>Mar\u00eda Estrella Z\u00fallar Clavijo (Representante de la AMPA \u00abEl Llano\u00bb)<\/p>\n<p>&nbsp;<\/p>\n<p><strong>Representante Ayuntamiento:<\/strong><\/p>\n<p>Agustina Pardo Medina.<\/p>\n<p>&nbsp;<\/p>\n","protected":false},"excerpt":{"rendered":"<p>El Consejo Escolar es el \u00f3rgano de participaci\u00f3n en el control y gesti\u00f3n del centro de los distintos sectores que constituyen la comunidad educativa. &nbsp;&hellip;<\/p>\n","protected":false},"author":8437,"featured_media":0,"parent":0,"menu_order":0,"comment_status":"closed","ping_status":"closed","template":"page-cs.php","meta":{"ngg_post_thumbnail":0,"footnotes":"","_mc_calendar":[]},"aioseo_notices":[],"_links":{"self":[{"href":"https:\/\/blogsaverroes.juntadeandalucia.es\/alcaldeparrilladelara\/wp-json\/wp\/v2\/pages\/2239"}],"collection":[{"href":"https:\/\/blogsaverroes.juntadeandalucia.es\/alcaldeparrilladelara\/wp-json\/wp\/v2\/pages"}],"about":[{"href":"https:\/\/blogsaverroes.juntadeandalucia.es\/alcaldeparrilladelara\/wp-json\/wp\/v2\/types\/page"}],"author":[{"embeddable":true,"href":"https:\/\/blogsaverroes.juntadeandalucia.es\/alcaldeparrilladelara\/wp-json\/wp\/v2\/users\/8437"}],"replies":[{"embeddable":true,"href":"https:\/\/blogsaverroes.juntadeandalucia.es\/alcaldeparrilladelara\/wp-json\/wp\/v2\/comments?post=2239"}],"version-history":[{"count":8,"href":"https:\/\/blogsaverroes.juntadeandalucia.es\/alcaldeparrilladelara\/wp-json\/wp\/v2\/pages\/2239\/revisions"}],"predecessor-version":[{"id":3809,"href":"https:\/\/blogsaverroes.juntadeandalucia.es\/alcaldeparrilladelara\/wp-json\/wp\/v2\/pages\/2239\/revisions\/3809"}],"wp:attachment":[{"href":"https:\/\/blogsaverroes.juntadeandalucia.es\/alcaldeparrilladelara\/wp-json\/wp\/v2\/media?parent=2239"}],"curies":[{"name":"wp","href":"https:\/\/api.w.org\/{rel}","templated":true}]}}