{"id":2567,"date":"2022-02-09T13:35:06","date_gmt":"2022-02-09T12:35:06","guid":{"rendered":"https:\/\/blogsaverroes.juntadeandalucia.es\/alcaldeparrilladelara\/?page_id=2567"},"modified":"2024-05-27T14:05:57","modified_gmt":"2024-05-27T12:05:57","slug":"transformando-nuestro-patio","status":"publish","type":"page","link":"https:\/\/blogsaverroes.juntadeandalucia.es\/alcaldeparrilladelara\/transformando-nuestro-patio\/","title":{"rendered":"Transformando nuestro patio"},"content":{"rendered":"<p>En este apartado iremos poniendo todas las novedades&nbsp; que vayan aconteciendo en el proceso de transformaci\u00f3n de nuestro patio.<\/p>\n<p>Pincha <a href=\"https:\/\/blogsaverroes.juntadeandalucia.es\/alcaldeparrilladelara\/proyecto-de-transformacion-del-patio\/\">aqu\u00ed<\/a> para ver qu\u00e9 pretendemos.<\/p>\n<p><a href=\"https:\/\/drive.google.com\/file\/d\/1xJufQ8huv2QhFbAn0xz85oDR0k92MLXv\/view?usp=sharing\">Aqu\u00ed<\/a> puedes consultar los anexos de nuestro proyecto y ver qu\u00e9 sitios concretos queremos transformar.<\/p>\n<h2><span style=\"color: #ff6600\">(20\/5\/2024) Lugares para esconderse: tipi y torre de castillo.<\/span><\/h2>\n<p><a href=\"https:\/\/blogsaverroes.juntadeandalucia.es\/alcaldeparrilladelara\/files\/2024\/05\/20240405_135202-rotated.jpg\"><img loading=\"lazy\" decoding=\"async\" class=\"alignnone  wp-image-3662\" src=\"https:\/\/blogsaverroes.juntadeandalucia.es\/alcaldeparrilladelara\/files\/2024\/05\/20240405_135202-rotated.jpg\" alt=\"\" width=\"381\" height=\"508\" srcset=\"https:\/\/blogsaverroes.juntadeandalucia.es\/alcaldeparrilladelara\/files\/2024\/05\/20240405_135202-rotated.jpg 1200w, https:\/\/blogsaverroes.juntadeandalucia.es\/alcaldeparrilladelara\/files\/2024\/05\/20240405_135202-225x300.jpg 225w, https:\/\/blogsaverroes.juntadeandalucia.es\/alcaldeparrilladelara\/files\/2024\/05\/20240405_135202-768x1024.jpg 768w, https:\/\/blogsaverroes.juntadeandalucia.es\/alcaldeparrilladelara\/files\/2024\/05\/20240405_135202-1152x1536.jpg 1152w, https:\/\/blogsaverroes.juntadeandalucia.es\/alcaldeparrilladelara\/files\/2024\/05\/20240405_135202-1536x2048.jpg 1536w\" sizes=\"(max-width: 381px) 100vw, 381px\" \/><\/a> <a href=\"https:\/\/blogsaverroes.juntadeandalucia.es\/alcaldeparrilladelara\/files\/2024\/05\/20240405_135212-rotated.jpg\"><img loading=\"lazy\" decoding=\"async\" class=\"alignnone  wp-image-3663\" src=\"https:\/\/blogsaverroes.juntadeandalucia.es\/alcaldeparrilladelara\/files\/2024\/05\/20240405_135212-rotated.jpg\" alt=\"\" width=\"381\" height=\"508\" srcset=\"https:\/\/blogsaverroes.juntadeandalucia.es\/alcaldeparrilladelara\/files\/2024\/05\/20240405_135212-rotated.jpg 1200w, https:\/\/blogsaverroes.juntadeandalucia.es\/alcaldeparrilladelara\/files\/2024\/05\/20240405_135212-225x300.jpg 225w, https:\/\/blogsaverroes.juntadeandalucia.es\/alcaldeparrilladelara\/files\/2024\/05\/20240405_135212-768x1024.jpg 768w, https:\/\/blogsaverroes.juntadeandalucia.es\/alcaldeparrilladelara\/files\/2024\/05\/20240405_135212-1152x1536.jpg 1152w, https:\/\/blogsaverroes.juntadeandalucia.es\/alcaldeparrilladelara\/files\/2024\/05\/20240405_135212-1536x2048.jpg 1536w\" sizes=\"(max-width: 381px) 100vw, 381px\" \/><\/a> <a href=\"https:\/\/blogsaverroes.juntadeandalucia.es\/alcaldeparrilladelara\/files\/2024\/05\/20240516_130744-rotated.jpg\"><img loading=\"lazy\" decoding=\"async\" class=\"alignnone  wp-image-3664\" src=\"https:\/\/blogsaverroes.juntadeandalucia.es\/alcaldeparrilladelara\/files\/2024\/05\/20240516_130744-rotated.jpg\" alt=\"\" width=\"378\" height=\"504\" srcset=\"https:\/\/blogsaverroes.juntadeandalucia.es\/alcaldeparrilladelara\/files\/2024\/05\/20240516_130744-rotated.jpg 1200w, https:\/\/blogsaverroes.juntadeandalucia.es\/alcaldeparrilladelara\/files\/2024\/05\/20240516_130744-225x300.jpg 225w, https:\/\/blogsaverroes.juntadeandalucia.es\/alcaldeparrilladelara\/files\/2024\/05\/20240516_130744-768x1024.jpg 768w, https:\/\/blogsaverroes.juntadeandalucia.es\/alcaldeparrilladelara\/files\/2024\/05\/20240516_130744-1152x1536.jpg 1152w, https:\/\/blogsaverroes.juntadeandalucia.es\/alcaldeparrilladelara\/files\/2024\/05\/20240516_130744-1536x2048.jpg 1536w\" sizes=\"(max-width: 378px) 100vw, 378px\" \/><\/a> <a href=\"https:\/\/blogsaverroes.juntadeandalucia.es\/alcaldeparrilladelara\/files\/2024\/05\/20240516_130751-rotated.jpg\"><img loading=\"lazy\" decoding=\"async\" class=\"alignnone  wp-image-3665\" src=\"https:\/\/blogsaverroes.juntadeandalucia.es\/alcaldeparrilladelara\/files\/2024\/05\/20240516_130751-rotated.jpg\" alt=\"\" width=\"382\" height=\"509\" srcset=\"https:\/\/blogsaverroes.juntadeandalucia.es\/alcaldeparrilladelara\/files\/2024\/05\/20240516_130751-rotated.jpg 1200w, https:\/\/blogsaverroes.juntadeandalucia.es\/alcaldeparrilladelara\/files\/2024\/05\/20240516_130751-225x300.jpg 225w, https:\/\/blogsaverroes.juntadeandalucia.es\/alcaldeparrilladelara\/files\/2024\/05\/20240516_130751-768x1024.jpg 768w, https:\/\/blogsaverroes.juntadeandalucia.es\/alcaldeparrilladelara\/files\/2024\/05\/20240516_130751-1152x1536.jpg 1152w, https:\/\/blogsaverroes.juntadeandalucia.es\/alcaldeparrilladelara\/files\/2024\/05\/20240516_130751-1536x2048.jpg 1536w\" sizes=\"(max-width: 382px) 100vw, 382px\" \/><\/a><\/p>\n<h2><span style=\"color: #ff6600\">(25\/1\/2024) Casita, mobiliario interior, mesa de pic-nic y c\u00e9sped.<\/span><\/h2>\n<p><a href=\"https:\/\/blogsaverroes.juntadeandalucia.es\/alcaldeparrilladelara\/files\/2024\/01\/20240125_114427-scaled.jpg\"><img loading=\"lazy\" decoding=\"async\" class=\"alignnone wp-image-3504\" src=\"https:\/\/blogsaverroes.juntadeandalucia.es\/alcaldeparrilladelara\/files\/2024\/01\/20240125_114427-scaled.jpg\" alt=\"\" width=\"386\" height=\"515\" srcset=\"https:\/\/blogsaverroes.juntadeandalucia.es\/alcaldeparrilladelara\/files\/2024\/01\/20240125_114427-scaled.jpg 1200w, https:\/\/blogsaverroes.juntadeandalucia.es\/alcaldeparrilladelara\/files\/2024\/01\/20240125_114427-225x300.jpg 225w, https:\/\/blogsaverroes.juntadeandalucia.es\/alcaldeparrilladelara\/files\/2024\/01\/20240125_114427-768x1024.jpg 768w, https:\/\/blogsaverroes.juntadeandalucia.es\/alcaldeparrilladelara\/files\/2024\/01\/20240125_114427-1152x1536.jpg 1152w, https:\/\/blogsaverroes.juntadeandalucia.es\/alcaldeparrilladelara\/files\/2024\/01\/20240125_114427-1536x2048.jpg 1536w\" sizes=\"(max-width: 386px) 100vw, 386px\" \/> <\/a><a href=\"https:\/\/blogsaverroes.juntadeandalucia.es\/alcaldeparrilladelara\/files\/2024\/01\/1706527853995-scaled.jpg\"><img loading=\"lazy\" decoding=\"async\" class=\"alignnone wp-image-3505\" src=\"https:\/\/blogsaverroes.juntadeandalucia.es\/alcaldeparrilladelara\/files\/2024\/01\/1706527853995-scaled.jpg\" alt=\"\" width=\"385\" height=\"514\" srcset=\"https:\/\/blogsaverroes.juntadeandalucia.es\/alcaldeparrilladelara\/files\/2024\/01\/1706527853995-scaled.jpg 1200w, https:\/\/blogsaverroes.juntadeandalucia.es\/alcaldeparrilladelara\/files\/2024\/01\/1706527853995-225x300.jpg 225w, https:\/\/blogsaverroes.juntadeandalucia.es\/alcaldeparrilladelara\/files\/2024\/01\/1706527853995-768x1024.jpg 768w, https:\/\/blogsaverroes.juntadeandalucia.es\/alcaldeparrilladelara\/files\/2024\/01\/1706527853995-1152x1536.jpg 1152w, https:\/\/blogsaverroes.juntadeandalucia.es\/alcaldeparrilladelara\/files\/2024\/01\/1706527853995-1536x2048.jpg 1536w\" sizes=\"(max-width: 385px) 100vw, 385px\" \/><\/a><\/p>\n<h2><span style=\"color: #ff6600\">(21\/9\/2023) Rinc\u00f3n de lectura: Bibliopatio.<\/span><\/h2>\n<p><a href=\"https:\/\/blogsaverroes.juntadeandalucia.es\/alcaldeparrilladelara\/files\/2024\/02\/20240205_121036-1-scaled.jpg\"><img loading=\"lazy\" decoding=\"async\" class=\"alignnone wp-image-3513\" src=\"https:\/\/blogsaverroes.juntadeandalucia.es\/alcaldeparrilladelara\/files\/2024\/02\/20240205_121036-1-scaled.jpg\" alt=\"\" width=\"797\" height=\"598\" srcset=\"https:\/\/blogsaverroes.juntadeandalucia.es\/alcaldeparrilladelara\/files\/2024\/02\/20240205_121036-1-scaled.jpg 1600w, https:\/\/blogsaverroes.juntadeandalucia.es\/alcaldeparrilladelara\/files\/2024\/02\/20240205_121036-1-300x225.jpg 300w, https:\/\/blogsaverroes.juntadeandalucia.es\/alcaldeparrilladelara\/files\/2024\/02\/20240205_121036-1-1024x768.jpg 1024w, https:\/\/blogsaverroes.juntadeandalucia.es\/alcaldeparrilladelara\/files\/2024\/02\/20240205_121036-1-768x576.jpg 768w, https:\/\/blogsaverroes.juntadeandalucia.es\/alcaldeparrilladelara\/files\/2024\/02\/20240205_121036-1-1536x1152.jpg 1536w, https:\/\/blogsaverroes.juntadeandalucia.es\/alcaldeparrilladelara\/files\/2024\/02\/20240205_121036-1-2048x1536.jpg 2048w\" sizes=\"(max-width: 797px) 100vw, 797px\" \/><\/a><\/p>\n<h2><span style=\"color: #ff6600\">(16\/5\/2023) Cocinitas y mesa del Rinc\u00f3n de juego simb\u00f3lico.<\/span><\/h2>\n<p><a href=\"https:\/\/blogsaverroes.juntadeandalucia.es\/alcaldeparrilladelara\/files\/2024\/01\/20240.jpg\"><img loading=\"lazy\" decoding=\"async\" class=\"alignnone wp-image-3507\" src=\"https:\/\/blogsaverroes.juntadeandalucia.es\/alcaldeparrilladelara\/files\/2024\/01\/20240.jpg\" alt=\"\" width=\"373\" height=\"299\" srcset=\"https:\/\/blogsaverroes.juntadeandalucia.es\/alcaldeparrilladelara\/files\/2024\/01\/20240.jpg 1600w, https:\/\/blogsaverroes.juntadeandalucia.es\/alcaldeparrilladelara\/files\/2024\/01\/20240-300x240.jpg 300w, https:\/\/blogsaverroes.juntadeandalucia.es\/alcaldeparrilladelara\/files\/2024\/01\/20240-1024x821.jpg 1024w, https:\/\/blogsaverroes.juntadeandalucia.es\/alcaldeparrilladelara\/files\/2024\/01\/20240-768x615.jpg 768w, https:\/\/blogsaverroes.juntadeandalucia.es\/alcaldeparrilladelara\/files\/2024\/01\/20240-1536x1231.jpg 1536w\" sizes=\"(max-width: 373px) 100vw, 373px\" \/>&nbsp;<\/a><a href=\"https:\/\/blogsaverroes.juntadeandalucia.es\/alcaldeparrilladelara\/files\/2024\/01\/1706528235705-scaled.jpg\"><img loading=\"lazy\" decoding=\"async\" class=\"alignnone wp-image-3506\" src=\"https:\/\/blogsaverroes.juntadeandalucia.es\/alcaldeparrilladelara\/files\/2024\/01\/1706528235705-scaled.jpg\" alt=\"\" width=\"399\" height=\"300\" srcset=\"https:\/\/blogsaverroes.juntadeandalucia.es\/alcaldeparrilladelara\/files\/2024\/01\/1706528235705-scaled.jpg 1600w, https:\/\/blogsaverroes.juntadeandalucia.es\/alcaldeparrilladelara\/files\/2024\/01\/1706528235705-300x225.jpg 300w, https:\/\/blogsaverroes.juntadeandalucia.es\/alcaldeparrilladelara\/files\/2024\/01\/1706528235705-1024x768.jpg 1024w, https:\/\/blogsaverroes.juntadeandalucia.es\/alcaldeparrilladelara\/files\/2024\/01\/1706528235705-768x576.jpg 768w, https:\/\/blogsaverroes.juntadeandalucia.es\/alcaldeparrilladelara\/files\/2024\/01\/1706528235705-1536x1152.jpg 1536w, https:\/\/blogsaverroes.juntadeandalucia.es\/alcaldeparrilladelara\/files\/2024\/01\/1706528235705-2048x1536.jpg 2048w\" sizes=\"(max-width: 399px) 100vw, 399px\" \/><\/a><\/p>\n<h2><span style=\"color: #ff6600\">(9\/5\/2023) Slackline ninja.<\/span><\/h2>\n<p><a href=\"https:\/\/blogsaverroes.juntadeandalucia.es\/alcaldeparrilladelara\/files\/2023\/05\/20230511_101502-scaled.jpg\"><img loading=\"lazy\" decoding=\"async\" class=\"alignnone wp-image-3167\" src=\"https:\/\/blogsaverroes.juntadeandalucia.es\/alcaldeparrilladelara\/files\/2023\/05\/20230511_101502-scaled.jpg\" alt=\"\" width=\"796\" height=\"597\" srcset=\"https:\/\/blogsaverroes.juntadeandalucia.es\/alcaldeparrilladelara\/files\/2023\/05\/20230511_101502-scaled.jpg 1600w, https:\/\/blogsaverroes.juntadeandalucia.es\/alcaldeparrilladelara\/files\/2023\/05\/20230511_101502-300x225.jpg 300w, https:\/\/blogsaverroes.juntadeandalucia.es\/alcaldeparrilladelara\/files\/2023\/05\/20230511_101502-1024x768.jpg 1024w, https:\/\/blogsaverroes.juntadeandalucia.es\/alcaldeparrilladelara\/files\/2023\/05\/20230511_101502-768x576.jpg 768w, https:\/\/blogsaverroes.juntadeandalucia.es\/alcaldeparrilladelara\/files\/2023\/05\/20230511_101502-1536x1152.jpg 1536w, https:\/\/blogsaverroes.juntadeandalucia.es\/alcaldeparrilladelara\/files\/2023\/05\/20230511_101502-2048x1536.jpg 2048w\" sizes=\"(max-width: 796px) 100vw, 796px\" \/><\/a><\/p>\n<h2><span style=\"color: #ff6600\">(27\/4\/2023) Bancos.<\/span><\/h2>\n<p><a href=\"https:\/\/blogsaverroes.juntadeandalucia.es\/alcaldeparrilladelara\/files\/2023\/05\/20230517_104859-scaled.jpg\"><img loading=\"lazy\" decoding=\"async\" class=\"alignnone wp-image-3165\" src=\"https:\/\/blogsaverroes.juntadeandalucia.es\/alcaldeparrilladelara\/files\/2023\/05\/20230517_104859-scaled.jpg\" alt=\"\" width=\"372\" height=\"279\" srcset=\"https:\/\/blogsaverroes.juntadeandalucia.es\/alcaldeparrilladelara\/files\/2023\/05\/20230517_104859-scaled.jpg 1600w, https:\/\/blogsaverroes.juntadeandalucia.es\/alcaldeparrilladelara\/files\/2023\/05\/20230517_104859-300x225.jpg 300w, https:\/\/blogsaverroes.juntadeandalucia.es\/alcaldeparrilladelara\/files\/2023\/05\/20230517_104859-1024x768.jpg 1024w, https:\/\/blogsaverroes.juntadeandalucia.es\/alcaldeparrilladelara\/files\/2023\/05\/20230517_104859-768x576.jpg 768w, https:\/\/blogsaverroes.juntadeandalucia.es\/alcaldeparrilladelara\/files\/2023\/05\/20230517_104859-1536x1152.jpg 1536w, https:\/\/blogsaverroes.juntadeandalucia.es\/alcaldeparrilladelara\/files\/2023\/05\/20230517_104859-2048x1536.jpg 2048w\" sizes=\"(max-width: 372px) 100vw, 372px\" \/><\/a> <a href=\"https:\/\/blogsaverroes.juntadeandalucia.es\/alcaldeparrilladelara\/files\/2023\/05\/20230517_104938-scaled.jpg\"><img loading=\"lazy\" decoding=\"async\" class=\"alignnone wp-image-3166\" src=\"https:\/\/blogsaverroes.juntadeandalucia.es\/alcaldeparrilladelara\/files\/2023\/05\/20230517_104938-scaled.jpg\" alt=\"\" width=\"371\" height=\"278\" srcset=\"https:\/\/blogsaverroes.juntadeandalucia.es\/alcaldeparrilladelara\/files\/2023\/05\/20230517_104938-scaled.jpg 1600w, https:\/\/blogsaverroes.juntadeandalucia.es\/alcaldeparrilladelara\/files\/2023\/05\/20230517_104938-300x225.jpg 300w, https:\/\/blogsaverroes.juntadeandalucia.es\/alcaldeparrilladelara\/files\/2023\/05\/20230517_104938-1024x768.jpg 1024w, https:\/\/blogsaverroes.juntadeandalucia.es\/alcaldeparrilladelara\/files\/2023\/05\/20230517_104938-768x576.jpg 768w, https:\/\/blogsaverroes.juntadeandalucia.es\/alcaldeparrilladelara\/files\/2023\/05\/20230517_104938-1536x1152.jpg 1536w, https:\/\/blogsaverroes.juntadeandalucia.es\/alcaldeparrilladelara\/files\/2023\/05\/20230517_104938-2048x1536.jpg 2048w\" sizes=\"(max-width: 371px) 100vw, 371px\" \/><\/a><\/p>\n<h2><span style=\"color: #ff6600\">(8\/3\/2023) Nueva entrada al colegio: la puerta violeta.<\/span><\/h2>\nngg_shortcode_0_placeholder\n<h2><span style=\"color: #ff6600\">(19\/10\/2022) \u00a1\u00a1YA TENEMOS ARENERO!!<\/span><\/h2>\nngg_shortcode_1_placeholder\n","protected":false},"excerpt":{"rendered":"<p>En este apartado iremos poniendo todas las novedades&nbsp; que vayan aconteciendo en el proceso de transformaci\u00f3n de nuestro patio. Pincha aqu\u00ed para ver qu\u00e9 pretendemos.&hellip;<\/p>\n","protected":false},"author":8437,"featured_media":0,"parent":0,"menu_order":0,"comment_status":"closed","ping_status":"closed","template":"","meta":{"ngg_post_thumbnail":0,"footnotes":"","_mc_calendar":[]},"aioseo_notices":[],"_links":{"self":[{"href":"https:\/\/blogsaverroes.juntadeandalucia.es\/alcaldeparrilladelara\/wp-json\/wp\/v2\/pages\/2567"}],"collection":[{"href":"https:\/\/blogsaverroes.juntadeandalucia.es\/alcaldeparrilladelara\/wp-json\/wp\/v2\/pages"}],"about":[{"href":"https:\/\/blogsaverroes.juntadeandalucia.es\/alcaldeparrilladelara\/wp-json\/wp\/v2\/types\/page"}],"author":[{"embeddable":true,"href":"https:\/\/blogsaverroes.juntadeandalucia.es\/alcaldeparrilladelara\/wp-json\/wp\/v2\/users\/8437"}],"replies":[{"embeddable":true,"href":"https:\/\/blogsaverroes.juntadeandalucia.es\/alcaldeparrilladelara\/wp-json\/wp\/v2\/comments?post=2567"}],"version-history":[{"count":19,"href":"https:\/\/blogsaverroes.juntadeandalucia.es\/alcaldeparrilladelara\/wp-json\/wp\/v2\/pages\/2567\/revisions"}],"predecessor-version":[{"id":3672,"href":"https:\/\/blogsaverroes.juntadeandalucia.es\/alcaldeparrilladelara\/wp-json\/wp\/v2\/pages\/2567\/revisions\/3672"}],"wp:attachment":[{"href":"https:\/\/blogsaverroes.juntadeandalucia.es\/alcaldeparrilladelara\/wp-json\/wp\/v2\/media?parent=2567"}],"curies":[{"name":"wp","href":"https:\/\/api.w.org\/{rel}","templated":true}]}}