{"id":3426,"date":"2023-11-21T11:44:59","date_gmt":"2023-11-21T10:44:59","guid":{"rendered":"https:\/\/blogsaverroes.juntadeandalucia.es\/alcaldeparrilladelara\/?page_id=3426"},"modified":"2023-11-21T11:46:50","modified_gmt":"2023-11-21T10:46:50","slug":"plan-de-igualdad","status":"publish","type":"page","link":"https:\/\/blogsaverroes.juntadeandalucia.es\/alcaldeparrilladelara\/plan-de-igualdad\/","title":{"rendered":"Presentaci\u00f3n"},"content":{"rendered":"<p style=\"text-align: center\">&nbsp;<\/p>\n<p><a href=\"https:\/\/www.canva.com\/design\/DAFzsCNBNso\/4bJfTBayolpH8zncSz2IMQ\/view?utm_content=DAFzsCNBNso&amp;utm_campaign=share_your_design&amp;utm_medium=link&amp;utm_source=shareyourdesignpanel\"><img loading=\"lazy\" decoding=\"async\" class=\"wp-image-3427 aligncenter\" src=\"https:\/\/blogsaverroes.juntadeandalucia.es\/alcaldeparrilladelara\/files\/2023\/11\/Copia-de-Plan.jpg\" alt=\"\" width=\"574\" height=\"323\" srcset=\"https:\/\/blogsaverroes.juntadeandalucia.es\/alcaldeparrilladelara\/files\/2023\/11\/Copia-de-Plan.jpg 1600w, https:\/\/blogsaverroes.juntadeandalucia.es\/alcaldeparrilladelara\/files\/2023\/11\/Copia-de-Plan-300x169.jpg 300w, https:\/\/blogsaverroes.juntadeandalucia.es\/alcaldeparrilladelara\/files\/2023\/11\/Copia-de-Plan-1024x576.jpg 1024w, https:\/\/blogsaverroes.juntadeandalucia.es\/alcaldeparrilladelara\/files\/2023\/11\/Copia-de-Plan-768x432.jpg 768w, https:\/\/blogsaverroes.juntadeandalucia.es\/alcaldeparrilladelara\/files\/2023\/11\/Copia-de-Plan-1536x864.jpg 1536w\" sizes=\"(max-width: 574px) 100vw, 574px\" \/><\/a><\/p>\n<p style=\"text-align: center\"><a href=\"https:\/\/www.canva.com\/design\/DAFzsCNBNso\/4bJfTBayolpH8zncSz2IMQ\/view?utm_content=DAFzsCNBNso&amp;utm_campaign=share_your_design&amp;utm_medium=link&amp;utm_source=shareyourdesignpanel\">Pincha en la imagen<\/a><\/p>\n<p>Educar en igualdad de oportunidades y la lucha contra la discriminaci\u00f3n hacia las mujeres, es una de las tareas principales a la que nos enfrentamos en la sociedad actual y por ello, una de las l\u00edneas principales de trabajo en nuestro centro, reflejada en nuestro Plan de Igualdad.<\/p>\n<p>&nbsp;<\/p>\n<p>Es de vital importancia abordar estas cuestiones desde edades muy tempranas y que nuestro alumnado se eduque en un entorno coeducativo. Supone implicar a toda nuestra comunidad educativa, partiendo de la coexistencia y la articulaci\u00f3n del profesorado, alumnado, las familias y la sociedad en general.<\/p>\n<p>&nbsp;<\/p>\n<p>El Plan de Igualdad entre hombres y mujeres de nuestro centro educativo supone un gran desaf\u00edo, pero tambi\u00e9n una gran oportunidad para crear una sociedad m\u00e1s justa e inclusiva.<\/p>\n<p>Es en la etapa de Educaci\u00f3n Infantil donde se comienza a formar la identidad de g\u00e9nero y aparecen los roles y estereotipos, siendo uno de nuestros objetivos que nuestro alumnado se forme en libertad e igualdad.<\/p>\n","protected":false},"excerpt":{"rendered":"<p>&nbsp; Pincha en la imagen Educar en igualdad de oportunidades y la lucha contra la discriminaci\u00f3n hacia las mujeres, es una de las tareas principales&hellip;<\/p>\n","protected":false},"author":8437,"featured_media":0,"parent":0,"menu_order":0,"comment_status":"closed","ping_status":"closed","template":"","meta":{"ngg_post_thumbnail":0,"footnotes":"","_mc_calendar":[]},"aioseo_notices":[],"_links":{"self":[{"href":"https:\/\/blogsaverroes.juntadeandalucia.es\/alcaldeparrilladelara\/wp-json\/wp\/v2\/pages\/3426"}],"collection":[{"href":"https:\/\/blogsaverroes.juntadeandalucia.es\/alcaldeparrilladelara\/wp-json\/wp\/v2\/pages"}],"about":[{"href":"https:\/\/blogsaverroes.juntadeandalucia.es\/alcaldeparrilladelara\/wp-json\/wp\/v2\/types\/page"}],"author":[{"embeddable":true,"href":"https:\/\/blogsaverroes.juntadeandalucia.es\/alcaldeparrilladelara\/wp-json\/wp\/v2\/users\/8437"}],"replies":[{"embeddable":true,"href":"https:\/\/blogsaverroes.juntadeandalucia.es\/alcaldeparrilladelara\/wp-json\/wp\/v2\/comments?post=3426"}],"version-history":[{"count":5,"href":"https:\/\/blogsaverroes.juntadeandalucia.es\/alcaldeparrilladelara\/wp-json\/wp\/v2\/pages\/3426\/revisions"}],"predecessor-version":[{"id":3434,"href":"https:\/\/blogsaverroes.juntadeandalucia.es\/alcaldeparrilladelara\/wp-json\/wp\/v2\/pages\/3426\/revisions\/3434"}],"wp:attachment":[{"href":"https:\/\/blogsaverroes.juntadeandalucia.es\/alcaldeparrilladelara\/wp-json\/wp\/v2\/media?parent=3426"}],"curies":[{"name":"wp","href":"https:\/\/api.w.org\/{rel}","templated":true}]}}