{"id":42,"date":"2015-03-13T08:40:47","date_gmt":"2015-03-13T08:40:47","guid":{"rendered":"http:\/\/blogsaverroes.juntadeandalucia.es\/pre\/ceip\/?page_id=42"},"modified":"2025-10-03T11:37:38","modified_gmt":"2025-10-03T09:37:38","slug":"equipo-directivo","status":"publish","type":"page","link":"https:\/\/blogsaverroes.juntadeandalucia.es\/alcaldeparrilladelara\/equipo-directivo\/","title":{"rendered":"Equipo directivo"},"content":{"rendered":"<h3><strong>Direcci\u00f3n:<\/strong><\/h3>\n<p>Susana Carrascosa Molina&nbsp;<\/p>\n<h3><strong>Jefatura de estudios:<\/strong><\/h3>\n<p>Mar\u00eda del Carmen Lozano Sanju\u00e1n.&nbsp; &nbsp; &nbsp; &nbsp; &nbsp; &nbsp; &nbsp; &nbsp; &nbsp; &nbsp; &nbsp; &nbsp; &nbsp; &nbsp; &nbsp; &nbsp; &nbsp; &nbsp; &nbsp; &nbsp; &nbsp; &nbsp; &nbsp; &nbsp; &nbsp; &nbsp; &nbsp; &nbsp; &nbsp; &nbsp; &nbsp; &nbsp; &nbsp; &nbsp; &nbsp; &nbsp; &nbsp; &nbsp; &nbsp; &nbsp; &nbsp; &nbsp; &nbsp; &nbsp; &nbsp; &nbsp; &nbsp; &nbsp; &nbsp; &nbsp; &nbsp; &nbsp; &nbsp; &nbsp; &nbsp; &nbsp; &nbsp; &nbsp; &nbsp;<\/p>\n<h3><strong>Secretar\u00eda:<\/strong><\/h3>\n<p>Jose Mercado Rodr\u00edguez.<\/p>\n<p>&nbsp;<\/p>\n<p style=\"text-align: left\"><strong>HORARIO DE DESPACHOS PARA ATENCI\u00d3N A LA COMUNIDAD EDUCATIVA<\/strong><\/p>\n<p>&nbsp;<\/p>\n<p>&nbsp;<\/p>\n","protected":false},"excerpt":{"rendered":"<p>Direcci\u00f3n: Susana Carrascosa Molina&nbsp; Jefatura de estudios: Mar\u00eda del Carmen Lozano Sanju\u00e1n.&nbsp; &nbsp; &nbsp; &nbsp; &nbsp; &nbsp; &nbsp; &nbsp; &nbsp; &nbsp; &nbsp; &nbsp; &nbsp; &nbsp;&hellip;<\/p>\n","protected":false},"author":1,"featured_media":0,"parent":0,"menu_order":0,"comment_status":"closed","ping_status":"open","template":"","meta":{"ngg_post_thumbnail":0,"footnotes":"","_mc_calendar":[]},"aioseo_notices":[],"_links":{"self":[{"href":"https:\/\/blogsaverroes.juntadeandalucia.es\/alcaldeparrilladelara\/wp-json\/wp\/v2\/pages\/42"}],"collection":[{"href":"https:\/\/blogsaverroes.juntadeandalucia.es\/alcaldeparrilladelara\/wp-json\/wp\/v2\/pages"}],"about":[{"href":"https:\/\/blogsaverroes.juntadeandalucia.es\/alcaldeparrilladelara\/wp-json\/wp\/v2\/types\/page"}],"author":[{"embeddable":true,"href":"https:\/\/blogsaverroes.juntadeandalucia.es\/alcaldeparrilladelara\/wp-json\/wp\/v2\/users\/1"}],"replies":[{"embeddable":true,"href":"https:\/\/blogsaverroes.juntadeandalucia.es\/alcaldeparrilladelara\/wp-json\/wp\/v2\/comments?post=42"}],"version-history":[{"count":13,"href":"https:\/\/blogsaverroes.juntadeandalucia.es\/alcaldeparrilladelara\/wp-json\/wp\/v2\/pages\/42\/revisions"}],"predecessor-version":[{"id":4145,"href":"https:\/\/blogsaverroes.juntadeandalucia.es\/alcaldeparrilladelara\/wp-json\/wp\/v2\/pages\/42\/revisions\/4145"}],"wp:attachment":[{"href":"https:\/\/blogsaverroes.juntadeandalucia.es\/alcaldeparrilladelara\/wp-json\/wp\/v2\/media?parent=42"}],"curies":[{"name":"wp","href":"https:\/\/api.w.org\/{rel}","templated":true}]}}