{"id":1,"date":"2014-12-08T10:28:21","date_gmt":"2014-12-08T10:28:21","guid":{"rendered":"http:\/\/jmoragahc.wordpress.com\/?page_id=1"},"modified":"2014-12-08T10:28:21","modified_gmt":"2014-12-08T10:28:21","slug":"acerca-de","status":"publish","type":"page","link":"https:\/\/blogsaverroes.juntadeandalucia.es\/aldeacordoba\/?page_id=1","title":{"rendered":"Acerca de este blog"},"content":{"rendered":"<p style=\"text-align:justify\">El objetivo de este blog es servir de apoyo a las clases de Historia del Mundo Contempor\u00e1neo de 1\u00ba de Bachillerato. Los materiales de esta p\u00e1gina est\u00e1n publicados con un objetivo exclusivamente educativo. Algunos de estos materiales son originales y en este caso, ser\u00e1n de\u00a0<a href=\"https:\/\/docs.google.com\/file\/d\/0B6yu1sJ81uS-d0hseFlmVzVKWE0\/edit?usp=sharing\">Dominio P\u00fablico<\/a>. Otros materiales son obras producidas por otros autores que aparecer\u00e1n siempre referenciados (autor, fuente de la publicaci\u00f3n, fecha). Si alguno de estos autores no quiere que se reproduzca su trabajo, puede pedir su retirada.<\/p>\n<p>&nbsp;<\/p>\n","protected":false},"excerpt":{"rendered":"<p>El objetivo de este blog es servir de apoyo a las clases de Historia del Mundo Contempor\u00e1neo de 1\u00ba de Bachillerato. Los materiales de esta p\u00e1gina est\u00e1n publicados con un objetivo exclusivamente educativo. Algunos de estos materiales son originales y en este caso, ser\u00e1n de\u00a0Dominio P\u00fablico. Otros materiales son obras producidas por otros autores que &hellip; <a href=\"https:\/\/blogsaverroes.juntadeandalucia.es\/aldeacordoba\/?page_id=1\" class=\"more-link\">Continuar leyendo<span class=\"screen-reader-text\"> \u00abAcerca de este blog\u00bb<\/span><\/a><\/p>\n","protected":false},"author":168,"featured_media":0,"parent":0,"menu_order":0,"comment_status":"open","ping_status":"open","template":"","meta":{"ngg_post_thumbnail":0,"footnotes":""},"aioseo_notices":[],"_links":{"self":[{"href":"https:\/\/blogsaverroes.juntadeandalucia.es\/aldeacordoba\/index.php?rest_route=\/wp\/v2\/pages\/1"}],"collection":[{"href":"https:\/\/blogsaverroes.juntadeandalucia.es\/aldeacordoba\/index.php?rest_route=\/wp\/v2\/pages"}],"about":[{"href":"https:\/\/blogsaverroes.juntadeandalucia.es\/aldeacordoba\/index.php?rest_route=\/wp\/v2\/types\/page"}],"author":[{"embeddable":true,"href":"https:\/\/blogsaverroes.juntadeandalucia.es\/aldeacordoba\/index.php?rest_route=\/wp\/v2\/users\/168"}],"replies":[{"embeddable":true,"href":"https:\/\/blogsaverroes.juntadeandalucia.es\/aldeacordoba\/index.php?rest_route=%2Fwp%2Fv2%2Fcomments&post=1"}],"version-history":[{"count":0,"href":"https:\/\/blogsaverroes.juntadeandalucia.es\/aldeacordoba\/index.php?rest_route=\/wp\/v2\/pages\/1\/revisions"}],"wp:attachment":[{"href":"https:\/\/blogsaverroes.juntadeandalucia.es\/aldeacordoba\/index.php?rest_route=%2Fwp%2Fv2%2Fmedia&parent=1"}],"curies":[{"name":"wp","href":"https:\/\/api.w.org\/{rel}","templated":true}]}}