{"id":214,"date":"2014-09-08T16:11:19","date_gmt":"2014-09-08T16:11:19","guid":{"rendered":"http:\/\/geohistoria92.260mb.net\/wp\/?page_id=2"},"modified":"2014-09-08T16:11:19","modified_gmt":"2014-09-08T16:11:19","slug":"sample-page","status":"publish","type":"page","link":"https:\/\/blogsaverroes.juntadeandalucia.es\/aldeacordoba\/?page_id=214","title":{"rendered":"U 01. Antiguo R\u00e9gimen"},"content":{"rendered":"<p><strong>\u00bfQU\u00c9 ES EL ANTIGUO R\u00c9GIMEN?.<\/strong><\/p>\n<blockquote><p>El t\u00e9rmino <strong><em>Antiguo R\u00e9gimen<\/em><\/strong> se utiliza por primera vez durante la Revoluci\u00f3n Francesa para referirse al per\u00edodo hist\u00f3rico anterior a la etapa revolucionaria y har\u00eda referencia al conjunto de estructuras econ\u00f3micas, pol\u00edticas, sociales e ideol\u00f3gicas propias de la Europa de los siglos XVI al XVIII.<\/p><\/blockquote>\n<p><strong>REVIVIENDO EL ANTIGUO R\u00c9GIMEN.<br \/>\n<\/strong><br \/>\n[youtube http:\/\/www.youtube.com\/watch?v=yqM0ZKftKqg]<\/p>\n<p><strong>UN V\u00cdDEO RESUMEN<\/strong><\/p>\n<p>[youtube http:\/\/www.youtube.com\/watch?v=scTlzGgavr0]<\/p>\n<p>&nbsp;<\/p>\n<hr \/>\n<p><strong>MAPAS CONCEPTUALES.<\/strong><\/p>\n<p>Fuente: <a href=\"http:\/\/www.claseshistoria.com\">http:\/\/www.claseshistoria.com<\/a><br \/>\n<a href=\"http:\/\/www.claseshistoria.com\/c-maps\/mapa-antiguoregimen.jpg\" target=\"_blank\" rel=\"noopener noreferrer\"><img loading=\"lazy\" decoding=\"async\" class=\"aligncenter\" src=\"http:\/\/www.claseshistoria.com\/c-maps\/mapa-antiguoregimen.jpg\" alt=\"\" width=\"816\" height=\"1138\" \/><\/a><\/p>\n<hr \/>\n<p>&nbsp;<\/p>\n<p>[slideshare id=5090547&amp;w=599&amp;h=487&amp;style=border: 1px solid #CCC; border-width: 1px; margin-bottom: 5px; max-width: 100%;&amp;sc=no]<\/p>\n<div style=\"margin-bottom:5px\"><strong> <a title=\"T.1. Antiguo R\u00e9gimen\" href=\"https:\/\/www.slideshare.net\/isabelmoratal\/t1-antiguo-rgimen-5090547\" target=\"_blank\" rel=\"noopener noreferrer\">T.1. Antiguo R\u00e9gimen<\/a> <\/strong> from <strong><a href=\"http:\/\/www.slideshare.net\/isabelmoratal\" target=\"_blank\" rel=\"noopener noreferrer\">Isabel Moratal<\/a><\/strong><\/div>\n<div style=\"margin-bottom:5px\">\n<hr \/>\n<p><strong>ACTIVIDADES DE AUTOEVALUACI\u00d3N<\/strong><\/p>\n<\/div>\n<p><a href=\"http:\/\/www.quizrevolution.com\/act96191\/mini\/go\/quiz_sobre_el_antiguo_r%26eacute%3Bgimen\">http:\/\/www.quizrevolution.com\/act96191\/mini\/go\/quiz_sobre_el_antiguo_r%26eacute%3Bgimen<\/a><\/p>\n<p><!--more--><\/p>\n<p>&nbsp;<\/p>\n","protected":false},"excerpt":{"rendered":"<p>\u00bfQU\u00c9 ES EL ANTIGUO R\u00c9GIMEN?. El t\u00e9rmino Antiguo R\u00e9gimen se utiliza por primera vez durante la Revoluci\u00f3n Francesa para referirse al per\u00edodo hist\u00f3rico anterior a la etapa revolucionaria y har\u00eda referencia al conjunto de estructuras econ\u00f3micas, pol\u00edticas, sociales e ideol\u00f3gicas propias de la Europa de los siglos XVI al XVIII. REVIVIENDO EL ANTIGUO R\u00c9GIMEN. [youtube &hellip; <a href=\"https:\/\/blogsaverroes.juntadeandalucia.es\/aldeacordoba\/?page_id=214\" class=\"more-link\">Continuar leyendo<span class=\"screen-reader-text\"> \u00abU 01. Antiguo R\u00e9gimen\u00bb<\/span><\/a><\/p>\n","protected":false},"author":168,"featured_media":0,"parent":0,"menu_order":0,"comment_status":"open","ping_status":"open","template":"","meta":{"ngg_post_thumbnail":0,"footnotes":""},"aioseo_notices":[],"_links":{"self":[{"href":"https:\/\/blogsaverroes.juntadeandalucia.es\/aldeacordoba\/index.php?rest_route=\/wp\/v2\/pages\/214"}],"collection":[{"href":"https:\/\/blogsaverroes.juntadeandalucia.es\/aldeacordoba\/index.php?rest_route=\/wp\/v2\/pages"}],"about":[{"href":"https:\/\/blogsaverroes.juntadeandalucia.es\/aldeacordoba\/index.php?rest_route=\/wp\/v2\/types\/page"}],"author":[{"embeddable":true,"href":"https:\/\/blogsaverroes.juntadeandalucia.es\/aldeacordoba\/index.php?rest_route=\/wp\/v2\/users\/168"}],"replies":[{"embeddable":true,"href":"https:\/\/blogsaverroes.juntadeandalucia.es\/aldeacordoba\/index.php?rest_route=%2Fwp%2Fv2%2Fcomments&post=214"}],"version-history":[{"count":1,"href":"https:\/\/blogsaverroes.juntadeandalucia.es\/aldeacordoba\/index.php?rest_route=\/wp\/v2\/pages\/214\/revisions"}],"predecessor-version":[{"id":1456,"href":"https:\/\/blogsaverroes.juntadeandalucia.es\/aldeacordoba\/index.php?rest_route=\/wp\/v2\/pages\/214\/revisions\/1456"}],"wp:attachment":[{"href":"https:\/\/blogsaverroes.juntadeandalucia.es\/aldeacordoba\/index.php?rest_route=%2Fwp%2Fv2%2Fmedia&parent=214"}],"curies":[{"name":"wp","href":"https:\/\/api.w.org\/{rel}","templated":true}]}}