{"id":163,"date":"2020-07-24T13:21:03","date_gmt":"2020-07-24T11:21:03","guid":{"rendered":"https:\/\/blogsaverroes.juntadeandalucia.es\/aldeamalaga\/?page_id=163"},"modified":"2020-07-24T13:21:03","modified_gmt":"2020-07-24T11:21:03","slug":"consejeria-web-del-programa","status":"publish","type":"page","link":"https:\/\/blogsaverroes.juntadeandalucia.es\/aldeamalaga\/consejeria-web-del-programa\/","title":{"rendered":"Consejer\u00eda. Web del programa"},"content":{"rendered":"<p><img loading=\"lazy\" decoding=\"async\" class=\"alignnone size-full wp-image-165 aligncenter\" src=\"https:\/\/blogsaverroes.juntadeandalucia.es\/aldeamalaga\/files\/2020\/07\/Screenshot_2020-07-24-Programas-para-la-Innovaci\u00f3n-Educativa-Consejer\u00eda-de-Educaci\u00f3n-y-Deporte.png\" alt=\"\" width=\"287\" height=\"250\" srcset=\"https:\/\/blogsaverroes.juntadeandalucia.es\/aldeamalaga\/files\/2020\/07\/Screenshot_2020-07-24-Programas-para-la-Innovaci\u00f3n-Educativa-Consejer\u00eda-de-Educaci\u00f3n-y-Deporte.png 287w, https:\/\/blogsaverroes.juntadeandalucia.es\/aldeamalaga\/files\/2020\/07\/Screenshot_2020-07-24-Programas-para-la-Innovaci\u00f3n-Educativa-Consejer\u00eda-de-Educaci\u00f3n-y-Deporte-24x21.png 24w, https:\/\/blogsaverroes.juntadeandalucia.es\/aldeamalaga\/files\/2020\/07\/Screenshot_2020-07-24-Programas-para-la-Innovaci\u00f3n-Educativa-Consejer\u00eda-de-Educaci\u00f3n-y-Deporte-36x31.png 36w, https:\/\/blogsaverroes.juntadeandalucia.es\/aldeamalaga\/files\/2020\/07\/Screenshot_2020-07-24-Programas-para-la-Innovaci\u00f3n-Educativa-Consejer\u00eda-de-Educaci\u00f3n-y-Deporte-48x42.png 48w\" sizes=\"(max-width: 287px) 100vw, 287px\" \/><\/p>\n<h3>Acceso a la informaci\u00f3n del Programa Aldea en la Web de la Consejer\u00eda de Educaci\u00f3n y Deporte.<\/h3>\n<p>https:\/\/portals.ced.junta-andalucia.es\/educacion\/portals\/web\/ced\/planesyprogramas\/educacion-ambiental<\/p>\n","protected":false},"excerpt":{"rendered":"<p>Acceso a la informaci\u00f3n del Programa Aldea en la Web de la Consejer\u00eda de Educaci\u00f3n y Deporte. https:\/\/portals.ced.junta-andalucia.es\/educacion\/portals\/web\/ced\/planesyprogramas\/educacion-ambiental<\/p>\n","protected":false},"author":8217,"featured_media":0,"parent":0,"menu_order":0,"comment_status":"closed","ping_status":"closed","template":"","meta":{"ngg_post_thumbnail":0,"footnotes":""},"aioseo_notices":[],"_links":{"self":[{"href":"https:\/\/blogsaverroes.juntadeandalucia.es\/aldeamalaga\/wp-json\/wp\/v2\/pages\/163"}],"collection":[{"href":"https:\/\/blogsaverroes.juntadeandalucia.es\/aldeamalaga\/wp-json\/wp\/v2\/pages"}],"about":[{"href":"https:\/\/blogsaverroes.juntadeandalucia.es\/aldeamalaga\/wp-json\/wp\/v2\/types\/page"}],"author":[{"embeddable":true,"href":"https:\/\/blogsaverroes.juntadeandalucia.es\/aldeamalaga\/wp-json\/wp\/v2\/users\/8217"}],"replies":[{"embeddable":true,"href":"https:\/\/blogsaverroes.juntadeandalucia.es\/aldeamalaga\/wp-json\/wp\/v2\/comments?post=163"}],"version-history":[{"count":1,"href":"https:\/\/blogsaverroes.juntadeandalucia.es\/aldeamalaga\/wp-json\/wp\/v2\/pages\/163\/revisions"}],"predecessor-version":[{"id":166,"href":"https:\/\/blogsaverroes.juntadeandalucia.es\/aldeamalaga\/wp-json\/wp\/v2\/pages\/163\/revisions\/166"}],"wp:attachment":[{"href":"https:\/\/blogsaverroes.juntadeandalucia.es\/aldeamalaga\/wp-json\/wp\/v2\/media?parent=163"}],"curies":[{"name":"wp","href":"https:\/\/api.w.org\/{rel}","templated":true}]}}