{"id":244,"date":"2020-10-07T09:08:43","date_gmt":"2020-10-07T07:08:43","guid":{"rendered":"https:\/\/blogsaverroes.juntadeandalucia.es\/aldeamalaga\/?page_id=244"},"modified":"2021-11-17T14:27:30","modified_gmt":"2021-11-17T13:27:30","slug":"educacion-vial","status":"publish","type":"page","link":"https:\/\/blogsaverroes.juntadeandalucia.es\/aldeamalaga\/educacion-vial\/","title":{"rendered":"Recursos DGT"},"content":{"rendered":"<p><span style=\"font-size: 14pt\"><strong>Enlaces a recursos:<\/strong><\/span><\/p>\n<p>Recursos y programas educativos para <strong>ni\u00f1os y ni\u00f1as<\/strong> sobre la Educaci\u00f3n Vial en general con actividades y materiales que engloban y tratan las distintas formas de desplazarse (a pie, en coche, autob\u00fas, bicicleta). Con material espec\u00edfico para cada una de estas formas de moverse. En:<\/p>\n<p><a href=\"https:\/\/www.dgt.es\/conoce-la-dgt\/que-hacemos\/educacion-vial\/educacion-vial-para-la-infancia\/index.html#64519cfe-8541-11ea-bb32-005056a48f82-01179__1_\">Educaci\u00f3n vial para la infancia<\/a><\/p>\n<p>Recursos para <strong>adolescentes y j\u00f3venes<\/strong>:<\/p>\n<p><a href=\"https:\/\/www.dgt.es\/conoce-la-dgt\/que-hacemos\/educacion-vial\/educacion-vial-para-adolescentes-y-jovenes\/\">Educaci\u00f3n vial para adolescentes y j\u00f3venes<\/a><\/p>\n<div id=\"64519cfe-8541-11ea-bb32-005056a48f82-01240__1_\" class=\"text\" data-status=\"1\">\n<h3><span style=\"font-size: 12pt\">Programa STARS<\/span><\/h3>\n<p>El proyecto europeo STARS (Acreditaci\u00f3n y Reconocimiento de Desplazamientos Sostenibles para Colegios), tiene como objeto animar y premiar a los centros educativos que fomentan entre sus alumnos los desplazamientos sostenibles y seguros, tanto a pie como en bicicleta. Dirigido a&nbsp;centros de primaria, secundaria y bachillerato: Alumnos desde los 6 a los 19 a\u00f1os, pero adem\u00e1s a toda la comunidad educativa: padres, profesores, equipos directivos y personal no docente.<\/p>\n<\/div>\n<div id=\"64519cfe-8541-11ea-bb32-005056a48f82-01240__2_\" class=\"text\" data-status=\"2\">\n<p>Para poder participar y formar parte del programa STARS, un coordinador del centro educativo debe acreditar al colegio y ser el responsable de actualizar los datos a lo largo de cada curso escolar.<\/p>\n<p>M\u00e1s informaci\u00f3n en:<\/p>\n<\/div>\n<p><a href=\"https:\/\/www.dgt.es\/conoce-la-dgt\/que-hacemos\/educacion-vial\/programa-stars\/index.html#\">STARS<\/a><\/p>\n<p><img decoding=\"async\" src=\"https:\/\/www.dgt.es\/export\/sites\/web-DGT\/.galleries\/Images\/conoce-la-dgt\/que-hacemos\/educacion_vial\/jovenes\/curricular.jpg_119104690.jpg\"><\/p>\n","protected":false},"excerpt":{"rendered":"<p>Enlaces a recursos: Recursos y programas educativos para ni\u00f1os y ni\u00f1as sobre la Educaci\u00f3n Vial en general con actividades y materiales que engloban y tratan las distintas formas de desplazarse (a pie, en coche,&#46;&#46;&#46;<\/p>\n","protected":false},"author":8217,"featured_media":0,"parent":0,"menu_order":0,"comment_status":"closed","ping_status":"closed","template":"","meta":{"ngg_post_thumbnail":0,"footnotes":""},"aioseo_notices":[],"_links":{"self":[{"href":"https:\/\/blogsaverroes.juntadeandalucia.es\/aldeamalaga\/wp-json\/wp\/v2\/pages\/244"}],"collection":[{"href":"https:\/\/blogsaverroes.juntadeandalucia.es\/aldeamalaga\/wp-json\/wp\/v2\/pages"}],"about":[{"href":"https:\/\/blogsaverroes.juntadeandalucia.es\/aldeamalaga\/wp-json\/wp\/v2\/types\/page"}],"author":[{"embeddable":true,"href":"https:\/\/blogsaverroes.juntadeandalucia.es\/aldeamalaga\/wp-json\/wp\/v2\/users\/8217"}],"replies":[{"embeddable":true,"href":"https:\/\/blogsaverroes.juntadeandalucia.es\/aldeamalaga\/wp-json\/wp\/v2\/comments?post=244"}],"version-history":[{"count":24,"href":"https:\/\/blogsaverroes.juntadeandalucia.es\/aldeamalaga\/wp-json\/wp\/v2\/pages\/244\/revisions"}],"predecessor-version":[{"id":678,"href":"https:\/\/blogsaverroes.juntadeandalucia.es\/aldeamalaga\/wp-json\/wp\/v2\/pages\/244\/revisions\/678"}],"wp:attachment":[{"href":"https:\/\/blogsaverroes.juntadeandalucia.es\/aldeamalaga\/wp-json\/wp\/v2\/media?parent=244"}],"curies":[{"name":"wp","href":"https:\/\/api.w.org\/{rel}","templated":true}]}}