{"id":26,"date":"2019-12-16T13:15:21","date_gmt":"2019-12-16T12:15:21","guid":{"rendered":"https:\/\/blogsaverroes.juntadeandalucia.es\/aldeamalaga\/?page_id=26"},"modified":"2020-08-07T10:31:53","modified_gmt":"2020-08-07T08:31:53","slug":"contacta","status":"publish","type":"page","link":"https:\/\/blogsaverroes.juntadeandalucia.es\/aldeamalaga\/contacta\/","title":{"rendered":"CONTACTA"},"content":{"rendered":"<p>Coordinadora de los&nbsp; Programas&nbsp; ALDEA y&nbsp; H\u00c1BITOS DE VIDA SALUDABLE&nbsp; en la D.T. de Educaci\u00f3n y Deporte en M\u00e1laga<\/p>\n<p>M. T\u00edscar Mart\u00ednez Rodr\u00edguez<\/p>\n<p>ambitomedioambiental.dpma.ced@juntadeandalucia.es<\/p>\n<p>ambitosalud.dpma.ced@juntadeandalucia.es<\/p>\n<p>&nbsp;<\/p>\n<p>Tel\u00e9fono: 951038434 \/938434<\/p>\n<p>&nbsp;<\/p>\n","protected":false},"excerpt":{"rendered":"<p>Coordinadora de los&nbsp; Programas&nbsp; ALDEA y&nbsp; H\u00c1BITOS DE VIDA SALUDABLE&nbsp; en la D.T. de Educaci\u00f3n y Deporte en M\u00e1laga M. T\u00edscar Mart\u00ednez Rodr\u00edguez ambitomedioambiental.dpma.ced@juntadeandalucia.es ambitosalud.dpma.ced@juntadeandalucia.es &nbsp; Tel\u00e9fono: 951038434 \/938434 &nbsp;<\/p>\n","protected":false},"author":8217,"featured_media":0,"parent":0,"menu_order":0,"comment_status":"closed","ping_status":"closed","template":"","meta":{"ngg_post_thumbnail":0,"footnotes":""},"aioseo_notices":[],"_links":{"self":[{"href":"https:\/\/blogsaverroes.juntadeandalucia.es\/aldeamalaga\/wp-json\/wp\/v2\/pages\/26"}],"collection":[{"href":"https:\/\/blogsaverroes.juntadeandalucia.es\/aldeamalaga\/wp-json\/wp\/v2\/pages"}],"about":[{"href":"https:\/\/blogsaverroes.juntadeandalucia.es\/aldeamalaga\/wp-json\/wp\/v2\/types\/page"}],"author":[{"embeddable":true,"href":"https:\/\/blogsaverroes.juntadeandalucia.es\/aldeamalaga\/wp-json\/wp\/v2\/users\/8217"}],"replies":[{"embeddable":true,"href":"https:\/\/blogsaverroes.juntadeandalucia.es\/aldeamalaga\/wp-json\/wp\/v2\/comments?post=26"}],"version-history":[{"count":5,"href":"https:\/\/blogsaverroes.juntadeandalucia.es\/aldeamalaga\/wp-json\/wp\/v2\/pages\/26\/revisions"}],"predecessor-version":[{"id":186,"href":"https:\/\/blogsaverroes.juntadeandalucia.es\/aldeamalaga\/wp-json\/wp\/v2\/pages\/26\/revisions\/186"}],"wp:attachment":[{"href":"https:\/\/blogsaverroes.juntadeandalucia.es\/aldeamalaga\/wp-json\/wp\/v2\/media?parent=26"}],"curies":[{"name":"wp","href":"https:\/\/api.w.org\/{rel}","templated":true}]}}