{"id":56,"date":"2020-07-07T11:54:58","date_gmt":"2020-07-07T09:54:58","guid":{"rendered":"https:\/\/blogsaverroes.juntadeandalucia.es\/aldeamalaga\/?page_id=56"},"modified":"2020-07-07T11:54:58","modified_gmt":"2020-07-07T09:54:58","slug":"certificacion","status":"publish","type":"page","link":"https:\/\/blogsaverroes.juntadeandalucia.es\/aldeamalaga\/certificacion\/","title":{"rendered":"Certificaci\u00f3n"},"content":{"rendered":"<header class=\"\">\n<h2 class=\"titulo\">C\u00f3mo certificar la participaci\u00f3n<\/h2>\n<\/header>\n<div class=\"contenido_detalle\">\n<div class=\"wrapper_fecha\">\n<p class=\"fecha fecha_novedad\">El <strong>reconocimiento profesional del profesorado<\/strong>&nbsp;responsable de la coordinaci\u00f3n de los Programas Educativos, as\u00ed como del profesorado participante en los mismos se obtiene cada a\u00f1o a trav\u00e9s de la certificaci\u00f3n de la participaci\u00f3n en los mismos.<\/p>\n<\/div>\n<section class=\"cuerpo detalle_html\">\n<div class=\"inner_cuerpo\">\n<ol>\n<li><strong>Los centros educativos<\/strong>&nbsp;<strong>s\u00f3lo&nbsp;<\/strong>tendr\u00e1n que<strong>&nbsp;firmar digitalment<\/strong>e un&nbsp;<strong>Acta de certificaci\u00f3n de la participaci\u00f3n del profesorado.<\/strong><\/li>\n<li><strong>La Administraci\u00f3n Educativa:<\/strong>\n<ol>\n<li><strong>Firmar\u00e1 digitalmente<\/strong>&nbsp;el certificado de cada participante.<\/li>\n<li><strong>Lo remitir\u00e1 al buz\u00f3n de correo de s\u00e9neca<\/strong>&nbsp;de cada participante transcurrido un breve periodo de tiempo.<\/li>\n<li><strong>Cargar\u00e1 autom\u00e1ticamente en el sistema de gesti\u00f3n de recursos humanos&nbsp;<\/strong>(SIRhUSE) esta certificaci\u00f3n como un m\u00e9rito en su correspondiente apartado.<\/li>\n<\/ol>\n<\/li>\n<\/ol>\n<p class=\"marco\">El procedimiento<\/p>\n<ul>\n<li>Los Servicios Centrales de la Consejer\u00eda comprobar\u00e1n el&nbsp;<strong>cumplimiento de todos los requisitos de formaci\u00f3n, seguimiento y evaluaci\u00f3n <\/strong>que sean exigidos de acuerdo a las caracter\u00edsticas singulares de cada programa. Los requisitos necesarios para los programas de cada nivel son los siguientes:<\/li>\n<\/ul>\n<table border=\"1\" cellspacing=\"0\" cellpadding=\"4\" align=\"center\">\n<colgroup><\/colgroup>\n<tbody>\n<tr>\n<td><strong>NIVELES<\/strong><\/td>\n<td><strong>REQUISITOS<\/strong><\/td>\n<\/tr>\n<tr>\n<td><strong>NIVEL 1<\/strong><\/p>\n<p><strong>(P1)<\/strong><\/td>\n<td>\n<ol>\n<li>Realizaci\u00f3n de la&nbsp;<strong>Memoria Final<\/strong>&nbsp;de Evaluaci\u00f3n en S\u00e9neca.<\/li>\n<li>Participaci\u00f3n, al menos durante&nbsp;<strong>seis meses<\/strong>&nbsp;en el programa.<\/li>\n<li>Participaci\u00f3n en las&nbsp;<strong>actividades formativas<\/strong>&nbsp;obligatorias.<\/li>\n<li>Cumplimentaci\u00f3n del&nbsp;<strong>cuestionario de seguimiento<\/strong>.<\/li>\n<li>Superaci\u00f3n satisfactoria de los formularios de seguimiento de la&nbsp;<strong>participaci\u00f3n individualizada<\/strong>&nbsp;del profesorado. Se realizar\u00e1 autom\u00e1ticamente un&nbsp;<strong>promedio de las valoraciones <\/strong>individuales&nbsp;que se hayan obtenido a lo largo del curso en los formularios de seguimiento, de forma que quienes que no hayan superado el 50% de la puntuaci\u00f3n estimada no podr\u00e1n obtener certificaci\u00f3n.<\/li>\n<li>Presentaci\u00f3n en S\u00e9neca del&nbsp;<strong>Plan de Actuaci\u00f3n.<\/strong><\/li>\n<\/ol>\n<\/td>\n<\/tr>\n<tr>\n<td><strong>NIVEL 2<\/strong><\/p>\n<p><strong>(P2)<\/strong><\/td>\n<td>\n<ol>\n<li>Realizaci\u00f3n de la&nbsp;<strong>Memoria Final<\/strong>&nbsp;de Evaluaci\u00f3n en S\u00e9neca.<\/li>\n<li>Participaci\u00f3n, al menos durante&nbsp;<strong>seis meses&nbsp;<\/strong>en el programa.<\/li>\n<li>Participaci\u00f3n en las&nbsp;<strong>actividades formativas<\/strong>&nbsp;obligatorias.<\/li>\n<li>Cumplimentaci\u00f3n del&nbsp;<strong>cuestionario de seguimiento<\/strong>.<\/li>\n<li>Presentaci\u00f3n en S\u00e9neca del&nbsp;<strong>Plan de Actuaci\u00f3n.<\/strong><\/li>\n<\/ol>\n<\/td>\n<\/tr>\n<tr>\n<td><strong>NIVEL 3<\/strong><\/p>\n<p><strong>(P3)<\/strong><\/td>\n<td>\n<ol>\n<li value=\"1\">Realizaci\u00f3n de la&nbsp;<strong>Memoria Final<\/strong>&nbsp;de Evaluaci\u00f3n en S\u00e9neca.<\/li>\n<li>Participaci\u00f3n, al menos durante<strong>&nbsp;seis meses&nbsp;<\/strong>en el programa.<\/li>\n<\/ol>\n<\/td>\n<\/tr>\n<\/tbody>\n<\/table>\n<ul>\n<li><strong>Una vez comprobados los datos cada centro podr\u00e1 certificar la participaci\u00f3n del profesorado.<\/strong><\/li>\n<li>Para ello,&nbsp;<strong>la persona que coordine o sea responsable de un programa<\/strong>&nbsp;educativo cumplimentar\u00e1 el&nbsp;<strong>acta de certificaci\u00f3n del profesorado participante&nbsp;<\/strong>en el mismo. El director o directora del centro dar\u00e1 su visto bueno a la misma.\n<ul>\n<li>El acta de certificaci\u00f3n de la participaci\u00f3n se encontrar\u00e1 en Documentos \/ Centro \/ Planes y Proyectos Educativos \/Programas para la Innovaci\u00f3n Educativa \/ Acta de certificaci\u00f3n del profesorado participante.<\/li>\n<li>Para elaborarla, se seleccionar\u00e1 de la lista del profesorado inscrito en el programa, a quienes hayan participado efectivamente en \u00e9l. Al confirmar esta selecci\u00f3n se generar\u00e1 autom\u00e1ticamente el&nbsp;<strong>acta en&nbsp;<\/strong>formato&nbsp;<strong>pdf&nbsp;<\/strong>que ser\u00e1<strong> firmada electronicamente<\/strong>&nbsp;por quien ejerza la&nbsp;<strong>coordinaci\u00f3n<\/strong>, con el&nbsp;<strong>visto bueno del director o la directora<\/strong>&nbsp;del centro.\n<ul>\n<li>Para ambas<strong>&nbsp;firmas electr\u00f3nicas<\/strong>&nbsp;se ha habilitado la posibilidad de firmar mediante la&nbsp;tarjeta<strong>&nbsp;<a href=\"https:\/\/www.juntadeandalucia.es\/educacion\/apl\/dipa\/login.cmd\" target=\"_blank\" rel=\"noopener noreferrer\">D.I.P.A<\/a>&nbsp;<\/strong>por su agilidad y facilidad t\u00e9cnica.\n<ul>\n<li><a href=\"https:\/\/www.juntadeandalucia.es\/educacion\/apl\/dipa\/docs\/Ayuda_DIPA_v8.pdf\" target=\"_blank\" rel=\"noopener noreferrer\">https:\/\/www.juntadeandalucia.es\/educacion\/apl\/dipa\/docs\/Ayuda_DIPA_v8.pdf<\/a><\/li>\n<\/ul>\n<\/li>\n<li>Es necesario que el profesorado que coordine alg\u00fan programa y no disponga de este documento pida informaci\u00f3n a la direcci\u00f3n de su centro o lo solicite el siguiente enlace:\n<ul>\n<li><a href=\"https:\/\/www.juntadeandalucia.es\/educacion\/apl\/dipa\" target=\"_blank\" rel=\"noopener noreferrer\">https:\/\/www.juntadeandalucia.es\/educacion\/apl\/dipa<\/a><\/li>\n<\/ul>\n<\/li>\n<li>Informaci\u00f3n para incidencias sobre solicitud de la tarjeta:<\/li>\n<li><strong><a href=\"http:\/\/www.juntadeandalucia.es\/educacion\/portalseneca\/web\/cauce\/inicio\" target=\"_blank\" rel=\"noopener noreferrer\">www.juntadeandalucia.es\/educacion\/portalseneca\/web\/cauce\/inicio<\/a><\/strong><\/li>\n<li>En el&nbsp;<strong>caso del profesorado que no pueda disponer de dicha tarjeta<\/strong>&nbsp;con las coordenadas de firma (profesorado de centros privados, profesorado sustituto, etc,) la firma&nbsp;<strong>se har\u00e1 con el certificado digital convencional.<\/strong><\/li>\n<\/ul>\n<\/li>\n<li>Una vez&nbsp;<strong>firmada el acta<\/strong>, por ambos, el centro ya no tiene que realizar ninguna operaci\u00f3n.<\/li>\n<\/ul>\n<\/li>\n<\/ul>\n<ul>\n<li>En los&nbsp;<strong>Servicios Centrales de la Consejer\u00eda<\/strong>&nbsp;se&nbsp;<strong>generar\u00e1n&nbsp;<\/strong>y&nbsp;<strong>firmar\u00e1n digitalmente los certificados<\/strong>&nbsp;para que tengan validez ante otros organismos y as\u00ed evitar esta gesti\u00f3n a los centros docentes.<\/li>\n<li>En un breve periodo de tiempo los certificados ser\u00e1n<strong>&nbsp;remitidos al buz\u00f3n de correo de S\u00e9neca de cada interesado:&nbsp;<\/strong>\n<ul>\n<li><strong>\u200b<\/strong><strong>S\u00e9neca \/ Utilidades \/ Comunicaciones \/ Bandeja de entrada<\/strong><\/li>\n<\/ul>\n<\/li>\n<li>Asimismo la&nbsp;<strong>participaci\u00f3n ser\u00e1 registrada en el sistema de gesti\u00f3n de recursos humanos<\/strong>&nbsp;(SIRhUSE), de forma que sea tenida en cuenta en el curr\u00edculum de cada profesional.<\/li>\n<\/ul>\n<p class=\"marco\">El plazo<\/p>\n<ul>\n<li>El plazo para generar las actas de participaci\u00f3n comenzar\u00e1 el&nbsp;<strong>15 de mayo.<\/strong><\/li>\n<li><strong>Se podr\u00e1n grabar cuando se hayan cumplido todos los requisitos necesarios<\/strong>, y&nbsp;se hayan hecho las comprobaciones pertinentes en el Sistema S\u00e9neca. Este proceso puede durar algunos d\u00edas.<\/li>\n<li>Es preciso&nbsp;<strong>firmarlas antes del 31 de agosto<\/strong>&nbsp;ya que a partir de esa fecha finaliza la vigencia de los periodos de coordinaci\u00f3n de los distintos programas y las personas que ejerzan esa responsabilidad ya no podr\u00e1n generarlas.<\/li>\n<li><u>Es aconsejable que los&nbsp;<strong>coordinadores y coordinadoras interinos<\/strong>&nbsp;realicen este proceso&nbsp;<strong>antes del 30 de junio,&nbsp;<\/strong>fecha de finalizaci\u00f3n de la vigencia de su perfil de coordinaci\u00f3n.<\/u><\/li>\n<\/ul>\n<div class=\"tituloCajaColorJunta\"><a href=\"http:\/\/portals.ced.junta-andalucia.es\/educacion\/portals\/web\/ced\/planesyprogramas\/gestion-en-seneca\/contenidos\/-\/novedades\/detalle\/Z5Mb1eJHabvF\/instrucciones-para-la-certificacion-de-la-participacion-paso-a-paso\" target=\"_blank\" rel=\"noopener noreferrer\">A continuaci\u00f3n puede seguir el proceso para generaci\u00f3n de las actas de certificaci\u00f3n paso a paso.<\/a><\/div>\n<\/div>\n<\/section>\n<section class=\"section_widget_abaco contenidos cont_relacionados_normativa\">\n<header>\n<h1 class=\"titulo\">Contenidos relacionados<\/h1>\n<\/header>\n<div class=\"wrapper-listado\">\n<ul class=\"listado\">\n<li class=\"item item_listado\">\n<div class=\"inner-item\">&nbsp;<a title=\"Ir al contenido relacionado\" href=\"https:\/\/www.juntadeandalucia.es\/educacion\/portals\/web\/ced\/planesyprogramas\/gestion-en-seneca\/contenidos\/-\/novedades\/detalle\/Z5Mb1eJHabvF\/instrucciones-para-la-certificacion-de-la-participacion-paso-a-paso\">Certificaci\u00f3n paso a paso<\/a>&nbsp;<\/div>\n<\/li>\n<li class=\"item item_listado\">\n<div class=\"inner-item\"><a title=\"Ir al contenido relacionado\" href=\"https:\/\/www.juntadeandalucia.es\/educacion\/portals\/web\/ced\/planesyprogramas\/gestion-en-seneca\/contenidos\/-\/novedades\/detalle\/Z5Mb1eJHabvF\/verificacion-de-archivos-firmados-en-seneca\">Verificar archivos firmado<\/a><\/div>\n<\/li>\n<\/ul>\n<\/div>\n<\/section>\n<\/div>\n","protected":false},"excerpt":{"rendered":"<p>C\u00f3mo certificar la participaci\u00f3n El reconocimiento profesional del profesorado&nbsp;responsable de la coordinaci\u00f3n de los Programas Educativos, as\u00ed como del profesorado participante en los mismos se obtiene cada a\u00f1o a trav\u00e9s de la certificaci\u00f3n de&#46;&#46;&#46;<\/p>\n","protected":false},"author":8217,"featured_media":0,"parent":0,"menu_order":0,"comment_status":"closed","ping_status":"closed","template":"","meta":{"ngg_post_thumbnail":0,"footnotes":""},"aioseo_notices":[],"_links":{"self":[{"href":"https:\/\/blogsaverroes.juntadeandalucia.es\/aldeamalaga\/wp-json\/wp\/v2\/pages\/56"}],"collection":[{"href":"https:\/\/blogsaverroes.juntadeandalucia.es\/aldeamalaga\/wp-json\/wp\/v2\/pages"}],"about":[{"href":"https:\/\/blogsaverroes.juntadeandalucia.es\/aldeamalaga\/wp-json\/wp\/v2\/types\/page"}],"author":[{"embeddable":true,"href":"https:\/\/blogsaverroes.juntadeandalucia.es\/aldeamalaga\/wp-json\/wp\/v2\/users\/8217"}],"replies":[{"embeddable":true,"href":"https:\/\/blogsaverroes.juntadeandalucia.es\/aldeamalaga\/wp-json\/wp\/v2\/comments?post=56"}],"version-history":[{"count":1,"href":"https:\/\/blogsaverroes.juntadeandalucia.es\/aldeamalaga\/wp-json\/wp\/v2\/pages\/56\/revisions"}],"predecessor-version":[{"id":57,"href":"https:\/\/blogsaverroes.juntadeandalucia.es\/aldeamalaga\/wp-json\/wp\/v2\/pages\/56\/revisions\/57"}],"wp:attachment":[{"href":"https:\/\/blogsaverroes.juntadeandalucia.es\/aldeamalaga\/wp-json\/wp\/v2\/media?parent=56"}],"curies":[{"name":"wp","href":"https:\/\/api.w.org\/{rel}","templated":true}]}}