{"id":59,"date":"2020-07-07T12:16:24","date_gmt":"2020-07-07T10:16:24","guid":{"rendered":"https:\/\/blogsaverroes.juntadeandalucia.es\/aldeamalaga\/?page_id=59"},"modified":"2020-11-25T10:53:15","modified_gmt":"2020-11-25T09:53:15","slug":"inscripcion","status":"publish","type":"page","link":"https:\/\/blogsaverroes.juntadeandalucia.es\/aldeamalaga\/inscripcion\/","title":{"rendered":"Inscripci\u00f3n"},"content":{"rendered":"<header class=\"\">\n<h2 id=\"detalle_como-inscribirse-en-los-programas-a-traves-de-seneca\" class=\"titulo\">C\u00f3mo inscribirse<\/h2>\n<\/header>\n<div class=\"contenido_detalle\">\n<section class=\"cuerpo detalle_html\">\n<div class=\"inner_cuerpo\">\n<p class=\"marco\">Plazo de inscripci\u00f3n<\/p>\n<ul>\n<li><strong>El plazo de inscripci\u00f3n es del 1 al 30 de septiembre, ambos inclusive<\/strong>.<\/li>\n<li>Este plazo ser\u00e1 <strong>improrrogable<\/strong>.<\/li>\n<li>Algunos programas tienen periodos de actualizaci\u00f3n espec\u00edficos. Esos casos se especifican en la informaci\u00f3n correspondiente de cada programa.<\/li>\n<\/ul>\n<p class=\"marco\">Formularios<\/p>\n<div>Se encuentran en S\u00e9neca en: <strong>Centro \/ Planes y Proyectos Educativos \/ Programas para la Innovaci\u00f3n \/ Solicitud programas<\/strong>.<\/div>\n<div>A cada centro le aparecen los programas que puede solicitar en funci\u00f3n del alumnado matriculado en el mismo.<\/div>\n<div>&nbsp;<\/div>\n<p class=\"marco\">Proceso de inscripci\u00f3n<\/p>\n<div>\n<div>Se reduce a 3 pasos b\u00e1sicos pero ineludibles:<\/div>\n<div>&nbsp;<\/div>\n<p class=\"marco\">1\u00ba: Solicitud del programa<\/p>\n<div>\n<ul>\n<li>El <strong>equipo directivo <\/strong>del centro <strong>solicita <\/strong>todos aquellos programas que vaya a realizar en la pantalla de Solicitud, <strong>indicando<\/strong>, asimismo, el nombre de la <strong>persona que coordinar\u00e1<\/strong> cada programa educativo.<\/li>\n<li>A continuaci\u00f3n <strong>asignar\u00e1 <\/strong>a estas personas el <strong>perfil <\/strong>de \u00ab<strong>Coordinador de Programa Educativo<\/strong>\u00bb para que puedan realizar el resto de las gestiones administrativas.<\/li>\n<\/ul>\n<\/div>\n<div>\n<p class=\"marco\">2\u00ba: Formulario del programa<\/p>\n<\/div>\n<ul>\n<li>El profesorado que haya sido nombrado <strong>coordinador cumplimentar\u00e1 el formulario<\/strong> espec\u00edfico de cada programa.<\/li>\n<\/ul>\n<p class=\"marco\">3\u00ba: La participaci\u00f3n<\/p>\n<ul>\n<li>La persona que ejerce la <strong>coordinaci\u00f3n registrar\u00e1 la participaci\u00f3n de todos los sectores de la comunidad educativa<\/strong> en el programa correspondiente.<\/li>\n<li>Este apartado es imprescindible y no se considerar\u00e1n correctas aquellas solicitudes que no incluyan el n\u00famero de participantes de cada sector. A trav\u00e9s de \u00e9l se refleja la implicaci\u00f3n en el proyecto, el alcance de las actuaciones o los materiales did\u00e1cticos que necesita el centro. La participaci\u00f3n se encuentra categorizada por sectores: alumnado, profesorado, coordinaci\u00f3n&#8230;, y su selecci\u00f3n se realiza con listas desplegables que contienen los nombres del personal del centro.<\/li>\n<li>Del sector alumnado se podr\u00e1n seleccionar los cursos y unidades a los que se dirige cada programa. La persona encargada de la grabaci\u00f3n seleccionar\u00e1 la unidad y marcar\u00e1 los alumnos y alumnas de dicha unidad que vayan a participar en el programa, bien de forma individual o bien la unidad completa.<\/li>\n<li>El profesorado aparecer\u00e1 en listados con los nombres de la plantilla del centro, donde se seleccionar\u00e1n los participantes. De entre los seleccionados se elegir\u00e1, posteriormente, a la persona encargada de la coordinaci\u00f3n.<\/li>\n<\/ul>\n<p>&nbsp;<\/p>\n<p><a class=\"related_abaco_web\" href=\"https:\/\/portals.ced.junta-andalucia.es\/educacion\/portals\/web\/ced\/planesyprogramas\/gestion-en-seneca\/contenidos\/-\/contenidos\/detalle\/instrucciones-para-la-inscripcion-paso-a-paso-4\" target=\"_self\" rel=\"noopener noreferrer\">Instrucciones para la inscripci\u00f3n en S\u00e9neca<\/a><\/p>\n<ul>\n<li><a href=\"https:\/\/youtu.be\/-fbjq9uDWpc\" target=\"_blank\" rel=\"noopener noreferrer\">V\u00eddeo tutorial para Inscripci\u00f3n en los Programas para la Innovaci\u00f3n Educativa<\/a><\/li>\n<\/ul>\n<\/div>\n<\/div>\n<\/section>\n<\/div>\n","protected":false},"excerpt":{"rendered":"<p>C\u00f3mo inscribirse Plazo de inscripci\u00f3n El plazo de inscripci\u00f3n es del 1 al 30 de septiembre, ambos inclusive. Este plazo ser\u00e1 improrrogable. Algunos programas tienen periodos de actualizaci\u00f3n espec\u00edficos. Esos casos se especifican en&#46;&#46;&#46;<\/p>\n","protected":false},"author":8217,"featured_media":0,"parent":0,"menu_order":0,"comment_status":"closed","ping_status":"closed","template":"","meta":{"ngg_post_thumbnail":0,"footnotes":""},"aioseo_notices":[],"_links":{"self":[{"href":"https:\/\/blogsaverroes.juntadeandalucia.es\/aldeamalaga\/wp-json\/wp\/v2\/pages\/59"}],"collection":[{"href":"https:\/\/blogsaverroes.juntadeandalucia.es\/aldeamalaga\/wp-json\/wp\/v2\/pages"}],"about":[{"href":"https:\/\/blogsaverroes.juntadeandalucia.es\/aldeamalaga\/wp-json\/wp\/v2\/types\/page"}],"author":[{"embeddable":true,"href":"https:\/\/blogsaverroes.juntadeandalucia.es\/aldeamalaga\/wp-json\/wp\/v2\/users\/8217"}],"replies":[{"embeddable":true,"href":"https:\/\/blogsaverroes.juntadeandalucia.es\/aldeamalaga\/wp-json\/wp\/v2\/comments?post=59"}],"version-history":[{"count":2,"href":"https:\/\/blogsaverroes.juntadeandalucia.es\/aldeamalaga\/wp-json\/wp\/v2\/pages\/59\/revisions"}],"predecessor-version":[{"id":313,"href":"https:\/\/blogsaverroes.juntadeandalucia.es\/aldeamalaga\/wp-json\/wp\/v2\/pages\/59\/revisions\/313"}],"wp:attachment":[{"href":"https:\/\/blogsaverroes.juntadeandalucia.es\/aldeamalaga\/wp-json\/wp\/v2\/media?parent=59"}],"curies":[{"name":"wp","href":"https:\/\/api.w.org\/{rel}","templated":true}]}}