{"id":67,"date":"2020-07-07T12:30:55","date_gmt":"2020-07-07T10:30:55","guid":{"rendered":"https:\/\/blogsaverroes.juntadeandalucia.es\/aldeamalaga\/?page_id=67"},"modified":"2020-11-25T10:50:49","modified_gmt":"2020-11-25T09:50:49","slug":"programas-para-la-innovacion-educativa","status":"publish","type":"page","link":"https:\/\/blogsaverroes.juntadeandalucia.es\/aldeamalaga\/programas-para-la-innovacion-educativa\/","title":{"rendered":"Programas para la Innovaci\u00f3n Educativa"},"content":{"rendered":"<p>Del 1 al 30 de septiembre&nbsp;est\u00e1 abierto el periodo para&nbsp;<strong><a href=\"https:\/\/www.juntadeandalucia.es\/educacion\/portals\/web\/ced\/planesyprogramas\/gestion-en-seneca\/contenidos\/-\/contenidos\/detalle\/como-inscribirse-en-los-programas-a-traves-de-seneca\" target=\"_blank\" rel=\"noopener noreferrer\">solicitar<\/a><\/strong>&nbsp;los&nbsp;<strong><a href=\"https:\/\/www.juntadeandalucia.es\/educacion\/webportal\/web\/planes-y-programas\/planes-y-programas-vigentes\" target=\"_blank\" rel=\"noopener noreferrer\">Programas para la Innovaci\u00f3n Educativa<\/a><\/strong>&nbsp;regulados por las<\/p>\n<p>&nbsp;<a href=\"http:\/\/www.juntadeandalucia.es\/educacion\/webportal\/web\/planes-y-programas\/novedades\/-\/contenidos\/detalle\/instrucciones-de-30-de-junio-de-2014-de-la-secretaria-general-de-educacion-sobre-programas-3\" target=\"_blank\" rel=\"noopener noreferrer\">Instrucciones de 30 de junio de 2014 de la Secretar\u00eda General de Educaci\u00f3n<\/a>, y las&nbsp;<a href=\"http:\/\/www.juntadeandalucia.es\/educacion\/webportal\/web\/planes-y-programas\/novedades\/-\/contenidos\/detalle\/instrucciones-de-15-de-julio-de-2015-complementarias-a-las-instrucciones-de-30-de-junio-de-2014\" target=\"_blank\" rel=\"noopener noreferrer\">Instrucciones Complementarias&nbsp;de 15 de julio de 2015 de la Secretar\u00eda General de Educaci\u00f3n y Formaci\u00f3n Profesional<\/a>.<\/p>\n<p>&nbsp;<\/p>\n<ul>\n<li><strong><a class=\"icopdf\" title=\"Resoluci\u00f3n de 3 de julio de 2020 de Convocatoria de Programas para la Innovaci\u00f3n Educativa (Resoluci\u00f3n 3 julio Convocatoria Programas 2020_21.pdf)\" href=\"https:\/\/portals.ced.junta-andalucia.es\/educacion\/portals\/ishare-servlet\/content\/e6c49bc1-b9f8-4b76-8561-6af9bc0bdd35\" target=\"_blank\" rel=\"noopener noreferrer\">Resoluci\u00f3n de 3 de julio de 2020 de Convocatoria de Programas para la Innovaci\u00f3n Educativa.pdf<\/a><\/strong><\/li>\n<li><a class=\"related_abaco_web\" href=\"https:\/\/portals.ced.junta-andalucia.es\/educacion\/portals\/web\/ced\/planesyprogramas\/gestion-en-seneca\/-\/libre\/detalle\/PsqO1x7o3PbC\/como-inscribirse-en-los-programas-a-traves-de-seneca\" target=\"_self\" rel=\"noopener noreferrer\">Inscripci\u00f3n en los Programas Educativos<\/a><\/li>\n<li><a class=\"related_abaco_web\" href=\"https:\/\/portals.ced.junta-andalucia.es\/educacion\/portals\/web\/ced\/planesyprogramas\/gestion-en-seneca\/-\/libre\/detalle\/PsqO1x7o3PbC\/instrucciones-para-la-inscripcion-paso-a-paso-4\" target=\"_self\" rel=\"noopener noreferrer\">El proceso de inscripci\u00f3n paso a paso<\/a><\/li>\n<li><a class=\"related_abaco_web\" href=\"https:\/\/portals.ced.junta-andalucia.es\/educacion\/portals\/web\/ced\/planesyprogramas\/gestion-en-seneca\/-\/libre\/detalle\/PsqO1x7o3PbC\/programas-para-la-innovacion-educativa-2020\" target=\"_self\" rel=\"noopener noreferrer\">Programas para la Innovaci\u00f3n Educativa 2020-2021<\/a>\n<ul>\n<li><a href=\"https:\/\/youtu.be\/KvO8zoVRezM\" target=\"_blank\" rel=\"noopener noreferrer\">V\u00eddeo Programas para la Innovaci\u00f3n Educativa 2020-2021<\/a><\/li>\n<li><a href=\"https:\/\/youtu.be\/IZth6co4iz8\" target=\"_blank\" rel=\"noopener noreferrer\">Recorrido gr\u00e1fico por los Programas de Innovaci\u00f3n Educativa<\/a><\/li>\n<li><a href=\"https:\/\/youtu.be\/-fbjq9uDWpc\" target=\"_blank\" rel=\"noopener noreferrer\">C\u00f3mo solicitar los Programas para la Innovaci\u00f3n Educativa<\/a><\/li>\n<\/ul>\n<\/li>\n<\/ul>\n<p><img decoding=\"async\" title=\"Cat\u00e1logo Programas Educativos 2020_2021 (Portada cat\u00e1logo PPIE 2020_2021.png)\" src=\"https:\/\/portals.ced.junta-andalucia.es\/educacion\/portals\/ishare-servlet\/content\/e77cbb3d-78a3-45f0-8e32-fea64cc0c636\" alt=\"Cat\u00e1logo Programas Educativos 2020_2021 (Portada cat\u00e1logo PPIE 2020_2021.png)\"><\/p>\n<p><a class=\"icopdf\" href=\"https:\/\/portals.ced.junta-andalucia.es\/educacion\/portals\/ishare-servlet\/content\/cf29c6de-20bf-4382-81cc-b54c6c219913\" target=\"_blank\" rel=\"noopener noreferrer\">Programas para la Innovaci\u00f3n Educativa 2020-2021.pdf<\/a><\/p>\n","protected":false},"excerpt":{"rendered":"<p>Del 1 al 30 de septiembre&nbsp;est\u00e1 abierto el periodo para&nbsp;solicitar&nbsp;los&nbsp;Programas para la Innovaci\u00f3n Educativa&nbsp;regulados por las &nbsp;Instrucciones de 30 de junio de 2014 de la Secretar\u00eda General de Educaci\u00f3n, y las&nbsp;Instrucciones Complementarias&nbsp;de 15 de&#46;&#46;&#46;<\/p>\n","protected":false},"author":8217,"featured_media":0,"parent":0,"menu_order":0,"comment_status":"closed","ping_status":"closed","template":"","meta":{"ngg_post_thumbnail":0,"footnotes":""},"aioseo_notices":[],"_links":{"self":[{"href":"https:\/\/blogsaverroes.juntadeandalucia.es\/aldeamalaga\/wp-json\/wp\/v2\/pages\/67"}],"collection":[{"href":"https:\/\/blogsaverroes.juntadeandalucia.es\/aldeamalaga\/wp-json\/wp\/v2\/pages"}],"about":[{"href":"https:\/\/blogsaverroes.juntadeandalucia.es\/aldeamalaga\/wp-json\/wp\/v2\/types\/page"}],"author":[{"embeddable":true,"href":"https:\/\/blogsaverroes.juntadeandalucia.es\/aldeamalaga\/wp-json\/wp\/v2\/users\/8217"}],"replies":[{"embeddable":true,"href":"https:\/\/blogsaverroes.juntadeandalucia.es\/aldeamalaga\/wp-json\/wp\/v2\/comments?post=67"}],"version-history":[{"count":6,"href":"https:\/\/blogsaverroes.juntadeandalucia.es\/aldeamalaga\/wp-json\/wp\/v2\/pages\/67\/revisions"}],"predecessor-version":[{"id":312,"href":"https:\/\/blogsaverroes.juntadeandalucia.es\/aldeamalaga\/wp-json\/wp\/v2\/pages\/67\/revisions\/312"}],"wp:attachment":[{"href":"https:\/\/blogsaverroes.juntadeandalucia.es\/aldeamalaga\/wp-json\/wp\/v2\/media?parent=67"}],"curies":[{"name":"wp","href":"https:\/\/api.w.org\/{rel}","templated":true}]}}