{"id":70,"date":"2020-07-07T12:57:19","date_gmt":"2020-07-07T10:57:19","guid":{"rendered":"https:\/\/blogsaverroes.juntadeandalucia.es\/aldeamalaga\/?page_id=70"},"modified":"2020-11-25T10:55:17","modified_gmt":"2020-11-25T09:55:17","slug":"como-hacer-el-seguimiento","status":"publish","type":"page","link":"https:\/\/blogsaverroes.juntadeandalucia.es\/aldeamalaga\/como-hacer-el-seguimiento\/","title":{"rendered":"C\u00f3mo hacer el seguimiento"},"content":{"rendered":"<header class=\"\">\n<h2 id=\"detalle_seguimiento-de-los-programas-educativos-1\" class=\"titulo\">C\u00f3mo hacer el seguimiento<\/h2>\n<\/header>\n<div class=\"contenido_detalle\">\n<section class=\"cuerpo detalle_html\">\n<div class=\"inner_cuerpo\">\n<p>Los Programas Educativos regulados por las Instrucciones de 30 junio de 2014 de la Secretar\u00eda General de Educaci\u00f3n y la Resoluci\u00f3n de 5 de julio de 2019, de la Direcci\u00f3n General de Formaci\u00f3n del Profesorado e Innovaci\u00f3n Educativa, requieren, para su correcto desarrollo, el seguimiento de las actividades que se llevan a cabo en los centros educativos con el fin de valorar el trabajo realizado hasta el momento. Para ello se han dispuesto en el sistema S\u00e9neca los respectivos formularios &nbsp;que corresponden a los distintos niveles de los programas.<\/p>\n<ul>\n<li><strong>Programas de nivel 1 P1: Formulario de seguimiento y Formulario de seguimiento del profesorado.<\/strong><\/li>\n<li><strong>Programas de nivel 2 P2: Formulario de seguimiento.<\/strong><\/li>\n<li><em>Programas de nivel 3 P3: No tienen seguimiento.<\/em><\/li>\n<\/ul>\n<p class=\"marco\">La <strong>cumplimentaci\u00f3n <\/strong>de los formularios:<\/p>\n<ul>\n<li><strong>Es obligatoria&nbsp;<\/strong>para todos los centros que quieran obtener posteriormente una certificaci\u00f3n de la participaci\u00f3n en dichos programas y ser\u00e1 tenida en cuenta a la hora de realizar dicha certificaci\u00f3n.<\/li>\n<li><strong>Le corresponde realizarla a la persona que ejerce la coordinaci\u00f3n<\/strong> de los mismos, para lo cual habr\u00e1 de tener asigando el perfil de coordinaci\u00f3n de programa educativo en S\u00e9neca.<\/li>\n<li>Tiene de&nbsp;<strong>plazo <\/strong>para realizarla<strong> desde el 1 de febrero hasta el 5 de marzo de 2020.<\/strong><\/li>\n<li>Se har\u00e1 en la siguiente ruta: Centro \/ Planes y Proyectos Educativos \/ Programas para la Innovaci\u00f3n en situaci\u00f3n de: Vigente (Programa) \/<strong> Seguimiento<\/strong><\/li>\n<\/ul>\n<p class=\"marco\"><strong><a href=\"http:\/\/www.juntadeandalucia.es\/educacion\/webportal\/web\/planes-y-programas\/seguimiento-paso-a-paso\" target=\"_blank\" rel=\"noopener noreferrer\">El proceso de seguimiento paso a paso<\/a><\/strong><\/p>\n<p>&nbsp;<\/p>\n<p><strong>Nota<\/strong>: <em>Al finalizar el curso, el profesorado que ejerce la coordinaci\u00f3n de estos programas educativos habr\u00e1 de <strong>firmar digitalmente las actas de certificaci\u00f3n <\/strong>de la participaci\u00f3n, para lo cual se recomienda usar la <a href=\"http:\/\/www.juntadeandalucia.es\/educacion\/apl\/dipa\/\" target=\"_blank\" rel=\"noopener noreferrer\"><strong>tarjeta <\/strong>del profesorado (<strong>DIPA<\/strong>)<\/a>, por ello recordamos que la soliciten con la antelaci\u00f3n suficiente.<\/em><\/p>\n<\/div>\n<\/section>\n<section class=\"section_widget_abaco contenidos cont_relacionados_normativa\">\n<header>\n<h1 class=\"titulo\">Contenidos relacionados<\/h1>\n<\/header>\n<div class=\"wrapper-listado vista_listado\">\n<ul class=\"listado\">\n<li class=\"item item_listado\">\n<div class=\"inner-item\">\n<div class=\"item_icon ico_web\">Icono descriptivo<\/div>\n<p><a title=\"Ir a: Seguimiento paso a paso\" href=\"https:\/\/portals.ced.junta-andalucia.es\/educacion\/portals\/web\/ced\/contenidos\/-\/contenidos\/detalle\/instrucciones-para-el-seguimiento-paso-a-paso\" target=\"_self\" rel=\"noopener noreferrer\"> Seguimiento paso a paso <\/a><\/p>\n<\/div>\n<\/li>\n<\/ul>\n<\/div>\n<\/section>\n<\/div>\n","protected":false},"excerpt":{"rendered":"<p>C\u00f3mo hacer el seguimiento Los Programas Educativos regulados por las Instrucciones de 30 junio de 2014 de la Secretar\u00eda General de Educaci\u00f3n y la Resoluci\u00f3n de 5 de julio de 2019, de la Direcci\u00f3n&#46;&#46;&#46;<\/p>\n","protected":false},"author":8217,"featured_media":0,"parent":0,"menu_order":0,"comment_status":"closed","ping_status":"closed","template":"","meta":{"ngg_post_thumbnail":0,"footnotes":""},"aioseo_notices":[],"_links":{"self":[{"href":"https:\/\/blogsaverroes.juntadeandalucia.es\/aldeamalaga\/wp-json\/wp\/v2\/pages\/70"}],"collection":[{"href":"https:\/\/blogsaverroes.juntadeandalucia.es\/aldeamalaga\/wp-json\/wp\/v2\/pages"}],"about":[{"href":"https:\/\/blogsaverroes.juntadeandalucia.es\/aldeamalaga\/wp-json\/wp\/v2\/types\/page"}],"author":[{"embeddable":true,"href":"https:\/\/blogsaverroes.juntadeandalucia.es\/aldeamalaga\/wp-json\/wp\/v2\/users\/8217"}],"replies":[{"embeddable":true,"href":"https:\/\/blogsaverroes.juntadeandalucia.es\/aldeamalaga\/wp-json\/wp\/v2\/comments?post=70"}],"version-history":[{"count":8,"href":"https:\/\/blogsaverroes.juntadeandalucia.es\/aldeamalaga\/wp-json\/wp\/v2\/pages\/70\/revisions"}],"predecessor-version":[{"id":315,"href":"https:\/\/blogsaverroes.juntadeandalucia.es\/aldeamalaga\/wp-json\/wp\/v2\/pages\/70\/revisions\/315"}],"wp:attachment":[{"href":"https:\/\/blogsaverroes.juntadeandalucia.es\/aldeamalaga\/wp-json\/wp\/v2\/media?parent=70"}],"curies":[{"name":"wp","href":"https:\/\/api.w.org\/{rel}","templated":true}]}}