{"id":83,"date":"2020-07-07T13:30:47","date_gmt":"2020-07-07T11:30:47","guid":{"rendered":"https:\/\/blogsaverroes.juntadeandalucia.es\/aldeamalaga\/?page_id=83"},"modified":"2020-11-25T10:57:12","modified_gmt":"2020-11-25T09:57:12","slug":"seguimiento-paso-a-paso","status":"publish","type":"page","link":"https:\/\/blogsaverroes.juntadeandalucia.es\/aldeamalaga\/seguimiento-paso-a-paso\/","title":{"rendered":"Seguimiento paso a paso"},"content":{"rendered":"<header class=\"\">\n<h2 id=\"detalle_instrucciones-para-el-seguimiento-paso-a-paso\" class=\"titulo\">Seguimiento paso a paso<\/h2>\n<\/header>\n<div class=\"contenido_detalle\">\n<section class=\"cuerpo detalle_html\">\n<div class=\"inner_cuerpo\">\n<p id=\"aui_3_2_0_1138\" class=\"marco\">1 Acceso con el perfil de Coordinaci\u00f3n<\/p>\n<ul>\n<li>Accede con el <strong>Perfil de Coordinaci\u00f3n de Programa Educativo<\/strong>. En caso de no tener asignado este perfil de gesti\u00f3n en S\u00e9neca sigue estas las instrucciones de este enlace: <strong><a href=\"http:\/\/www.juntadeandalucia.es\/educacion\/webportal\/web\/planes-y-programas\/perfiles-de-gestion-en-seneca\" target=\"_blank\" rel=\"noopener noreferrer\">PERFILES DE GESTI\u00d3N EN S\u00c9NECA<\/a>.<\/strong><\/li>\n<\/ul>\n<p><img decoding=\"async\" title=\"Instrucciones (01 Selecci\u00f3n perfil.png)\" src=\"https:\/\/portals.ced.junta-andalucia.es\/educacion\/portals\/ishare-servlet\/content\/fad4a8c2-2871-4d39-826e-191147c2e4ee\" alt=\"Instrucciones (01 Selecci\u00f3n perfil.png)\"><\/p>\n<p class=\"marco\">2 Formulario de Seguimiento<\/p>\n<ul>\n<li>En <strong>Planes y Proyectos Educativos <\/strong>selecciona <strong>Programas para la Innovaci\u00f3n<\/strong> y despu\u00e9s <strong>Programas en el Centro.<\/strong> Te aparecer\u00e1 el programa que coordinas en situaci\u00f3n de<strong> Vigente<\/strong>.<\/li>\n<li>Sit\u00faate encima del nombre del programa y en el desplegable selecciona&nbsp;<strong>Seguimiento<\/strong>.<\/li>\n<\/ul>\n<p><img decoding=\"async\" title=\"Instrucciones (02 Selecci\u00f3n programa.png)\" src=\"https:\/\/portals.ced.junta-andalucia.es\/educacion\/portals\/ishare-servlet\/content\/3d762fb3-9ad2-40d8-a53d-6d06af29d77d\" alt=\"Instrucciones (02 Selecci\u00f3n programa.png)\"><\/p>\n<p>&nbsp;<\/p>\n<ul>\n<li>En&nbsp;<strong>todos los programas de nivel 1 (P1) y nivel 2 (P2) se debe cumplimentar el Formulario de seguimiento<\/strong>, para ello pulsando encima del mismo, ha de seleccionar&nbsp;<strong>Cumplimentar<\/strong>.<\/li>\n<\/ul>\n<p>&nbsp;<\/p>\n<p><img decoding=\"async\" title=\"Instrucciones (03 Selecci\u00f3n cumplimentar.png)\" src=\"https:\/\/portals.ced.junta-andalucia.es\/educacion\/portals\/ishare-servlet\/content\/623180d2-0e5d-43d0-a44b-8135e52603df\" alt=\"Instrucciones (03 Selecci\u00f3n cumplimentar.png)\"><\/p>\n<p>&nbsp;<\/p>\n<ul>\n<li>En <strong>todos los programas de nivel 1 (P1) y nivel 2 (P2) se debe cumplimentar el Formulario de seguimiento<\/strong>, para ello pulsando encima del mismo, selecciona&nbsp;<strong>Cumplimentar<\/strong>.<\/li>\n<li><strong>Cumplimenta&nbsp;<\/strong>el formulario y pulsa&nbsp;<strong>aceptar <\/strong>antes de terminar para guardar los cambios.<\/li>\n<\/ul>\n<p class=\"marco\">3 Formulario de seguimiento del profesorado<\/p>\n<ul>\n<li>S\u00f3lo en los programas de <strong>nivel 1 (P1)<\/strong> (<em><strong>ALDEA A -Ecoescuelas- y Proyecto Ling\u00fc\u00edstico de Centro<\/strong><\/em>) se ha de valorar la participaci\u00f3n del profesorado inscrito en el programa, para ello, en la misma pantalla de&nbsp;<strong>Seguimiento<\/strong>&nbsp;se debe rellenar el <strong>Formulario de seguimiento del profesorado 1<\/strong> (<em>en febrero<\/em>) o<strong> 2 <\/strong>(<em>en junio<\/em>) pulsando encima del mismo y seleccionando <strong>Cumplimentar<\/strong>.<\/li>\n<\/ul>\n<p>&nbsp;<\/p>\n<p><img decoding=\"async\" title=\"Instrucciones (04 Selecci\u00f3n formulario profesorado.png)\" src=\"https:\/\/portals.ced.junta-andalucia.es\/educacion\/portals\/ishare-servlet\/content\/2c33a928-b421-48ba-aee3-916cecc703bd\" alt=\"Instrucciones (04 Selecci\u00f3n formulario profesorado.png)\"><\/p>\n<p>&nbsp;<\/p>\n<ul>\n<li><strong>Responda <\/strong>a las preguntas sobre todos los participantes en el programa y posteriormente seleccione <strong>Aceptar<\/strong>.<\/li>\n<\/ul>\n<p><img decoding=\"async\" title=\"Instrucciones (05 Selecci\u00f3n preguntas formulario profesorado.png)\" src=\"https:\/\/portals.ced.junta-andalucia.es\/educacion\/portals\/ishare-servlet\/content\/2a10a894-322b-4210-92fd-f90de334c8af\" alt=\"Instrucciones (05 Selecci\u00f3n preguntas formulario profesorado.png)\"><\/p>\n<p>&nbsp;<\/p>\n<\/div>\n<\/section>\n<\/div>\n","protected":false},"excerpt":{"rendered":"<p>Seguimiento paso a paso 1 Acceso con el perfil de Coordinaci\u00f3n Accede con el Perfil de Coordinaci\u00f3n de Programa Educativo. En caso de no tener asignado este perfil de gesti\u00f3n en S\u00e9neca sigue estas&#46;&#46;&#46;<\/p>\n","protected":false},"author":8217,"featured_media":0,"parent":0,"menu_order":0,"comment_status":"closed","ping_status":"closed","template":"","meta":{"ngg_post_thumbnail":0,"footnotes":""},"aioseo_notices":[],"_links":{"self":[{"href":"https:\/\/blogsaverroes.juntadeandalucia.es\/aldeamalaga\/wp-json\/wp\/v2\/pages\/83"}],"collection":[{"href":"https:\/\/blogsaverroes.juntadeandalucia.es\/aldeamalaga\/wp-json\/wp\/v2\/pages"}],"about":[{"href":"https:\/\/blogsaverroes.juntadeandalucia.es\/aldeamalaga\/wp-json\/wp\/v2\/types\/page"}],"author":[{"embeddable":true,"href":"https:\/\/blogsaverroes.juntadeandalucia.es\/aldeamalaga\/wp-json\/wp\/v2\/users\/8217"}],"replies":[{"embeddable":true,"href":"https:\/\/blogsaverroes.juntadeandalucia.es\/aldeamalaga\/wp-json\/wp\/v2\/comments?post=83"}],"version-history":[{"count":2,"href":"https:\/\/blogsaverroes.juntadeandalucia.es\/aldeamalaga\/wp-json\/wp\/v2\/pages\/83\/revisions"}],"predecessor-version":[{"id":316,"href":"https:\/\/blogsaverroes.juntadeandalucia.es\/aldeamalaga\/wp-json\/wp\/v2\/pages\/83\/revisions\/316"}],"wp:attachment":[{"href":"https:\/\/blogsaverroes.juntadeandalucia.es\/aldeamalaga\/wp-json\/wp\/v2\/media?parent=83"}],"curies":[{"name":"wp","href":"https:\/\/api.w.org\/{rel}","templated":true}]}}