{"id":94,"date":"2020-07-07T13:41:40","date_gmt":"2020-07-07T11:41:40","guid":{"rendered":"https:\/\/blogsaverroes.juntadeandalucia.es\/aldeamalaga\/?page_id=94"},"modified":"2020-11-25T11:03:08","modified_gmt":"2020-11-25T10:03:08","slug":"perfiles-de-gestion-en-seneca","status":"publish","type":"page","link":"https:\/\/blogsaverroes.juntadeandalucia.es\/aldeamalaga\/perfiles-de-gestion-en-seneca\/","title":{"rendered":"Perfiles de gesti\u00f3n en S\u00e9neca"},"content":{"rendered":"<div class=\"contenido_detalle\">\n<section class=\"cuerpo detalle_html\">\n<div class=\"inner_cuerpo\">\n<h2><span style=\"font-size: 18pt\">Instrucciones para la asignaci\u00f3n de perfiles de gesti\u00f3n en S\u00e9neca a las personas seleccionadas para las coordinaciones<\/span><\/h2>\n<ul>\n<li>Es preciso seleccionar&nbsp;<strong>Personal&nbsp;<\/strong>en el men\u00fa desplegable y, en el men\u00fa lateral, seleccionar&nbsp;<strong>Personal del centro<\/strong>.<\/li>\n<li>Aparecer\u00e1 la relaci\u00f3n del Profesorado del centro y en el men\u00fa superior un&nbsp;<strong>icono&nbsp;<\/strong>para acceder a la&nbsp;<strong>Asignaci\u00f3n de perfiles<\/strong>. Para pasar a la siguiente pantalla hay que pulsar ese icono.<\/li>\n<\/ul>\n<p>&nbsp;<\/p>\n<p><img decoding=\"async\" title=\"Instrucci\u00f3n inscripci\u00f3n PPIE (04 asignar perfil 01.png)\" src=\"https:\/\/portals.ced.junta-andalucia.es\/educacion\/portals\/ishare-servlet\/content\/0208d79c-24bd-487b-b818-fe905fff82b4\" alt=\"Instrucci\u00f3n inscripci\u00f3n PPIE (04 asignar perfil 01.png)\"><\/p>\n<ul>\n<li>Aparecen las operaciones a realizar, en este caso&nbsp;<strong>Asignar<\/strong>, y los perfiles posibles, en este caso&nbsp;<strong>Coordinador\/a de Programa Educativo<\/strong>. Seleccionando ambos se pasa a la pantalla siguiente.<\/li>\n<\/ul>\n<p><img decoding=\"async\" title=\"Instrucci\u00f3n inscripci\u00f3n PPIE (05 asignar perfil 02.png)\" src=\"https:\/\/portals.ced.junta-andalucia.es\/educacion\/portals\/ishare-servlet\/content\/caf7e6ef-d4c1-4149-b9fa-437dfe37fe11\" alt=\"Instrucci\u00f3n inscripci\u00f3n PPIE (05 asignar perfil 02.png)\"><\/p>\n<ul>\n<li>Se muestran todas aquellas personas que han sido elegidas para coordinar alg\u00fan programa educativo en el centro.&nbsp;<strong>Marcando&nbsp;<\/strong>a aquella a la que se le vaya a asignar el perfil y picando&nbsp;<strong>Aceptar&nbsp;<\/strong>en el icono de la parte superior derecha se habr\u00e1 completado la operaci\u00f3n.<\/li>\n<li>En ese momento el nombre de la persona a la que se le ha asignado el perfil ya no aparecer\u00e1 en esta lista. Para comprobar que la operaci\u00f3n se ha realizado correctamente, se puede elegir la operaci\u00f3n Desasignar, en el desplegable, y ver que se encuentra en ese listado.<\/li>\n<\/ul>\n<\/div>\n<\/section>\n<\/div>\n","protected":false},"excerpt":{"rendered":"<p>Instrucciones para la asignaci\u00f3n de perfiles de gesti\u00f3n en S\u00e9neca a las personas seleccionadas para las coordinaciones Es preciso seleccionar&nbsp;Personal&nbsp;en el men\u00fa desplegable y, en el men\u00fa lateral, seleccionar&nbsp;Personal del centro. Aparecer\u00e1 la relaci\u00f3n&#46;&#46;&#46;<\/p>\n","protected":false},"author":8217,"featured_media":0,"parent":0,"menu_order":0,"comment_status":"closed","ping_status":"closed","template":"","meta":{"ngg_post_thumbnail":0,"footnotes":""},"aioseo_notices":[],"_links":{"self":[{"href":"https:\/\/blogsaverroes.juntadeandalucia.es\/aldeamalaga\/wp-json\/wp\/v2\/pages\/94"}],"collection":[{"href":"https:\/\/blogsaverroes.juntadeandalucia.es\/aldeamalaga\/wp-json\/wp\/v2\/pages"}],"about":[{"href":"https:\/\/blogsaverroes.juntadeandalucia.es\/aldeamalaga\/wp-json\/wp\/v2\/types\/page"}],"author":[{"embeddable":true,"href":"https:\/\/blogsaverroes.juntadeandalucia.es\/aldeamalaga\/wp-json\/wp\/v2\/users\/8217"}],"replies":[{"embeddable":true,"href":"https:\/\/blogsaverroes.juntadeandalucia.es\/aldeamalaga\/wp-json\/wp\/v2\/comments?post=94"}],"version-history":[{"count":4,"href":"https:\/\/blogsaverroes.juntadeandalucia.es\/aldeamalaga\/wp-json\/wp\/v2\/pages\/94\/revisions"}],"predecessor-version":[{"id":322,"href":"https:\/\/blogsaverroes.juntadeandalucia.es\/aldeamalaga\/wp-json\/wp\/v2\/pages\/94\/revisions\/322"}],"wp:attachment":[{"href":"https:\/\/blogsaverroes.juntadeandalucia.es\/aldeamalaga\/wp-json\/wp\/v2\/media?parent=94"}],"curies":[{"name":"wp","href":"https:\/\/api.w.org\/{rel}","templated":true}]}}