{"id":69,"date":"2021-12-18T13:47:25","date_gmt":"2021-12-18T13:47:25","guid":{"rendered":"https:\/\/blogsaverroes.juntadeandalucia.es\/aldeasanblas\/?page_id=69"},"modified":"2021-12-18T13:56:02","modified_gmt":"2021-12-18T13:56:02","slug":"impacto-del-cambio-climatico","status":"publish","type":"page","link":"https:\/\/blogsaverroes.juntadeandalucia.es\/aldeasanblas\/impacto-del-cambio-climatico","title":{"rendered":"Impacto del cambio clim\u00e1tico"},"content":{"rendered":"<p>Con esta l\u00ednea de actuaci\u00f3n nos proponemos incentivar actividades del bloque tem\u00e1tico <strong>Cambio clim\u00e1tico, Repercusiones,<\/strong> encaminado a tomar conciencia de la problem\u00e1tica. Nuestros objetivo espec\u00edfico es investigar actuaciones encaminadas a amortiguar el impacto de las actividades humanas en la naturaleza, ya sea a nivel colectivo como individual. Para ello seguiremos las siguientes estrategias:<br \/>\n1. Actividades de <strong>sensibilizaci\u00f3n<\/strong> y tratamiento did\u00e1ctico del cambio clim\u00e1tico. Para implicar a los colectivos participantes en un proceso de sensibilizaci\u00f3n y conocimiento del cambio clim\u00e1tico. <strong>Dar continuidad y difusi\u00f3n a la actividad realizada en los cursos 2019-2020 y 2020-2021, para compensar las emisiones de CO2,<\/strong> derivadas de los desplazamientos necesarios para el intercambio escolar del programa \u201cLocal places, special places. Our commitment to a better future\u201d.<br \/>\n2. Plan de <strong>Reducci\u00f3n de Emisiones<\/strong>, mediante la realizaci\u00f3n de diagn\u00f3stico previo, que permita valorar la situaci\u00f3n en la que se encuentra en el centro y elaborar un Plan de Reducci\u00f3n de Emisiones de los Gases de Efecto Invernadero que permita una cuantificaci\u00f3n y posterior reducci\u00f3n, centrada en el consumo de energ\u00eda el\u00e9ctrica y calefacci\u00f3n, transportes a los centros y consumo de papel. <strong>Difusi\u00f3n de los gastos de electricidad y gasoil, propuestas para consumir menos electricidad y calefacci\u00f3n. Difundir el uso de la bicicleta.<\/strong><br \/>\n3. Dar a conocer el empleo asociado tanto a la educaci\u00f3n y sensibilizaci\u00f3n ecol\u00f3gica como al desarrollo sostenible, dando a conocer diversas <strong>iniciativas sostenibles de empresas o entidades del entorno mas cercano vinculadas con la ecoinnovaci\u00f3n.<\/strong><br \/>\n<strong>Agentes que participar\u00e1n:<\/strong> profesorado y alumnado de todos los niveles educativos, agentes externos de la asociaci\u00f3n LUTRA, ALMANATURA o Babel nature, personal no docente del centro (limpiadoras, administrativos y ordenanzas).<\/p>\n","protected":false},"excerpt":{"rendered":"<p>Con esta l\u00ednea de actuaci\u00f3n nos proponemos incentivar actividades del bloque tem\u00e1tico Cambio clim\u00e1tico, Repercusiones, encaminado a tomar conciencia de la problem\u00e1tica. Nuestros objetivo espec\u00edfico&hellip;<\/p>\n","protected":false},"author":14215,"featured_media":71,"parent":0,"menu_order":0,"comment_status":"closed","ping_status":"closed","template":"","meta":{"ngg_post_thumbnail":0,"footnotes":""},"aioseo_notices":[],"_links":{"self":[{"href":"https:\/\/blogsaverroes.juntadeandalucia.es\/aldeasanblas\/wp-json\/wp\/v2\/pages\/69"}],"collection":[{"href":"https:\/\/blogsaverroes.juntadeandalucia.es\/aldeasanblas\/wp-json\/wp\/v2\/pages"}],"about":[{"href":"https:\/\/blogsaverroes.juntadeandalucia.es\/aldeasanblas\/wp-json\/wp\/v2\/types\/page"}],"author":[{"embeddable":true,"href":"https:\/\/blogsaverroes.juntadeandalucia.es\/aldeasanblas\/wp-json\/wp\/v2\/users\/14215"}],"replies":[{"embeddable":true,"href":"https:\/\/blogsaverroes.juntadeandalucia.es\/aldeasanblas\/wp-json\/wp\/v2\/comments?post=69"}],"version-history":[{"count":2,"href":"https:\/\/blogsaverroes.juntadeandalucia.es\/aldeasanblas\/wp-json\/wp\/v2\/pages\/69\/revisions"}],"predecessor-version":[{"id":72,"href":"https:\/\/blogsaverroes.juntadeandalucia.es\/aldeasanblas\/wp-json\/wp\/v2\/pages\/69\/revisions\/72"}],"wp:featuredmedia":[{"embeddable":true,"href":"https:\/\/blogsaverroes.juntadeandalucia.es\/aldeasanblas\/wp-json\/wp\/v2\/media\/71"}],"wp:attachment":[{"href":"https:\/\/blogsaverroes.juntadeandalucia.es\/aldeasanblas\/wp-json\/wp\/v2\/media?parent=69"}],"curies":[{"name":"wp","href":"https:\/\/api.w.org\/{rel}","templated":true}]}}