{"id":79,"date":"2021-12-18T14:08:48","date_gmt":"2021-12-18T14:08:48","guid":{"rendered":"https:\/\/blogsaverroes.juntadeandalucia.es\/aldeasanblas\/?page_id=79"},"modified":"2021-12-18T14:08:48","modified_gmt":"2021-12-18T14:08:48","slug":"ecosistemas-forestales","status":"publish","type":"page","link":"https:\/\/blogsaverroes.juntadeandalucia.es\/aldeasanblas\/ecosistemas-forestales","title":{"rendered":"Ecosistemas forestales"},"content":{"rendered":"<p align=\"JUSTIFY\">Esta l\u00ednea de actuaci\u00f3n es id\u00f3nea para nuestro centro educativo, pues nos vamos a centrar en el bloque tem\u00e1tico <b>El Parque Natural Sierra de Aracena y Picos de Aroche. <\/b>El objetivo espec\u00edfico es conocer, investigar y respetar la vegetaci\u00f3n de nuestro entorno m\u00e1s cercano y las t\u00e9cnicas para la defensa, restauraci\u00f3n y conservaci\u00f3n de la flora y h\u00e1bitats asociados, as\u00ed como los ecosistemas forestales. Para ello fomentaremos las siguientes estrategias:<\/p>\n<ol>\n<li>\n<p align=\"JUSTIFY\">Estudio y sensibilizaci\u00f3n sobre los <b>\u00e1rboles<\/b>y <b>plantas<\/b>del entorno pr\u00f3ximo, diferenciando la vegetaci\u00f3n de jard\u00edn de la vegetaci\u00f3n aut\u00f3ctona, mediante fichas sencillas, que incorporen dibujos.<\/p>\n<\/li>\n<li>\n<p align=\"JUSTIFY\">Conocimiento de iniciativas vinculadas con el<b>desarrollo sostenible<\/b>y el <b>empleo verde<\/b>.<\/p>\n<\/li>\n<\/ol>\n<p align=\"JUSTIFY\"><b>Agentes que participar\u00e1n:<\/b>profesorado y alumnado de todos los niveles educativos, agentes externos de la asociaci\u00f3n LUTRA, Babel nature, Parque Natural Sierra de Aracena y Picos de Aroche.<\/p>\n","protected":false},"excerpt":{"rendered":"<p>Esta l\u00ednea de actuaci\u00f3n es id\u00f3nea para nuestro centro educativo, pues nos vamos a centrar en el bloque tem\u00e1tico El Parque Natural Sierra de Aracena&hellip;<\/p>\n","protected":false},"author":14215,"featured_media":0,"parent":0,"menu_order":0,"comment_status":"closed","ping_status":"closed","template":"","meta":{"ngg_post_thumbnail":0,"footnotes":""},"aioseo_notices":[],"_links":{"self":[{"href":"https:\/\/blogsaverroes.juntadeandalucia.es\/aldeasanblas\/wp-json\/wp\/v2\/pages\/79"}],"collection":[{"href":"https:\/\/blogsaverroes.juntadeandalucia.es\/aldeasanblas\/wp-json\/wp\/v2\/pages"}],"about":[{"href":"https:\/\/blogsaverroes.juntadeandalucia.es\/aldeasanblas\/wp-json\/wp\/v2\/types\/page"}],"author":[{"embeddable":true,"href":"https:\/\/blogsaverroes.juntadeandalucia.es\/aldeasanblas\/wp-json\/wp\/v2\/users\/14215"}],"replies":[{"embeddable":true,"href":"https:\/\/blogsaverroes.juntadeandalucia.es\/aldeasanblas\/wp-json\/wp\/v2\/comments?post=79"}],"version-history":[{"count":1,"href":"https:\/\/blogsaverroes.juntadeandalucia.es\/aldeasanblas\/wp-json\/wp\/v2\/pages\/79\/revisions"}],"predecessor-version":[{"id":81,"href":"https:\/\/blogsaverroes.juntadeandalucia.es\/aldeasanblas\/wp-json\/wp\/v2\/pages\/79\/revisions\/81"}],"wp:attachment":[{"href":"https:\/\/blogsaverroes.juntadeandalucia.es\/aldeasanblas\/wp-json\/wp\/v2\/media?parent=79"}],"curies":[{"name":"wp","href":"https:\/\/api.w.org\/{rel}","templated":true}]}}