{"id":85,"date":"2021-12-18T14:10:23","date_gmt":"2021-12-18T14:10:23","guid":{"rendered":"https:\/\/blogsaverroes.juntadeandalucia.es\/aldeasanblas\/?page_id=85"},"modified":"2021-12-18T14:10:23","modified_gmt":"2021-12-18T14:10:23","slug":"ecohuertas","status":"publish","type":"page","link":"https:\/\/blogsaverroes.juntadeandalucia.es\/aldeasanblas\/ecohuertas","title":{"rendered":"Ecohuertas"},"content":{"rendered":"<p align=\"JUSTIFY\">Relacionamos esta l\u00ednea de intervenci\u00f3n con el bloque tem\u00e1tico <b>Cambio clim\u00e1tico, Repercusiones,<\/b>y proponemos como objetivo espec\u00edficoreforzar la importancia del huerto, que ya existe en el instituto gestionado por la Formaci\u00f3n Profesional B\u00e1sica de Agrojardiner\u00eda, para que sea n\u00facleo de conocimientos y de afecto hacia las labores de la tierra, que se divulgue hacia otros niveles educativos. Para ello se proponen las siguientes estrategias de intervenci\u00f3n:<\/p>\n<ol>\n<li>\n<p align=\"JUSTIFY\">Identificaci\u00f3n y conservaci\u00f3n de plantas.<\/p>\n<\/li>\n<li>\n<p align=\"JUSTIFY\">Relacionar la actividad de la huerta con la los Ciclos Formativos de Cocina.<\/p>\n<\/li>\n<li>\n<p align=\"JUSTIFY\">El contacto directo con los productos naturales y ecol\u00f3gicos y sus ciclos, fomentando el consumo de los mismos seg\u00fan su estacionalidad.<\/p>\n<\/li>\n<\/ol>\n<p align=\"JUSTIFY\"><b>Agentes que participar\u00e1n:<\/b>profesorado y alumnado de Formaci\u00f3n Profesional B\u00e1sica y de Formaci\u00f3n Profesional Espec\u00edfica, personal no docente del centro (ordenanza que maneja la huerta). Personal del Ayuntamiento de Aracena.<\/p>\n","protected":false},"excerpt":{"rendered":"<p>Relacionamos esta l\u00ednea de intervenci\u00f3n con el bloque tem\u00e1tico Cambio clim\u00e1tico, Repercusiones,y proponemos como objetivo espec\u00edficoreforzar la importancia del huerto, que ya existe en el&hellip;<\/p>\n","protected":false},"author":14215,"featured_media":0,"parent":0,"menu_order":0,"comment_status":"closed","ping_status":"closed","template":"","meta":{"ngg_post_thumbnail":0,"footnotes":""},"aioseo_notices":[],"_links":{"self":[{"href":"https:\/\/blogsaverroes.juntadeandalucia.es\/aldeasanblas\/wp-json\/wp\/v2\/pages\/85"}],"collection":[{"href":"https:\/\/blogsaverroes.juntadeandalucia.es\/aldeasanblas\/wp-json\/wp\/v2\/pages"}],"about":[{"href":"https:\/\/blogsaverroes.juntadeandalucia.es\/aldeasanblas\/wp-json\/wp\/v2\/types\/page"}],"author":[{"embeddable":true,"href":"https:\/\/blogsaverroes.juntadeandalucia.es\/aldeasanblas\/wp-json\/wp\/v2\/users\/14215"}],"replies":[{"embeddable":true,"href":"https:\/\/blogsaverroes.juntadeandalucia.es\/aldeasanblas\/wp-json\/wp\/v2\/comments?post=85"}],"version-history":[{"count":1,"href":"https:\/\/blogsaverroes.juntadeandalucia.es\/aldeasanblas\/wp-json\/wp\/v2\/pages\/85\/revisions"}],"predecessor-version":[{"id":87,"href":"https:\/\/blogsaverroes.juntadeandalucia.es\/aldeasanblas\/wp-json\/wp\/v2\/pages\/85\/revisions\/87"}],"wp:attachment":[{"href":"https:\/\/blogsaverroes.juntadeandalucia.es\/aldeasanblas\/wp-json\/wp\/v2\/media?parent=85"}],"curies":[{"name":"wp","href":"https:\/\/api.w.org\/{rel}","templated":true}]}}