{"id":100,"date":"2024-05-30T13:03:24","date_gmt":"2024-05-30T11:03:24","guid":{"rendered":"https:\/\/blogsaverroes.juntadeandalucia.es\/alfabetiza\/?page_id=100"},"modified":"2025-09-18T20:30:52","modified_gmt":"2025-09-18T18:30:52","slug":"light","status":"publish","type":"page","link":"https:\/\/blogsaverroes.juntadeandalucia.es\/alfabetiza\/light\/","title":{"rendered":""},"content":{"rendered":"<div align=\"center\"><span style=\"font-family: impact, sans-serif\"><a href=\"https:\/\/blogsaverroes.juntadeandalucia.es\/alfabetiza\/videoclips\">Mira<\/a>\u00a0 |\u00a0 \u00a0<a href=\"https:\/\/blogsaverroes.juntadeandalucia.es\/alfabetiza\/lectoescritura\">Trabaja<\/a>\u00a0 \u00a0|\u00a0 \u00a0<span style=\"font-size: 14pt\">Juega<\/span>\u00a0 \u00a0|\u00a0 \u00a0<a href=\"https:\/\/blogsaverroes.juntadeandalucia.es\/alfabetiza\/papers\">Experimenta<\/a><\/span><\/div>\n<div align=\"center\"><span style=\"color: #ffffff\">.<\/span><\/div>\n<table style=\"border-collapse: collapse;width: 100%\">\n<tbody>\n<tr>\n<td style=\"width: 44.5875%\"><img loading=\"lazy\" decoding=\"async\" class=\" wp-image-60 aligncenter\" style=\"text-align: center\" src=\"https:\/\/blogsaverroes.juntadeandalucia.es\/alfabetiza\/files\/2024\/05\/ideas-300x300.png\" alt=\"\" width=\"232\" height=\"232\" srcset=\"https:\/\/blogsaverroes.juntadeandalucia.es\/alfabetiza\/files\/2024\/05\/ideas-300x300.png 300w, https:\/\/blogsaverroes.juntadeandalucia.es\/alfabetiza\/files\/2024\/05\/ideas-150x150.png 150w, https:\/\/blogsaverroes.juntadeandalucia.es\/alfabetiza\/files\/2024\/05\/ideas-768x768.png 768w, https:\/\/blogsaverroes.juntadeandalucia.es\/alfabetiza\/files\/2024\/05\/ideas-80x80.png 80w, https:\/\/blogsaverroes.juntadeandalucia.es\/alfabetiza\/files\/2024\/05\/ideas-320x320.png 320w, https:\/\/blogsaverroes.juntadeandalucia.es\/alfabetiza\/files\/2024\/05\/ideas.png 1017w\" sizes=\"(max-width: 232px) 100vw, 232px\" \/><\/td>\n<td style=\"width: 55.4125%\">Aqu\u00ed puedes encontrar recursos interactivos vinculados al aprendizaje del espa\u00f1ol. Utiliza estos recursos si eres tutor o tutora de un alumno o alumna de ATAL y quieres que vaya aprendiendo de manera m\u00e1s o menos aut\u00f3noma:<\/td>\n<\/tr>\n<\/tbody>\n<\/table>\n<p style=\"text-align: center\">\u00bfQu\u00e9 letra estoy buscando? Esto es un abecedario apoyado, que ayudar\u00e1 a que el alumnado sin conocimiento de espa\u00f1ol aprenda y relacione, de manera \u00abaut\u00f3noma\u00bb, todas las letras del espa\u00f1ol. Pulsa y escucha para discriminar auditivamente las letras del abecedario o&#8230; \u00a1Repasa escuchando!<\/p>\n<div style=\"width: 100%\">\n<div style=\"position: relative;padding-bottom: 56.25%;padding-top: 0;height: 0\"><iframe loading=\"lazy\" src=\"https:\/\/view.genially.com\/66fc12cf7b7488fb5227ca82\" width=\"600\" height=\"335\" frameborder=\"0\" scrolling=\"yes\"><span data-mce-type=\"bookmark\" style=\"width: 0px;overflow: hidden;line-height: 0\" class=\"mce_SELRES_start\">\ufeff<\/span><\/iframe><\/div>\n<\/div>\n<p style=\"text-align: center\">En este juego debes elegir la palabra que se escucha al pulsar sobre la imagen. \u00bfCu\u00e1l es la correcta? \u00a1Afianza el conocimiento y la discriminaci\u00f3n fon\u00e9tica de s\u00edlabas! Este juego es adecuado para seguirlo con los cuadernos de \u00abLeer, escribir y comprender\u00bb de GATA AMATE y MART\u00cdNEZ CAMPAYO porque usa las mismas im\u00e1genes para la ense\u00f1anza y adquisici\u00f3n de fonemas (aunque se ampl\u00eda y el juego sigue una secuencia que va enlazando uno a uno hasta completar los cinco niveles o cuadernos)<\/p>\n<div style=\"width: 100%\">\n<div style=\"position: relative;padding-bottom: 56.25%;padding-top: 0;height: 0\"><iframe loading=\"lazy\" src=\"https:\/\/view.genially.com\/6706632f873e1c960d24fd4f\" width=\"600\" height=\"335\" frameborder=\"0\" scrolling=\"yes\"><span data-mce-type=\"bookmark\" style=\"width: 0px;overflow: hidden;line-height: 0\" class=\"mce_SELRES_start\">\ufeff<\/span><\/iframe><\/div>\n<\/div>\n<p style=\"text-align: center\">Aprende la graf\u00eda del nombre de los colores discriminando por v\u00eda visual y auditiva con \u00abTarjeta magenta\u00bb. Un juego muy sencillo para discriminar y aprender el nombre de los colores:<\/p>\n<div style=\"width: 100%\">\n<div style=\"position: relative;padding-bottom: 56.25%;padding-top: 0;height: 0\"><iframe loading=\"lazy\" src=\"https:\/\/view.genially.com\/66fd75b9aed9c797231a9c2b\" width=\"600\" height=\"335\" frameborder=\"0\" scrolling=\"yes\"><span data-mce-type=\"bookmark\" style=\"width: 0px;overflow: hidden;line-height: 0\" class=\"mce_SELRES_start\">\ufeff<\/span><\/iframe><\/div>\n<\/div>\n<p style=\"text-align: center\">Aprende el nombre del profesorado del CEIP Adersa II (Los Marines, Puerto Moral y Cortelazor), y que sirva de \u00ab\u00bfQui\u00e9n es qui\u00e9n?\u00bb para practicar descripciones&#8230; \u00a1Ya mismo estar\u00e1 disponible en Ingl\u00e9s!:<\/p>\n<div style=\"width: 100%\">\n<div style=\"position: relative;padding-bottom: 56.25%;padding-top: 0;height: 0\"><iframe loading=\"lazy\" src=\"https:\/\/view.genially.com\/68caf924ce3d6981db12341e\" width=\"600\" height=\"335\" frameborder=\"0\" scrolling=\"yes\"><span data-mce-type=\"bookmark\" style=\"width: 0px;overflow: hidden;line-height: 0\" class=\"mce_SELRES_start\">\ufeff<\/span><\/iframe><\/div>\n<div style=\"text-align: center\">Por \u00faltimo, un recurso para aprender, practicar o repasar las multiplicaciones&#8230; \u00bfEres capaz de ver la pantalla final?<\/div>\n<div><\/div>\n<\/div>\n<div style=\"width: 100%\">\n<div style=\"position: relative;padding-bottom: 56.25%;padding-top: 0;height: 0\"><iframe loading=\"lazy\" src=\"https:\/\/view.genially.com\/6710ea56918a3a9f84a32966\" width=\"600\" height=\"335\" frameborder=\"0\" scrolling=\"yes\"><span data-mce-type=\"bookmark\" style=\"width: 0px;overflow: hidden;line-height: 0\" class=\"mce_SELRES_start\">\ufeff<\/span><\/iframe><\/div>\n<\/div>\n","protected":false},"excerpt":{"rendered":"<p>Mira\u00a0 |\u00a0 \u00a0Trabaja\u00a0 \u00a0|\u00a0 \u00a0Juega\u00a0 \u00a0|\u00a0 \u00a0Experimenta . Aqu\u00ed puedes encontrar recursos interactivos vinculados al aprendizaje del espa\u00f1ol. Utiliza estos recursos si eres tutor o tutora de un alumno o alumna de ATAL y&#46;&#46;&#46;<\/p>\n","protected":false},"author":11264,"featured_media":0,"parent":0,"menu_order":0,"comment_status":"closed","ping_status":"closed","template":"","meta":{"footnotes":""},"aioseo_notices":[],"_links":{"self":[{"href":"https:\/\/blogsaverroes.juntadeandalucia.es\/alfabetiza\/wp-json\/wp\/v2\/pages\/100"}],"collection":[{"href":"https:\/\/blogsaverroes.juntadeandalucia.es\/alfabetiza\/wp-json\/wp\/v2\/pages"}],"about":[{"href":"https:\/\/blogsaverroes.juntadeandalucia.es\/alfabetiza\/wp-json\/wp\/v2\/types\/page"}],"author":[{"embeddable":true,"href":"https:\/\/blogsaverroes.juntadeandalucia.es\/alfabetiza\/wp-json\/wp\/v2\/users\/11264"}],"replies":[{"embeddable":true,"href":"https:\/\/blogsaverroes.juntadeandalucia.es\/alfabetiza\/wp-json\/wp\/v2\/comments?post=100"}],"version-history":[{"count":22,"href":"https:\/\/blogsaverroes.juntadeandalucia.es\/alfabetiza\/wp-json\/wp\/v2\/pages\/100\/revisions"}],"predecessor-version":[{"id":157,"href":"https:\/\/blogsaverroes.juntadeandalucia.es\/alfabetiza\/wp-json\/wp\/v2\/pages\/100\/revisions\/157"}],"wp:attachment":[{"href":"https:\/\/blogsaverroes.juntadeandalucia.es\/alfabetiza\/wp-json\/wp\/v2\/media?parent=100"}],"curies":[{"name":"wp","href":"https:\/\/api.w.org\/{rel}","templated":true}]}}