{"id":106,"date":"2024-05-30T13:06:32","date_gmt":"2024-05-30T11:06:32","guid":{"rendered":"https:\/\/blogsaverroes.juntadeandalucia.es\/alfabetiza\/?page_id=106"},"modified":"2024-09-24T13:46:31","modified_gmt":"2024-09-24T11:46:31","slug":"papers","status":"publish","type":"page","link":"https:\/\/blogsaverroes.juntadeandalucia.es\/alfabetiza\/papers\/","title":{"rendered":""},"content":{"rendered":"<div align=\"center\"><span style=\"font-family: impact, sans-serif\"><a href=\"https:\/\/blogsaverroes.juntadeandalucia.es\/alfabetiza\/videoclips\"><span style=\"font-size: 12pt\">Mira<\/span><\/a>\u00a0 |\u00a0 \u00a0<a href=\"https:\/\/blogsaverroes.juntadeandalucia.es\/alfabetiza\/lectoescritura\">Trabaja<\/a>\u00a0 \u00a0|\u00a0 \u00a0<a href=\"https:\/\/blogsaverroes.juntadeandalucia.es\/alfabetiza\/light\">Juega<\/a>\u00a0 \u00a0|\u00a0 \u00a0<span style=\"font-size: 14pt\">Experimenta<\/span><\/span><\/div>\n<div align=\"center\"><span style=\"color: #ffffff\">.<\/span><\/div>\n<table style=\"border-collapse: collapse;width: 100%\">\n<tbody>\n<tr>\n<td style=\"width: 69.4323%;text-align: right\">En esta pesta\u00f1a podr\u00e9is encontrar art\u00edculos propios y descubrimientos recientes o relevantes de otros autores que te puedan servir como complemento pedag\u00f3gico.<\/td>\n<td style=\"width: 30.5677%\"><img loading=\"lazy\" decoding=\"async\" class=\"alignnone wp-image-59\" src=\"https:\/\/blogsaverroes.juntadeandalucia.es\/alfabetiza\/files\/2024\/05\/publicaciones-300x300.png\" alt=\"\" width=\"215\" height=\"215\" srcset=\"https:\/\/blogsaverroes.juntadeandalucia.es\/alfabetiza\/files\/2024\/05\/publicaciones-300x300.png 300w, https:\/\/blogsaverroes.juntadeandalucia.es\/alfabetiza\/files\/2024\/05\/publicaciones-150x150.png 150w, https:\/\/blogsaverroes.juntadeandalucia.es\/alfabetiza\/files\/2024\/05\/publicaciones-768x768.png 768w, https:\/\/blogsaverroes.juntadeandalucia.es\/alfabetiza\/files\/2024\/05\/publicaciones-80x80.png 80w, https:\/\/blogsaverroes.juntadeandalucia.es\/alfabetiza\/files\/2024\/05\/publicaciones-320x320.png 320w, https:\/\/blogsaverroes.juntadeandalucia.es\/alfabetiza\/files\/2024\/05\/publicaciones.png 1017w\" sizes=\"(max-width: 215px) 100vw, 215px\" \/><\/td>\n<\/tr>\n<\/tbody>\n<\/table>\n<p style=\"text-align: center\"><span style=\"text-decoration: underline\"><strong>\u00abMAGIA\u00bb, UN CORTOMETRAJE DE \u00abLA MAGIA DE CONVIVIR\u00bb<\/strong><\/span><\/p>\n<p style=\"text-align: center\">Cortometraje en el que recientemente particip\u00e9 como coautor, sobre convivencia escolar. En el mismo, aunamos esfuerzos para representar una historia ficticia de un caso de acoso escolar que podr\u00eda ser real. \u00bfC\u00f3mo proceder a resolverlo mediante convivencia restaurativa: c\u00edrculos de di\u00e1logo, parlamento de la paz&#8230;? Todos los procesos que se practican en el CEIP \u00c1ngel de Haro (Vera, Almer\u00eda); aqu\u00ed:<\/p>\n<p style=\"text-align: center\"><iframe loading=\"lazy\" src=\"https:\/\/www.youtube.com\/embed\/5C1771x2xkU?si=61CkMmnQRTvfTi9A\" width=\"560\" height=\"315\" frameborder=\"0\"><\/iframe><\/p>\n<p style=\"text-align: center\"><strong><a href=\"https:\/\/blogsaverroes.juntadeandalucia.es\/alfabetiza\"><span style=\"font-size: 18pt\">Volver<\/span><\/a><\/strong><\/p>\n","protected":false},"excerpt":{"rendered":"<p>Mira\u00a0 |\u00a0 \u00a0Trabaja\u00a0 \u00a0|\u00a0 \u00a0Juega\u00a0 \u00a0|\u00a0 \u00a0Experimenta . En esta pesta\u00f1a podr\u00e9is encontrar art\u00edculos propios y descubrimientos recientes o relevantes de otros autores que te puedan servir como complemento pedag\u00f3gico. \u00abMAGIA\u00bb, UN CORTOMETRAJE DE&#46;&#46;&#46;<\/p>\n","protected":false},"author":11264,"featured_media":0,"parent":0,"menu_order":0,"comment_status":"closed","ping_status":"closed","template":"","meta":{"footnotes":""},"aioseo_notices":[],"_links":{"self":[{"href":"https:\/\/blogsaverroes.juntadeandalucia.es\/alfabetiza\/wp-json\/wp\/v2\/pages\/106"}],"collection":[{"href":"https:\/\/blogsaverroes.juntadeandalucia.es\/alfabetiza\/wp-json\/wp\/v2\/pages"}],"about":[{"href":"https:\/\/blogsaverroes.juntadeandalucia.es\/alfabetiza\/wp-json\/wp\/v2\/types\/page"}],"author":[{"embeddable":true,"href":"https:\/\/blogsaverroes.juntadeandalucia.es\/alfabetiza\/wp-json\/wp\/v2\/users\/11264"}],"replies":[{"embeddable":true,"href":"https:\/\/blogsaverroes.juntadeandalucia.es\/alfabetiza\/wp-json\/wp\/v2\/comments?post=106"}],"version-history":[{"count":5,"href":"https:\/\/blogsaverroes.juntadeandalucia.es\/alfabetiza\/wp-json\/wp\/v2\/pages\/106\/revisions"}],"predecessor-version":[{"id":124,"href":"https:\/\/blogsaverroes.juntadeandalucia.es\/alfabetiza\/wp-json\/wp\/v2\/pages\/106\/revisions\/124"}],"wp:attachment":[{"href":"https:\/\/blogsaverroes.juntadeandalucia.es\/alfabetiza\/wp-json\/wp\/v2\/media?parent=106"}],"curies":[{"name":"wp","href":"https:\/\/api.w.org\/{rel}","templated":true}]}}