{"id":92,"date":"2024-05-30T12:55:40","date_gmt":"2024-05-30T10:55:40","guid":{"rendered":"https:\/\/blogsaverroes.juntadeandalucia.es\/alfabetiza\/?page_id=92"},"modified":"2024-11-05T13:17:31","modified_gmt":"2024-11-05T12:17:31","slug":"videoclips","status":"publish","type":"page","link":"https:\/\/blogsaverroes.juntadeandalucia.es\/alfabetiza\/videoclips\/","title":{"rendered":""},"content":{"rendered":"<div align=\"center\"><span style=\"font-family: impact, sans-serif\"><span style=\"font-size: 14pt\">Mira<\/span>\u00a0 |\u00a0 \u00a0<a href=\"https:\/\/blogsaverroes.juntadeandalucia.es\/alfabetiza\/lectoescritura\">Trabaja<\/a>\u00a0 \u00a0|\u00a0 \u00a0<a href=\"https:\/\/blogsaverroes.juntadeandalucia.es\/alfabetiza\/light\">Juega<\/a>\u00a0 \u00a0|\u00a0 \u00a0<a href=\"https:\/\/blogsaverroes.juntadeandalucia.es\/alfabetiza\/papers\">Experimenta<\/a><\/span><\/div>\n<div align=\"center\"><span style=\"color: #ffffff\">.<\/span><\/div>\n<table class=\" aligncenter\" style=\"height: 197px;width: 86.3537%;border-collapse: collapse\">\n<tbody>\n<tr>\n<td style=\"width: 39.5197%\"><img loading=\"lazy\" decoding=\"async\" class=\"wp-image-63 alignleft\" src=\"https:\/\/blogsaverroes.juntadeandalucia.es\/alfabetiza\/files\/2024\/05\/alfabetizacion-300x300.png\" alt=\"\" width=\"243\" height=\"243\" srcset=\"https:\/\/blogsaverroes.juntadeandalucia.es\/alfabetiza\/files\/2024\/05\/alfabetizacion-300x300.png 300w, https:\/\/blogsaverroes.juntadeandalucia.es\/alfabetiza\/files\/2024\/05\/alfabetizacion-150x150.png 150w, https:\/\/blogsaverroes.juntadeandalucia.es\/alfabetiza\/files\/2024\/05\/alfabetizacion-768x768.png 768w, https:\/\/blogsaverroes.juntadeandalucia.es\/alfabetiza\/files\/2024\/05\/alfabetizacion-80x80.png 80w, https:\/\/blogsaverroes.juntadeandalucia.es\/alfabetiza\/files\/2024\/05\/alfabetizacion-320x320.png 320w, https:\/\/blogsaverroes.juntadeandalucia.es\/alfabetiza\/files\/2024\/05\/alfabetizacion.png 1017w\" sizes=\"(max-width: 243px) 100vw, 243px\" \/><\/td>\n<td style=\"width: 60.4803%\">Mis recursos favoritos para la alfabetizaci\u00f3n, que pueden ir desde repeticiones de letras hasta vocabulario. Tambi\u00e9n puedes encontrar en esta pesta\u00f1a explicaciones gramaticales o de contenidos curriculares.<\/td>\n<\/tr>\n<\/tbody>\n<\/table>\n<p>&nbsp;<\/p>\n<p style=\"text-align: center\"><strong>EL MONO S\u00cdLABO<\/strong><\/p>\n<p style=\"text-align: center\">Ideal para que se inicien en la adquisici\u00f3n de fonemas y su relaci\u00f3n con los grafemas: letras y s\u00edlabas del alfabeto espa\u00f1ol.<\/p>\n<table style=\"border-collapse: collapse;width: 100%;height: 258px\">\n<tbody>\n<tr style=\"height: 86px\">\n<td style=\"width: 25%;text-align: center;height: 86px\"><iframe loading=\"lazy\" src=\"https:\/\/www.youtube.com\/embed\/DDg0cHSR1wY?si=ewFKfCWKMj9x6muV\" width=\"280\" height=\"140\" frameborder=\"0\"><span data-mce-type=\"bookmark\" style=\"width: 0px;overflow: hidden;line-height: 0\" class=\"mce_SELRES_start\">\ufeff<\/span><span data-mce-type=\"bookmark\" style=\"width: 0px;overflow: hidden;line-height: 0\" class=\"mce_SELRES_start\">\ufeff<\/span><\/iframe><\/td>\n<td style=\"width: 25%;text-align: center;height: 86px\"><iframe loading=\"lazy\" src=\"https:\/\/www.youtube.com\/embed\/bO23pUTXyA4?si=bfUv0CjBaXbY2RV6\" width=\"280\" height=\"140\" frameborder=\"0\"><span data-mce-type=\"bookmark\" style=\"width: 0px;overflow: hidden;line-height: 0\" class=\"mce_SELRES_start\">\ufeff<\/span><\/iframe><\/td>\n<td style=\"width: 25%;text-align: center;height: 86px\"><iframe loading=\"lazy\" src=\"https:\/\/www.youtube.com\/embed\/TTCVAWc7qXw?si=l1XxBgKjbiU5wCDP\" width=\"280\" height=\"140\" frameborder=\"0\"><span data-mce-type=\"bookmark\" style=\"width: 0px;overflow: hidden;line-height: 0\" class=\"mce_SELRES_start\">\ufeff<\/span><\/iframe><\/td>\n<\/tr>\n<tr style=\"height: 86px\">\n<td style=\"width: 25%;text-align: center;height: 86px\"><iframe loading=\"lazy\" src=\"https:\/\/www.youtube.com\/embed\/gLa2i5PSJHY?si=9JtV1mD7pntBRDYV\" width=\"280\" height=\"140\" frameborder=\"0\"><\/iframe><\/td>\n<td style=\"width: 25%;text-align: center;height: 86px\"><iframe loading=\"lazy\" src=\"https:\/\/www.youtube.com\/embed\/xxitaGjPJag?si=WaLX2aTWwv7eOTgI\" width=\"280\" height=\"140\" frameborder=\"0\"><span data-mce-type=\"bookmark\" style=\"width: 0px;overflow: hidden;line-height: 0\" class=\"mce_SELRES_start\">\ufeff<\/span><\/iframe><\/td>\n<td style=\"width: 25%;text-align: center;height: 86px\"><iframe loading=\"lazy\" src=\"https:\/\/www.youtube.com\/embed\/-sHbCdJ1xw8?si=CbUGJ539QLZxQjGz\" width=\"280\" height=\"140\" frameborder=\"0\"><span data-mce-type=\"bookmark\" style=\"width: 0px;overflow: hidden;line-height: 0\" class=\"mce_SELRES_start\">\ufeff<\/span><\/iframe><\/td>\n<\/tr>\n<tr style=\"height: 86px\">\n<td style=\"width: 25%;text-align: center;height: 86px\"><iframe loading=\"lazy\" src=\"https:\/\/www.youtube.com\/embed\/K-8kTkiYhYM?si=LHKSl20kr8vaYVF6\" width=\"280\" height=\"140\" frameborder=\"0\"><span data-mce-type=\"bookmark\" style=\"width: 0px;overflow: hidden;line-height: 0\" class=\"mce_SELRES_start\">\ufeff<\/span><\/iframe><\/td>\n<td style=\"width: 25%;text-align: center;height: 86px\"><iframe loading=\"lazy\" src=\"https:\/\/www.youtube.com\/embed\/ML1EsjCpops?si=G1Ux7SQ3Ia6ad0i7\" width=\"280\" height=\"140\" frameborder=\"0\"><span data-mce-type=\"bookmark\" style=\"width: 0px;overflow: hidden;line-height: 0\" class=\"mce_SELRES_start\">\ufeff<\/span><\/iframe><\/td>\n<td style=\"width: 25%;text-align: center;height: 86px\"><iframe loading=\"lazy\" src=\"https:\/\/www.youtube.com\/embed\/QhVIlKpB2y4?si=LOSd0mDkFCdqC-ez\" width=\"280\" height=\"140\" frameborder=\"0\"><span data-mce-type=\"bookmark\" style=\"width: 0px;overflow: hidden;line-height: 0\" class=\"mce_SELRES_start\">\ufeff<\/span><\/iframe><\/td>\n<\/tr>\n<tr>\n<td style=\"width: 25%;text-align: center\"><iframe loading=\"lazy\" src=\"https:\/\/www.youtube.com\/embed\/I6COQ7mRfZk?si=1hAYcfcaHSJv5hUF\" width=\"280\" height=\"140\" frameborder=\"0\"><span data-mce-type=\"bookmark\" style=\"width: 0px;overflow: hidden;line-height: 0\" class=\"mce_SELRES_start\">\ufeff<\/span><\/iframe><\/td>\n<td style=\"width: 25%;text-align: center\"><iframe loading=\"lazy\" src=\"https:\/\/www.youtube.com\/embed\/o6axPDGbCdo?si=Ukw93U0K4bHbV2e1\" width=\"280\" height=\"140\" frameborder=\"0\"><span data-mce-type=\"bookmark\" style=\"width: 0px;overflow: hidden;line-height: 0\" class=\"mce_SELRES_start\">\ufeff<\/span><\/iframe><\/td>\n<td style=\"width: 25%;text-align: center\"><iframe loading=\"lazy\" src=\"https:\/\/www.youtube.com\/embed\/ss75fhtts84?si=l1LrR6a9QJKofaNI\" width=\"280\" height=\"140\" frameborder=\"0\"><span data-mce-type=\"bookmark\" style=\"width: 0px;overflow: hidden;line-height: 0\" class=\"mce_SELRES_start\">\ufeff<\/span><\/iframe><\/td>\n<\/tr>\n<tr>\n<td style=\"width: 25%;text-align: center\"><iframe loading=\"lazy\" src=\"https:\/\/www.youtube.com\/embed\/TyOWmMUsJYU?si=N5AHFOjkqE1bjpKg\" width=\"280\" height=\"140\" frameborder=\"0\"><\/iframe><\/td>\n<td style=\"width: 25%;text-align: center\"><iframe loading=\"lazy\" src=\"https:\/\/www.youtube.com\/embed\/c9kSs9-a17Q?si=WHpi2w_Ll5ZzRAGU\" width=\"280\" height=\"140\" frameborder=\"0\"><span data-mce-type=\"bookmark\" style=\"width: 0px;overflow: hidden;line-height: 0\" class=\"mce_SELRES_start\">\ufeff<\/span><\/iframe><\/td>\n<td style=\"width: 25%;text-align: center\"><iframe loading=\"lazy\" src=\"https:\/\/www.youtube.com\/embed\/lUiy958qqrU?si=6QI1WFP1-YB03vzq\" width=\"280\" height=\"140\" frameborder=\"0\"><span data-mce-type=\"bookmark\" style=\"width: 0px;overflow: hidden;line-height: 0\" class=\"mce_SELRES_start\">\ufeff<\/span><\/iframe><\/td>\n<\/tr>\n<tr>\n<td style=\"width: 25%;text-align: center\"><iframe loading=\"lazy\" src=\"https:\/\/www.youtube.com\/embed\/oCFXx2I320M?si=qkuJq42gas1UPDzL\" width=\"280\" height=\"140\" frameborder=\"0\"><span data-mce-type=\"bookmark\" style=\"width: 0px;overflow: hidden;line-height: 0\" class=\"mce_SELRES_start\">\ufeff<\/span><\/iframe><\/td>\n<td style=\"width: 25%;text-align: center\"><iframe loading=\"lazy\" src=\"https:\/\/www.youtube.com\/embed\/eh_XmdQ_GaY?si=zmwb-zaDBjfOX-6Y\" width=\"280\" height=\"140\" frameborder=\"0\"><span data-mce-type=\"bookmark\" style=\"width: 0px;overflow: hidden;line-height: 0\" class=\"mce_SELRES_start\">\ufeff<\/span><\/iframe><\/td>\n<td style=\"width: 25%;text-align: center\"><iframe loading=\"lazy\" src=\"https:\/\/www.youtube.com\/embed\/7RonNmMPLP4?si=FBIFtK4tQmz2cbYY\" width=\"280\" height=\"140\" frameborder=\"0\"><span data-mce-type=\"bookmark\" style=\"width: 0px;overflow: hidden;line-height: 0\" class=\"mce_SELRES_start\">\ufeff<\/span><span data-mce-type=\"bookmark\" style=\"width: 0px;overflow: hidden;line-height: 0\" class=\"mce_SELRES_start\">\ufeff<\/span><\/iframe><\/td>\n<\/tr>\n<tr>\n<td style=\"width: 25%;text-align: center\"><iframe loading=\"lazy\" src=\"https:\/\/www.youtube.com\/embed\/Lr9TiSZL59Y?si=zJJ3ff31AuEUB_nS\" width=\"280\" height=\"140\" frameborder=\"0\"><span data-mce-type=\"bookmark\" style=\"width: 0px;overflow: hidden;line-height: 0\" class=\"mce_SELRES_start\">\ufeff<\/span><\/iframe><\/td>\n<td style=\"width: 25%;text-align: center\"><iframe loading=\"lazy\" src=\"https:\/\/www.youtube.com\/embed\/zTenhtpG8oI?si=lFq88e86O5dZIXtP\" width=\"280\" height=\"140\" frameborder=\"0\"><span data-mce-type=\"bookmark\" style=\"width: 0px;overflow: hidden;line-height: 0\" class=\"mce_SELRES_start\">\ufeff<\/span><\/iframe><\/td>\n<td style=\"width: 25%;text-align: center\"><iframe loading=\"lazy\" src=\"https:\/\/www.youtube.com\/embed\/2ES2hSXd5Y0?si=m_t-DubUjPB7m9zd\" width=\"280\" height=\"140\" frameborder=\"0\"><\/iframe><\/td>\n<\/tr>\n<tr>\n<td style=\"width: 25%;text-align: center\"><iframe loading=\"lazy\" src=\"https:\/\/www.youtube.com\/embed\/66QpUz18Ewk?si=Oi0cWaDD-1SQNq-I\" width=\"280\" height=\"140\" frameborder=\"0\"><span data-mce-type=\"bookmark\" style=\"width: 0px;overflow: hidden;line-height: 0\" class=\"mce_SELRES_start\">\ufeff<\/span><\/iframe><\/td>\n<td style=\"width: 25%;text-align: center\"><iframe loading=\"lazy\" src=\"https:\/\/www.youtube.com\/embed\/1xbVpPOUkCI?si=0Vx70h9hjElNcO2u\" width=\"280\" height=\"140\" frameborder=\"0\"><span data-mce-type=\"bookmark\" style=\"width: 0px;overflow: hidden;line-height: 0\" class=\"mce_SELRES_start\">\ufeff<\/span><\/iframe><\/td>\n<td style=\"width: 25%;text-align: center\"><iframe loading=\"lazy\" src=\"https:\/\/www.youtube.com\/embed\/F7YBJn2nfXg?si=VWTlWB292N14rw4t\" width=\"280\" height=\"140\" frameborder=\"0\"><span data-mce-type=\"bookmark\" style=\"width: 0px;overflow: hidden;line-height: 0\" class=\"mce_SELRES_start\">\ufeff<\/span><\/iframe><\/td>\n<\/tr>\n<\/tbody>\n<\/table>\n<p style=\"text-align: center\"><strong>D\u00edas de la semana<\/strong><\/p>\n<p style=\"text-align: center\"><iframe loading=\"lazy\" src=\"https:\/\/www.youtube.com\/embed\/9nyuTTn6hVM?si=lIhtDcPu7PDPSCbw\" width=\"560\" height=\"315\" frameborder=\"0\"><\/iframe><\/p>\n<p style=\"text-align: center\"><strong><a href=\"https:\/\/blogsaverroes.juntadeandalucia.es\/alfabetiza\"><span style=\"font-size: 18pt\">Volver<\/span><\/a><\/strong><\/p>\n","protected":false},"excerpt":{"rendered":"<p>Mira\u00a0 |\u00a0 \u00a0Trabaja\u00a0 \u00a0|\u00a0 \u00a0Juega\u00a0 \u00a0|\u00a0 \u00a0Experimenta . Mis recursos favoritos para la alfabetizaci\u00f3n, que pueden ir desde repeticiones de letras hasta vocabulario. Tambi\u00e9n puedes encontrar en esta pesta\u00f1a explicaciones gramaticales o de contenidos&#46;&#46;&#46;<\/p>\n","protected":false},"author":11264,"featured_media":0,"parent":0,"menu_order":0,"comment_status":"closed","ping_status":"closed","template":"","meta":{"footnotes":""},"aioseo_notices":[],"_links":{"self":[{"href":"https:\/\/blogsaverroes.juntadeandalucia.es\/alfabetiza\/wp-json\/wp\/v2\/pages\/92"}],"collection":[{"href":"https:\/\/blogsaverroes.juntadeandalucia.es\/alfabetiza\/wp-json\/wp\/v2\/pages"}],"about":[{"href":"https:\/\/blogsaverroes.juntadeandalucia.es\/alfabetiza\/wp-json\/wp\/v2\/types\/page"}],"author":[{"embeddable":true,"href":"https:\/\/blogsaverroes.juntadeandalucia.es\/alfabetiza\/wp-json\/wp\/v2\/users\/11264"}],"replies":[{"embeddable":true,"href":"https:\/\/blogsaverroes.juntadeandalucia.es\/alfabetiza\/wp-json\/wp\/v2\/comments?post=92"}],"version-history":[{"count":9,"href":"https:\/\/blogsaverroes.juntadeandalucia.es\/alfabetiza\/wp-json\/wp\/v2\/pages\/92\/revisions"}],"predecessor-version":[{"id":151,"href":"https:\/\/blogsaverroes.juntadeandalucia.es\/alfabetiza\/wp-json\/wp\/v2\/pages\/92\/revisions\/151"}],"wp:attachment":[{"href":"https:\/\/blogsaverroes.juntadeandalucia.es\/alfabetiza\/wp-json\/wp\/v2\/media?parent=92"}],"curies":[{"name":"wp","href":"https:\/\/api.w.org\/{rel}","templated":true}]}}