{"id":19,"date":"2021-10-29T16:40:41","date_gmt":"2021-10-29T16:40:41","guid":{"rendered":"https:\/\/blogsaverroes.juntadeandalucia.es\/almadrabaemprende\/?page_id=19"},"modified":"2021-10-31T11:37:37","modified_gmt":"2021-10-31T11:37:37","slug":"espacio-fisico","status":"publish","type":"page","link":"https:\/\/blogsaverroes.juntadeandalucia.es\/almadrabaemprende\/espacio-fisico\/","title":{"rendered":"Espacio f\u00edsico"},"content":{"rendered":"<p>Actualmente, el espacio f\u00edsico del aula de emprendimiento est\u00e1 siendo ocupado por el alumnado de 2\u00ba de Administraci\u00f3n y Finanzas y se encuentra distribuido como puede verse en el plano:<\/p>\n<p><img loading=\"lazy\" decoding=\"async\" class=\"aligncenter size-full wp-image-80\" src=\"https:\/\/blogsaverroes.juntadeandalucia.es\/almadrabaemprende\/files\/2021\/10\/aula-emprendimiento-real.png\" alt=\"\" width=\"877\" height=\"634\" srcset=\"https:\/\/blogsaverroes.juntadeandalucia.es\/almadrabaemprende\/files\/2021\/10\/aula-emprendimiento-real.png 877w, https:\/\/blogsaverroes.juntadeandalucia.es\/almadrabaemprende\/files\/2021\/10\/aula-emprendimiento-real-300x217.png 300w, https:\/\/blogsaverroes.juntadeandalucia.es\/almadrabaemprende\/files\/2021\/10\/aula-emprendimiento-real-768x555.png 768w, https:\/\/blogsaverroes.juntadeandalucia.es\/almadrabaemprende\/files\/2021\/10\/aula-emprendimiento-real-700x506.png 700w\" sizes=\"(max-width: 877px) 100vw, 877px\" \/><\/p>\n<p>Aqu\u00ed podemos ver varias fotos del espacio:<\/p>\n\n\t\t<style>\n\t\t\t#gallery-1 {\n\t\t\t\tmargin: auto;\n\t\t\t}\n\t\t\t#gallery-1 .gallery-item {\n\t\t\t\tfloat: left;\n\t\t\t\tmargin-top: 10px;\n\t\t\t\ttext-align: center;\n\t\t\t\twidth: 33%;\n\t\t\t}\n\t\t\t#gallery-1 img {\n\t\t\t\tborder: 2px solid #cfcfcf;\n\t\t\t}\n\t\t\t#gallery-1 .gallery-caption {\n\t\t\t\tmargin-left: 0;\n\t\t\t}\n\t\t\t\/* see gallery_shortcode() in wp-includes\/media.php *\/\n\t\t<\/style>\n\t\t<div id='gallery-1' class='gallery galleryid-19 gallery-columns-3 gallery-size-medium'><dl class='gallery-item'>\n\t\t\t<dt class='gallery-icon landscape'>\n\t\t\t\t<a href='https:\/\/blogsaverroes.juntadeandalucia.es\/almadrabaemprende\/espacio-fisico\/20210928_141230\/'><img loading=\"lazy\" decoding=\"async\" width=\"300\" height=\"225\" src=\"https:\/\/blogsaverroes.juntadeandalucia.es\/almadrabaemprende\/files\/2021\/10\/20210928_141230-300x225.jpg\" class=\"attachment-medium size-medium\" alt=\"\" srcset=\"https:\/\/blogsaverroes.juntadeandalucia.es\/almadrabaemprende\/files\/2021\/10\/20210928_141230-300x225.jpg 300w, https:\/\/blogsaverroes.juntadeandalucia.es\/almadrabaemprende\/files\/2021\/10\/20210928_141230-1024x768.jpg 1024w, https:\/\/blogsaverroes.juntadeandalucia.es\/almadrabaemprende\/files\/2021\/10\/20210928_141230-768x576.jpg 768w, https:\/\/blogsaverroes.juntadeandalucia.es\/almadrabaemprende\/files\/2021\/10\/20210928_141230-700x525.jpg 700w\" sizes=\"(max-width: 300px) 100vw, 300px\" \/><\/a>\n\t\t\t<\/dt><\/dl><dl class='gallery-item'>\n\t\t\t<dt class='gallery-icon landscape'>\n\t\t\t\t<a href='https:\/\/blogsaverroes.juntadeandalucia.es\/almadrabaemprende\/espacio-fisico\/20210929_145306\/'><img loading=\"lazy\" decoding=\"async\" width=\"300\" height=\"225\" src=\"https:\/\/blogsaverroes.juntadeandalucia.es\/almadrabaemprende\/files\/2021\/10\/20210929_145306-300x225.jpg\" class=\"attachment-medium size-medium\" alt=\"\" srcset=\"https:\/\/blogsaverroes.juntadeandalucia.es\/almadrabaemprende\/files\/2021\/10\/20210929_145306-300x225.jpg 300w, https:\/\/blogsaverroes.juntadeandalucia.es\/almadrabaemprende\/files\/2021\/10\/20210929_145306-1024x768.jpg 1024w, https:\/\/blogsaverroes.juntadeandalucia.es\/almadrabaemprende\/files\/2021\/10\/20210929_145306-768x576.jpg 768w, https:\/\/blogsaverroes.juntadeandalucia.es\/almadrabaemprende\/files\/2021\/10\/20210929_145306-1536x1152.jpg 1536w, https:\/\/blogsaverroes.juntadeandalucia.es\/almadrabaemprende\/files\/2021\/10\/20210929_145306-2048x1536.jpg 2048w, https:\/\/blogsaverroes.juntadeandalucia.es\/almadrabaemprende\/files\/2021\/10\/20210929_145306-700x525.jpg 700w\" sizes=\"(max-width: 300px) 100vw, 300px\" \/><\/a>\n\t\t\t<\/dt><\/dl><dl class='gallery-item'>\n\t\t\t<dt class='gallery-icon landscape'>\n\t\t\t\t<a href='https:\/\/blogsaverroes.juntadeandalucia.es\/almadrabaemprende\/espacio-fisico\/20210929_145317\/'><img loading=\"lazy\" decoding=\"async\" width=\"300\" height=\"225\" src=\"https:\/\/blogsaverroes.juntadeandalucia.es\/almadrabaemprende\/files\/2021\/10\/20210929_145317-300x225.jpg\" class=\"attachment-medium size-medium\" alt=\"\" srcset=\"https:\/\/blogsaverroes.juntadeandalucia.es\/almadrabaemprende\/files\/2021\/10\/20210929_145317-300x225.jpg 300w, https:\/\/blogsaverroes.juntadeandalucia.es\/almadrabaemprende\/files\/2021\/10\/20210929_145317-1024x768.jpg 1024w, https:\/\/blogsaverroes.juntadeandalucia.es\/almadrabaemprende\/files\/2021\/10\/20210929_145317-768x576.jpg 768w, https:\/\/blogsaverroes.juntadeandalucia.es\/almadrabaemprende\/files\/2021\/10\/20210929_145317-1536x1152.jpg 1536w, https:\/\/blogsaverroes.juntadeandalucia.es\/almadrabaemprende\/files\/2021\/10\/20210929_145317-2048x1536.jpg 2048w, https:\/\/blogsaverroes.juntadeandalucia.es\/almadrabaemprende\/files\/2021\/10\/20210929_145317-700x525.jpg 700w\" sizes=\"(max-width: 300px) 100vw, 300px\" \/><\/a>\n\t\t\t<\/dt><\/dl><br style=\"clear: both\" \/><dl class='gallery-item'>\n\t\t\t<dt class='gallery-icon landscape'>\n\t\t\t\t<a href='https:\/\/blogsaverroes.juntadeandalucia.es\/almadrabaemprende\/espacio-fisico\/20210927_131824\/'><img loading=\"lazy\" decoding=\"async\" width=\"300\" height=\"225\" src=\"https:\/\/blogsaverroes.juntadeandalucia.es\/almadrabaemprende\/files\/2021\/10\/20210927_131824-300x225.jpg\" class=\"attachment-medium size-medium\" alt=\"\" srcset=\"https:\/\/blogsaverroes.juntadeandalucia.es\/almadrabaemprende\/files\/2021\/10\/20210927_131824-300x225.jpg 300w, https:\/\/blogsaverroes.juntadeandalucia.es\/almadrabaemprende\/files\/2021\/10\/20210927_131824-1024x768.jpg 1024w, https:\/\/blogsaverroes.juntadeandalucia.es\/almadrabaemprende\/files\/2021\/10\/20210927_131824-768x576.jpg 768w, https:\/\/blogsaverroes.juntadeandalucia.es\/almadrabaemprende\/files\/2021\/10\/20210927_131824-700x525.jpg 700w\" sizes=\"(max-width: 300px) 100vw, 300px\" \/><\/a>\n\t\t\t<\/dt><\/dl><dl class='gallery-item'>\n\t\t\t<dt class='gallery-icon landscape'>\n\t\t\t\t<a href='https:\/\/blogsaverroes.juntadeandalucia.es\/almadrabaemprende\/espacio-fisico\/20210929_145311\/'><img loading=\"lazy\" decoding=\"async\" width=\"300\" height=\"225\" src=\"https:\/\/blogsaverroes.juntadeandalucia.es\/almadrabaemprende\/files\/2021\/10\/20210929_145311-300x225.jpg\" class=\"attachment-medium size-medium\" alt=\"\" srcset=\"https:\/\/blogsaverroes.juntadeandalucia.es\/almadrabaemprende\/files\/2021\/10\/20210929_145311-300x225.jpg 300w, https:\/\/blogsaverroes.juntadeandalucia.es\/almadrabaemprende\/files\/2021\/10\/20210929_145311-1024x768.jpg 1024w, https:\/\/blogsaverroes.juntadeandalucia.es\/almadrabaemprende\/files\/2021\/10\/20210929_145311-768x576.jpg 768w, https:\/\/blogsaverroes.juntadeandalucia.es\/almadrabaemprende\/files\/2021\/10\/20210929_145311-1536x1152.jpg 1536w, https:\/\/blogsaverroes.juntadeandalucia.es\/almadrabaemprende\/files\/2021\/10\/20210929_145311-2048x1536.jpg 2048w, https:\/\/blogsaverroes.juntadeandalucia.es\/almadrabaemprende\/files\/2021\/10\/20210929_145311-700x525.jpg 700w\" sizes=\"(max-width: 300px) 100vw, 300px\" \/><\/a>\n\t\t\t<\/dt><\/dl>\n\t\t\t<br style='clear: both' \/>\n\t\t<\/div>\n\n","protected":false},"excerpt":{"rendered":"<p>Actualmente, el espacio f\u00edsico del aula de emprendimiento est\u00e1 siendo ocupado por el alumnado de 2\u00ba de Administraci\u00f3n y Finanzas y se encuentra distribuido como puede verse en el plano: Aqu\u00ed podemos ver varias&#46;&#46;&#46;<\/p>\n","protected":false},"author":10364,"featured_media":0,"parent":0,"menu_order":0,"comment_status":"closed","ping_status":"closed","template":"","meta":{"ngg_post_thumbnail":0,"footnotes":""},"aioseo_notices":[],"_links":{"self":[{"href":"https:\/\/blogsaverroes.juntadeandalucia.es\/almadrabaemprende\/wp-json\/wp\/v2\/pages\/19"}],"collection":[{"href":"https:\/\/blogsaverroes.juntadeandalucia.es\/almadrabaemprende\/wp-json\/wp\/v2\/pages"}],"about":[{"href":"https:\/\/blogsaverroes.juntadeandalucia.es\/almadrabaemprende\/wp-json\/wp\/v2\/types\/page"}],"author":[{"embeddable":true,"href":"https:\/\/blogsaverroes.juntadeandalucia.es\/almadrabaemprende\/wp-json\/wp\/v2\/users\/10364"}],"replies":[{"embeddable":true,"href":"https:\/\/blogsaverroes.juntadeandalucia.es\/almadrabaemprende\/wp-json\/wp\/v2\/comments?post=19"}],"version-history":[{"count":3,"href":"https:\/\/blogsaverroes.juntadeandalucia.es\/almadrabaemprende\/wp-json\/wp\/v2\/pages\/19\/revisions"}],"predecessor-version":[{"id":86,"href":"https:\/\/blogsaverroes.juntadeandalucia.es\/almadrabaemprende\/wp-json\/wp\/v2\/pages\/19\/revisions\/86"}],"wp:attachment":[{"href":"https:\/\/blogsaverroes.juntadeandalucia.es\/almadrabaemprende\/wp-json\/wp\/v2\/media?parent=19"}],"curies":[{"name":"wp","href":"https:\/\/api.w.org\/{rel}","templated":true}]}}