{"id":2,"date":"2021-10-05T07:03:40","date_gmt":"2021-10-05T07:03:40","guid":{"rendered":"https:\/\/blogsaverroes.juntadeandalucia.es\/almadrabaemprende\/?page_id=2"},"modified":"2021-11-16T20:02:59","modified_gmt":"2021-11-16T20:02:59","slug":"pagina-ejemplo","status":"publish","type":"page","link":"https:\/\/blogsaverroes.juntadeandalucia.es\/almadrabaemprende\/","title":{"rendered":"P\u00e1gina de inicio"},"content":{"rendered":"\r\n<p><span style=\"font-family: verdana, geneva, sans-serif;font-size: 12pt\">Esta web es la p\u00e1gina del Aula de Emprendimiento del IES Almadraba, de Tarifa.<\/span><\/p>\r\n<p><span style=\"font-family: verdana, geneva, sans-serif;font-size: 12pt\">Nuestros alumnos\/as de 2\u00ba de Administraci\u00f3n y Finanzas han realizado este v\u00eddeo para contarnos qu\u00e9 es.<\/span><\/p>\r\n<p><iframe loading=\"lazy\" title=\"Presentaci\u00f3n Almadraba Emprende\" width=\"500\" height=\"281\" src=\"https:\/\/www.youtube.com\/embed\/94_zN9Hx8hY?feature=oembed&#038;wmode=opaque\" frameborder=\"0\" allow=\"accelerometer; autoplay; clipboard-write; encrypted-media; gyroscope; picture-in-picture; web-share\" referrerpolicy=\"strict-origin-when-cross-origin\" allowfullscreen><\/iframe><\/p>\r\n<p>&nbsp;<\/p>\r\n<p>&nbsp;<\/p>\r\n<p>&nbsp;<\/p>\r\n\r\n\r\n","protected":false},"excerpt":{"rendered":"<p>Esta web es la p\u00e1gina del Aula de Emprendimiento del IES Almadraba, de Tarifa. Nuestros alumnos\/as de 2\u00ba de Administraci\u00f3n y Finanzas han realizado este v\u00eddeo para contarnos qu\u00e9 es. &nbsp; &nbsp; &nbsp;<\/p>\n","protected":false},"author":10364,"featured_media":0,"parent":0,"menu_order":0,"comment_status":"closed","ping_status":"open","template":"","meta":{"ngg_post_thumbnail":0,"footnotes":""},"aioseo_notices":[],"_links":{"self":[{"href":"https:\/\/blogsaverroes.juntadeandalucia.es\/almadrabaemprende\/wp-json\/wp\/v2\/pages\/2"}],"collection":[{"href":"https:\/\/blogsaverroes.juntadeandalucia.es\/almadrabaemprende\/wp-json\/wp\/v2\/pages"}],"about":[{"href":"https:\/\/blogsaverroes.juntadeandalucia.es\/almadrabaemprende\/wp-json\/wp\/v2\/types\/page"}],"author":[{"embeddable":true,"href":"https:\/\/blogsaverroes.juntadeandalucia.es\/almadrabaemprende\/wp-json\/wp\/v2\/users\/10364"}],"replies":[{"embeddable":true,"href":"https:\/\/blogsaverroes.juntadeandalucia.es\/almadrabaemprende\/wp-json\/wp\/v2\/comments?post=2"}],"version-history":[{"count":9,"href":"https:\/\/blogsaverroes.juntadeandalucia.es\/almadrabaemprende\/wp-json\/wp\/v2\/pages\/2\/revisions"}],"predecessor-version":[{"id":88,"href":"https:\/\/blogsaverroes.juntadeandalucia.es\/almadrabaemprende\/wp-json\/wp\/v2\/pages\/2\/revisions\/88"}],"wp:attachment":[{"href":"https:\/\/blogsaverroes.juntadeandalucia.es\/almadrabaemprende\/wp-json\/wp\/v2\/media?parent=2"}],"curies":[{"name":"wp","href":"https:\/\/api.w.org\/{rel}","templated":true}]}}