{"id":21,"date":"2021-10-29T16:41:05","date_gmt":"2021-10-29T16:41:05","guid":{"rendered":"https:\/\/blogsaverroes.juntadeandalucia.es\/almadrabaemprende\/?page_id=21"},"modified":"2022-12-13T08:35:38","modified_gmt":"2022-12-13T08:35:38","slug":"programa-formativo","status":"publish","type":"page","link":"https:\/\/blogsaverroes.juntadeandalucia.es\/almadrabaemprende\/programa-formativo\/","title":{"rendered":"Programa formativo"},"content":{"rendered":"<h2 style=\"text-align: center\"><strong>PRIMERA FASE<\/strong><\/h2>\n<p>Pincha en el bot\u00f3n de cada actividad para ver la publicaci\u00f3n en redes de la misma.<\/p>\n<div style=\"width: 100%\">\n<div style=\"padding-bottom: 200.00%;padding-top: 0;height: 0\"><iframe loading=\"lazy\" src=\"https:\/\/view.genial.ly\/617e6e21a692a00ddbd09676\" width=\"1000\" height=\"2000\" frameborder=\"0\" scrolling=\"yes\"><\/iframe><\/div>\n<div>&nbsp;<\/div>\n<\/div>\n<p>&nbsp;<\/p>\n<hr>\n<h2>&nbsp;<\/h2>\n<h2>&nbsp;<\/h2>\n<h2>&nbsp;<\/h2>\n<h2>&nbsp;<\/h2>\n<h2>&nbsp;<\/h2>\n<h2>&nbsp;<\/h2>\n<h2>&nbsp;<\/h2>\n<h2>&nbsp;<\/h2>\n<hr>\n<h2 style=\"text-align: center\"><strong>SEGUNDA FASE<\/strong><\/h2>\n<p style=\"text-align: justify\">&nbsp;En esta segunda fase ya no hemos necesitado la formaci\u00f3n inicial que necesitamos en la primera fase por el desconocimiento del proyecto, por tanto, se pretende realizar un enfoque distinto del Aula de Emprendimiento. La formaci\u00f3n del profesorado ya no es tan necesaria, pero s\u00ed queremos seguir realizando formaci\u00f3n del alumnado para mejorar sus habilidades blandas y su capacidad de autoempleo. Asimismo, vamos a realizar adquisici\u00f3n de material did\u00e1ctico para poder usar en el aula y en el desarrollo de actividades por parte del profesorado de FP.<\/p>\n<p>Las actividades realizadas en el Aula de Emprendimiento han ido encaminadas al desarrollo de las habilidades blandas del alumnado:<\/p>\n<ul style=\"list-style-type: disc\">\n<li><strong>Taller de comunicaci\u00f3n,<\/strong> celebrado el d\u00eda 9 de febrero de 2022. Este taller lo ha impartido Luc\u00eda Miralles, experta en comunicaci\u00f3n empresarial, que ha dado al alumnado diferentes consejos para mejorar sus habilidades comunicativas.<\/li>\n<\/ul>\n<p><img loading=\"lazy\" decoding=\"async\" class=\"aligncenter size-large wp-image-91\" src=\"https:\/\/blogsaverroes.juntadeandalucia.es\/almadrabaemprende\/files\/2022\/05\/1-1024x724.png\" alt=\"\" width=\"660\" height=\"467\" srcset=\"https:\/\/blogsaverroes.juntadeandalucia.es\/almadrabaemprende\/files\/2022\/05\/1-1024x724.png 1024w, https:\/\/blogsaverroes.juntadeandalucia.es\/almadrabaemprende\/files\/2022\/05\/1-300x212.png 300w, https:\/\/blogsaverroes.juntadeandalucia.es\/almadrabaemprende\/files\/2022\/05\/1-768x543.png 768w, https:\/\/blogsaverroes.juntadeandalucia.es\/almadrabaemprende\/files\/2022\/05\/1-1536x1086.png 1536w, https:\/\/blogsaverroes.juntadeandalucia.es\/almadrabaemprende\/files\/2022\/05\/1-700x495.png 700w, https:\/\/blogsaverroes.juntadeandalucia.es\/almadrabaemprende\/files\/2022\/05\/1.png 2000w\" sizes=\"(max-width: 660px) 100vw, 660px\" \/><\/p>\n<p>En el siguiente <a href=\"https:\/\/www.instagram.com\/p\/CZfXpxJM7zV\/?utm_source=ig_web_copy_link\">enlace<\/a> puedes ver la publicaci\u00f3n en redes sociales de la realizaci\u00f3n del mismo.<\/p>\n<p>&nbsp;<\/p>\n<ul style=\"list-style-type: disc\">\n<li><strong>Taller de inteligencia emocional,<\/strong> celebrado el d\u00eda 2 de marzo de 2022. Este taller ha sido a cargo de Jorge Recena, experto en inteligencia emocional y resoluci\u00f3n de conflictos. Durante el mismo, nos ha explicado un poco las emociones b\u00e1sicas y c\u00f3mo nos comportamos seg\u00fan nuestras emociones. Este taller tambi\u00e9n ha servido para trabajar el autoconocimiento y la confianza en uno\/a mismo\/a.<\/li>\n<\/ul>\n<p><img loading=\"lazy\" decoding=\"async\" class=\"aligncenter size-large wp-image-92\" src=\"https:\/\/blogsaverroes.juntadeandalucia.es\/almadrabaemprende\/files\/2022\/05\/2-1024x724.png\" alt=\"\" width=\"660\" height=\"467\" srcset=\"https:\/\/blogsaverroes.juntadeandalucia.es\/almadrabaemprende\/files\/2022\/05\/2-1024x724.png 1024w, https:\/\/blogsaverroes.juntadeandalucia.es\/almadrabaemprende\/files\/2022\/05\/2-300x212.png 300w, https:\/\/blogsaverroes.juntadeandalucia.es\/almadrabaemprende\/files\/2022\/05\/2-768x543.png 768w, https:\/\/blogsaverroes.juntadeandalucia.es\/almadrabaemprende\/files\/2022\/05\/2-1536x1086.png 1536w, https:\/\/blogsaverroes.juntadeandalucia.es\/almadrabaemprende\/files\/2022\/05\/2-700x495.png 700w, https:\/\/blogsaverroes.juntadeandalucia.es\/almadrabaemprende\/files\/2022\/05\/2.png 2000w\" sizes=\"(max-width: 660px) 100vw, 660px\" \/><\/p>\n<p>En el siguiente <a href=\"https:\/\/www.instagram.com\/p\/Ca5OBeesinx\/?utm_source=ig_web_copy_link\">enlace<\/a> puedes ver la publicaci\u00f3n en redes sociales de la realizaci\u00f3n del mismo.<\/p>\n<p>&nbsp;<\/p>\n<ul>\n<li><strong>Taller de gesti\u00f3n del tiempo,<\/strong> celebrado el d\u00eda 24 de octubre de 2022. Este taller ha sido a cargo de Jorge Recena, experto en inteligencia emocional y resoluci\u00f3n de conflictos. En el mismo, ha explicado al alumnado lo importante que es controlar los denominados \u00abladrones de tiempo\u00bb y&nbsp; la priorizaci\u00f3n de tareas a trav\u00e9s de diferentes m\u00e9todos. Para ello, ha realizado con el alumnado y el profesorado participante algunas actividades de autoreflexi\u00f3n sobre las cosas importantes en la vida de cada uno\/a.<\/li>\n<\/ul>\n<p><img loading=\"lazy\" decoding=\"async\" class=\"aligncenter size-large wp-image-112\" src=\"https:\/\/blogsaverroes.juntadeandalucia.es\/almadrabaemprende\/files\/2022\/11\/3-1024x724.png\" alt=\"\" width=\"660\" height=\"467\" srcset=\"https:\/\/blogsaverroes.juntadeandalucia.es\/almadrabaemprende\/files\/2022\/11\/3-1024x724.png 1024w, https:\/\/blogsaverroes.juntadeandalucia.es\/almadrabaemprende\/files\/2022\/11\/3-300x212.png 300w, https:\/\/blogsaverroes.juntadeandalucia.es\/almadrabaemprende\/files\/2022\/11\/3-768x543.png 768w, https:\/\/blogsaverroes.juntadeandalucia.es\/almadrabaemprende\/files\/2022\/11\/3-1536x1086.png 1536w, https:\/\/blogsaverroes.juntadeandalucia.es\/almadrabaemprende\/files\/2022\/11\/3-700x495.png 700w, https:\/\/blogsaverroes.juntadeandalucia.es\/almadrabaemprende\/files\/2022\/11\/3.png 2000w\" sizes=\"(max-width: 660px) 100vw, 660px\" \/><\/p>\n<p>En el siguiente <a href=\"https:\/\/www.instagram.com\/p\/CkKsmtTsTjz\/?utm_source=ig_web_copy_link\">enlace<\/a> puedes ver la publicaci\u00f3n en redes sociales de la realizaci\u00f3n del mismo.<\/p>\n<p>&nbsp;<\/p>\n<p>&nbsp;<\/p>\n<ul>\n<li><strong>Taller de emprendimiento personal: autoconocimiento y autoestima,<\/strong> celebrado el d\u00eda 28 de octubre de 2022. Este taller ha sido a cargo de Mari Carmen D\u00edaz, profesora, experta en inteligencia emocional y formaci\u00f3n a la comunidad educativa, adem\u00e1s de coach. Durante el mismo, ha hablado sobre la importancia de la autoestima y ha realizado dos actividades principales: un chequeo inicial de la autoestima, una valoraci\u00f3n personal sobre las cualidades positivas de cada uno\/a y un posterior cotejo con las personas del entorno. Tras ello, se ha realizado una valoraci\u00f3n final sobre c\u00f3mo est\u00e1 nuestra autoestima, c\u00f3mo podemos mejorarla y ha dado algunos consejos a los alumnos\/as.<\/li>\n<\/ul>\n<p>Esta actividad se ha realizado con el grupo de 2\u00ba de Administraci\u00f3n y Finanzas, en el marco de las <em>soft skills<\/em> y competencias personales que requiere todo emprendedor\/a. En Espa\u00f1a, especialmente vemos que lo que dificulta el emprendimiento es el miedo al fracaso y, para ello, debemos mejorar nuestra autoestima.<\/p>\n<p><img loading=\"lazy\" decoding=\"async\" class=\"aligncenter size-large wp-image-113\" src=\"https:\/\/blogsaverroes.juntadeandalucia.es\/almadrabaemprende\/files\/2022\/11\/4-1024x724.png\" alt=\"\" width=\"660\" height=\"467\" srcset=\"https:\/\/blogsaverroes.juntadeandalucia.es\/almadrabaemprende\/files\/2022\/11\/4-1024x724.png 1024w, https:\/\/blogsaverroes.juntadeandalucia.es\/almadrabaemprende\/files\/2022\/11\/4-300x212.png 300w, https:\/\/blogsaverroes.juntadeandalucia.es\/almadrabaemprende\/files\/2022\/11\/4-768x543.png 768w, https:\/\/blogsaverroes.juntadeandalucia.es\/almadrabaemprende\/files\/2022\/11\/4-1536x1086.png 1536w, https:\/\/blogsaverroes.juntadeandalucia.es\/almadrabaemprende\/files\/2022\/11\/4-700x495.png 700w, https:\/\/blogsaverroes.juntadeandalucia.es\/almadrabaemprende\/files\/2022\/11\/4.png 2000w\" sizes=\"(max-width: 660px) 100vw, 660px\" \/><\/p>\n<p>En el siguiente <a href=\"https:\/\/www.instagram.com\/p\/CkRXIyqrApH\/?utm_source=ig_web_copy_link\">enlace<\/a> puedes ver la publicaci\u00f3n en redes sociales de la realizaci\u00f3n del mismo.<\/p>\n<ul>\n<li><strong>Participaci\u00f3n en SpinAzul de la Universidad de C\u00e1diz,<\/strong> celebrado el d\u00eda 30 de noviembre de 2022. Esta actividad organizada por la Universidad de C\u00e1diz pretende incentivar el emprendimiento y la econom\u00eda azul en la zona.&nbsp;<\/li>\n<\/ul>\n<p>Durante el mismo, los alumnos\/as han conocido las experiencias de Nacho Dean (explorador y escritor) y Mercedes Mart\u00edn (meteor\u00f3loga y activista), adem\u00e1s han realizado una gymkana emprendedora en la que se han enfrenta a diferentes retos.<\/p>\n<p>En el siguiente <a href=\"https:\/\/www.instagram.com\/p\/CllfdQjsBQI\/?igshid=MDJmNzVkMjY=\">enlace<\/a> puedes ver la publicaci\u00f3n en redes sociales de la realizaci\u00f3n del mismo.<\/p>\n","protected":false},"excerpt":{"rendered":"<p>PRIMERA FASE Pincha en el bot\u00f3n de cada actividad para ver la publicaci\u00f3n en redes de la misma. &nbsp; &nbsp; &nbsp; &nbsp; &nbsp; &nbsp; &nbsp; &nbsp; &nbsp; &nbsp; SEGUNDA FASE &nbsp;En esta segunda fase&#46;&#46;&#46;<\/p>\n","protected":false},"author":10364,"featured_media":0,"parent":0,"menu_order":0,"comment_status":"closed","ping_status":"closed","template":"","meta":{"ngg_post_thumbnail":0,"footnotes":""},"aioseo_notices":[],"_links":{"self":[{"href":"https:\/\/blogsaverroes.juntadeandalucia.es\/almadrabaemprende\/wp-json\/wp\/v2\/pages\/21"}],"collection":[{"href":"https:\/\/blogsaverroes.juntadeandalucia.es\/almadrabaemprende\/wp-json\/wp\/v2\/pages"}],"about":[{"href":"https:\/\/blogsaverroes.juntadeandalucia.es\/almadrabaemprende\/wp-json\/wp\/v2\/types\/page"}],"author":[{"embeddable":true,"href":"https:\/\/blogsaverroes.juntadeandalucia.es\/almadrabaemprende\/wp-json\/wp\/v2\/users\/10364"}],"replies":[{"embeddable":true,"href":"https:\/\/blogsaverroes.juntadeandalucia.es\/almadrabaemprende\/wp-json\/wp\/v2\/comments?post=21"}],"version-history":[{"count":10,"href":"https:\/\/blogsaverroes.juntadeandalucia.es\/almadrabaemprende\/wp-json\/wp\/v2\/pages\/21\/revisions"}],"predecessor-version":[{"id":118,"href":"https:\/\/blogsaverroes.juntadeandalucia.es\/almadrabaemprende\/wp-json\/wp\/v2\/pages\/21\/revisions\/118"}],"wp:attachment":[{"href":"https:\/\/blogsaverroes.juntadeandalucia.es\/almadrabaemprende\/wp-json\/wp\/v2\/media?parent=21"}],"curies":[{"name":"wp","href":"https:\/\/api.w.org\/{rel}","templated":true}]}}