{"id":40,"date":"2021-10-29T22:26:20","date_gmt":"2021-10-29T22:26:20","guid":{"rendered":"https:\/\/blogsaverroes.juntadeandalucia.es\/almadrabaemprende\/?page_id=40"},"modified":"2021-10-31T11:00:42","modified_gmt":"2021-10-31T11:00:42","slug":"nuestras-redes","status":"publish","type":"page","link":"https:\/\/blogsaverroes.juntadeandalucia.es\/almadrabaemprende\/nuestras-redes\/","title":{"rendered":"Nuestras Redes"},"content":{"rendered":"<p>En nuestra red de Instagram estamos subiendo todas las actividades que realizamos, as\u00ed como otra informaci\u00f3n de emprendiendo que pueda ser de inter\u00e9s de nuestro alumnado y egresados.<\/p>\n<p>Si quieres seguirnos en redes, aqu\u00ed tienes el QR para hacerlo:<\/p>\n<p><img loading=\"lazy\" decoding=\"async\" class=\"aligncenter size-large wp-image-66\" src=\"https:\/\/blogsaverroes.juntadeandalucia.es\/almadrabaemprende\/files\/2021\/10\/almadrabaemprende_nametag-1024x1024.png\" alt=\"\" width=\"660\" height=\"660\" srcset=\"https:\/\/blogsaverroes.juntadeandalucia.es\/almadrabaemprende\/files\/2021\/10\/almadrabaemprende_nametag-1024x1024.png 1024w, https:\/\/blogsaverroes.juntadeandalucia.es\/almadrabaemprende\/files\/2021\/10\/almadrabaemprende_nametag-300x300.png 300w, https:\/\/blogsaverroes.juntadeandalucia.es\/almadrabaemprende\/files\/2021\/10\/almadrabaemprende_nametag-150x150.png 150w, https:\/\/blogsaverroes.juntadeandalucia.es\/almadrabaemprende\/files\/2021\/10\/almadrabaemprende_nametag-768x768.png 768w, https:\/\/blogsaverroes.juntadeandalucia.es\/almadrabaemprende\/files\/2021\/10\/almadrabaemprende_nametag-432x432.png 432w, https:\/\/blogsaverroes.juntadeandalucia.es\/almadrabaemprende\/files\/2021\/10\/almadrabaemprende_nametag-268x268.png 268w, https:\/\/blogsaverroes.juntadeandalucia.es\/almadrabaemprende\/files\/2021\/10\/almadrabaemprende_nametag-700x700.png 700w, https:\/\/blogsaverroes.juntadeandalucia.es\/almadrabaemprende\/files\/2021\/10\/almadrabaemprende_nametag.png 1275w\" sizes=\"(max-width: 660px) 100vw, 660px\" \/><\/p>\n<p>Si no dispones de lector, no te preocupes, busca <em>@almadrabaemprende<\/em> en Instagram.<\/p>\n<p style=\"padding-left: 360px\">Nos vemos en las redes.&nbsp; <img loading=\"lazy\" decoding=\"async\" class=\"wp-image-67 alignright\" src=\"https:\/\/blogsaverroes.juntadeandalucia.es\/almadrabaemprende\/files\/2021\/10\/thumbs-up-ge8987137d_640-e1635677960612.png\" alt=\"\" width=\"100\" height=\"70\"><\/p>\n","protected":false},"excerpt":{"rendered":"<p>En nuestra red de Instagram estamos subiendo todas las actividades que realizamos, as\u00ed como otra informaci\u00f3n de emprendiendo que pueda ser de inter\u00e9s de nuestro alumnado y egresados. Si quieres seguirnos en redes, aqu\u00ed&#46;&#46;&#46;<\/p>\n","protected":false},"author":10364,"featured_media":0,"parent":0,"menu_order":0,"comment_status":"closed","ping_status":"closed","template":"","meta":{"ngg_post_thumbnail":0,"footnotes":""},"aioseo_notices":[],"_links":{"self":[{"href":"https:\/\/blogsaverroes.juntadeandalucia.es\/almadrabaemprende\/wp-json\/wp\/v2\/pages\/40"}],"collection":[{"href":"https:\/\/blogsaverroes.juntadeandalucia.es\/almadrabaemprende\/wp-json\/wp\/v2\/pages"}],"about":[{"href":"https:\/\/blogsaverroes.juntadeandalucia.es\/almadrabaemprende\/wp-json\/wp\/v2\/types\/page"}],"author":[{"embeddable":true,"href":"https:\/\/blogsaverroes.juntadeandalucia.es\/almadrabaemprende\/wp-json\/wp\/v2\/users\/10364"}],"replies":[{"embeddable":true,"href":"https:\/\/blogsaverroes.juntadeandalucia.es\/almadrabaemprende\/wp-json\/wp\/v2\/comments?post=40"}],"version-history":[{"count":15,"href":"https:\/\/blogsaverroes.juntadeandalucia.es\/almadrabaemprende\/wp-json\/wp\/v2\/pages\/40\/revisions"}],"predecessor-version":[{"id":68,"href":"https:\/\/blogsaverroes.juntadeandalucia.es\/almadrabaemprende\/wp-json\/wp\/v2\/pages\/40\/revisions\/68"}],"wp:attachment":[{"href":"https:\/\/blogsaverroes.juntadeandalucia.es\/almadrabaemprende\/wp-json\/wp\/v2\/media?parent=40"}],"curies":[{"name":"wp","href":"https:\/\/api.w.org\/{rel}","templated":true}]}}