{"id":2479,"date":"2020-02-05T12:41:14","date_gmt":"2020-02-05T12:41:14","guid":{"rendered":"https:\/\/blogsaverroes.juntadeandalucia.es\/alonsodealcala\/?page_id=2479"},"modified":"2024-12-05T09:00:36","modified_gmt":"2024-12-05T09:00:36","slug":"organos-colegiados","status":"publish","type":"page","link":"https:\/\/blogsaverroes.juntadeandalucia.es\/alonsodealcala\/organos-colegiados\/","title":{"rendered":"\u00d3rganos Colegiados"},"content":{"rendered":"<p><span style=\"text-decoration: underline\"><strong>CLAUSTRO DE PROFESORES en 2024-2025<\/strong><\/span><\/p>\n<p>EQUIPO DIRECTIVO<\/p>\n<p>Jos\u00e9 Ram\u00f3n Dom\u00ednguez de Torres&nbsp; &nbsp;Educaci\u00f3n F\u00edsica &#8211; Director<\/p>\n<p>Manuela Gallego Rosales&nbsp; &nbsp; &nbsp; &nbsp; &nbsp; &nbsp; &nbsp; Educaci\u00f3n Infantil &#8211; Jefa de Estudios<\/p>\n<p>Mar\u00eda Teresa Toledo Berbel&nbsp; &nbsp; &nbsp; &nbsp; &nbsp; &nbsp;Educaci\u00f3n Primaria-Biling\u00fce Ingl\u00e9s &#8211; Secretaria<\/p>\n<p>EDUCACI\u00d3N INFANTIL<\/p>\n<p>Blanca Montijano P\u00e9rez&nbsp; &nbsp; &nbsp; &nbsp; &nbsp; &nbsp; &nbsp; &nbsp; &nbsp; &nbsp;Educaci\u00f3n Infantil tutora de Infantil 5 a\u00f1os<\/p>\n<p>Carolina Jim\u00e9nez P\u00e9rez&nbsp; &nbsp; &nbsp; &nbsp; &nbsp; &nbsp; &nbsp; &nbsp; &nbsp; &nbsp;Educaci\u00f3n Infantil tutora de Infantil 4 a\u00f1os<\/p>\n<p>M\u00aa del Pilar Rivera L\u00f3pez&nbsp; &nbsp; &nbsp; &nbsp; &nbsp; &nbsp; &nbsp; &nbsp;Educaci\u00f3n Infantil tutora de infantil 3 a\u00f1os<\/p>\n<p>EDUCACI\u00d3N PRIMARIA<\/p>\n<p>Manuel Jes\u00fas Aceituno Garc\u00eda&nbsp; &nbsp; &nbsp; Educaci\u00f3n Primaria-Educaci\u00f3n F\u00edsica&nbsp; tutor 1\u00ba<\/p>\n<p>M\u00aa Rosa Cabezas Garc\u00eda&nbsp; &nbsp; &nbsp; &nbsp; &nbsp; &nbsp; &nbsp; &nbsp;Educaci\u00f3n Primaria-Biling\u00fce Ingl\u00e9s tutora 2\u00ba A<\/p>\n<p>Jes\u00fas Santiburcio Garc\u00eda&nbsp; &nbsp; &nbsp; &nbsp; &nbsp; &nbsp; &nbsp; &nbsp; Educaci\u00f3n Primaria tutor 2\u00ba B<\/p>\n<p>M\u00aa Carmen Berm\u00fadez Mara\u00f1\u00f3n&nbsp; &nbsp; Lengua Extranjera-Ingl\u00e9s (Primaria) tutora 3\u00ba A<\/p>\n<p>M\u00aa Nieves Jim\u00e9nez Anguita&nbsp; &nbsp; &nbsp; &nbsp; &nbsp; &nbsp; Educaci\u00f3n Primaria tutora de 3\u00ba B<\/p>\n<p>Dami\u00e1n Boronat Moreno&nbsp; &nbsp; &nbsp; &nbsp; &nbsp; &nbsp; &nbsp; &nbsp;Educaci\u00f3n Primaria tutor 4\u00ba A<\/p>\n<p>Rafael Castillo Gonz\u00e1lez&nbsp; &nbsp; &nbsp; &nbsp; &nbsp; &nbsp; &nbsp; &nbsp; Educaci\u00f3n Primaria tutor 4\u00ba B<\/p>\n<p>Beatriz Montijano Ortega&nbsp; &nbsp; &nbsp; &nbsp; &nbsp; &nbsp; &nbsp; &nbsp; Educaci\u00f3n Primaria tutora 4\u00ba C<\/p>\n<p>Sonia Cabezas Anguita&nbsp; &nbsp; &nbsp; &nbsp; &nbsp; &nbsp; &nbsp; &nbsp; &nbsp; Educaci\u00f3n Primaria tutora 5\u00ba A&nbsp;<\/p>\n<p>Juan Antonio Palomino Cano&nbsp; &nbsp; &nbsp; &nbsp; &nbsp; Lengua extranjera &#8211; Franc\u00e9s &#8211; tutor de 5\u00ba B<\/p>\n<p>Fco Javier Castro Civantos&nbsp; &nbsp; &nbsp; &nbsp; &nbsp; &nbsp; Lengua Extranjera-Ingl\u00e9s (Primaria) tutor 6\u00ba A<\/p>\n<p>M\u00aa del Carmen L\u00f3pez S\u00e1nchez&nbsp; &nbsp; &nbsp; Educaci\u00f3n Primaria-Biling\u00fce Ingl\u00e9s tutora 6\u00ba B<\/p>\n<p>EDUCACI\u00d3N ESPECIAL<\/p>\n<p>Ana Patricia Mart\u00ednez \u00c1vila&nbsp; &nbsp; &nbsp; &nbsp; &nbsp; &nbsp;Pedagog\u00eda Terapeutica maestra de Apoyo a la integraci\u00f3n<\/p>\n<p>\u00c1ngel Guti\u00e9rrez Rodr\u00edguez&nbsp; &nbsp; &nbsp; &nbsp; Pedagog\u00eda Terap\u00e9utica maestro del Aula Espec\u00edfica<\/p>\n<p>ESPECIALIDADES<\/p>\n<p>M\u00aa Carmen Vega P\u00e9rez&nbsp; &nbsp; &nbsp; &nbsp; &nbsp; &nbsp; &nbsp; &nbsp; &nbsp; Educaci\u00f3n Primaria-M\u00fasica&nbsp;<\/p>\n<p>M\u00aa Mercedes Cano Aguilera&nbsp; &nbsp; &nbsp; &nbsp; &nbsp; &nbsp;Educaci\u00f3n primaria &#8211; Apoyo<\/p>\n<p>Antonia Fuentes Ruiz&nbsp; &nbsp; &nbsp; &nbsp; &nbsp; &nbsp; &nbsp; &nbsp; &nbsp; &nbsp; &nbsp;Profesora de Religi\u00f3n&nbsp; &nbsp; &nbsp;<\/p>\n<p>M\u00aa Jes\u00fas Zafra Padilla&nbsp; &nbsp; &nbsp; &nbsp; &nbsp; &nbsp; &nbsp; &nbsp; &nbsp; &nbsp;Profesora de Religi\u00f3n<\/p>\n<p>M\u00aa Victoria P\u00e9rez G\u00f3mez&nbsp; &nbsp; &nbsp; &nbsp; &nbsp; &nbsp; &nbsp; &nbsp; &nbsp;Interculturalidad-A.T.A.L.<\/p>\n<p>Marta Herrera Guzm\u00e1n&nbsp; &nbsp; &nbsp; &nbsp; &nbsp; &nbsp; &nbsp; &nbsp; &nbsp; &nbsp;Audici\u00f3n y Lenguaje<\/p>\n<p>Paloma Teva Mart\u00edn&nbsp; &nbsp; &nbsp; &nbsp; &nbsp; &nbsp; &nbsp; &nbsp; &nbsp; &nbsp; &nbsp; Orientadora<\/p>\n<p>Araceli Jurado Vigil&nbsp; &nbsp; &nbsp; &nbsp; &nbsp; &nbsp; &nbsp; &nbsp; &nbsp; &nbsp; &nbsp; &nbsp;Especialista de la ONCE<\/p>\n<p>&nbsp;<\/p>\n<p style=\"text-align: left\"><span style=\"text-decoration: underline\"><strong>CONSEJO ESCOLAR<\/strong><\/span><\/p>\n<p>Equipo Directivo &#8211; Jos\u00e9 Ram\u00f3n Dom\u00ednguez de Torres&nbsp; (DIRECTOR)<\/p>\n<p>Equipo Directivo &#8211;&nbsp; Manuela Gallego Rosales (JEFE DE ESTUDIOS)&nbsp;<\/p>\n<p>Equipo Directivo &#8211;&nbsp;&nbsp;M\u00aa Teresa Toledo Berbel (SECRETARIA)&nbsp;<\/p>\n<p>Profesorado &#8211; Manuel Jes\u00fas Aceituno Garc\u00eda<\/p>\n<p>Profesorado &#8211; Mar\u00eda Carmen Berm\u00fadez Mara\u00f1\u00f3n<\/p>\n<p>Profesorado&nbsp; &#8211;&nbsp; Rafael Castillo Gonz\u00e1lez<\/p>\n<p>Profesorado&nbsp; &#8211; Francisco Javier Castro Civantos<\/p>\n<p>Profesorado&nbsp; &#8211; Juan Antonio Palomino Cano<\/p>\n<p>Profesorado &#8211; Mar\u00eda Nieves Jim\u00e9nez Anguita,&nbsp;&nbsp;<\/p>\n<p>Profesorado &#8211; Jes\u00fas Santiburcio Garc\u00eda&nbsp;<\/p>\n<p>Madres\/Padres &#8211; Ana Belen Palomino Miranda<\/p>\n<p>Madres\/Padres &#8211; M\u00aa Carmen Alba Gallardo<\/p>\n<p>Madres\/Padres &#8211; Natalia Jim\u00e9nez Serrano<\/p>\n<p>Madres\/Padres &#8211; Roc\u00edo Navero Pareja<\/p>\n<p>Madres\/Padres &#8211; Manuel P\u00e9rez Exp\u00f3sito<\/p>\n<p>Madres\/Padres &#8211; Mayra Martina Ram\u00edrez Jamilena<\/p>\n<p>Madres\/Padres &#8211; Alicia Serrano Cano<\/p>\n<p>Madres\/Padres &#8211; Yolanda Padilla Vera (REPRESENTANTE DE LA A.M.P.A.)<\/p>\n<p>Ayuntamiento&nbsp; &#8211; Juan M. Marchal Rosales (REPRESENTANTE DEL AYUNTAMIENTO)<\/p>\n","protected":false},"excerpt":{"rendered":"<p>CLAUSTRO DE PROFESORES en 2024-2025 EQUIPO DIRECTIVO Jos\u00e9 Ram\u00f3n Dom\u00ednguez de&#46;&#46;&#46;<\/p>\n","protected":false},"author":7891,"featured_media":0,"parent":0,"menu_order":0,"comment_status":"closed","ping_status":"closed","template":"","meta":{"ngg_post_thumbnail":0,"footnotes":"","_mc_calendar":[]},"aioseo_notices":[],"_links":{"self":[{"href":"https:\/\/blogsaverroes.juntadeandalucia.es\/alonsodealcala\/wp-json\/wp\/v2\/pages\/2479"}],"collection":[{"href":"https:\/\/blogsaverroes.juntadeandalucia.es\/alonsodealcala\/wp-json\/wp\/v2\/pages"}],"about":[{"href":"https:\/\/blogsaverroes.juntadeandalucia.es\/alonsodealcala\/wp-json\/wp\/v2\/types\/page"}],"author":[{"embeddable":true,"href":"https:\/\/blogsaverroes.juntadeandalucia.es\/alonsodealcala\/wp-json\/wp\/v2\/users\/7891"}],"replies":[{"embeddable":true,"href":"https:\/\/blogsaverroes.juntadeandalucia.es\/alonsodealcala\/wp-json\/wp\/v2\/comments?post=2479"}],"version-history":[{"count":17,"href":"https:\/\/blogsaverroes.juntadeandalucia.es\/alonsodealcala\/wp-json\/wp\/v2\/pages\/2479\/revisions"}],"predecessor-version":[{"id":2489,"href":"https:\/\/blogsaverroes.juntadeandalucia.es\/alonsodealcala\/wp-json\/wp\/v2\/pages\/2479\/revisions\/2489"}],"wp:attachment":[{"href":"https:\/\/blogsaverroes.juntadeandalucia.es\/alonsodealcala\/wp-json\/wp\/v2\/media?parent=2479"}],"curies":[{"name":"wp","href":"https:\/\/api.w.org\/{rel}","templated":true}]}}