{"id":568,"date":"2022-01-28T10:27:32","date_gmt":"2022-01-28T10:27:32","guid":{"rendered":"https:\/\/blogsaverroes.juntadeandalucia.es\/altascapacidadesmalaga\/?page_id=568"},"modified":"2022-03-20T10:01:53","modified_gmt":"2022-03-20T10:01:53","slug":"videos","status":"publish","type":"page","link":"https:\/\/blogsaverroes.juntadeandalucia.es\/altascapacidadesmalaga\/videos\/","title":{"rendered":"V\u00cdDEOS"},"content":{"rendered":"<p style=\"text-align: justify\"><strong><span style=\"font-size: 18pt;color: #993366\">MODELO DE ENRIQUECIMIENTO GLOBAL DE LA ESCUELA<\/span><br \/>\n<\/strong><\/p>\n<p style=\"text-align: justify\">Serie de 7 videos de los profesores Joseph Renzulli y Sally Reis, traducidos y editados por Javier Tour\u00f3n y los servicios audiovisuales de la Universidad Internacional de La Rioja.<\/p>\n<p><iframe loading=\"lazy\" title=\"1  Introducci\u00f3n al SEM ESP\" width=\"500\" height=\"281\" src=\"https:\/\/www.youtube.com\/embed\/t-hffrqteHY?feature=oembed&#038;wmode=opaque\" frameborder=\"0\" allow=\"accelerometer; autoplay; clipboard-write; encrypted-media; gyroscope; picture-in-picture\" allowfullscreen><\/iframe><\/p>\n<p>&nbsp;<\/p>\n<p><iframe loading=\"lazy\" title=\"2  Evaluacio\u0301n integral fortalezas ESP\" width=\"500\" height=\"281\" src=\"https:\/\/www.youtube.com\/embed\/cFz2X0qpZTY?feature=oembed&#038;wmode=opaque\" frameborder=\"0\" allow=\"accelerometer; autoplay; clipboard-write; encrypted-media; gyroscope; picture-in-picture\" allowfullscreen><\/iframe><\/p>\n<p>&nbsp;<\/p>\n<p><iframe loading=\"lazy\" title=\"3 Modelo tri\u00e1dico de enriquecimiento ESP\" width=\"500\" height=\"281\" src=\"https:\/\/www.youtube.com\/embed\/CijTK0zniOI?feature=oembed&#038;wmode=opaque\" frameborder=\"0\" allow=\"accelerometer; autoplay; clipboard-write; encrypted-media; gyroscope; picture-in-picture\" allowfullscreen><\/iframe><\/p>\n<p>&nbsp;<\/p>\n<p><iframe loading=\"lazy\" title=\"4 Compactaci\u00f3n curriculo ESP\" width=\"500\" height=\"281\" src=\"https:\/\/www.youtube.com\/embed\/v1DEsHNEOqU?feature=oembed&#038;wmode=opaque\" frameborder=\"0\" allow=\"accelerometer; autoplay; clipboard-write; encrypted-media; gyroscope; picture-in-picture\" allowfullscreen><\/iframe><\/p>\n<p>&nbsp;<\/p>\n<p><iframe loading=\"lazy\" title=\"5 Grupos de enriquecimiento ESP\" width=\"500\" height=\"281\" src=\"https:\/\/www.youtube.com\/embed\/Dw0utfc4Ps8?feature=oembed&#038;wmode=opaque\" frameborder=\"0\" allow=\"accelerometer; autoplay; clipboard-write; encrypted-media; gyroscope; picture-in-picture\" allowfullscreen><\/iframe><\/p>\n<p>&nbsp;<\/p>\n<p><iframe loading=\"lazy\" title=\"6 Curriculum infusion ESP\" width=\"500\" height=\"281\" src=\"https:\/\/www.youtube.com\/embed\/p78kuDTYvJE?feature=oembed&#038;wmode=opaque\" frameborder=\"0\" allow=\"accelerometer; autoplay; clipboard-write; encrypted-media; gyroscope; picture-in-picture\" allowfullscreen><\/iframe><\/p>\n<p>&nbsp;<\/p>\n<p><iframe loading=\"lazy\" title=\"7  Renzulli Learning ESP\" width=\"500\" height=\"281\" src=\"https:\/\/www.youtube.com\/embed\/XUh_JKCrAz8?feature=oembed&#038;wmode=opaque\" frameborder=\"0\" allow=\"accelerometer; autoplay; clipboard-write; encrypted-media; gyroscope; picture-in-picture\" allowfullscreen><\/iframe><\/p>\n<p>&nbsp;<\/p>\n<p>&nbsp;<\/p>\n<p style=\"text-align: justify\"><span style=\"font-size: 18pt;color: #993366\"><strong>LO QUE CREO QUE HE HECHO MAL<\/strong><\/span><\/p>\n<p style=\"text-align: justify\">Cortometraje realizado por la Asociaci\u00f3n de AACCII de Ja\u00e9n, AGORA.<\/p>\n<p><iframe loading=\"lazy\" title=\"Lo que creo que he hecho mal - Cortometraje\" width=\"500\" height=\"281\" src=\"https:\/\/www.youtube.com\/embed\/e2JrgC-20sI?feature=oembed&#038;wmode=opaque\" frameborder=\"0\" allow=\"accelerometer; autoplay; clipboard-write; encrypted-media; gyroscope; picture-in-picture\" allowfullscreen><\/iframe><\/p>\n<p>&nbsp;<\/p>\n<p>&nbsp;<\/p>\n<p style=\"text-align: justify\"><span style=\"color: #993366;font-size: 18pt\"><strong>ESO NO SE PREGUNTA: ALTAS CAPACIDADES<\/strong><\/span><\/p>\n<p style=\"text-align: justify\"><span class=\"lnk\">Episodio del programa \u00ab<a href=\"https:\/\/www.telemadrid.es\/programas\/eso-no-se-pregunta\/pregunta-Altas-capacidades-2-2397680215--20211119021300.html\">Eso no se pregunta<\/a>\u00bb de Telemadrid en el que personas con altas capacidades nos cuentan qu\u00e9 facilidades tienen y a qu\u00e9 dificultades se enfrentan en su d\u00eda a d\u00eda.<\/span><\/p>\n<p style=\"text-align: justify\">&nbsp;<\/p>\n<p style=\"text-align: justify\">&nbsp;<\/p>\n<p style=\"text-align: justify\"><strong><span style=\"color: #993366;font-size: 18pt\">\u00bfLAS ESCUELAS MATAN LA CREATIVIDAD? KEN ROBINSON<\/span><\/strong><\/p>\n<p style=\"text-align: justify\">Sir Ken Robinson nos regala una de las charlas TED m\u00e1s vistas y aplaudidas. A\u00fan hoy d\u00eda sigue estando de actualidad.<\/p>\n<p><iframe loading=\"lazy\" title=\"Ken Robinson: \u00bfLas escuelas matan la creatividad?\" src=\"https:\/\/embed.ted.com\/talks\/lang\/es\/sir_ken_robinson_do_schools_kill_creativity\" width=\"500\" height=\"376\" frameborder=\"0\" scrolling=\"no\" webkitAllowFullScreen mozallowfullscreen allowFullScreen><\/iframe><\/p>\n<p>&nbsp;<\/p>\n<p>&nbsp;<\/p>\n<p style=\"text-align: justify\"><strong><span style=\"color: #993366;font-size: 18pt\">CREATIVIDAD INFANTIL: LA FLOR<\/span><\/strong><\/p>\n<p style=\"text-align: justify\">Fomentemos la creatividad en nuestro alumnado.<\/p>\n<p><iframe loading=\"lazy\" title=\"Creatividad infantil: La Flor\" width=\"500\" height=\"281\" src=\"https:\/\/www.youtube.com\/embed\/5FXww8K65g4?feature=oembed&#038;wmode=opaque\" frameborder=\"0\" allow=\"accelerometer; autoplay; clipboard-write; encrypted-media; gyroscope; picture-in-picture\" allowfullscreen><\/iframe><\/p>\n<p>&nbsp;<\/p>\n<p>&nbsp;<\/p>\n","protected":false},"excerpt":{"rendered":"<p>MODELO DE ENRIQUECIMIENTO GLOBAL DE LA ESCUELA Serie de 7 videos de los profesores Joseph Renzulli y Sally Reis, traducidos y editados por Javier Tour\u00f3n y los servicios audiovisuales de la Universidad Internacional de&#46;&#46;&#46;<\/p>\n","protected":false},"author":11976,"featured_media":0,"parent":0,"menu_order":0,"comment_status":"closed","ping_status":"closed","template":"","meta":{"ngg_post_thumbnail":0,"footnotes":""},"aioseo_notices":[],"post_mailing_queue_ids":[],"_links":{"self":[{"href":"https:\/\/blogsaverroes.juntadeandalucia.es\/altascapacidadesmalaga\/wp-json\/wp\/v2\/pages\/568"}],"collection":[{"href":"https:\/\/blogsaverroes.juntadeandalucia.es\/altascapacidadesmalaga\/wp-json\/wp\/v2\/pages"}],"about":[{"href":"https:\/\/blogsaverroes.juntadeandalucia.es\/altascapacidadesmalaga\/wp-json\/wp\/v2\/types\/page"}],"author":[{"embeddable":true,"href":"https:\/\/blogsaverroes.juntadeandalucia.es\/altascapacidadesmalaga\/wp-json\/wp\/v2\/users\/11976"}],"replies":[{"embeddable":true,"href":"https:\/\/blogsaverroes.juntadeandalucia.es\/altascapacidadesmalaga\/wp-json\/wp\/v2\/comments?post=568"}],"version-history":[{"count":9,"href":"https:\/\/blogsaverroes.juntadeandalucia.es\/altascapacidadesmalaga\/wp-json\/wp\/v2\/pages\/568\/revisions"}],"predecessor-version":[{"id":622,"href":"https:\/\/blogsaverroes.juntadeandalucia.es\/altascapacidadesmalaga\/wp-json\/wp\/v2\/pages\/568\/revisions\/622"}],"wp:attachment":[{"href":"https:\/\/blogsaverroes.juntadeandalucia.es\/altascapacidadesmalaga\/wp-json\/wp\/v2\/media?parent=568"}],"curies":[{"name":"wp","href":"https:\/\/api.w.org\/{rel}","templated":true}]}}