{"id":851,"date":"2025-10-17T09:41:47","date_gmt":"2025-10-17T09:41:47","guid":{"rendered":"https:\/\/blogsaverroes.juntadeandalucia.es\/altascapacidadesmalaga\/?page_id=851"},"modified":"2025-11-04T12:14:21","modified_gmt":"2025-11-04T12:14:21","slug":"2025-2026","status":"publish","type":"page","link":"https:\/\/blogsaverroes.juntadeandalucia.es\/altascapacidadesmalaga\/2025-2026\/","title":{"rendered":"2025-2026"},"content":{"rendered":"<ul>\n<li style=\"text-align: justify\"><a title=\"Publicada la Resoluci\u00f3n de 01 de septiembre de 202...\" href=\"https:\/\/www.juntadeandalucia.es\/educacion\/portales\/web\/educacion\/w\/publicada-resolucion-de-01-de-septiembre-de-2025-por-la-que-articula-la-integracion-y-unificacion-de-los-distintos-programas-educativos-gestionados-por-ambas-direcciones-se-establece-el-procedimiento-de-participacion-en-los-mismos-asi-como-su-organizacion?redirect=%2Feducacion%2Fportales%2Fnovedades-portada\" target=\"_self\" rel=\"noopener\">Resoluci\u00f3n de 01 de septiembre de 2025, conjunta de la Direcci\u00f3n General De Innovaci\u00f3n y Formaci\u00f3n del Profesorado y de la Direcci\u00f3n General de Participaci\u00f3n e Inclusi\u00f3n Educativa, por la que articula la integraci\u00f3n y unificaci\u00f3n de los distintos Programas Educativos gestionados por ambas Direcciones, se establece el procedimiento de participaci\u00f3n en los mismos, as\u00ed como su organizaci\u00f3n y funcionamiento para el curso acad\u00e9mico 2025\/2026.<\/a><\/li>\n<\/ul>\n<p style=\"text-align: justify\">&nbsp;<\/p>\n<ul style=\"text-align: justify\">\n<li><a href=\"https:\/\/www.juntadeandalucia.es\/educacion\/portales\/web\/inspeccion-educativa\/w\/resolucion-de-15-de-octubre-de-2025-por-la-que-se-aprueba-la-relacion-provisional-de-centros-docentes-proyectos-y-grupos-seleccionados-para-el-desarrollo-del-programa-investiga-y-descubre-en-los-centros-docentes-publicos-dependientes-de-la-consejeria-de-d\">Resoluci\u00f3n de 15 de octubre de 2025, de la Direcci\u00f3n General de Participaci\u00f3n e Inclusi\u00f3n Educativa, por la que se aprueba la relaci\u00f3n provisional de centros docentes, Proyectos y grupos seleccionados para el desarrollo del Programa \u00abInvestiga y Descubre\u00bb en los centros docentes p\u00fablicos dependientes de la Consejer\u00eda de Desarrollo Educativo y Formaci\u00f3n Profesional de la Junta de Andaluc\u00eda para el curso 2025\/2026.<\/a><\/li>\n<\/ul>\n<p style=\"text-align: justify\">&nbsp;<\/p>\n<ul>\n<li style=\"text-align: justify\"><a href=\"https:\/\/www.juntadeandalucia.es\/educacion\/portales\/web\/educacion\/w\/resolucion-de-29-de-octubre-de-2025-por-la-que-se-aprueba-la-relacion-definitiva-de-centros-docentes-proyectos-y-grupos-seleccionados-para-el-desarrollo-del-programa-investiga-y-descubre-en-los-centros-docentes-publicos-para-el-curso-2025-2026?redirect=%2Feducacion%2Fportales%2Fnovedades-portada\">Resoluci\u00f3n de 29 de octubre de 2025, de la Direcci\u00f3n General de Participaci\u00f3n e Inclusi\u00f3n Educativa, por la que se aprueba la relaci\u00f3n definitiva de centros docentes, proyectos y grupos seleccionados para el desarrollo del Programa \u00abInvestiga y Descubre\u00bb en los centros docentes p\u00fablicos dependientes de la Consejer\u00eda de Desarrollo Educativo y Formaci\u00f3n Profesional de la Junta de Andaluc\u00eda para el curso 2025\/2026.<\/a><\/li>\n<\/ul>\n","protected":false},"excerpt":{"rendered":"<p>Resoluci\u00f3n de 01 de septiembre de 2025, conjunta de la Direcci\u00f3n General De Innovaci\u00f3n y Formaci\u00f3n del Profesorado y de la Direcci\u00f3n General de Participaci\u00f3n e Inclusi\u00f3n Educativa, por la que articula la integraci\u00f3n&#46;&#46;&#46;<\/p>\n","protected":false},"author":11976,"featured_media":0,"parent":0,"menu_order":0,"comment_status":"closed","ping_status":"closed","template":"","meta":{"ngg_post_thumbnail":0,"footnotes":""},"aioseo_notices":[],"post_mailing_queue_ids":[],"_links":{"self":[{"href":"https:\/\/blogsaverroes.juntadeandalucia.es\/altascapacidadesmalaga\/wp-json\/wp\/v2\/pages\/851"}],"collection":[{"href":"https:\/\/blogsaverroes.juntadeandalucia.es\/altascapacidadesmalaga\/wp-json\/wp\/v2\/pages"}],"about":[{"href":"https:\/\/blogsaverroes.juntadeandalucia.es\/altascapacidadesmalaga\/wp-json\/wp\/v2\/types\/page"}],"author":[{"embeddable":true,"href":"https:\/\/blogsaverroes.juntadeandalucia.es\/altascapacidadesmalaga\/wp-json\/wp\/v2\/users\/11976"}],"replies":[{"embeddable":true,"href":"https:\/\/blogsaverroes.juntadeandalucia.es\/altascapacidadesmalaga\/wp-json\/wp\/v2\/comments?post=851"}],"version-history":[{"count":3,"href":"https:\/\/blogsaverroes.juntadeandalucia.es\/altascapacidadesmalaga\/wp-json\/wp\/v2\/pages\/851\/revisions"}],"predecessor-version":[{"id":859,"href":"https:\/\/blogsaverroes.juntadeandalucia.es\/altascapacidadesmalaga\/wp-json\/wp\/v2\/pages\/851\/revisions\/859"}],"wp:attachment":[{"href":"https:\/\/blogsaverroes.juntadeandalucia.es\/altascapacidadesmalaga\/wp-json\/wp\/v2\/media?parent=851"}],"curies":[{"name":"wp","href":"https:\/\/api.w.org\/{rel}","templated":true}]}}