{"id":787,"date":"2022-04-04T15:57:44","date_gmt":"2022-04-04T15:57:44","guid":{"rendered":"https:\/\/blogsaverroes.juntadeandalucia.es\/altoconquero\/?page_id=787"},"modified":"2022-04-04T16:58:06","modified_gmt":"2022-04-04T16:58:06","slug":"programa-aula-confucio","status":"publish","type":"page","link":"https:\/\/blogsaverroes.juntadeandalucia.es\/altoconquero\/programa-aula-confucio\/","title":{"rendered":"Programa \u00abAula Confucio\u00bb"},"content":{"rendered":"<table style=\"border-collapse: collapse;width: 100%\">\n<tbody>\n<tr>\n<td style=\"width: 71.9409%;text-align: center\"><span style=\"font-size: 14pt\"><strong>DOCUMENTOS<\/strong><\/span><\/td>\n<td style=\"width: 28.0591%;text-align: center\"><strong>Zona de descarga<\/strong><\/td>\n<\/tr>\n<tr>\n<td style=\"width: 71.9409%;text-align: center\">V\u00cdDEO 1<\/td>\n<td style=\"width: 28.0591%;text-align: center\"><a href=\"https:\/\/blogsaverroes.juntadeandalucia.es\/altoconquero\/files\/2022\/04\/VID-20220402-WA0024.mp4\">Visualizaci\u00f3n<\/a><\/td>\n<\/tr>\n<tr>\n<td style=\"width: 71.9409%;text-align: center\">V\u00cdDEO 2<\/td>\n<td style=\"width: 28.0591%;text-align: center\"><a href=\"https:\/\/blogsaverroes.juntadeandalucia.es\/altoconquero\/files\/2022\/04\/VID-20220402-WA0032.mp4\">Visualizaci\u00f3n<\/a><\/td>\n<\/tr>\n<tr>\n<td style=\"width: 71.9409%;text-align: center\">Detalle del Aula Confucio<\/td>\n<td style=\"width: 28.0591%;text-align: center\"><a href=\"https:\/\/blogsaverroes.juntadeandalucia.es\/altoconquero\/files\/2022\/04\/AULA-CONFUCIO.pdf\">Descarga<\/a><\/td>\n<\/tr>\n<\/tbody>\n<\/table>\n","protected":false},"excerpt":{"rendered":"<p>DOCUMENTOS Zona de descarga V\u00cdDEO 1 Visualizaci\u00f3n V\u00cdDEO 2 Visualizaci\u00f3n Detalle del Aula Confucio Descarga<\/p>\n","protected":false},"author":7553,"featured_media":806,"parent":0,"menu_order":0,"comment_status":"closed","ping_status":"closed","template":"","meta":{"ngg_post_thumbnail":0,"footnotes":""},"aioseo_notices":[],"_links":{"self":[{"href":"https:\/\/blogsaverroes.juntadeandalucia.es\/altoconquero\/wp-json\/wp\/v2\/pages\/787"}],"collection":[{"href":"https:\/\/blogsaverroes.juntadeandalucia.es\/altoconquero\/wp-json\/wp\/v2\/pages"}],"about":[{"href":"https:\/\/blogsaverroes.juntadeandalucia.es\/altoconquero\/wp-json\/wp\/v2\/types\/page"}],"author":[{"embeddable":true,"href":"https:\/\/blogsaverroes.juntadeandalucia.es\/altoconquero\/wp-json\/wp\/v2\/users\/7553"}],"replies":[{"embeddable":true,"href":"https:\/\/blogsaverroes.juntadeandalucia.es\/altoconquero\/wp-json\/wp\/v2\/comments?post=787"}],"version-history":[{"count":4,"href":"https:\/\/blogsaverroes.juntadeandalucia.es\/altoconquero\/wp-json\/wp\/v2\/pages\/787\/revisions"}],"predecessor-version":[{"id":810,"href":"https:\/\/blogsaverroes.juntadeandalucia.es\/altoconquero\/wp-json\/wp\/v2\/pages\/787\/revisions\/810"}],"wp:featuredmedia":[{"embeddable":true,"href":"https:\/\/blogsaverroes.juntadeandalucia.es\/altoconquero\/wp-json\/wp\/v2\/media\/806"}],"wp:attachment":[{"href":"https:\/\/blogsaverroes.juntadeandalucia.es\/altoconquero\/wp-json\/wp\/v2\/media?parent=787"}],"curies":[{"name":"wp","href":"https:\/\/api.w.org\/{rel}","templated":true}]}}