{"id":824,"date":"2022-05-02T07:47:44","date_gmt":"2022-05-02T07:47:44","guid":{"rendered":"https:\/\/blogsaverroes.juntadeandalucia.es\/altoconquero\/?page_id=824"},"modified":"2023-09-21T18:22:27","modified_gmt":"2023-09-21T18:22:27","slug":"rubricas-y-documentos-guia","status":"publish","type":"page","link":"https:\/\/blogsaverroes.juntadeandalucia.es\/altoconquero\/rubricas-y-documentos-guia\/","title":{"rendered":"R\u00fabricas y documentos gu\u00eda"},"content":{"rendered":"<p><a href=\"https:\/\/blogsaverroes.juntadeandalucia.es\/altoconquero\/files\/2022\/05\/competencias-clave-1.png\"><img fetchpriority=\"high\" decoding=\"async\" class=\"size-full wp-image-857 aligncenter\" src=\"https:\/\/blogsaverroes.juntadeandalucia.es\/altoconquero\/files\/2022\/05\/competencias-clave-1.png\" alt=\"\" width=\"588\" height=\"255\" srcset=\"https:\/\/blogsaverroes.juntadeandalucia.es\/altoconquero\/files\/2022\/05\/competencias-clave-1.png 588w, https:\/\/blogsaverroes.juntadeandalucia.es\/altoconquero\/files\/2022\/05\/competencias-clave-1-300x130.png 300w\" sizes=\"(max-width: 588px) 100vw, 588px\" \/><\/a><\/p>\n<table class=\" aligncenter\" style=\"width: 64.0675%;border-collapse: collapse\">\n<tbody>\n<tr>\n<td style=\"width: 25.913%;text-align: center\"><strong>DENOMINACI\u00d3N<\/strong><\/td>\n<td style=\"width: 4.60452%;text-align: center\"><strong>ESPA\u00d1OL<\/strong><\/td>\n<td style=\"width: 2.15605%;text-align: center\"><strong>ENGLISH<\/strong><\/td>\n<td style=\"width: 2.23881%;text-align: center\"><strong>FRAN\u00e7AIS<\/strong><\/td>\n<\/tr>\n<tr>\n<td style=\"width: 25.913%;text-align: center\">Expresiones \u00fatiles para presentaciones orales<\/td>\n<td style=\"width: 4.60452%;text-align: center\">&nbsp;<\/td>\n<td style=\"width: 2.15605%;text-align: center\"><a href=\"https:\/\/blogsaverroes.juntadeandalucia.es\/altoconquero\/files\/2022\/05\/ENG_Useful-phrases_presentations.pdf\">DESCARGA<\/a><\/td>\n<td style=\"width: 2.23881%;text-align: center\"><a href=\"https:\/\/blogsaverroes.juntadeandalucia.es\/altoconquero\/files\/2022\/05\/FR_Expressions-Utiles_pr\u00e9sent_orales.pdf\">DESCARGA<\/a><\/td>\n<\/tr>\n<tr>\n<td style=\"width: 25.913%;text-align: center\">Consejos y r\u00fabricas para las exposiciones orales<\/td>\n<td style=\"width: 4.60452%;text-align: center\"><a href=\"https:\/\/blogsaverroes.juntadeandalucia.es\/altoconquero\/files\/2022\/05\/ESP_R\u00fabrica.exp_.oral_-1.pdf\">DESCARGA<\/a><\/td>\n<td style=\"width: 2.15605%;text-align: center\"><a href=\"https:\/\/blogsaverroes.juntadeandalucia.es\/altoconquero\/files\/2022\/05\/ENG_Rubric-oral-exp.-1.pdf\">DESCARGA<\/a><\/td>\n<td style=\"width: 2.23881%;text-align: center\"><a href=\"https:\/\/blogsaverroes.juntadeandalucia.es\/altoconquero\/files\/2022\/05\/FR_Conseils-et-rubrique.exp_.oral_.pdf\">DESCARGA<\/a><\/td>\n<\/tr>\n<tr>\n<td style=\"width: 25.913%;text-align: center\">Preparar y participar en un debate. R\u00fabrica de autoevaluaci\u00f3n<\/td>\n<td style=\"width: 4.60452%;text-align: center\"><a href=\"https:\/\/blogsaverroes.juntadeandalucia.es\/altoconquero\/files\/2022\/05\/Debate_espa\u00f1ol.pdf\">DESCARGA<\/a><\/td>\n<td style=\"width: 2.15605%;text-align: center\"><a href=\"https:\/\/blogsaverroes.juntadeandalucia.es\/altoconquero\/files\/2022\/05\/Debate_eng.pdf\">DESCARGA<\/a><\/td>\n<td style=\"width: 2.23881%;text-align: center\"><a href=\"https:\/\/blogsaverroes.juntadeandalucia.es\/altoconquero\/files\/2022\/05\/D\u00e9bat_fr.pdf\">DESCARGA<\/a><\/td>\n<\/tr>\n<tr>\n<td style=\"width: 25.913%;text-align: center\">Trabajo en grupo. Consejos y r\u00fabrica de autoevaluaci\u00f3n<\/td>\n<td style=\"width: 4.60452%;text-align: center\"><a href=\"https:\/\/blogsaverroes.juntadeandalucia.es\/altoconquero\/files\/2022\/05\/ESP_R\u00fabrica_trabajo_grupos.pdf\">DESCARGA<\/a><\/td>\n<td style=\"width: 2.15605%;text-align: center\"><a href=\"https:\/\/blogsaverroes.juntadeandalucia.es\/altoconquero\/files\/2022\/05\/ENG_Teamwork_rubric.pdf\">DESCARGA<\/a><\/td>\n<td style=\"width: 2.23881%;text-align: center\"><a href=\"https:\/\/blogsaverroes.juntadeandalucia.es\/altoconquero\/files\/2022\/05\/FR_Rubrique_travail_en-\u00e9quipe.pdf\">DESCARGA<\/a><\/td>\n<\/tr>\n<\/tbody>\n<\/table>\n<table class=\" aligncenter\" style=\"width: 52.8793%;border-collapse: collapse\">\n<tbody>\n<tr>\n<td style=\"width: 29.9527%;text-align: center\"><strong>DENOMINACI\u00d3N<\/strong><\/td>\n<td style=\"width: 11.8455%;text-align: center\"><strong>1\u00ba, 2\u00ba, 3\u00ba ESO<\/strong><\/td>\n<td style=\"width: 18.3609%;text-align: center\"><strong>4\u00baESO, Bachillerato, FP<\/strong><\/td>\n<\/tr>\n<tr>\n<td style=\"width: 29.9527%;text-align: center\">Normas para trabajos escritos y presentaciones digitales<\/td>\n<td style=\"width: 11.8455%;text-align: center\"><a href=\"https:\/\/blogsaverroes.juntadeandalucia.es\/altoconquero\/files\/2022\/05\/1\u00ba-2\u00ba-3\u00baNORMAS_TRABAJOS_PRESENTACIONES.pdf\">DESCARGA<\/a><\/td>\n<td style=\"width: 18.3609%;text-align: center\"><a href=\"https:\/\/blogsaverroes.juntadeandalucia.es\/altoconquero\/files\/2022\/05\/4\u00ba-Bach-CiclosNORMAS_TRABAJOS_PRESENTACIONES.pdf\">DESCARGA<\/a><\/td>\n<\/tr>\n<\/tbody>\n<\/table>\n<p>&nbsp;<\/p>\n","protected":false},"excerpt":{"rendered":"<p>DENOMINACI\u00d3N ESPA\u00d1OL ENGLISH FRAN\u00e7AIS Expresiones \u00fatiles para presentaciones orales &nbsp; DESCARGA DESCARGA Consejos y r\u00fabricas para las exposiciones orales DESCARGA DESCARGA DESCARGA Preparar y participar en un debate. R\u00fabrica de autoevaluaci\u00f3n DESCARGA DESCARGA DESCARGA&#46;&#46;&#46;<\/p>\n","protected":false},"author":7553,"featured_media":0,"parent":0,"menu_order":0,"comment_status":"closed","ping_status":"closed","template":"","meta":{"ngg_post_thumbnail":0,"footnotes":""},"aioseo_notices":[],"_links":{"self":[{"href":"https:\/\/blogsaverroes.juntadeandalucia.es\/altoconquero\/wp-json\/wp\/v2\/pages\/824"}],"collection":[{"href":"https:\/\/blogsaverroes.juntadeandalucia.es\/altoconquero\/wp-json\/wp\/v2\/pages"}],"about":[{"href":"https:\/\/blogsaverroes.juntadeandalucia.es\/altoconquero\/wp-json\/wp\/v2\/types\/page"}],"author":[{"embeddable":true,"href":"https:\/\/blogsaverroes.juntadeandalucia.es\/altoconquero\/wp-json\/wp\/v2\/users\/7553"}],"replies":[{"embeddable":true,"href":"https:\/\/blogsaverroes.juntadeandalucia.es\/altoconquero\/wp-json\/wp\/v2\/comments?post=824"}],"version-history":[{"count":13,"href":"https:\/\/blogsaverroes.juntadeandalucia.es\/altoconquero\/wp-json\/wp\/v2\/pages\/824\/revisions"}],"predecessor-version":[{"id":1421,"href":"https:\/\/blogsaverroes.juntadeandalucia.es\/altoconquero\/wp-json\/wp\/v2\/pages\/824\/revisions\/1421"}],"wp:attachment":[{"href":"https:\/\/blogsaverroes.juntadeandalucia.es\/altoconquero\/wp-json\/wp\/v2\/media?parent=824"}],"curies":[{"name":"wp","href":"https:\/\/api.w.org\/{rel}","templated":true}]}}