{"id":950,"date":"2022-07-05T18:05:43","date_gmt":"2022-07-05T18:05:43","guid":{"rendered":"https:\/\/blogsaverroes.juntadeandalucia.es\/altoconquero\/?page_id=950"},"modified":"2022-12-28T11:29:36","modified_gmt":"2022-12-28T11:29:36","slug":"contacto","status":"publish","type":"page","link":"https:\/\/blogsaverroes.juntadeandalucia.es\/altoconquero\/contacto\/","title":{"rendered":"CONTACTO"},"content":{"rendered":"<h1 style=\"text-align: center\">DATOS DE CONTACTO<\/h1>\n<table style=\"border-collapse: collapse;width: 100%\">\n<tbody>\n<tr>\n<td style=\"width: 37.5527%;text-align: center\"><strong>Direcci\u00f3n del centro<\/strong><\/td>\n<td style=\"width: 62.4473%;text-align: center\">Avenida Manuel Siurot, 36 \/ 21005 HUELVA<\/td>\n<\/tr>\n<tr>\n<td style=\"width: 37.5527%;text-align: center\"><strong>Tel\u00e9fono<\/strong><\/td>\n<td style=\"width: 62.4473%;text-align: center\">959.524860<\/td>\n<\/tr>\n<tr>\n<td style=\"width: 37.5527%;text-align: center\"><strong>Correo electr\u00f3nico administraci\u00f3n<\/strong><\/td>\n<td style=\"width: 62.4473%;text-align: center\">21001995.administracion@g.educaand.es<\/td>\n<\/tr>\n<\/tbody>\n<\/table>\n<p style=\"text-align: center\"><iframe src=\"https:\/\/www.google.com\/maps\/embed?pb=!1m18!1m12!1m3!1d3175.132285370278!2d-6.949375684696851!3d37.26829007985481!2m3!1f0!2f0!3f0!3m2!1i1024!2i768!4f13.1!3m3!1m2!1s0xd11cfd8d69a33bf%3A0x624206bd96b0da8b!2sIES%20Alto%20Conquero!5e0!3m2!1ses!2ses!4v1672226761566!5m2!1ses!2ses\" width=\"600\" height=\"450\"><\/iframe>&nbsp;<\/p>\n<p>&nbsp;<\/p>\n","protected":false},"excerpt":{"rendered":"<p>DATOS DE CONTACTO Direcci\u00f3n del centro Avenida Manuel Siurot, 36 \/ 21005 HUELVA Tel\u00e9fono 959.524860 Correo electr\u00f3nico administraci\u00f3n 21001995.administracion@g.educaand.es &nbsp; &nbsp;<\/p>\n","protected":false},"author":7553,"featured_media":951,"parent":0,"menu_order":0,"comment_status":"closed","ping_status":"closed","template":"","meta":{"ngg_post_thumbnail":0,"footnotes":""},"aioseo_notices":[],"_links":{"self":[{"href":"https:\/\/blogsaverroes.juntadeandalucia.es\/altoconquero\/wp-json\/wp\/v2\/pages\/950"}],"collection":[{"href":"https:\/\/blogsaverroes.juntadeandalucia.es\/altoconquero\/wp-json\/wp\/v2\/pages"}],"about":[{"href":"https:\/\/blogsaverroes.juntadeandalucia.es\/altoconquero\/wp-json\/wp\/v2\/types\/page"}],"author":[{"embeddable":true,"href":"https:\/\/blogsaverroes.juntadeandalucia.es\/altoconquero\/wp-json\/wp\/v2\/users\/7553"}],"replies":[{"embeddable":true,"href":"https:\/\/blogsaverroes.juntadeandalucia.es\/altoconquero\/wp-json\/wp\/v2\/comments?post=950"}],"version-history":[{"count":5,"href":"https:\/\/blogsaverroes.juntadeandalucia.es\/altoconquero\/wp-json\/wp\/v2\/pages\/950\/revisions"}],"predecessor-version":[{"id":1225,"href":"https:\/\/blogsaverroes.juntadeandalucia.es\/altoconquero\/wp-json\/wp\/v2\/pages\/950\/revisions\/1225"}],"wp:featuredmedia":[{"embeddable":true,"href":"https:\/\/blogsaverroes.juntadeandalucia.es\/altoconquero\/wp-json\/wp\/v2\/media\/951"}],"wp:attachment":[{"href":"https:\/\/blogsaverroes.juntadeandalucia.es\/altoconquero\/wp-json\/wp\/v2\/media?parent=950"}],"curies":[{"name":"wp","href":"https:\/\/api.w.org\/{rel}","templated":true}]}}